{"id":52135,"date":"2024-04-07T18:39:42","date_gmt":"2024-04-07T18:39:42","guid":{"rendered":"https:\/\/hummy.ee\/product\/abc-design-magnetinis-spaustukas\/"},"modified":"2025-09-09T06:47:39","modified_gmt":"2025-09-09T06:47:39","slug":"abc-design-magnetinis-spaustukas","status":"publish","type":"product","link":"https:\/\/hummy.ee\/lt\/produktas\/abc-design-magnetinis-spaustukas\/","title":{"rendered":"ABC Design magnetinis spaustukas"},"content":{"rendered":"<h6><strong><em>Kod\u0117l verta rinktis ABC Design magnetin\u012f spaustuv\u0105?<\/em><\/strong><\/h6>\n<ul>\n<li data-start=\"427\" data-end=\"1053\">\n<h6>Stiprus magnetinis tvirtinimas - dir\u017eelis turi galingus magnetus, kad tvirtai laikyt\u0173si net pu\u010diant stipriam v\u0117jui.<\/h6>\n<\/li>\n<li data-start=\"427\" data-end=\"1053\">\n<h6>Universalus - tinka \u017eaislams, lovel\u0117s grandin\u0117l\u0117ms ir kitiems priedams prie ve\u017eim\u0117lio tvirtinti.<\/h6>\n<\/li>\n<li data-start=\"427\" data-end=\"1053\">\n<h6>Stilingas ir eleganti\u0161kas dizainas - pagamintas i\u0161 od\u0105 primenan\u010dios med\u017eiagos su auk\u0161tos kokyb\u0117s i\u0161kirptu ra\u0161tu.<\/h6>\n<\/li>\n<li data-start=\"427\" data-end=\"1053\">\n<h6>Derinkite prie savo ve\u017eim\u0117lio - galima rinktis \u012fvairi\u0173 spalv\u0173, kad papildytum\u0117te bendr\u0105 ve\u017eim\u0117lio i\u0161vaizd\u0105.<\/h6>\n<\/li>\n<li data-start=\"427\" data-end=\"1053\">\n<h6>Tinka visiems ve\u017eim\u0117liams - suprojektuoti <a href=\"https:\/\/hummy.ee\/lt\/abc-dizainas-aprasymas\/\" target=\"_blank\" rel=\"noopener\">ABC Design<\/a> ve\u017eim\u0117liams, sportiniams ve\u017eim\u0117liams ir vaiki\u0161kiems ve\u017eim\u0117liams, bet taip pat suderinamas ir su kit\u0173 gamintoj\u0173 modeliais.<\/h6>\n<\/li>\n<\/ul>\n<h6><strong><em>Puikus komforto ir saugumo sprendimas<\/em><\/strong><\/h6>\n<h6>&#8222;ABC Design\" magnetinis spaustukas yra ne tik prakti\u0161kas aksesuaras, bet ir stilingas j\u016bs\u0173 vaiki\u0161ko ve\u017eim\u0117lio priedas. Jis saugiai laiko j\u016bs\u0173 vaiko \u017eaislus, neleisdamas jiems nukristi ar pasimesti. Lengvas ir kompakti\u0161kas laikyti, tod\u0117l tai puikus kasdieni\u0173 pasivaik\u0161\u010diojim\u0173 ir kelioni\u0173 palydovas.  <\/h6>\n<p>&nbsp;<\/p>\n<h6><\/h6>\n<h6>Atnaujinkite savo ve\u017eim\u0117l\u012f i\u0161maniuoju ir funkcionaliu magnetiniu spaustuvu, su kuriuo pasivaik\u0161\u010diojimai bus patogesni ir stilingesni!<\/h6>\n<h6><\/h6>\n<h6><\/h6>\n","protected":false},"excerpt":{"rendered":"<h6 data-start=\"0\" data-end=\"83\">ABC Design magnetinis spaustukas - stilingas ir prakti\u0161kas vaiki\u0161k\u0173 ve\u017eim\u0117li\u0173 priedas. Jei ie\u0161kote i\u0161manaus b\u016bdo, kaip prie ve\u017eim\u0117lio pritvirtinti \u017eaislus, \u017eaisl\u0173 grandin\u0117les ar kitus smulkius daiktus, ABC Design yra puikus pasirinkimas! \u0160is prakti\u0161kas ir stilingas aksesuaras pad\u0117s laikyti visus b\u016btiniausius daiktus po ranka ir kartu patobulins ve\u017eim\u0117lio dizain\u0105.  <\/h6>\n","protected":false},"featured_media":22534,"comment_status":"closed","ping_status":"closed","template":"","meta":{"_acf_changed":false,"om_disable_all_campaigns":false,"_monsterinsights_skip_tracking":false,"_monsterinsights_sitenote_active":false,"_monsterinsights_sitenote_note":"","_monsterinsights_sitenote_category":0,"_uf_show_specific_survey":0,"_uf_disable_surveys":false,"site-sidebar-layout":"default","site-content-layout":"","ast-site-content-layout":"default","site-content-style":"default","site-sidebar-style":"default","ast-global-header-display":"","ast-banner-title-visibility":"","ast-main-header-display":"","ast-hfb-above-header-display":"","ast-hfb-below-header-display":"","ast-hfb-mobile-header-display":"","site-post-title":"","ast-breadcrumbs-content":"","ast-featured-img":"","footer-sml-layout":"","theme-transparent-header-meta":"default","adv-header-id-meta":"","stick-header-meta":"","header-above-stick-meta":"","header-main-stick-meta":"","header-below-stick-meta":"","astra-migrate-meta-layouts":"default","ast-page-background-enabled":"default","ast-page-background-meta":{"desktop":{"background-color":"var(--ast-global-color-4)","background-image":"","background-repeat":"repeat","background-position":"center center","background-size":"auto","background-attachment":"scroll","background-type":"","background-media":"","overlay-type":"","overlay-color":"","overlay-opacity":"","overlay-gradient":""},"tablet":{"background-color":"","background-image":"","background-repeat":"repeat","background-position":"center center","background-size":"auto","background-attachment":"scroll","background-type":"","background-media":"","overlay-type":"","overlay-color":"","overlay-opacity":"","overlay-gradient":""},"mobile":{"background-color":"","background-image":"","background-repeat":"repeat","background-position":"center center","background-size":"auto","background-attachment":"scroll","background-type":"","background-media":"","overlay-type":"","overlay-color":"","overlay-opacity":"","overlay-gradient":""}},"ast-content-background-meta":{"desktop":{"background-color":"var(--ast-global-color-5)","background-image":"","background-repeat":"repeat","background-position":"center center","background-size":"auto","background-attachment":"scroll","background-type":"","background-media":"","overlay-type":"","overlay-color":"","overlay-opacity":"","overlay-gradient":""},"tablet":{"background-color":"var(--ast-global-color-5)","background-image":"","background-repeat":"repeat","background-position":"center center","background-size":"auto","background-attachment":"scroll","background-type":"","background-media":"","overlay-type":"","overlay-color":"","overlay-opacity":"","overlay-gradient":""},"mobile":{"background-color":"var(--ast-global-color-5)","background-image":"","background-repeat":"repeat","background-position":"center center","background-size":"auto","background-attachment":"scroll","background-type":"","background-media":"","overlay-type":"","overlay-color":"","overlay-opacity":"","overlay-gradient":""}}},"product_brand":[],"product_cat":[525,331,715],"product_tag":[337,335],"class_list":{"0":"post-52135","1":"product","2":"type-product","3":"status-publish","4":"has-post-thumbnail","6":"product_cat-abc-dizainas","7":"product_cat-apipjaustymo-priedai","8":"product_cat-daugiau","9":"product_tag-atskiri-produktai","10":"product_tag-pritaikyta-svetaine","11":"desktop-align-left","12":"tablet-align-left","13":"mobile-align-left","15":"first","16":"instock","17":"taxable","18":"shipping-taxable","19":"purchasable","20":"product-type-variable"},"acf":[],"aioseo_notices":[],"_links":{"self":[{"href":"https:\/\/hummy.ee\/lt\/wp-json\/wp\/v2\/product\/52135","targetHints":{"allow":["GET"]}}],"collection":[{"href":"https:\/\/hummy.ee\/lt\/wp-json\/wp\/v2\/product"}],"about":[{"href":"https:\/\/hummy.ee\/lt\/wp-json\/wp\/v2\/types\/product"}],"replies":[{"embeddable":true,"href":"https:\/\/hummy.ee\/lt\/wp-json\/wp\/v2\/comments?post=52135"}],"version-history":[{"count":1,"href":"https:\/\/hummy.ee\/lt\/wp-json\/wp\/v2\/product\/52135\/revisions"}],"predecessor-version":[{"id":67282,"href":"https:\/\/hummy.ee\/lt\/wp-json\/wp\/v2\/product\/52135\/revisions\/67282"}],"wp:featuredmedia":[{"embeddable":true,"href":"https:\/\/hummy.ee\/lt\/wp-json\/wp\/v2\/media\/22534"}],"wp:attachment":[{"href":"https:\/\/hummy.ee\/lt\/wp-json\/wp\/v2\/media?parent=52135"}],"wp:term":[{"taxonomy":"product_brand","embeddable":true,"href":"https:\/\/hummy.ee\/lt\/wp-json\/wp\/v2\/product_brand?post=52135"},{"taxonomy":"product_cat","embeddable":true,"href":"https:\/\/hummy.ee\/lt\/wp-json\/wp\/v2\/product_cat?post=52135"},{"taxonomy":"product_tag","embeddable":true,"href":"https:\/\/hummy.ee\/lt\/wp-json\/wp\/v2\/product_tag?post=52135"}],"curies":[{"name":"wp","href":"https:\/\/api.w.org\/{rel}","templated":true}]}}