{"id":52127,"date":"2024-04-07T18:39:35","date_gmt":"2024-04-07T18:39:35","guid":{"rendered":"https:\/\/hummy.ee\/product\/abc-design-padidinimo-adapteris-antrajam-vezimelio-ragui\/"},"modified":"2025-09-06T18:59:44","modified_gmt":"2025-09-06T18:59:44","slug":"abc-design-padidinimo-adapteris-antrajam-vezimelio-ragui","status":"publish","type":"product","link":"https:\/\/hummy.ee\/lt\/produktas\/abc-design-padidinimo-adapteris-antrajam-vezimelio-ragui\/","title":{"rendered":"&#8222;ABC Design Zoom\" adapteris antrajam lop\u0161yliui"},"content":{"rendered":"<h6><strong><em>Kod\u0117l verta rinktis ABC Design &#8222;Zoom\" adapter\u012f?<\/em><\/strong><\/h6>\n<ul>\n<li data-start=\"825\" data-end=\"1239\">\n<h6>Vienu metu galima naudoti du lop\u0161iai - idealiai tinka dvynukams arba skirtingo am\u017eiaus vaikams.<\/h6>\n<\/li>\n<li data-start=\"825\" data-end=\"1239\">\n<h6>Saugus ir stabilus - u\u017etikrina saug\u0173 prigludim\u0105 ir patog\u0173 va\u017eiavim\u0105.<\/h6>\n<\/li>\n<li data-start=\"825\" data-end=\"1239\">\n<h6>Greitai ir lengvai surenkama - montavimas u\u017etrunka vos akimirk\u0105.<\/h6>\n<\/li>\n<li data-start=\"825\" data-end=\"1239\">\n<h6>Ergonomi\u0161kas dizainas - paauk\u0161tintame lop\u0161yje yra daug vietos abiem vaikams.<\/h6>\n<\/li>\n<li data-start=\"825\" data-end=\"1239\">\n<h6>Tvirta ir ilgaam\u017e\u0117 med\u017eiaga - ilgaam\u017ei\u0161kumas ir patikima kokyb\u0117.<\/h6>\n<\/li>\n<\/ul>\n<h6><strong><em>Lengvas ir greitas montavimas<\/em><\/strong><\/h6>\n<h6>Adapter\u012f sumontuosite greitai ir lengvai - tiesiog \u012fd\u0117kite j\u012f \u012f <a href=\"https:\/\/hummy.ee\/lt\/toode\/abc-design-zoom-2-vezimelis\/\" target=\"_blank\" rel=\"noopener\">&#8222;Zoom\" ve\u017eim\u0117lio<\/a> \u0161oninius lizdus, pritvirtinkite antr\u0105j\u012f lop\u0161\u012f ir gal\u0117site ner\u016bpestingai vaik\u0161\u010dioti! Adapteris \u0161iek tiek pakelia vir\u0161utin\u012f lop\u0161\u012f ir perkelia j\u012f \u012f priek\u012f, kad abu vaikai gal\u0117t\u0173 patogiai s\u0117d\u0117ti. <\/h6>\n<p>&nbsp;<\/p>\n<h6>Jei jums reikia prakti\u0161ko ir lankstaus sprendimo, kad &#8222;Zoom\" ve\u017eim\u0117lyje b\u016bt\u0173 patogiau ve\u017eti du vaikus, ABC Design Zoom adapteris antrajam lop\u0161yui yra puikus pasirinkimas!<\/h6>\n<p>&nbsp;<\/p>\n<h6><em>Per\u017ei\u016br\u0117kite \u012fvadin\u012f <a href=\"https:\/\/www.youtube.com\/watch?v=9YgCb8JKR2I\">vaizdo \u012fra\u0161\u0105<\/a> ir su\u017einokite daugiau.<\/em><\/h6>\n","protected":false},"excerpt":{"rendered":"<h6 data-start=\"61\" data-end=\"137\">&#8222;ABC Design Zoom\" adapteris antram lop\u0161ys - paverskite vien\u0105 lop\u0161ys dviem! Su &#8222;ABC Design Zoom\" adapteriu &#8222;Zoom\" dviviet\u012f ve\u017eim\u0117l\u012f galite paversti dar lankstesniu ir universalesniu - vienu metu gal\u0117site pritvirtinti du lop\u0161iai. Tai puikus sprendimas dvynuk\u0173 t\u0117vams arba \u0161eimoms, kuriose abiem vaikams reikia patogaus ir saugaus va\u017eiavimo.  <\/h6>\n","protected":false},"featured_media":22774,"comment_status":"closed","ping_status":"closed","template":"","meta":{"_acf_changed":false,"om_disable_all_campaigns":false,"_monsterinsights_skip_tracking":false,"_monsterinsights_sitenote_active":false,"_monsterinsights_sitenote_note":"","_monsterinsights_sitenote_category":0,"_uf_show_specific_survey":0,"_uf_disable_surveys":false,"site-sidebar-layout":"default","site-content-layout":"","ast-site-content-layout":"default","site-content-style":"default","site-sidebar-style":"default","ast-global-header-display":"","ast-banner-title-visibility":"","ast-main-header-display":"","ast-hfb-above-header-display":"","ast-hfb-below-header-display":"","ast-hfb-mobile-header-display":"","site-post-title":"","ast-breadcrumbs-content":"","ast-featured-img":"","footer-sml-layout":"","theme-transparent-header-meta":"default","adv-header-id-meta":"","stick-header-meta":"","header-above-stick-meta":"","header-main-stick-meta":"","header-below-stick-meta":"","astra-migrate-meta-layouts":"default","ast-page-background-enabled":"default","ast-page-background-meta":{"desktop":{"background-color":"var(--ast-global-color-4)","background-image":"","background-repeat":"repeat","background-position":"center center","background-size":"auto","background-attachment":"scroll","background-type":"","background-media":"","overlay-type":"","overlay-color":"","overlay-opacity":"","overlay-gradient":""},"tablet":{"background-color":"","background-image":"","background-repeat":"repeat","background-position":"center center","background-size":"auto","background-attachment":"scroll","background-type":"","background-media":"","overlay-type":"","overlay-color":"","overlay-opacity":"","overlay-gradient":""},"mobile":{"background-color":"","background-image":"","background-repeat":"repeat","background-position":"center center","background-size":"auto","background-attachment":"scroll","background-type":"","background-media":"","overlay-type":"","overlay-color":"","overlay-opacity":"","overlay-gradient":""}},"ast-content-background-meta":{"desktop":{"background-color":"var(--ast-global-color-5)","background-image":"","background-repeat":"repeat","background-position":"center center","background-size":"auto","background-attachment":"scroll","background-type":"","background-media":"","overlay-type":"","overlay-color":"","overlay-opacity":"","overlay-gradient":""},"tablet":{"background-color":"var(--ast-global-color-5)","background-image":"","background-repeat":"repeat","background-position":"center center","background-size":"auto","background-attachment":"scroll","background-type":"","background-media":"","overlay-type":"","overlay-color":"","overlay-opacity":"","overlay-gradient":""},"mobile":{"background-color":"var(--ast-global-color-5)","background-image":"","background-repeat":"repeat","background-position":"center center","background-size":"auto","background-attachment":"scroll","background-type":"","background-media":"","overlay-type":"","overlay-color":"","overlay-opacity":"","overlay-gradient":""}}},"product_brand":[273],"product_cat":[525,373,331],"product_tag":[337,335],"class_list":{"0":"post-52127","1":"product","2":"type-product","3":"status-publish","4":"has-post-thumbnail","6":"product_brand-abc-design","7":"product_cat-abc-dizainas","8":"product_cat-adapteriai","9":"product_cat-apipjaustymo-priedai","10":"product_tag-atskiri-produktai","11":"product_tag-pritaikyta-svetaine","12":"desktop-align-left","13":"tablet-align-left","14":"mobile-align-left","16":"first","17":"instock","18":"taxable","19":"shipping-taxable","20":"purchasable","21":"product-type-simple"},"acf":[],"aioseo_notices":[],"_links":{"self":[{"href":"https:\/\/hummy.ee\/lt\/wp-json\/wp\/v2\/product\/52127","targetHints":{"allow":["GET"]}}],"collection":[{"href":"https:\/\/hummy.ee\/lt\/wp-json\/wp\/v2\/product"}],"about":[{"href":"https:\/\/hummy.ee\/lt\/wp-json\/wp\/v2\/types\/product"}],"replies":[{"embeddable":true,"href":"https:\/\/hummy.ee\/lt\/wp-json\/wp\/v2\/comments?post=52127"}],"version-history":[{"count":1,"href":"https:\/\/hummy.ee\/lt\/wp-json\/wp\/v2\/product\/52127\/revisions"}],"predecessor-version":[{"id":67287,"href":"https:\/\/hummy.ee\/lt\/wp-json\/wp\/v2\/product\/52127\/revisions\/67287"}],"wp:featuredmedia":[{"embeddable":true,"href":"https:\/\/hummy.ee\/lt\/wp-json\/wp\/v2\/media\/22774"}],"wp:attachment":[{"href":"https:\/\/hummy.ee\/lt\/wp-json\/wp\/v2\/media?parent=52127"}],"wp:term":[{"taxonomy":"product_brand","embeddable":true,"href":"https:\/\/hummy.ee\/lt\/wp-json\/wp\/v2\/product_brand?post=52127"},{"taxonomy":"product_cat","embeddable":true,"href":"https:\/\/hummy.ee\/lt\/wp-json\/wp\/v2\/product_cat?post=52127"},{"taxonomy":"product_tag","embeddable":true,"href":"https:\/\/hummy.ee\/lt\/wp-json\/wp\/v2\/product_tag?post=52127"}],"curies":[{"name":"wp","href":"https:\/\/api.w.org\/{rel}","templated":true}]}}