{"id":52119,"date":"2024-04-07T18:39:26","date_gmt":"2024-04-07T18:39:26","guid":{"rendered":"https:\/\/hummy.ee\/product\/abc-design-saugos-lopsio-adapteris\/"},"modified":"2025-09-06T18:59:56","modified_gmt":"2025-09-06T18:59:56","slug":"abc-design-saugos-lopsio-adapteris","status":"publish","type":"product","link":"https:\/\/hummy.ee\/lt\/produktas\/abc-design-saugos-lopsio-adapteris\/","title":{"rendered":"ABC Design saugos lop\u0161io adapteris"},"content":{"rendered":"<h6><strong><em>Lengvas montavimas ir universalus pritaikymas<\/em><\/strong><\/h6>\n<h6>ABC Design Adapteriai yra specialiai sukurti taip, kad u\u017etikrint\u0173 patikim\u0105 ir saug\u0173 ve\u017eim\u0117lio ir lop\u0161io sujungim\u0105. \u012erengimas greitas ir paprastas, tod\u0117l i\u0161 automobilio \u012f ve\u017eim\u0117l\u012f gal\u0117site pers\u0117sti akimirksniu, o k\u016bdikis bus patogus ir saugus. <\/h6>\n<p>&nbsp;<\/p>\n<p>&nbsp;<\/p>\n<h6><strong><em>Suderinamas su \u0161iais ve\u017eim\u0117liais ABC Design:<\/em><\/strong><\/h6>\n<ul>\n<li data-start=\"813\" data-end=\"1020\">\n<h6>&#8222;Salsa 5 Air\", &#8222;Salsa 4 Air<\/h6>\n<\/li>\n<li data-start=\"813\" data-end=\"1020\">\n<h6>Salsa 5 Run, Salsa Run<\/h6>\n<\/li>\n<li data-start=\"813\" data-end=\"1020\">\n<h6>Samba 2, Samba<\/h6>\n<\/li>\n<li data-start=\"813\" data-end=\"1020\">\n<h6>Padidinti 2, Padidinti<\/h6>\n<\/li>\n<li data-start=\"813\" data-end=\"1020\">\n<h6>&#8222;Ping 3 Trekking\", &#8222;Ping 3 Travel\", &#8222;Ping 2 Trekking\", &#8222;Ping 2&#8243; (taip pat reikalingi &#8222;Ping\" jungiamieji spaustukai).<\/h6>\n<\/li>\n<\/ul>\n<h6><strong><em>Suderinamumas su populiariais saugos lop\u0161iais:<\/em><\/strong><\/h6>\n<h6>ABC Design lop\u0161io adapteriai suderinami su daugeliu \u017einom\u0173 prek\u0117s \u017eenkl\u0173 lop\u0161i\u0173, \u012fskaitant:<\/h6>\n<ul>\n<li data-start=\"1166\" data-end=\"1505\">\n<h6>ABC Design: Tulp\u0117<\/h6>\n<\/li>\n<li data-start=\"1166\" data-end=\"1505\">\n<h6>&#8222;Maxi-Cosi\": &#8222;City\", &#8222;Convertible-Fix\", &#8222;Coral\", &#8222;Pebble\" (\u012fskaitant &#8222;Pebble Plus\", &#8222;Pro\", &#8222;360&#8243;, &#8222;360 Pro\", &#8222;360 Pro 2&#8243;)<\/h6>\n<\/li>\n<li data-start=\"1166\" data-end=\"1505\">\n<h6>&#8222;Cybex\": &#8222;Aton\" (\u012fskaitant &#8222;Aton 5&#8243;, &#8222;M\", &#8222;M i-Size\", &#8222;Q\", &#8222;Q Plus\", &#8222;Q i-Size\"), &#8222;Cloud\" (\u012fskaitant &#8222;Cloud T\", &#8222;Q\", &#8222;Q Plus\", &#8222;Z i-Size\", &#8222;Z2 i-Size\").<\/h6>\n<\/li>\n<li data-start=\"1166\" data-end=\"1505\">\n<h6>Joie: i-Gemm<\/h6>\n<\/li>\n<li data-start=\"1166\" data-end=\"1505\">\n<h6>&#8222;BeSafe\": &#8222;iZi Go Modular X1 i-Size<\/h6>\n<\/li>\n<li data-start=\"1166\" data-end=\"1505\">\n<h6>Avionaut: &#8222;Cosmo\", &#8222;Pixel\", &#8222;Pro<\/h6>\n<\/li>\n<\/ul>\n<h6><strong><em>Kod\u0117l verta rinktis ABC Design lop\u0161io adapter\u012f?<\/em><\/strong><\/h6>\n<ul>\n<li data-start=\"1560\" data-end=\"1866\">\n<h6>Did\u017eiausias komfortas - perkelkite k\u016bdik\u012f i\u0161 automobilio tiesiai \u012f ve\u017eim\u0117l\u012f jo nepabudindami.<\/h6>\n<\/li>\n<li data-start=\"1560\" data-end=\"1866\">\n<h6>Greitas ir paprastas montavimas - greitai pritvirtinamas prie <a href=\"https:\/\/hummy.ee\/lt\/abc-dizainas-aprasymas\/\" target=\"_blank\" rel=\"noopener\">&#8222;ABC Design\"<\/a> ve\u017eim\u0117lio r\u0117mo.<\/h6>\n<\/li>\n<li data-start=\"1560\" data-end=\"1866\">\n<h6>Platus suderinamumas - tinka daugeliui populiari\u0173 suvar\u017eymo priemoni\u0173 modeli\u0173.<\/h6>\n<\/li>\n<li data-start=\"1560\" data-end=\"1866\">\n<h6>Saugus ir patvarus - u\u017etikrina saug\u0173 tvirtinim\u0105 ir skland\u0173 va\u017eiavim\u0105.<\/h6>\n<\/li>\n<\/ul>\n<h6><\/h6>\n<h6>Ne\u0161vaistykite laiko sud\u0117tingoms tvirtinimo sistemoms - ABC Design lop\u0161io adapteris palengvins j\u016bs\u0173 gyvenim\u0105 ir suteiks daugiau komforto pasivaik\u0161\u010diojimams!<\/h6>\n<p>&nbsp;<\/p>\n<h6><em>Per\u017ei\u016br\u0117kite \u012fvadin\u012f <a href=\"https:\/\/www.youtube.com\/watch?v=Uq40BcEtpu8\">vaizdo \u012fra\u0161\u0105<\/a> ir su\u017einokite daugiau.<\/em><\/h6>\n","protected":false},"excerpt":{"rendered":"<h6 data-start=\"59\" data-end=\"145\">ABC Design S\u0117dyn\u0117s lop\u0161io adapteris - skland\u017eiam ir patogiam per\u0117jimui i\u0161 automobilio \u012f ve\u017eim\u0117l\u012f. B\u016bdami t\u0117vais, \u012fvertinsite kasdienio gyvenimo patogum\u0105 ir sklandum\u0105. ABC Design K\u016bdikio k\u0117dut\u0117s adapteris leid\u017eia pritvirtinti k\u016bdikio k\u0117dut\u0119 tiesiai prie ve\u017eim\u0117lio r\u0117mo, nereik\u0117s \u017eadinti k\u016bdikio ar atskirai jo kelti. Tai puikus sprendimas greitam ir nesukelian\u010diam r\u016bpes\u010di\u0173 mobilumui, nesvarbu, ar keliaujate, ar keliaujate.   <\/h6>\n","protected":false},"featured_media":28110,"comment_status":"closed","ping_status":"closed","template":"","meta":{"_acf_changed":false,"om_disable_all_campaigns":false,"_monsterinsights_skip_tracking":false,"_monsterinsights_sitenote_active":false,"_monsterinsights_sitenote_note":"","_monsterinsights_sitenote_category":0,"_uf_show_specific_survey":0,"_uf_disable_surveys":false,"site-sidebar-layout":"default","site-content-layout":"","ast-site-content-layout":"default","site-content-style":"default","site-sidebar-style":"default","ast-global-header-display":"","ast-banner-title-visibility":"","ast-main-header-display":"","ast-hfb-above-header-display":"","ast-hfb-below-header-display":"","ast-hfb-mobile-header-display":"","site-post-title":"","ast-breadcrumbs-content":"","ast-featured-img":"","footer-sml-layout":"","theme-transparent-header-meta":"default","adv-header-id-meta":"","stick-header-meta":"","header-above-stick-meta":"","header-main-stick-meta":"","header-below-stick-meta":"","astra-migrate-meta-layouts":"default","ast-page-background-enabled":"default","ast-page-background-meta":{"desktop":{"background-color":"var(--ast-global-color-4)","background-image":"","background-repeat":"repeat","background-position":"center center","background-size":"auto","background-attachment":"scroll","background-type":"","background-media":"","overlay-type":"","overlay-color":"","overlay-opacity":"","overlay-gradient":""},"tablet":{"background-color":"","background-image":"","background-repeat":"repeat","background-position":"center center","background-size":"auto","background-attachment":"scroll","background-type":"","background-media":"","overlay-type":"","overlay-color":"","overlay-opacity":"","overlay-gradient":""},"mobile":{"background-color":"","background-image":"","background-repeat":"repeat","background-position":"center center","background-size":"auto","background-attachment":"scroll","background-type":"","background-media":"","overlay-type":"","overlay-color":"","overlay-opacity":"","overlay-gradient":""}},"ast-content-background-meta":{"desktop":{"background-color":"var(--ast-global-color-5)","background-image":"","background-repeat":"repeat","background-position":"center center","background-size":"auto","background-attachment":"scroll","background-type":"","background-media":"","overlay-type":"","overlay-color":"","overlay-opacity":"","overlay-gradient":""},"tablet":{"background-color":"var(--ast-global-color-5)","background-image":"","background-repeat":"repeat","background-position":"center center","background-size":"auto","background-attachment":"scroll","background-type":"","background-media":"","overlay-type":"","overlay-color":"","overlay-opacity":"","overlay-gradient":""},"mobile":{"background-color":"var(--ast-global-color-5)","background-image":"","background-repeat":"repeat","background-position":"center center","background-size":"auto","background-attachment":"scroll","background-type":"","background-media":"","overlay-type":"","overlay-color":"","overlay-opacity":"","overlay-gradient":""}}},"product_brand":[273],"product_cat":[525,373,331],"product_tag":[337,335],"class_list":{"0":"post-52119","1":"product","2":"type-product","3":"status-publish","4":"has-post-thumbnail","6":"product_brand-abc-design","7":"product_cat-abc-dizainas","8":"product_cat-adapteriai","9":"product_cat-apipjaustymo-priedai","10":"product_tag-atskiri-produktai","11":"product_tag-pritaikyta-svetaine","12":"desktop-align-left","13":"tablet-align-left","14":"mobile-align-left","16":"first","17":"instock","18":"taxable","19":"shipping-taxable","20":"purchasable","21":"product-type-simple"},"acf":[],"aioseo_notices":[],"_links":{"self":[{"href":"https:\/\/hummy.ee\/lt\/wp-json\/wp\/v2\/product\/52119","targetHints":{"allow":["GET"]}}],"collection":[{"href":"https:\/\/hummy.ee\/lt\/wp-json\/wp\/v2\/product"}],"about":[{"href":"https:\/\/hummy.ee\/lt\/wp-json\/wp\/v2\/types\/product"}],"replies":[{"embeddable":true,"href":"https:\/\/hummy.ee\/lt\/wp-json\/wp\/v2\/comments?post=52119"}],"version-history":[{"count":1,"href":"https:\/\/hummy.ee\/lt\/wp-json\/wp\/v2\/product\/52119\/revisions"}],"predecessor-version":[{"id":67290,"href":"https:\/\/hummy.ee\/lt\/wp-json\/wp\/v2\/product\/52119\/revisions\/67290"}],"wp:featuredmedia":[{"embeddable":true,"href":"https:\/\/hummy.ee\/lt\/wp-json\/wp\/v2\/media\/28110"}],"wp:attachment":[{"href":"https:\/\/hummy.ee\/lt\/wp-json\/wp\/v2\/media?parent=52119"}],"wp:term":[{"taxonomy":"product_brand","embeddable":true,"href":"https:\/\/hummy.ee\/lt\/wp-json\/wp\/v2\/product_brand?post=52119"},{"taxonomy":"product_cat","embeddable":true,"href":"https:\/\/hummy.ee\/lt\/wp-json\/wp\/v2\/product_cat?post=52119"},{"taxonomy":"product_tag","embeddable":true,"href":"https:\/\/hummy.ee\/lt\/wp-json\/wp\/v2\/product_tag?post=52119"}],"curies":[{"name":"wp","href":"https:\/\/api.w.org\/{rel}","templated":true}]}}