{"id":51987,"date":"2024-04-07T18:19:43","date_gmt":"2024-04-07T18:19:43","guid":{"rendered":"https:\/\/hummy.ee\/product\/moji-yippy-plain-valgomojo-kede\/"},"modified":"2025-09-09T07:12:54","modified_gmt":"2025-09-09T07:12:54","slug":"moji-yippy-plain-valgomojo-kede","status":"publish","type":"product","link":"https:\/\/hummy.ee\/lt\/produktas\/moji-yippy-plain-valgomojo-kede\/","title":{"rendered":"&#8222;Moji Yippy Plain\" valgomojo k\u0117d\u0117"},"content":{"rendered":"<h6 data-start=\"110\" data-end=\"184\"><strong><em>&#8222;Yippy\" valgomojo k\u0117d\u0117 - patogumas ir lankstumas \u012fvairaus am\u017eiaus naudotojams<\/em><\/strong><\/h6>\n<h6 data-start=\"186\" data-end=\"457\">Ie\u0161kote ergonomi\u0161kos ir prakti\u0161kos valgomojo k\u0117d\u0117s, kuri augt\u0173 kartu su j\u016bs\u0173 vaiku? &#8222;Yippy\" valgomojo k\u0117dut\u0117 yra puikus sprendimas, nes j\u0105 galima greitai sureguliuoti, lengvai surinkti ir u\u017etikrinti maksimal\u0173 stabilum\u0105 - ir visa tai be sud\u0117tingo surinkimo ar \u012franki\u0173! <\/h6>\n<p>&nbsp;<\/p>\n<h6 data-start=\"459\" data-end=\"499\"><strong><em>Greitas ir paprastas reguliavimas<\/em><\/strong><\/h6>\n<h6 data-start=\"500\" data-end=\"787\">Naudodami prakti\u0161k\u0105 spustel\u0117jimo sistem\u0105 galite patogiai reguliuoti s\u0117dyn\u0117s ir koj\u0173 atramos pad\u0117t\u012f. Vos dviem paprastais veiksmais k\u0117dut\u0117s auk\u0161t\u012f galima reguliuoti pagal vaiko \u016bg\u012f. Be to, k\u0117dut\u0119 galima pritaikyti ir suaugusiesiems, tod\u0117l ji yra universalus kasdienio naudojimo sprendimas.  <\/h6>\n<p>&nbsp;<\/p>\n<h6 data-start=\"789\" data-end=\"820\"><strong><em>Idealiai tinka visai \u0161eimai<\/em><\/strong><\/h6>\n<h6 data-start=\"821\" data-end=\"1105\">&#8222;Yippy\" valgomojo k\u0117dut\u0117 tinka naujagimiams, ma\u017eiems vaikams ir suaugusiesiems. Jei prie stalo neu\u017etenka viet\u0173, j\u0105 galima naudoti ir kaip suaugusi\u0173j\u0173 k\u0117dut\u0119. Tvirta konstrukcija gali i\u0161laikyti iki 90 kg svor\u012f, tod\u0117l tai puikus pasirinkimas bet kuriam \u0161eimos nariui.  <\/h6>\n<p>&nbsp;<\/p>\n<h6 data-start=\"1107\" data-end=\"1144\"><strong><em>Kompakti\u0161kas ir taupantis viet\u0105<\/em><\/strong><\/h6>\n<h6 data-start=\"1145\" data-end=\"1375\">Lygiai taip pat greitai, kaip ir surinkus k\u0117d\u0119, j\u0105 galima i\u0161ardyti ir v\u0117l sand\u0117liuoti, kad sutaupytum\u0117te vietos. Pridedami grind\u0173 s\u0105nariai u\u017etikrina maksimal\u0173 saugum\u0105 ir stabilum\u0105, neleid\u017eia apvirsti. <\/h6>\n<p>&nbsp;<\/p>\n<h6 data-start=\"1377\" data-end=\"1436\"><strong><em>Lengva transportuoti - puikiai tinka keliaujant ar vykstant \u012f sve\u010dius<\/em><\/strong><\/h6>\n<h6 data-start=\"1437\" data-end=\"1664\">D\u0117l nedidelio svorio (tik 6,5 kg) ir sulankstomos konstrukcijos &#8222;Yippy\" valgomojo k\u0117dut\u0117 yra puikus kompanionas lankant senelius ar keliaujant. Ant atlo\u0161o integruota rankena dar labiau palengvina transportavim\u0105. <\/h6>\n<p>&nbsp;<\/p>\n<h6 data-start=\"1666\" data-end=\"1704\"><strong><em>Kod\u0117l verta rinktis &#8222;Yippy\" valgomojo k\u0117d\u0119?<\/em><\/strong><\/h6>\n<ul>\n<li data-start=\"1705\" data-end=\"2158\">\n<h6>Ergonomi\u0161kas ir augantis kartu su vaiku - reguliuojamas 6 skirtingose pad\u0117tyse.<\/h6>\n<\/li>\n<li data-start=\"1705\" data-end=\"2158\">\n<h6>Lengvas surinkimas per kelias sekundes - nereikia joki\u0173 \u012franki\u0173<\/h6>\n<\/li>\n<li data-start=\"1705\" data-end=\"2158\">\n<h6>Auk\u0161tos kokyb\u0117s ir patvarus \u0105\u017euolas - esteti\u0161kas ir ilgaam\u017eis sprendimas<\/h6>\n<\/li>\n<li data-start=\"1705\" data-end=\"2158\">\n<h6>Erdv\u0119 taupanti sulankstoma konstrukcija - idealiai tinka ma\u017eiems namams<\/h6>\n<\/li>\n<li data-start=\"1705\" data-end=\"2158\">\n<h6>Saugus ir stabilus - \u012frengtos prakti\u0161kos grind\u0173 jungtys<\/h6>\n<\/li>\n<li data-start=\"1705\" data-end=\"2158\">\n<h6>Atsparus dr\u0117gmei ir lengvai valomas - pakanka dr\u0117gnos \u0161luost\u0117s<\/h6>\n<\/li>\n<\/ul>\n<h6><strong>Kam skirta &#8222;Moji\"?<\/strong><\/h6>\n<ul>\n<li>\n<h6>Naudojant <a href=\"https:\/\/hummy.ee\/lt\/toode\/moji-yippy-valgomojo-kede-lamami-kede\/\">su maitinimo k\u0117dute<\/a>: nuo gimimo iki 6 m\u0117nesi\u0173 (ne daugiau kaip 9 kg).<\/h6>\n<\/li>\n<li>\n<h6>Naudojant su <a href=\"https:\/\/hummy.ee\/lt\/toode\/moji-yippy-valgomojo-kedziu-pradinis-rinkinys\/\">pradiniu rinkiniu<\/a> 6-36 m\u0117nesi\u0173 (ne daugiau kaip 15 kg)<\/h6>\n<\/li>\n<li>\n<h6>Be pried\u0173: nuo 12 m\u0117nesi\u0173 ir vyresni (ne daugiau kaip 90 kg) <\/h6>\n<\/li>\n<\/ul>\n<h6><em>Per\u017ei\u016br\u0117kite \u012fvadin\u012f <a href=\"https:\/\/www.youtube.com\/watch?v=WTPgAp1XOr4\" target=\"_blank\" rel=\"noopener\">vaizdo \u012fra\u0161\u0105<\/a> ir su\u017einokite daugiau.<\/em><\/h6>\n<h6><em>Per\u017ei\u016br\u0117kite <a href=\"https:\/\/hummy.ee\/lt\/ivadas-i-moji\/\" target=\"_blank\" rel=\"noopener\">&#8222;Moji\"<\/a> gamini\u0173 asortiment\u0105.<\/em><\/h6>\n","protected":false},"excerpt":{"rendered":"<h6>&#8222;Moji premium\" valgomojo k\u0117dut\u0117 tinka kasdieniam naudojimui naujagimiams, ma\u017eiems vaikams ir t\u0117vams. Jei reikia, k\u0117dut\u0119 taip pat galima reguliuoti iki suaugusi\u0173j\u0173 auk\u0161\u010dio. Idealiai tinka \u0161eimos susib\u016brimams, kai prie stalo nepakanka k\u0117d\u017ei\u0173 suaugusiesiems.  <\/h6>\n","protected":false},"featured_media":30150,"comment_status":"closed","ping_status":"closed","template":"","meta":{"_acf_changed":false,"om_disable_all_campaigns":false,"_monsterinsights_skip_tracking":false,"_monsterinsights_sitenote_active":false,"_monsterinsights_sitenote_note":"","_monsterinsights_sitenote_category":0,"_uf_show_specific_survey":0,"_uf_disable_surveys":false,"site-sidebar-layout":"default","site-content-layout":"","ast-site-content-layout":"default","site-content-style":"default","site-sidebar-style":"default","ast-global-header-display":"","ast-banner-title-visibility":"","ast-main-header-display":"","ast-hfb-above-header-display":"","ast-hfb-below-header-display":"","ast-hfb-mobile-header-display":"","site-post-title":"","ast-breadcrumbs-content":"","ast-featured-img":"","footer-sml-layout":"","theme-transparent-header-meta":"default","adv-header-id-meta":"","stick-header-meta":"","header-above-stick-meta":"","header-main-stick-meta":"","header-below-stick-meta":"","astra-migrate-meta-layouts":"default","ast-page-background-enabled":"default","ast-page-background-meta":{"desktop":{"background-color":"var(--ast-global-color-4)","background-image":"","background-repeat":"repeat","background-position":"center center","background-size":"auto","background-attachment":"scroll","background-type":"","background-media":"","overlay-type":"","overlay-color":"","overlay-opacity":"","overlay-gradient":""},"tablet":{"background-color":"","background-image":"","background-repeat":"repeat","background-position":"center center","background-size":"auto","background-attachment":"scroll","background-type":"","background-media":"","overlay-type":"","overlay-color":"","overlay-opacity":"","overlay-gradient":""},"mobile":{"background-color":"","background-image":"","background-repeat":"repeat","background-position":"center center","background-size":"auto","background-attachment":"scroll","background-type":"","background-media":"","overlay-type":"","overlay-color":"","overlay-opacity":"","overlay-gradient":""}},"ast-content-background-meta":{"desktop":{"background-color":"var(--ast-global-color-5)","background-image":"","background-repeat":"repeat","background-position":"center center","background-size":"auto","background-attachment":"scroll","background-type":"","background-media":"","overlay-type":"","overlay-color":"","overlay-opacity":"","overlay-gradient":""},"tablet":{"background-color":"var(--ast-global-color-5)","background-image":"","background-repeat":"repeat","background-position":"center center","background-size":"auto","background-attachment":"scroll","background-type":"","background-media":"","overlay-type":"","overlay-color":"","overlay-opacity":"","overlay-gradient":""},"mobile":{"background-color":"var(--ast-global-color-5)","background-image":"","background-repeat":"repeat","background-position":"center center","background-size":"auto","background-attachment":"scroll","background-type":"","background-media":"","overlay-type":"","overlay-color":"","overlay-opacity":"","overlay-gradient":""}}},"product_brand":[],"product_cat":[593,592],"product_tag":[],"class_list":{"0":"post-51987","1":"product","2":"type-product","3":"status-publish","4":"has-post-thumbnail","6":"product_cat-moji-lt","7":"product_cat-valgomojo-kedes","8":"desktop-align-left","9":"tablet-align-left","10":"mobile-align-left","12":"first","13":"instock","14":"taxable","15":"shipping-taxable","16":"purchasable","17":"product-type-variable"},"acf":[],"aioseo_notices":[],"_links":{"self":[{"href":"https:\/\/hummy.ee\/lt\/wp-json\/wp\/v2\/product\/51987","targetHints":{"allow":["GET"]}}],"collection":[{"href":"https:\/\/hummy.ee\/lt\/wp-json\/wp\/v2\/product"}],"about":[{"href":"https:\/\/hummy.ee\/lt\/wp-json\/wp\/v2\/types\/product"}],"replies":[{"embeddable":true,"href":"https:\/\/hummy.ee\/lt\/wp-json\/wp\/v2\/comments?post=51987"}],"version-history":[{"count":1,"href":"https:\/\/hummy.ee\/lt\/wp-json\/wp\/v2\/product\/51987\/revisions"}],"predecessor-version":[{"id":59233,"href":"https:\/\/hummy.ee\/lt\/wp-json\/wp\/v2\/product\/51987\/revisions\/59233"}],"wp:featuredmedia":[{"embeddable":true,"href":"https:\/\/hummy.ee\/lt\/wp-json\/wp\/v2\/media\/30150"}],"wp:attachment":[{"href":"https:\/\/hummy.ee\/lt\/wp-json\/wp\/v2\/media?parent=51987"}],"wp:term":[{"taxonomy":"product_brand","embeddable":true,"href":"https:\/\/hummy.ee\/lt\/wp-json\/wp\/v2\/product_brand?post=51987"},{"taxonomy":"product_cat","embeddable":true,"href":"https:\/\/hummy.ee\/lt\/wp-json\/wp\/v2\/product_cat?post=51987"},{"taxonomy":"product_tag","embeddable":true,"href":"https:\/\/hummy.ee\/lt\/wp-json\/wp\/v2\/product_tag?post=51987"}],"curies":[{"name":"wp","href":"https:\/\/api.w.org\/{rel}","templated":true}]}}