{"id":51970,"date":"2024-04-07T18:21:33","date_gmt":"2024-04-07T18:21:33","guid":{"rendered":"https:\/\/hummy.ee\/product\/moji-yippy-valgomojo-kede-lamami-kede\/"},"modified":"2025-05-15T00:01:20","modified_gmt":"2025-05-15T00:01:20","slug":"moji-yippy-valgomojo-kede-lamami-kede","status":"publish","type":"product","link":"https:\/\/hummy.ee\/lt\/produktas\/moji-yippy-valgomojo-kede-lamami-kede\/","title":{"rendered":"&#8222;Moji Yippy\" valgomojo k\u0117d\u0117 &#8222;Lamami\" k\u0117d\u0117"},"content":{"rendered":"<h6 data-start=\"434\" data-end=\"477\"><strong><em>Did\u017eiausias komfortas ir saugumas<\/em><\/strong><\/h6>\n<h6 data-start=\"478\" data-end=\"756\">D\u0117l itin mink\u0161to pamink\u0161tinimo k\u016bdikis gul\u0117s patogiai ir patogiai. Didelis ir platus gul\u0117jimo pavir\u0161ius suteikia daug erdv\u0117s jud\u0117ti, o 5 ta\u0161k\u0173 saugos dir\u017eai u\u017etikrina maksimal\u0173 saugum\u0105. Mink\u0161tos pagalv\u0117l\u0117s ant pe\u010di\u0173 ir tarpkojo srityje suteikia dar daugiau komforto.  <\/h6>\n<p>&nbsp;<\/p>\n<h6 data-start=\"758\" data-end=\"794\"><strong><em>Prakti\u0161kas ir reguliuojamas<\/em><\/strong><\/h6>\n<h6>&#8222;Moji Yippy\" gulim\u0105j\u0105 k\u0117dut\u0119 galima reguliuoti dviem pad\u0117timis viena ranka:<\/h6>\n<ul>\n<li data-start=\"795\" data-end=\"1027\">\n<h6>Atpalaiduojanti gulima pad\u0117tis - idealiai tinka miegui ir poilsiui.<\/h6>\n<\/li>\n<li data-start=\"795\" data-end=\"1027\">\n<h6>\u0160iek tiek pakreipta pad\u0117tis - k\u016bdikis gali tyrin\u0117ti ir \u017eaisti.<\/h6>\n<\/li>\n<\/ul>\n<h6 data-start=\"1029\" data-end=\"1076\"><strong><em>Lengva prie\u017ei\u016bra ir patvari med\u017eiaga<\/em><\/strong><\/h6>\n<ul data-start=\"1077\" data-end=\"1241\">\n<li data-start=\"1077\" data-end=\"1148\">\n<h6>Montavimas: nereikia joki\u0173 \u012franki\u0173 - tiesiog prijunkite ir \u017eaiskite!<\/h6>\n<\/li>\n<li data-start=\"1149\" data-end=\"1241\">\n<h6>Prie\u017ei\u016bra: karkas\u0105 galima valyti dr\u0117gna \u0161luoste, audinius galima skalbti \u0161altai arba rankomis.<\/h6>\n<\/li>\n<\/ul>\n<h6 data-start=\"1243\" data-end=\"1270\"><strong><em>Techniniai duomenys<\/em><\/strong><\/h6>\n<ul>\n<li data-start=\"1271\" data-end=\"1429\">\n<h6>Tinkamas am\u017eius: nuo gimimo iki 6 m\u0117nesi\u0173 (ne daugiau kaip 9 kg)<\/h6>\n<\/li>\n<li data-start=\"1271\" data-end=\"1429\">\n<h6>Laminavimo matmenys: 67 x 43 cm<\/h6>\n<\/li>\n<li data-start=\"1271\" data-end=\"1429\">\n<h6>Bendras ilgis: 82 cm<\/h6>\n<\/li>\n<li data-start=\"1271\" data-end=\"1429\">\n<h6>Gaminio svoris: 2,3 kg<\/h6>\n<\/li>\n<\/ul>\n<h6 data-start=\"1431\" data-end=\"1603\">&#8222;Moji Yippy\" gulimasis kr\u0117slas yra puikus sprendimas \u0161eimoms, vertinan\u010dioms patogum\u0105, saugum\u0105 ir stili\u0173. Leiskite savo k\u016bdikiui dalyvauti \u0161eimos valgyme nuo pat pirmos dienos! <\/h6>\n<p>&nbsp;<\/p>\n<h6><em>Per\u017ei\u016br\u0117kite \u012fvadin\u012f <a href=\"https:\/\/www.youtube.com\/watch?v=ZLeYyL7M0og\" target=\"_blank\" rel=\"noopener\">vaizdo \u012fra\u0161\u0105<\/a> ir su\u017einokite daugiau.<\/em><\/h6>\n<h6><em>Per\u017ei\u016br\u0117kite <a href=\"https:\/\/hummy.ee\/lt\/ivadas-i-moji\/\" target=\"_blank\" rel=\"noopener\">&#8222;Moji\"<\/a> gamini\u0173 asortiment\u0105.<\/em><\/h6>\n","protected":false},"excerpt":{"rendered":"<h6 data-start=\"107\" data-end=\"179\">&#8222;Moji Yippy\" gulimas lop\u0161ys - patogus ir saugus k\u016bdikiui nuo pat gimimo. Norite, kad j\u016bs\u0173 k\u016bdikis b\u016bt\u0173 su \u0161eima nuo pirmos dienos? Su &#8222;Moji Yippy\" gulteliu tai \u012fmanoma! Greitai ir lengvai pritvirtinkite j\u0105 prie &#8222;Yippy\" valgomojo k\u0117dut\u0117s - tam nereikia joki\u0173 \u012franki\u0173 - ir sukurkite jauki\u0105 ir saugi\u0105 viet\u0105, kurioje k\u016bdikis gal\u0117s s\u0117d\u0117ti valgymo metu.   <\/h6>\n","protected":false},"featured_media":57969,"comment_status":"closed","ping_status":"closed","template":"","meta":{"_acf_changed":false,"om_disable_all_campaigns":false,"_monsterinsights_skip_tracking":false,"_monsterinsights_sitenote_active":false,"_monsterinsights_sitenote_note":"","_monsterinsights_sitenote_category":0,"_uf_show_specific_survey":0,"_uf_disable_surveys":false,"site-sidebar-layout":"default","site-content-layout":"","ast-site-content-layout":"default","site-content-style":"default","site-sidebar-style":"default","ast-global-header-display":"","ast-banner-title-visibility":"","ast-main-header-display":"","ast-hfb-above-header-display":"","ast-hfb-below-header-display":"","ast-hfb-mobile-header-display":"","site-post-title":"","ast-breadcrumbs-content":"","ast-featured-img":"","footer-sml-layout":"","theme-transparent-header-meta":"default","adv-header-id-meta":"","stick-header-meta":"","header-above-stick-meta":"","header-main-stick-meta":"","header-below-stick-meta":"","astra-migrate-meta-layouts":"default","ast-page-background-enabled":"default","ast-page-background-meta":{"desktop":{"background-color":"var(--ast-global-color-4)","background-image":"","background-repeat":"repeat","background-position":"center center","background-size":"auto","background-attachment":"scroll","background-type":"","background-media":"","overlay-type":"","overlay-color":"","overlay-opacity":"","overlay-gradient":""},"tablet":{"background-color":"","background-image":"","background-repeat":"repeat","background-position":"center center","background-size":"auto","background-attachment":"scroll","background-type":"","background-media":"","overlay-type":"","overlay-color":"","overlay-opacity":"","overlay-gradient":""},"mobile":{"background-color":"","background-image":"","background-repeat":"repeat","background-position":"center center","background-size":"auto","background-attachment":"scroll","background-type":"","background-media":"","overlay-type":"","overlay-color":"","overlay-opacity":"","overlay-gradient":""}},"ast-content-background-meta":{"desktop":{"background-color":"var(--ast-global-color-5)","background-image":"","background-repeat":"repeat","background-position":"center center","background-size":"auto","background-attachment":"scroll","background-type":"","background-media":"","overlay-type":"","overlay-color":"","overlay-opacity":"","overlay-gradient":""},"tablet":{"background-color":"var(--ast-global-color-5)","background-image":"","background-repeat":"repeat","background-position":"center center","background-size":"auto","background-attachment":"scroll","background-type":"","background-media":"","overlay-type":"","overlay-color":"","overlay-opacity":"","overlay-gradient":""},"mobile":{"background-color":"var(--ast-global-color-5)","background-image":"","background-repeat":"repeat","background-position":"center center","background-size":"auto","background-attachment":"scroll","background-type":"","background-media":"","overlay-type":"","overlay-color":"","overlay-opacity":"","overlay-gradient":""}}},"product_brand":[],"product_cat":[593,592],"product_tag":[],"class_list":{"0":"post-51970","1":"product","2":"type-product","3":"status-publish","4":"has-post-thumbnail","6":"product_cat-moji-lt","7":"product_cat-valgomojo-kedes","8":"desktop-align-left","9":"tablet-align-left","10":"mobile-align-left","12":"first","13":"instock","14":"taxable","15":"shipping-taxable","16":"purchasable","17":"product-type-variable"},"acf":[],"aioseo_notices":[],"_links":{"self":[{"href":"https:\/\/hummy.ee\/lt\/wp-json\/wp\/v2\/product\/51970","targetHints":{"allow":["GET"]}}],"collection":[{"href":"https:\/\/hummy.ee\/lt\/wp-json\/wp\/v2\/product"}],"about":[{"href":"https:\/\/hummy.ee\/lt\/wp-json\/wp\/v2\/types\/product"}],"replies":[{"embeddable":true,"href":"https:\/\/hummy.ee\/lt\/wp-json\/wp\/v2\/comments?post=51970"}],"version-history":[{"count":1,"href":"https:\/\/hummy.ee\/lt\/wp-json\/wp\/v2\/product\/51970\/revisions"}],"predecessor-version":[{"id":58021,"href":"https:\/\/hummy.ee\/lt\/wp-json\/wp\/v2\/product\/51970\/revisions\/58021"}],"wp:featuredmedia":[{"embeddable":true,"href":"https:\/\/hummy.ee\/lt\/wp-json\/wp\/v2\/media\/57969"}],"wp:attachment":[{"href":"https:\/\/hummy.ee\/lt\/wp-json\/wp\/v2\/media?parent=51970"}],"wp:term":[{"taxonomy":"product_brand","embeddable":true,"href":"https:\/\/hummy.ee\/lt\/wp-json\/wp\/v2\/product_brand?post=51970"},{"taxonomy":"product_cat","embeddable":true,"href":"https:\/\/hummy.ee\/lt\/wp-json\/wp\/v2\/product_cat?post=51970"},{"taxonomy":"product_tag","embeddable":true,"href":"https:\/\/hummy.ee\/lt\/wp-json\/wp\/v2\/product_tag?post=51970"}],"curies":[{"name":"wp","href":"https:\/\/api.w.org\/{rel}","templated":true}]}}