{"id":51946,"date":"2024-04-07T18:21:16","date_gmt":"2024-04-07T18:21:16","guid":{"rendered":"https:\/\/hummy.ee\/product\/moji-yippy-valgomojo-kedes-padeklas\/"},"modified":"2025-09-09T07:10:44","modified_gmt":"2025-09-09T07:10:44","slug":"moji-yippy-valgomojo-kedes-padeklas","status":"publish","type":"product","link":"https:\/\/hummy.ee\/lt\/produktas\/moji-yippy-valgomojo-kedes-padeklas\/","title":{"rendered":"&#8222;Moji Yippy\" valgomojo k\u0117d\u0117s pad\u0117klas"},"content":{"rendered":"<h6 data-start=\"561\" data-end=\"602\"><strong><em>Kod\u0117l verta rinktis &#8222;Moji Yippy\" pad\u0117kl\u0105?<\/em><\/strong><\/h6>\n<ul>\n<li data-start=\"603\" data-end=\"1023\">\n<h6>Saugus ir stabilus pavir\u0161ius - i\u0161laiko l\u0117k\u0161tes ir puodelius vietoje ir neleid\u017eia jiems paslysti.<\/h6>\n<\/li>\n<li data-start=\"603\" data-end=\"1023\">\n<h6>Lengva montuoti - nereikia joki\u0173 \u012franki\u0173, suderinama su &#8222;Moji Yippy\" pradiniu rinkiniu.<\/h6>\n<\/li>\n<li data-start=\"603\" data-end=\"1023\">\n<h6>Higieni\u0161ka ir lengva valyti - lygus pavir\u0161ius, kad b\u016bt\u0173 galima greitai i\u0161valyti<\/h6>\n<\/li>\n<li data-start=\"603\" data-end=\"1023\">\n<h6>Universalus naudojimas - idealiai tinka valgyti, \u017eaisti ir pie\u0161ti<\/h6>\n<\/li>\n<li data-start=\"603\" data-end=\"1023\">\n<h6>Auk\u0161tos kokyb\u0117s ir patvarus - skirtas kasdieniam naudojimui<\/h6>\n<\/li>\n<\/ul>\n<h6 data-start=\"1025\" data-end=\"1064\"><\/h6>\n<h6 data-start=\"1025\" data-end=\"1064\"><strong><em>Lengvas ir patogus montavimas<\/em><\/strong><\/h6>\n<h6 data-start=\"1065\" data-end=\"1287\">Taisymas yra paprastas! D\u0117l sumanios konstrukcijos &#8222;Yippy\" pad\u0117kl\u0105 galima pritvirtinti tiesiai prie k\u016bdikio s\u0117dyn\u0117s ant valgomojo k\u0117dut\u0117s nenaudojant joki\u0173 \u012franki\u0173. Reikalingas pradinis rinkinys, ta\u010diau j\u012f reikia \u012fsigyti atskirai.  <\/h6>\n<p>&nbsp;<\/p>\n<h6 data-start=\"1289\" data-end=\"1348\"><strong><em>Lengva valyti - higieni\u0161ka ir prakti\u0161ka<\/em><\/strong><\/h6>\n<h6 data-start=\"1349\" data-end=\"1534\">Maisto kr\u016bvos ir liku\u010diai neb\u0117ra problema! D\u0117l lygaus pavir\u0161iaus pad\u0117kl\u0105 galima greitai nuvalyti dr\u0117gnu skudur\u0117liu, kad k\u016bdikis gal\u0117t\u0173 valgyti higieni\u0161kai ir \u0161variai. <\/h6>\n<p>&nbsp;<\/p>\n<h6 data-start=\"1536\" data-end=\"1564\"><strong><em>Techniniai duomenys<\/em><\/strong><\/h6>\n<ul data-start=\"1565\" data-end=\"1930\">\n<li data-start=\"1565\" data-end=\"1670\">\n<h6>Tinka: tvirtinama prie &#8222;Moji Yippy\" auk\u0161takulni\u0173 k\u0117dut\u0117s k\u016bdikiams (reikalingas pradinis rinkinys - parduodamas atskirai).<\/h6>\n<\/li>\n<li data-start=\"1671\" data-end=\"1722\">\n<h6>Med\u017eiaga: auk\u0161tos kokyb\u0117s ir patvarus plastikas<\/h6>\n<\/li>\n<li data-start=\"1723\" data-end=\"1764\">\n<h6>Montavimas: nereikia joki\u0173 \u012franki\u0173<\/h6>\n<\/li>\n<li data-start=\"1765\" data-end=\"1812\">\n<h6>Prie\u017ei\u016bra: lengva valyti dr\u0117gnu skudur\u0117liu<\/h6>\n<\/li>\n<li data-start=\"1813\" data-end=\"1858\">\n<h6>Matmenys (ilgis x plotis x auk\u0161tis): 44 x 38 x 5,5 cm<\/h6>\n<\/li>\n<li data-start=\"1859\" data-end=\"1902\">\n<h6>Stovo matmenys (plotis x ilgis): 42 x 16 cm<\/h6>\n<\/li>\n<li data-start=\"1903\" data-end=\"1930\">\n<h6>Gaminio svoris: 1,28 kg<\/h6>\n<\/li>\n<\/ul>\n<h6 data-start=\"1932\" data-end=\"1984\"><strong><em>Padarykite valgymo laik\u0105 lengvesn\u012f ir patogesn\u012f!<\/em><\/strong><\/h6>\n<h6 data-start=\"1985\" data-end=\"2206\">&#8222;Moji Yippy\" pad\u0117klas suteikia vaikui stabili\u0105 ir saugi\u0105 viet\u0105 valgyti, \u017eaisti ir b\u016bti k\u016brybingam. Lengva \u012frengti, patogu naudoti ir lengva pri\u017ei\u016br\u0117ti - puikus sprendimas kasdieniam naudojimui! <\/h6>\n<p>&nbsp;<\/p>\n<h6><em>Per\u017ei\u016br\u0117kite \u012fvadin\u012f <a href=\"https:\/\/www.youtube.com\/watch?v=GM2jMEW9_e0\" target=\"_blank\" rel=\"noopener\">vaizdo \u012fra\u0161\u0105<\/a> ir su\u017einokite daugiau.<\/em><\/h6>\n<h6><em>Per\u017ei\u016br\u0117kite <a href=\"https:\/\/hummy.ee\/lt\/ivadas-i-moji\/\" target=\"_blank\" rel=\"noopener\">&#8222;Moji\"<\/a> gamini\u0173 asortiment\u0105.<\/em><\/h6>\n<h6><\/h6>\n","protected":false},"excerpt":{"rendered":"<h6 data-start=\"237\" data-end=\"315\">&#8222;Moji Yippy\" valgomojo k\u0117dut\u0117s pad\u0117klas - patogus ir prakti\u0161kas priedas j\u016bs\u0173 vaikui. &#8222;Moji Yippy\" pad\u0117klas yra puikus priedas prie j\u016bs\u0173 vaiko valgomojo k\u0117dut\u0117s, kad ji tapt\u0173 dar prakti\u0161kesn\u0117 ir patogesn\u0117. Jo d\u0117ka j\u016bs\u0173 ma\u017eylis gal\u0117s patogiai valgyti, \u017eaisti ir pie\u0161ti nes\u0117d\u0117damas prie atskiro stalo.  <\/h6>\n","protected":false},"featured_media":23494,"comment_status":"closed","ping_status":"closed","template":"","meta":{"_acf_changed":false,"om_disable_all_campaigns":false,"_monsterinsights_skip_tracking":false,"_monsterinsights_sitenote_active":false,"_monsterinsights_sitenote_note":"","_monsterinsights_sitenote_category":0,"_uf_show_specific_survey":0,"_uf_disable_surveys":false,"site-sidebar-layout":"default","site-content-layout":"","ast-site-content-layout":"default","site-content-style":"default","site-sidebar-style":"default","ast-global-header-display":"","ast-banner-title-visibility":"","ast-main-header-display":"","ast-hfb-above-header-display":"","ast-hfb-below-header-display":"","ast-hfb-mobile-header-display":"","site-post-title":"","ast-breadcrumbs-content":"","ast-featured-img":"","footer-sml-layout":"","theme-transparent-header-meta":"default","adv-header-id-meta":"","stick-header-meta":"","header-above-stick-meta":"","header-main-stick-meta":"","header-below-stick-meta":"","astra-migrate-meta-layouts":"default","ast-page-background-enabled":"default","ast-page-background-meta":{"desktop":{"background-color":"var(--ast-global-color-4)","background-image":"","background-repeat":"repeat","background-position":"center center","background-size":"auto","background-attachment":"scroll","background-type":"","background-media":"","overlay-type":"","overlay-color":"","overlay-opacity":"","overlay-gradient":""},"tablet":{"background-color":"","background-image":"","background-repeat":"repeat","background-position":"center center","background-size":"auto","background-attachment":"scroll","background-type":"","background-media":"","overlay-type":"","overlay-color":"","overlay-opacity":"","overlay-gradient":""},"mobile":{"background-color":"","background-image":"","background-repeat":"repeat","background-position":"center center","background-size":"auto","background-attachment":"scroll","background-type":"","background-media":"","overlay-type":"","overlay-color":"","overlay-opacity":"","overlay-gradient":""}},"ast-content-background-meta":{"desktop":{"background-color":"var(--ast-global-color-5)","background-image":"","background-repeat":"repeat","background-position":"center center","background-size":"auto","background-attachment":"scroll","background-type":"","background-media":"","overlay-type":"","overlay-color":"","overlay-opacity":"","overlay-gradient":""},"tablet":{"background-color":"var(--ast-global-color-5)","background-image":"","background-repeat":"repeat","background-position":"center center","background-size":"auto","background-attachment":"scroll","background-type":"","background-media":"","overlay-type":"","overlay-color":"","overlay-opacity":"","overlay-gradient":""},"mobile":{"background-color":"var(--ast-global-color-5)","background-image":"","background-repeat":"repeat","background-position":"center center","background-size":"auto","background-attachment":"scroll","background-type":"","background-media":"","overlay-type":"","overlay-color":"","overlay-opacity":"","overlay-gradient":""}}},"product_brand":[],"product_cat":[593,592],"product_tag":[],"class_list":{"0":"post-51946","1":"product","2":"type-product","3":"status-publish","4":"has-post-thumbnail","6":"product_cat-moji-lt","7":"product_cat-valgomojo-kedes","8":"desktop-align-left","9":"tablet-align-left","10":"mobile-align-left","12":"first","13":"instock","14":"taxable","15":"shipping-taxable","16":"purchasable","17":"product-type-variable"},"acf":[],"aioseo_notices":[],"_links":{"self":[{"href":"https:\/\/hummy.ee\/lt\/wp-json\/wp\/v2\/product\/51946","targetHints":{"allow":["GET"]}}],"collection":[{"href":"https:\/\/hummy.ee\/lt\/wp-json\/wp\/v2\/product"}],"about":[{"href":"https:\/\/hummy.ee\/lt\/wp-json\/wp\/v2\/types\/product"}],"replies":[{"embeddable":true,"href":"https:\/\/hummy.ee\/lt\/wp-json\/wp\/v2\/comments?post=51946"}],"version-history":[{"count":1,"href":"https:\/\/hummy.ee\/lt\/wp-json\/wp\/v2\/product\/51946\/revisions"}],"predecessor-version":[{"id":58083,"href":"https:\/\/hummy.ee\/lt\/wp-json\/wp\/v2\/product\/51946\/revisions\/58083"}],"wp:featuredmedia":[{"embeddable":true,"href":"https:\/\/hummy.ee\/lt\/wp-json\/wp\/v2\/media\/23494"}],"wp:attachment":[{"href":"https:\/\/hummy.ee\/lt\/wp-json\/wp\/v2\/media?parent=51946"}],"wp:term":[{"taxonomy":"product_brand","embeddable":true,"href":"https:\/\/hummy.ee\/lt\/wp-json\/wp\/v2\/product_brand?post=51946"},{"taxonomy":"product_cat","embeddable":true,"href":"https:\/\/hummy.ee\/lt\/wp-json\/wp\/v2\/product_cat?post=51946"},{"taxonomy":"product_tag","embeddable":true,"href":"https:\/\/hummy.ee\/lt\/wp-json\/wp\/v2\/product_tag?post=51946"}],"curies":[{"name":"wp","href":"https:\/\/api.w.org\/{rel}","templated":true}]}}