{"id":51932,"date":"2024-04-07T18:20:42","date_gmt":"2024-04-07T18:20:42","guid":{"rendered":"https:\/\/hummy.ee\/product\/moji-yippy-valgomojo-kedes-sedynes-paminkstinimas\/"},"modified":"2025-09-09T07:11:56","modified_gmt":"2025-09-09T07:11:56","slug":"moji-yippy-valgomojo-kedes-sedynes-paminkstinimas","status":"publish","type":"product","link":"https:\/\/hummy.ee\/lt\/produktas\/moji-yippy-valgomojo-kedes-sedynes-paminkstinimas\/","title":{"rendered":"&#8222;Moji Yippy\" valgomojo k\u0117d\u0117s s\u0117dyn\u0117s pamink\u0161tinimas"},"content":{"rendered":"<h6 data-start=\"587\" data-end=\"636\"><strong><em>Kod\u0117l verta rinktis &#8222;Moji Yippy\" s\u0117dyn\u0117s pagalv\u0117l\u0119?<\/em><\/strong><\/h6>\n<ul>\n<li data-start=\"637\" data-end=\"1032\">\n<h6>Did\u017eiausias s\u0117d\u0117jimo komfortas - mink\u0161tas pamink\u0161tinimas u\u017etikrina malonius poj\u016b\u010dius j\u016bs\u0173 vaikui<\/h6>\n<\/li>\n<li data-start=\"637\" data-end=\"1032\">\n<h6>Lengva pritvirtinti ir nuimti - dir\u017eai tvirtai laiko pagalv\u0117les vietoje<\/h6>\n<\/li>\n<li data-start=\"637\" data-end=\"1032\">\n<h6>Neslystanti konstrukcija - i\u0161lieka stabili be nuolatinio reguliavimo<\/h6>\n<\/li>\n<li data-start=\"637\" data-end=\"1032\">\n<h6>Lengva valyti - visos dalys nuimamos ir plaunamos<\/h6>\n<\/li>\n<li data-start=\"637\" data-end=\"1032\">\n<h6>Puikiai tinka prie &#8222;Yippy Moji\" valgomojo k\u0117d\u0117s - sukurta taip, kad puikiai tikt\u0173.<\/h6>\n<\/li>\n<\/ul>\n<h6 data-start=\"1034\" data-end=\"1081\"><strong><em>Puikus s\u0117d\u0117jimo komfortas visoms am\u017eiaus grup\u0117ms<\/em><\/strong><\/h6>\n<h6 data-start=\"1082\" data-end=\"1264\">Pamink\u0161tinta atlo\u0161o pagalv\u0117l\u0117, s\u0117dyn\u0117s pagalv\u0117l\u0117 ir tarpkojo pamink\u0161tinimas sukuria ergonomi\u0161k\u0105 ir atramin\u0119 s\u0117d\u0117jimo pad\u0117t\u012f, kuri padeda i\u0161vengti diskomforto net ilgai valgant.<\/h6>\n<p>&nbsp;<\/p>\n<h6 data-start=\"1266\" data-end=\"1304\"><strong><em>Greitas ir paprastas tvirtinimas<\/em><\/strong><\/h6>\n<h6 data-start=\"1305\" data-end=\"1515\">Nugaros atlo\u0161o pagalv\u0117l\u0117 tvirtinama prie pradinio rinkinio atlo\u0161o dir\u017eu, o s\u0117dyn\u0117s pagalv\u0117l\u0117 ir tarpkojo pamink\u0161tinimas montuojami taip pat lengvai, kad tvirtai ir saugiai priglust\u0173, neslidin\u0117t\u0173 ir nesikeist\u0173.<\/h6>\n<p>&nbsp;<\/p>\n<h6 data-start=\"1517\" data-end=\"1580\"><strong><em>Nesud\u0117tingas valymas - nuimami ir skalbiami dangteliai<\/em><\/strong><\/h6>\n<h6 data-start=\"1581\" data-end=\"1842\">Kadangi valgydami ma\u017eyliai gali lengvai nustumti maist\u0105 \u017eemyn, &#8222;Moji Yippy\" s\u0117dyn\u0117s pagalv\u0117l\u0117 sukurta atsi\u017evelgiant \u012f t\u0117v\u0173 patogum\u0105. Jei nutikt\u0173 nedidel\u0117 nelaim\u0117, galite lengvai nuimti ir i\u0161skalbti visus u\u017evalkalus, kad k\u0117dut\u0117 b\u016bt\u0173 \u0161vari ir higieni\u0161ka. <\/h6>\n<p>&nbsp;<\/p>\n<ul>\n<li>\n<h6>Prakti\u0161kas s\u0117dimosios dalies pamink\u0161tinimas, skirtas &#8222;Moji Yippy\" valgomojo k\u0117dei<\/h6>\n<\/li>\n<li>\n<h6>Puikiai dera prie &#8222;Yippy Moji\" valgomojo k\u0117d\u017ei\u0173 <a href=\"https:\/\/hummy.ee\/lt\/toode\/moji-yippy-valgomojo-kedziu-pradinis-rinkinys\/\">pradinio rinkinio<\/a><\/h6>\n<\/li>\n<li>\n<h6>Lengva valyti: rankinio skalbimo skalbykl\u0117je funkcija<\/h6>\n<\/li>\n<li>\n<h6>Pritvirtinimas: takela\u017eu<\/h6>\n<\/li>\n<\/ul>\n<h6><\/h6>\n<h6><em>Per\u017ei\u016br\u0117kite \u012fvadin\u012f <a href=\"https:\/\/www.youtube.com\/watch?v=lqAxOYOyVZE\" target=\"_blank\" rel=\"noopener\">vaizdo \u012fra\u0161\u0105<\/a> ir su\u017einokite daugiau.<\/em><\/h6>\n<h6><em>Per\u017ei\u016br\u0117kite <a href=\"https:\/\/hummy.ee\/lt\/ivadas-i-moji\/\" target=\"_blank\" rel=\"noopener\">&#8222;Moji\"<\/a> gamini\u0173 asortiment\u0105.<\/em><\/h6>\n","protected":false},"excerpt":{"rendered":"<h6 data-start=\"167\" data-end=\"239\">&#8222;Moji Yippy\" s\u0117dyn\u0117s pagalv\u0117l\u0117 - papildomas komfortas ir apsauga j\u016bs\u0173 k\u016bdikiui. Ar j\u016bs\u0173 vaikas daug laiko praleid\u017eia &#8222;Moji Yippy\" valgomojo k\u0117dut\u0117je? Ilgai s\u0117d\u0117ti be pagalv\u0117l\u0117s gali tapti nepatogu, ta\u010diau &#8222;Moji Yippy\" s\u0117dyn\u0117s pagalv\u0117l\u0117 yra puikus sprendimas! Pamink\u0161tinta atlo\u0161o ir s\u0117dyn\u0117s pagalv\u0117l\u0117 bei tarpkojo pamink\u0161tinimas u\u017etikrina, kad j\u016bs\u0173 ma\u017eylis jaust\u0173si patogiai ir b\u016bt\u0173 palaikomas kiekvieno valgymo metu.   <\/h6>\n","protected":false},"featured_media":30518,"comment_status":"closed","ping_status":"closed","template":"","meta":{"_acf_changed":false,"om_disable_all_campaigns":false,"_monsterinsights_skip_tracking":false,"_monsterinsights_sitenote_active":false,"_monsterinsights_sitenote_note":"","_monsterinsights_sitenote_category":0,"_uf_show_specific_survey":0,"_uf_disable_surveys":false,"site-sidebar-layout":"default","site-content-layout":"","ast-site-content-layout":"default","site-content-style":"default","site-sidebar-style":"default","ast-global-header-display":"","ast-banner-title-visibility":"","ast-main-header-display":"","ast-hfb-above-header-display":"","ast-hfb-below-header-display":"","ast-hfb-mobile-header-display":"","site-post-title":"","ast-breadcrumbs-content":"","ast-featured-img":"","footer-sml-layout":"","theme-transparent-header-meta":"default","adv-header-id-meta":"","stick-header-meta":"","header-above-stick-meta":"","header-main-stick-meta":"","header-below-stick-meta":"","astra-migrate-meta-layouts":"default","ast-page-background-enabled":"default","ast-page-background-meta":{"desktop":{"background-color":"var(--ast-global-color-4)","background-image":"","background-repeat":"repeat","background-position":"center center","background-size":"auto","background-attachment":"scroll","background-type":"","background-media":"","overlay-type":"","overlay-color":"","overlay-opacity":"","overlay-gradient":""},"tablet":{"background-color":"","background-image":"","background-repeat":"repeat","background-position":"center center","background-size":"auto","background-attachment":"scroll","background-type":"","background-media":"","overlay-type":"","overlay-color":"","overlay-opacity":"","overlay-gradient":""},"mobile":{"background-color":"","background-image":"","background-repeat":"repeat","background-position":"center center","background-size":"auto","background-attachment":"scroll","background-type":"","background-media":"","overlay-type":"","overlay-color":"","overlay-opacity":"","overlay-gradient":""}},"ast-content-background-meta":{"desktop":{"background-color":"var(--ast-global-color-5)","background-image":"","background-repeat":"repeat","background-position":"center center","background-size":"auto","background-attachment":"scroll","background-type":"","background-media":"","overlay-type":"","overlay-color":"","overlay-opacity":"","overlay-gradient":""},"tablet":{"background-color":"var(--ast-global-color-5)","background-image":"","background-repeat":"repeat","background-position":"center center","background-size":"auto","background-attachment":"scroll","background-type":"","background-media":"","overlay-type":"","overlay-color":"","overlay-opacity":"","overlay-gradient":""},"mobile":{"background-color":"var(--ast-global-color-5)","background-image":"","background-repeat":"repeat","background-position":"center center","background-size":"auto","background-attachment":"scroll","background-type":"","background-media":"","overlay-type":"","overlay-color":"","overlay-opacity":"","overlay-gradient":""}}},"product_brand":[],"product_cat":[593,592],"product_tag":[337],"class_list":{"0":"post-51932","1":"product","2":"type-product","3":"status-publish","4":"has-post-thumbnail","6":"product_cat-moji-lt","7":"product_cat-valgomojo-kedes","8":"product_tag-atskiri-produktai","9":"desktop-align-left","10":"tablet-align-left","11":"mobile-align-left","13":"first","14":"instock","15":"taxable","16":"shipping-taxable","17":"purchasable","18":"product-type-variable"},"acf":[],"aioseo_notices":[],"_links":{"self":[{"href":"https:\/\/hummy.ee\/lt\/wp-json\/wp\/v2\/product\/51932","targetHints":{"allow":["GET"]}}],"collection":[{"href":"https:\/\/hummy.ee\/lt\/wp-json\/wp\/v2\/product"}],"about":[{"href":"https:\/\/hummy.ee\/lt\/wp-json\/wp\/v2\/types\/product"}],"replies":[{"embeddable":true,"href":"https:\/\/hummy.ee\/lt\/wp-json\/wp\/v2\/comments?post=51932"}],"version-history":[{"count":1,"href":"https:\/\/hummy.ee\/lt\/wp-json\/wp\/v2\/product\/51932\/revisions"}],"predecessor-version":[{"id":58107,"href":"https:\/\/hummy.ee\/lt\/wp-json\/wp\/v2\/product\/51932\/revisions\/58107"}],"wp:featuredmedia":[{"embeddable":true,"href":"https:\/\/hummy.ee\/lt\/wp-json\/wp\/v2\/media\/30518"}],"wp:attachment":[{"href":"https:\/\/hummy.ee\/lt\/wp-json\/wp\/v2\/media?parent=51932"}],"wp:term":[{"taxonomy":"product_brand","embeddable":true,"href":"https:\/\/hummy.ee\/lt\/wp-json\/wp\/v2\/product_brand?post=51932"},{"taxonomy":"product_cat","embeddable":true,"href":"https:\/\/hummy.ee\/lt\/wp-json\/wp\/v2\/product_cat?post=51932"},{"taxonomy":"product_tag","embeddable":true,"href":"https:\/\/hummy.ee\/lt\/wp-json\/wp\/v2\/product_tag?post=51932"}],"curies":[{"name":"wp","href":"https:\/\/api.w.org\/{rel}","templated":true}]}}