{"id":51897,"date":"2024-07-01T11:38:24","date_gmt":"2024-07-01T11:38:24","guid":{"rendered":"https:\/\/hummy.ee\/product\/abc-design-ekskursija-sporto-vezimeliu\/"},"modified":"2026-04-11T14:09:02","modified_gmt":"2026-04-11T14:09:02","slug":"abc-design-ekskursija-sporto-vezimeliu","status":"publish","type":"product","link":"https:\/\/hummy.ee\/lt\/produktas\/abc-design-ekskursija-sporto-vezimeliu\/","title":{"rendered":"ABC Design Ekskursija sporto ve\u017eim\u0117liu"},"content":{"rendered":"<h6><strong><em>Did\u017eiausias komfortas ir saugumas<\/em><\/strong><\/h6>\n<h6>ABC Design Kelion\u0117 yra ne tik lanksti - ji taip pat labai patogi ir saugi.<\/h6>\n<h6><\/h6>\n<ul>\n<li data-start=\"712\" data-end=\"1116\">\n<h6>&#8222;CozyCloud\u00ae\" patogios s\u0117dyn\u0117s - individualiai reguliuojamos, mink\u0161tai pamink\u0161tintos ir atlenkiamos.<\/h6>\n<\/li>\n<li data-start=\"712\" data-end=\"1116\">\n<h6>5 ta\u0161k\u0173 saugos dir\u017e\u0173 sistema - u\u017etikrina maksimali\u0105 vaiko apsaug\u0105 kiekvienoje kelion\u0117je.<\/h6>\n<\/li>\n<li data-start=\"712\" data-end=\"1116\">\n<h6>Veiksminga stabdymo sistema - rankiniai ir diskiniai stabd\u017eiai bei rie\u0161o dir\u017eelis u\u017etikrina visi\u0161k\u0105 jud\u0117jimo ir stabdymo kontrol\u0119.<\/h6>\n<\/li>\n<li data-start=\"712\" data-end=\"1116\">\n<h6>Ergonomi\u0161ka pakaba - sklandus ir patogus va\u017eiavimas bet kokiu pavir\u0161iumi, net ir nelygiu keliu<\/h6>\n<\/li>\n<li data-start=\"1123\" data-end=\"1169\">\n<h6>I\u0161pl\u0117stin\u0117s funkcijos ir funkcionalumas<\/h6>\n<\/li>\n<li data-start=\"1171\" data-end=\"1575\">\n<h6>Erdvi baga\u017eo erdv\u0117 - i\u0161imama ki\u0161en\u0117 leid\u017eia lengvai apsipirkti ir ne\u0161iotis \u012frang\u0105 \u017eygio metu.<\/h6>\n<\/li>\n<li data-start=\"1171\" data-end=\"1575\">\n<h6>&#8222;Trys viename\" - tinklelis nuo uod\u0173, apsauga nuo lietaus ir UPF 50+ apsauga nuo saul\u0117s u\u017etikrina optimali\u0105 vaiko apsaug\u0105 bet kokiu oru.<\/h6>\n<\/li>\n<li data-start=\"1171\" data-end=\"1575\">\n<h6>Vandeniui atsparios ir patvarios med\u017eiagos - lengva pri\u017ei\u016br\u0117ti ir valyti.<\/h6>\n<\/li>\n<li data-start=\"1171\" data-end=\"1575\">\n<h6>Kompakti\u0161kas ir viet\u0105 taupantis dizainas - sulankstomi priekiniai ratai ir lengva transportuoti<\/h6>\n<\/li>\n<\/ul>\n<h6><strong><em>Techniniai duomenys<\/em><\/strong><\/h6>\n<ul>\n<li data-start=\"1611\" data-end=\"2129\">\n<h6>Did\u017eiausia keliamoji galia: 49 kg (iki 2 vaik\u0173, ne daugiau kaip 22 kg vienam vaikui).<\/h6>\n<\/li>\n<li data-start=\"1611\" data-end=\"2129\">\n<h6>Pirkini\u0173 krep\u0161elio talpa: 5 kg<\/h6>\n<\/li>\n<li data-start=\"1611\" data-end=\"2129\">\n<h6>I\u0161matavimai atidarius: 109 x 80,5 cm<\/h6>\n<\/li>\n<li data-start=\"1611\" data-end=\"2129\">\n<h6>I\u0161matavimai sulankstyti: 62,5 x 80,5 x 71,5 cm<\/h6>\n<\/li>\n<li data-start=\"1611\" data-end=\"2129\">\n<h6>Bendras atstumas: 65 cm<\/h6>\n<\/li>\n<li data-start=\"1611\" data-end=\"2129\">\n<h6>Gaminio svoris: 26,5 kg<\/h6>\n<\/li>\n<li data-start=\"1611\" data-end=\"2129\">\n<h6>Priekiniai ratai: 24 cm \/ galiniai ratai: 49,5 cm<\/h6>\n<\/li>\n<li data-start=\"1611\" data-end=\"2129\">\n<h6>St\u016bmiklio auk\u0161tis: 75-111 cm<\/h6>\n<\/li>\n<\/ul>\n<h6><br data-start=\"1950\" data-end=\"1953\" \/><strong><em>Tinkamas am\u017eius<\/em><\/strong><\/h6>\n<ul>\n<li>\n<h6>Ve\u017eim\u0117lis: nuo 6 m\u0117nesi\u0173 am\u017eiaus (nuo gimimo <a href=\"https:\/\/hummy.ee\/lt\/produktas\/abc-design-tour-vezimelio-sedyne-kudikiui\/\" target=\"_blank\" rel=\"noopener\">su vaiki\u0161ka k\u0117dute<\/a>)<\/h6>\n<\/li>\n<li>\n<h6>Kaip dvira\u010dio priekaba: nuo 6 m\u0117nesi\u0173 am\u017eiaus<\/h6>\n<\/li>\n<li>\n<h6>Ve\u017eim\u0117lis: nuo 6 m\u0117nesi\u0173 am\u017eiaus<\/h6>\n<\/li>\n<\/ul>\n<h6><\/h6>\n<h6>Ar esate pasiruo\u0161\u0119 naujiems nuotykiams? ABC Design &#8222;Tour\" yra puikus palydovas aktyvioms \u0161eimoms, kurios nori m\u0117gautis gyvenimu patogiai ir saugiai.<\/h6>\n<p>&nbsp;<\/p>\n<h6><em>Per\u017ei\u016br\u0117kite \u012fvadin\u012f <a href=\"https:\/\/www.youtube.com\/watch?v=B0YODvWR8dg\">vaizdo \u012fra\u0161\u0105<\/a> ir su\u017einokite daugiau.<\/em><\/h6>\n","protected":false},"excerpt":{"rendered":"<h6 data-start=\"80\" data-end=\"156\">Pa\u017einkite pasaul\u012f nauju b\u016bdu - ABC Design Tour 3 asmen\u0173 dvira\u010di\u0173 priekaba. ABC Design Tour kiekvien\u0105 dien\u0105 paver\u010dia nuotykiu! \u0160i universali dvira\u010di\u0173 priekaba idealiai tinka aktyvioms \u0161eimoms, norin\u010dioms kartu m\u0117gautis gamta, sportu ir akimirkomis. Nesvarbu, ar planuojate pasivaik\u0161\u010diojim\u0105 parke, rytin\u012f b\u0117gim\u0105, \u0161eimynin\u012f \u017eyg\u012f gamtoje, ar \u012fdom\u0173 pasiva\u017ein\u0117jim\u0105 dvira\u010diu? Kelion\u0117 visada pasiruo\u0161usi! D\u0117l i\u0161maniosios &#8222;3 viename\" sistemos galite greitai ir lengvai transformuoti j\u012f i\u0161 ve\u017eim\u0117lio \u012f b\u0117gimo ve\u017eim\u0117l\u012f arba saugi\u0105 dvira\u010di\u0173 priekab\u0105.<\/h6>\n","protected":false},"featured_media":37478,"comment_status":"closed","ping_status":"closed","template":"","meta":{"_acf_changed":false,"om_disable_all_campaigns":false,"_monsterinsights_skip_tracking":false,"_monsterinsights_sitenote_active":false,"_monsterinsights_sitenote_note":"","_monsterinsights_sitenote_category":0,"_uf_show_specific_survey":0,"_uf_disable_surveys":false,"site-sidebar-layout":"default","site-content-layout":"","ast-site-content-layout":"default","site-content-style":"default","site-sidebar-style":"default","ast-global-header-display":"","ast-banner-title-visibility":"","ast-main-header-display":"","ast-hfb-above-header-display":"","ast-hfb-below-header-display":"","ast-hfb-mobile-header-display":"","site-post-title":"","ast-breadcrumbs-content":"","ast-featured-img":"","footer-sml-layout":"","theme-transparent-header-meta":"default","adv-header-id-meta":"","stick-header-meta":"","header-above-stick-meta":"","header-main-stick-meta":"","header-below-stick-meta":"","astra-migrate-meta-layouts":"set","ast-page-background-enabled":"default","ast-page-background-meta":{"desktop":{"background-color":"var(--ast-global-color-4)","background-image":"","background-repeat":"repeat","background-position":"center center","background-size":"auto","background-attachment":"scroll","background-type":"","background-media":"","overlay-type":"","overlay-color":"","overlay-opacity":"","overlay-gradient":""},"tablet":{"background-color":"","background-image":"","background-repeat":"repeat","background-position":"center center","background-size":"auto","background-attachment":"scroll","background-type":"","background-media":"","overlay-type":"","overlay-color":"","overlay-opacity":"","overlay-gradient":""},"mobile":{"background-color":"","background-image":"","background-repeat":"repeat","background-position":"center center","background-size":"auto","background-attachment":"scroll","background-type":"","background-media":"","overlay-type":"","overlay-color":"","overlay-opacity":"","overlay-gradient":""}},"ast-content-background-meta":{"desktop":{"background-color":"var(--ast-global-color-5)","background-image":"","background-repeat":"repeat","background-position":"center center","background-size":"auto","background-attachment":"scroll","background-type":"","background-media":"","overlay-type":"","overlay-color":"","overlay-opacity":"","overlay-gradient":""},"tablet":{"background-color":"var(--ast-global-color-5)","background-image":"","background-repeat":"repeat","background-position":"center center","background-size":"auto","background-attachment":"scroll","background-type":"","background-media":"","overlay-type":"","overlay-color":"","overlay-opacity":"","overlay-gradient":""},"mobile":{"background-color":"var(--ast-global-color-5)","background-image":"","background-repeat":"repeat","background-position":"center center","background-size":"auto","background-attachment":"scroll","background-type":"","background-media":"","overlay-type":"","overlay-color":"","overlay-opacity":"","overlay-gradient":""}}},"product_brand":[],"product_cat":[525,557,570,390],"product_tag":[],"class_list":{"0":"post-51897","1":"product","2":"type-product","3":"status-publish","4":"has-post-thumbnail","6":"product_cat-abc-dizainas","7":"product_cat-dvieju-vietu-vezimeliai","8":"product_cat-sporto-vezimeliai","9":"product_cat-cisternos","10":"desktop-align-left","11":"tablet-align-left","12":"mobile-align-left","14":"first","15":"instock","16":"sale","17":"taxable","18":"shipping-taxable","19":"purchasable","20":"product-type-variable"},"acf":[],"aioseo_notices":[],"_links":{"self":[{"href":"https:\/\/hummy.ee\/lt\/wp-json\/wp\/v2\/product\/51897","targetHints":{"allow":["GET"]}}],"collection":[{"href":"https:\/\/hummy.ee\/lt\/wp-json\/wp\/v2\/product"}],"about":[{"href":"https:\/\/hummy.ee\/lt\/wp-json\/wp\/v2\/types\/product"}],"replies":[{"embeddable":true,"href":"https:\/\/hummy.ee\/lt\/wp-json\/wp\/v2\/comments?post=51897"}],"version-history":[{"count":7,"href":"https:\/\/hummy.ee\/lt\/wp-json\/wp\/v2\/product\/51897\/revisions"}],"predecessor-version":[{"id":86449,"href":"https:\/\/hummy.ee\/lt\/wp-json\/wp\/v2\/product\/51897\/revisions\/86449"}],"wp:featuredmedia":[{"embeddable":true,"href":"https:\/\/hummy.ee\/lt\/wp-json\/wp\/v2\/media\/37478"}],"wp:attachment":[{"href":"https:\/\/hummy.ee\/lt\/wp-json\/wp\/v2\/media?parent=51897"}],"wp:term":[{"taxonomy":"product_brand","embeddable":true,"href":"https:\/\/hummy.ee\/lt\/wp-json\/wp\/v2\/product_brand?post=51897"},{"taxonomy":"product_cat","embeddable":true,"href":"https:\/\/hummy.ee\/lt\/wp-json\/wp\/v2\/product_cat?post=51897"},{"taxonomy":"product_tag","embeddable":true,"href":"https:\/\/hummy.ee\/lt\/wp-json\/wp\/v2\/product_tag?post=51897"}],"curies":[{"name":"wp","href":"https:\/\/api.w.org\/{rel}","templated":true}]}}