{"id":51884,"date":"2024-07-08T19:12:37","date_gmt":"2024-07-08T19:12:37","guid":{"rendered":"https:\/\/hummy.ee\/product\/abc-design-tour-vezimelio-sedyne-kudikiui\/"},"modified":"2026-04-11T14:16:07","modified_gmt":"2026-04-11T14:16:07","slug":"abc-design-tour-vezimelio-sedyne-kudikiui","status":"publish","type":"product","link":"https:\/\/hummy.ee\/lt\/produktas\/abc-design-tour-vezimelio-sedyne-kudikiui\/","title":{"rendered":"ABC Design Tour ve\u017eim\u0117lio s\u0117dyn\u0117 k\u016bdikiui"},"content":{"rendered":"<h6>\r\n\r\n\r\n\r\n\r\n\r\n\r\n\r\n\r\n\r\n<\/h6>\r\n<h6><strong><em>Maksimaalne turvalisus ja mugavus<\/em><\/strong><\/h6>\r\n<h6>Beebisisu ergonoomiline disain tagab sinu lapsele \u00f5ige lamamisasendi, samal ajal kui pehmendustega 5-punkti turvarihmad hoiavad v\u00e4ikese reisija kindlalt paigal. Reguleeritav peatugi ja pehme jalakate pakuvad lisamugavust ja kaitset tuule ning ilmastikutingimuste eest.<\/h6>\r\n<p>&nbsp;<\/p>\r\n<h6>Spetsiaalselt beebidele loodud sisulahendus teeb lapse spordik\u00e4russe panemise eriti lihtsaks. Polsterdatud \u00f5larihmad ulatuvad kergelt \u00fcle seljatoe, et rihmade kinnitamine ja reguleerimine oleks kiire ning vaevatu.<\/h6>\r\n<h6>\u00a0<\/h6>\r\n<h6><strong><em>Suurep\u00e4rane lahendus ka kaksikutele<\/em><\/strong><\/h6>\r\n<h6>Kui peres on kaks v\u00e4ikest seiklejat, saab Tour haagisesse paigaldada kaks beebisisu, muutes selle ideaalseks lahenduseks kaksikutega peredele. Nii saavad m\u00f5lemad lapsed \u00fcheaegselt mugavalt ja turvaliselt maailma avastada!<\/h6>\r\n<h6>\u00a0<\/h6>\r\n<h6><strong><em>Miks valida ABC Design Tour spordik\u00e4ru beebisisu?<\/em><\/strong><\/h6>\r\n<ul>\r\n<li data-start=\"1397\" data-end=\"1695\">\r\n<h6>Turvaline ja ergonoomiline \u2013 tagab \u00f5ige lamamisasendi s\u00fcnnist alates<\/h6>\r\n<\/li>\r\n<li data-start=\"1397\" data-end=\"1695\">\r\n<h6>5-punkti turvarihmad \u2013 optimaalne haare ja kindel turvalisus<\/h6>\r\n<\/li>\r\n<li data-start=\"1397\" data-end=\"1695\">\r\n<h6>Reguleeritav peatugi ja jalakate \u2013 lisamugavus ja kaitse ilmastiku eest<\/h6>\r\n<\/li>\r\n<li data-start=\"1397\" data-end=\"1695\">\r\n<h6>Kaksikutele ideaalne \u2013 v\u00f5imalus kasutada kahte beebisisu korraga<\/h6>\r\n<\/li>\r\n<\/ul>\r\n<h6><strong><em>Komplekti kuulub:<\/em><\/strong><\/h6>\r\n<ul>\r\n<li data-start=\"1730\" data-end=\"1825\">\r\n<h6>Beebisisu<\/h6>\r\n<\/li>\r\n<li data-start=\"1730\" data-end=\"1825\">\r\n<h6>Peatugi<\/h6>\r\n<\/li>\r\n<li data-start=\"1730\" data-end=\"1825\">\r\n<h6>Eemaldatav jalakate<\/h6>\r\n<\/li>\r\n<li data-start=\"1730\" data-end=\"1825\">\r\n<h6>5-punkti turvarihmad<\/h6>\r\n<\/li>\r\n<li data-start=\"1730\" data-end=\"1825\">\r\n<h6>Kinnitusklambrid<\/h6>\r\n<\/li>\r\n<\/ul>\r\n<h6><strong>Tehnilised andmed:<\/strong><\/h6>\r\n<ul>\r\n<li>\r\n<h6>M\u00f5\u00f5dud: 85 x 33 x 7.5 cm<\/h6>\r\n<h6>Lamamispind: 25 cm (laius) x 77 cm (pikkus)<\/h6>\r\n<h6>Kaal: 1.6 kg<\/h6>\r\n<\/li>\r\n<\/ul>\r\n<h6>\u00a0<\/h6>\r\n<h6><strong>Materjal:<\/strong><\/h6>\r\n<ul data-start=\"2024\" data-end=\"2107\">\r\n<li data-start=\"2024\" data-end=\"2063\">\r\n<h6>Plastik \/ v\u00e4lispind: 100% pol\u00fcester<\/h6>\r\n<\/li>\r\n<li data-start=\"2064\" data-end=\"2107\">\r\n<h6>Istme sisek\u00fclg: 94% puuvill, 6% spandex<\/h6>\r\n<\/li>\r\n<\/ul>\r\n<h6><strong>Hooldus:<\/strong><\/h6>\r\n<ul data-start=\"2127\" data-end=\"2202\">\r\n<li data-start=\"2127\" data-end=\"2172\">\r\n<h6>CozyCloud\u00ae kate: k\u00e4sitsi pestav kuni 60\u00b0C<\/h6>\r\n<\/li>\r\n<li data-start=\"2173\" data-end=\"2202\">\r\n<h6>Tekstiilid: k\u00e4sipesu 30\u00b0C<\/h6>\r\n<\/li>\r\n<\/ul>\r\n<h6><em>Vaata l\u00e4hemalt tutvustavast <a href=\"https:\/\/www.youtube.com\/watch?v=CbMs0t9MNK0\" target=\"_blank\" rel=\"noopener\">videost<\/a>.<\/em><\/h6>\r\n<h6>\u00a0<\/h6>\r\n<h6>\r\n\r\n<\/h6>\r\n<h6>\u00a0<\/h6>\r\n<h6>\r\n\r\n<\/h6>\r\n<h6>\u00a0<\/h6>\r\n<h6><\/h6>","protected":false},"excerpt":{"rendered":"<h6 data-start=\"117\" data-end=\"199\">ABC Design \" <a href=\"https:\/\/hummy.ee\/product\/abc-design-tour-spordikaru\/\" target=\"_blank\" rel=\"noopener\">Tour\" ve\u017eim\u0117lio<\/a> s\u0117dyn\u0117 - saugi ir patogi nuo pat prad\u017ei\u0173. ABC Design &#8222;Tour\" ve\u017eim\u0117lio s\u0117dyn\u0117 k\u016bdikiui - saugus ir ergonomi\u0161kas sprendimas, kad gal\u0117tum\u0117te prad\u0117ti savo nuotykius nuo pat gimimo. D\u0117l i\u0161manios konstrukcijos &#8222;Tour\" ve\u017eim\u0117lis tinka ir naujagimiams, ir vyresniems vaikams, nes visada u\u017etikrina jiems geriausi\u0105 komfort\u0105 ir apsaug\u0105.<\/h6>\n","protected":false},"featured_media":37526,"comment_status":"closed","ping_status":"closed","template":"","meta":{"_acf_changed":false,"om_disable_all_campaigns":false,"_monsterinsights_skip_tracking":false,"_monsterinsights_sitenote_active":false,"_monsterinsights_sitenote_note":"","_monsterinsights_sitenote_category":0,"_uf_show_specific_survey":0,"_uf_disable_surveys":false,"site-sidebar-layout":"default","site-content-layout":"","ast-site-content-layout":"default","site-content-style":"default","site-sidebar-style":"default","ast-global-header-display":"","ast-banner-title-visibility":"","ast-main-header-display":"","ast-hfb-above-header-display":"","ast-hfb-below-header-display":"","ast-hfb-mobile-header-display":"","site-post-title":"","ast-breadcrumbs-content":"","ast-featured-img":"","footer-sml-layout":"","theme-transparent-header-meta":"default","adv-header-id-meta":"","stick-header-meta":"","header-above-stick-meta":"","header-main-stick-meta":"","header-below-stick-meta":"","astra-migrate-meta-layouts":"set","ast-page-background-enabled":"default","ast-page-background-meta":{"desktop":{"background-color":"var(--ast-global-color-4)","background-image":"","background-repeat":"repeat","background-position":"center center","background-size":"auto","background-attachment":"scroll","background-type":"","background-media":"","overlay-type":"","overlay-color":"","overlay-opacity":"","overlay-gradient":""},"tablet":{"background-color":"","background-image":"","background-repeat":"repeat","background-position":"center center","background-size":"auto","background-attachment":"scroll","background-type":"","background-media":"","overlay-type":"","overlay-color":"","overlay-opacity":"","overlay-gradient":""},"mobile":{"background-color":"","background-image":"","background-repeat":"repeat","background-position":"center center","background-size":"auto","background-attachment":"scroll","background-type":"","background-media":"","overlay-type":"","overlay-color":"","overlay-opacity":"","overlay-gradient":""}},"ast-content-background-meta":{"desktop":{"background-color":"var(--ast-global-color-5)","background-image":"","background-repeat":"repeat","background-position":"center center","background-size":"auto","background-attachment":"scroll","background-type":"","background-media":"","overlay-type":"","overlay-color":"","overlay-opacity":"","overlay-gradient":""},"tablet":{"background-color":"var(--ast-global-color-5)","background-image":"","background-repeat":"repeat","background-position":"center center","background-size":"auto","background-attachment":"scroll","background-type":"","background-media":"","overlay-type":"","overlay-color":"","overlay-opacity":"","overlay-gradient":""},"mobile":{"background-color":"var(--ast-global-color-5)","background-image":"","background-repeat":"repeat","background-position":"center center","background-size":"auto","background-attachment":"scroll","background-type":"","background-media":"","overlay-type":"","overlay-color":"","overlay-opacity":"","overlay-gradient":""}}},"product_brand":[],"product_cat":[525,577],"product_tag":[],"class_list":{"0":"post-51884","1":"product","2":"type-product","3":"status-publish","4":"has-post-thumbnail","6":"product_cat-abc-dizainas","7":"product_cat-pinti-krepsiai","8":"desktop-align-left","9":"tablet-align-left","10":"mobile-align-left","12":"first","13":"instock","14":"sale","15":"taxable","16":"shipping-taxable","17":"purchasable","18":"product-type-variable"},"acf":[],"aioseo_notices":[],"_links":{"self":[{"href":"https:\/\/hummy.ee\/lt\/wp-json\/wp\/v2\/product\/51884","targetHints":{"allow":["GET"]}}],"collection":[{"href":"https:\/\/hummy.ee\/lt\/wp-json\/wp\/v2\/product"}],"about":[{"href":"https:\/\/hummy.ee\/lt\/wp-json\/wp\/v2\/types\/product"}],"replies":[{"embeddable":true,"href":"https:\/\/hummy.ee\/lt\/wp-json\/wp\/v2\/comments?post=51884"}],"version-history":[{"count":2,"href":"https:\/\/hummy.ee\/lt\/wp-json\/wp\/v2\/product\/51884\/revisions"}],"predecessor-version":[{"id":86460,"href":"https:\/\/hummy.ee\/lt\/wp-json\/wp\/v2\/product\/51884\/revisions\/86460"}],"wp:featuredmedia":[{"embeddable":true,"href":"https:\/\/hummy.ee\/lt\/wp-json\/wp\/v2\/media\/37526"}],"wp:attachment":[{"href":"https:\/\/hummy.ee\/lt\/wp-json\/wp\/v2\/media?parent=51884"}],"wp:term":[{"taxonomy":"product_brand","embeddable":true,"href":"https:\/\/hummy.ee\/lt\/wp-json\/wp\/v2\/product_brand?post=51884"},{"taxonomy":"product_cat","embeddable":true,"href":"https:\/\/hummy.ee\/lt\/wp-json\/wp\/v2\/product_cat?post=51884"},{"taxonomy":"product_tag","embeddable":true,"href":"https:\/\/hummy.ee\/lt\/wp-json\/wp\/v2\/product_tag?post=51884"}],"curies":[{"name":"wp","href":"https:\/\/api.w.org\/{rel}","templated":true}]}}