{"id":51819,"date":"2024-10-02T13:25:07","date_gmt":"2024-10-02T13:25:07","guid":{"rendered":"https:\/\/hummy.ee\/product\/abc-design-tote-bag-daily\/"},"modified":"2026-03-10T14:30:28","modified_gmt":"2026-03-10T14:30:28","slug":"abc-design-tote-bag-daily","status":"publish","type":"product","link":"https:\/\/hummy.ee\/lt\/produktas\/abc-design-tote-bag-daily\/","title":{"rendered":"ABC Design Tote Bag Daily"},"content":{"rendered":"<h6>\n&#13;\n<h6 class=\"wp-block-heading\" data-pm-slice=\"1 1 []\"><strong><em>Kod\u0117l verta rinktis ABC Design Tote Bag Daily?<\/em><\/strong><\/h6>&#13;\n<ul>&#13;\n<li>&#13;\n<h6>Stilinga ir patvari med\u017eiaga - Pagaminta i\u0161 auk\u0161tos kokyb\u0117s vegani\u0161kos odos, kuri yra patvari ir lengvai valoma.<\/h6>&#13;\n<\/li>&#13;\n<li>&#13;\n<h6>Daug vietos ir patogumo - trijuose erdviuose stal\u010diuose telpa viskas, ko reikia: sauskeln\u0117s, k\u016bdikio buteliukai, ne\u0161iojamasis kompiuteris ar asmeniniai daiktai.<\/h6>&#13;\n<\/li>&#13;\n<li>&#13;\n<h6>Patogu ne\u0161ioti - reguliuojamas dir\u017eas per pet\u012f ir tvirtos rankenos u\u017etikrina lankstum\u0105 ir patogum\u0105.<\/h6>&#13;\n<\/li>&#13;\n<li>&#13;\n<h6>Saugus ir prakti\u0161kas - pagrindinis stal\u010dius u\u017edaromas mygtuku, tod\u0117l j\u016bs\u0173 daiktai bus saug\u016bs ir patikimi.<\/h6>&#13;\n<\/li>&#13;\n<li>&#13;\n<h6>Lengva pritvirtinti prie vaiki\u0161ko ve\u017eim\u0117lio - krep\u0161\u012f lengva pritvirtinti prie vaiki\u0161ko ve\u017eim\u0117lio. <a href=\"https:\/\/hummy.ee\/lt\/parduotuve\/abc-dizainas\/\" target=\"_blank\" rel=\"noopener\">ABC Design<\/a> prie ve\u017eim\u0117lio.<\/h6>&#13;\n<\/li>&#13;\n<li>&#13;\n<h6>Pridedami priedai - pridedamas nedidelis pried\u0173 mai\u0161elis ir papildomas dir\u017eas per pet\u012f, kad viskas, ko reikia, b\u016bt\u0173 po ranka.<\/h6>&#13;\n<\/li>&#13;\n<\/ul>&#13;\n<p>\u00a0<\/p>&#13;\n<h6><strong><em>Puikus kasdienis palydovas<\/em><\/strong><\/h6>&#13;\n<h6>&#8222;Tote Bag Daily\" yra ne tik krep\u0161ys - tai universalus aksesuaras, kuris prisitaiko prie j\u016bs\u0173 gyvenimo b\u016bdo. Idealiai tinka t\u0117vams arba tiems, kurie vertina elegancij\u0105 ir funkcionalum\u0105 viename gaminyje. D\u0117l auk\u0161tos kokyb\u0117s vegani\u0161kos odos jis visada atrodys stilingai ir i\u0161liks gra\u017eus net po ilgalaikio naudojimo.  <\/h6>&#13;\n<h6>Naudokite j\u012f kaip sauskelni\u0173 krep\u0161\u012f, darbo krep\u0161\u012f ar pirkini\u0173 krep\u0161\u012f - &#8222;Tote Bag Daily\" yra patikimas j\u016bs\u0173 palydovas bet kokioje situacijoje!<\/h6>&#13;\n<p>\u00a0<\/p>&#13;\n<h6><em>Per\u017ei\u016br\u0117kite \u012fvadin\u012f <a href=\"https:\/\/www.youtube.com\/watch?v=BTBCLkzrD7s\">vaizdo \u012fra\u0161\u0105<\/a> ir su\u017einokite daugiau.  <\/em><\/h6>&#13;\n<p>\u00a0<\/p>&#13;\n<h6><em>Taip pat per\u017ei\u016br\u0117kite m\u016bs\u0173 <a href=\"https:\/\/hummy.ee\/lt\/parduotuve\/abc-dizainas\/\" target=\"_blank\" rel=\"noopener\">ABC Design<\/a> ve\u017eim\u0117li\u0173 ir pried\u0173 asortiment\u0105.<\/em><\/h6>&#13;\n<h6><\/h6>&#13;\n<h6 class=\"wp-block-heading\"><\/h6>&#13;\n<h6>\u00a0<\/h6>&#13;\n<h6><\/h6><\/h6>\n","protected":false},"excerpt":{"rendered":"<h6 data-pm-slice=\"1 1 []\">ABC Design &#8222;Tote Bag Daily\" - stilingas ir universalus kasdienis krep\u0161ys. Ie\u0161kote prakti\u0161ko, bet stilingo krep\u0161io, kuris tikt\u0173 ir kasdieniniams, ir t\u0117v\u0173 poreikiams? ABC Design &#8222;Tote Bag Daily\" yra puikus sprendimas! \u0160iame eleganti\u0161kame ir funkcionaliame tote krep\u0161yje nesenstantis dizainas dera su prakti\u0161kumu, tod\u0117l jis puikiai tinka apsipirkti, vaik\u0161\u010dioti ir keliauti.   <\/h6>\n<p><!-- \/wp:heading --><\/p>\n<p><!-- wp:paragraph --><\/p>\n<p><!-- \/wp:paragraph --><\/p>\n<p><!-- wp:paragraph --><\/p>\n","protected":false},"featured_media":38898,"comment_status":"closed","ping_status":"closed","template":"","meta":{"_acf_changed":false,"om_disable_all_campaigns":false,"_monsterinsights_skip_tracking":false,"_monsterinsights_sitenote_active":false,"_monsterinsights_sitenote_note":"","_monsterinsights_sitenote_category":0,"_uf_show_specific_survey":0,"_uf_disable_surveys":false,"site-sidebar-layout":"default","site-content-layout":"","ast-site-content-layout":"default","site-content-style":"default","site-sidebar-style":"default","ast-global-header-display":"","ast-banner-title-visibility":"","ast-main-header-display":"","ast-hfb-above-header-display":"","ast-hfb-below-header-display":"","ast-hfb-mobile-header-display":"","site-post-title":"","ast-breadcrumbs-content":"","ast-featured-img":"","footer-sml-layout":"","theme-transparent-header-meta":"default","adv-header-id-meta":"","stick-header-meta":"","header-above-stick-meta":"","header-main-stick-meta":"","header-below-stick-meta":"","astra-migrate-meta-layouts":"set","ast-page-background-enabled":"default","ast-page-background-meta":{"desktop":{"background-color":"var(--ast-global-color-4)","background-image":"","background-repeat":"repeat","background-position":"center center","background-size":"auto","background-attachment":"scroll","background-type":"","background-media":"","overlay-type":"","overlay-color":"","overlay-opacity":"","overlay-gradient":""},"tablet":{"background-color":"","background-image":"","background-repeat":"repeat","background-position":"center center","background-size":"auto","background-attachment":"scroll","background-type":"","background-media":"","overlay-type":"","overlay-color":"","overlay-opacity":"","overlay-gradient":""},"mobile":{"background-color":"","background-image":"","background-repeat":"repeat","background-position":"center center","background-size":"auto","background-attachment":"scroll","background-type":"","background-media":"","overlay-type":"","overlay-color":"","overlay-opacity":"","overlay-gradient":""}},"ast-content-background-meta":{"desktop":{"background-color":"var(--ast-global-color-5)","background-image":"","background-repeat":"repeat","background-position":"center center","background-size":"auto","background-attachment":"scroll","background-type":"","background-media":"","overlay-type":"","overlay-color":"","overlay-opacity":"","overlay-gradient":""},"tablet":{"background-color":"var(--ast-global-color-5)","background-image":"","background-repeat":"repeat","background-position":"center center","background-size":"auto","background-attachment":"scroll","background-type":"","background-media":"","overlay-type":"","overlay-color":"","overlay-opacity":"","overlay-gradient":""},"mobile":{"background-color":"var(--ast-global-color-5)","background-image":"","background-repeat":"repeat","background-position":"center center","background-size":"auto","background-attachment":"scroll","background-type":"","background-media":"","overlay-type":"","overlay-color":"","overlay-opacity":"","overlay-gradient":""}}},"product_brand":[273],"product_cat":[525,361],"product_tag":[337,335],"class_list":{"0":"post-51819","1":"product","2":"type-product","3":"status-publish","4":"has-post-thumbnail","6":"product_brand-abc-design","7":"product_cat-abc-dizainas","8":"product_cat-krepsiai-ir-kuprines","9":"product_tag-atskiri-produktai","10":"product_tag-pritaikyta-svetaine","11":"desktop-align-left","12":"tablet-align-left","13":"mobile-align-left","15":"first","16":"instock","17":"taxable","18":"shipping-taxable","19":"purchasable","20":"product-type-variable"},"acf":[],"aioseo_notices":[],"_links":{"self":[{"href":"https:\/\/hummy.ee\/lt\/wp-json\/wp\/v2\/product\/51819","targetHints":{"allow":["GET"]}}],"collection":[{"href":"https:\/\/hummy.ee\/lt\/wp-json\/wp\/v2\/product"}],"about":[{"href":"https:\/\/hummy.ee\/lt\/wp-json\/wp\/v2\/types\/product"}],"replies":[{"embeddable":true,"href":"https:\/\/hummy.ee\/lt\/wp-json\/wp\/v2\/comments?post=51819"}],"version-history":[{"count":5,"href":"https:\/\/hummy.ee\/lt\/wp-json\/wp\/v2\/product\/51819\/revisions"}],"predecessor-version":[{"id":85999,"href":"https:\/\/hummy.ee\/lt\/wp-json\/wp\/v2\/product\/51819\/revisions\/85999"}],"wp:featuredmedia":[{"embeddable":true,"href":"https:\/\/hummy.ee\/lt\/wp-json\/wp\/v2\/media\/38898"}],"wp:attachment":[{"href":"https:\/\/hummy.ee\/lt\/wp-json\/wp\/v2\/media?parent=51819"}],"wp:term":[{"taxonomy":"product_brand","embeddable":true,"href":"https:\/\/hummy.ee\/lt\/wp-json\/wp\/v2\/product_brand?post=51819"},{"taxonomy":"product_cat","embeddable":true,"href":"https:\/\/hummy.ee\/lt\/wp-json\/wp\/v2\/product_cat?post=51819"},{"taxonomy":"product_tag","embeddable":true,"href":"https:\/\/hummy.ee\/lt\/wp-json\/wp\/v2\/product_tag?post=51819"}],"curies":[{"name":"wp","href":"https:\/\/api.w.org\/{rel}","templated":true}]}}