{"id":51802,"date":"2024-10-03T09:02:42","date_gmt":"2024-10-03T09:02:42","guid":{"rendered":"https:\/\/hummy.ee\/product\/abc-design-4-sezonu-vezimelio-lietpaltis\/"},"modified":"2026-03-10T14:24:50","modified_gmt":"2026-03-10T14:24:50","slug":"abc-design-4-sezonu-vezimelio-lietpaltis","status":"publish","type":"product","link":"https:\/\/hummy.ee\/lt\/produktas\/abc-design-4-sezonu-vezimelio-lietpaltis\/","title":{"rendered":"ABC Design 4 sezon\u0173 ve\u017eim\u0117lio lietpaltis"},"content":{"rendered":"<h6>\n&#13;\n<h6><strong><em>Miks valida 4 Seasons Pram vihmakate?<\/em><\/strong><\/h6>&#13;\n<ul>&#13;\n<li>&#13;\n<h6>Veekindlad t\u00f5mblukud \u2013 Hoiavad vankri sisemuse kuivana ka tugeva vihma korral.<\/h6>&#13;\n<\/li>&#13;\n<li>&#13;\n<h6>Integreeritud helkurribad ja logo \u2013 Tagavad parema n\u00e4htavuse pimedas ja halbades ilmastikutingimustes.<\/h6>&#13;\n<\/li>&#13;\n<li>&#13;\n<h6>Ventilatsiooniavad \u2013 Tagavad t\u00f5husa \u00f5huringluse ja mugava keskkonna teie lapsele.<\/h6>&#13;\n<\/li>&#13;\n<li>&#13;\n<h6>Lihtne paigaldus \u2013 Lapse saab kergesti sisse panna ja v\u00e4lja v\u00f5tta ilma katet eemaldamata.<\/h6>&#13;\n<\/li>&#13;\n<li>&#13;\n<h6>Kompaktne ja mugav \u2013 Kaasas praktiline transpordikott, mille saab kinnitada spetsiaalse klambriga.<\/h6>&#13;\n<\/li>&#13;\n<\/ul>&#13;\n<h6>\u00a0<\/h6>&#13;\n<h6><strong><em>Praktilisus ja turvalisus igal sammul<\/em><\/strong><\/h6>&#13;\n<h6>4 Seasons vihmakate on loodud aktiivsetele peredele, kes ei lase ilmastikul oma plaane dikteerida. T\u00e4nu veekindlale materjalile ja nutikale disainile on teie laps alati kaitstud, olgu ilm vihmane, udune v\u00f5i tuuline.<\/h6>&#13;\n<h6>\u00a0<\/h6>&#13;\n<h6>\u00a0<\/h6>&#13;\n<h6><strong><em>Sobib j\u00e4rgmiste ABC Design vankritega:<\/em><\/strong><\/h6>&#13;\n<ul>&#13;\n<li>&#13;\n<h6>Salsa 5 Air<\/h6>&#13;\n<\/li>&#13;\n<li>&#13;\n<h6>Salsa 4 Air<\/h6>&#13;\n<\/li>&#13;\n<li>&#13;\n<h6>Salsa 5 Run<\/h6>&#13;\n<\/li>&#13;\n<li>&#13;\n<h6>Salsa Run<\/h6>&#13;\n<\/li>&#13;\n<li>&#13;\n<h6>Salsa 4<\/h6>&#13;\n<\/li>&#13;\n<li>&#13;\n<h6>Samba 2<\/h6>&#13;\n<\/li>&#13;\n<li>&#13;\n<h6>Samba<\/h6>&#13;\n<\/li>&#13;\n<\/ul>&#13;\n<h6>\u00a0<\/h6>&#13;\n<h6><strong><em>Miks see vihmakate on must-have?<\/em><\/strong><\/h6>&#13;\n<ul>&#13;\n<li>&#13;\n<h6>Kaitseb igas ilmastikutingimuses \u2013 vihma, tuule ja niiskuse eest.<\/h6>&#13;\n<\/li>&#13;\n<li>&#13;\n<h6>T\u00f5hustatud ohutus \u2013 n\u00e4htavus pimedas t\u00e4nu helkurribadele.<\/h6>&#13;\n<\/li>&#13;\n<li>&#13;\n<h6>Lihtne kasutada ja hoiustada \u2013 kiire paigaldus ja kaasas transpordikott.<\/h6>&#13;\n<\/li>&#13;\n<li>&#13;\n<h6>Maksimaalne mugavus \u2013 lapsele tagatud v\u00e4rske \u00f5hk ventilatsiooniavade kaudu.<\/h6>&#13;\n<\/li>&#13;\n<\/ul>&#13;\n<h6>\u00a0<\/h6>&#13;\n<h6>\u00c4ra lase ilmastikul oma plaane segada \u2013 avasta maailm koos 4 Seasons Pram vihmakattega, mis hoiab su lapse <a href=\"https:\/\/hummy.ee\/abc-design\/\" target=\"_blank\" rel=\"noopener\">ABC Design<\/a> lapsevankris kuivana ja turvaliselt igal aastaajal!<\/h6>&#13;\n<p>\u00a0<\/p>&#13;\n<h6>Vaata l\u00e4hemalt tutvustavast <a href=\"https:\/\/www.youtube.com\/watch?v=EO1VKPWawSo\">videost<\/a>.<\/h6>&#13;\n<h6><\/h6>&#13;\n<h6 class=\"wp-block-heading\">\u00a0<\/h6>&#13;\n<h6><\/h6><\/h6>\n","protected":false},"excerpt":{"rendered":"<h6>ABC Design &#8222;4 Seasons\" ve\u017eim\u0117lio lietpaltis - ner\u016bpestingi nuotykiai lauke bet kokiu oru! J\u016bs\u0173 pasivaik\u0161\u010diojimus stabdo lietus ar blogas oras? &#8222;4 Seasons\" ve\u017eim\u0117lio apsauga nuo lietaus u\u017etikrina patikim\u0105 apsaug\u0105 visais met\u0173 laikais, tod\u0117l galite nevar\u017eomai m\u0117gautis grynu oru su savo ma\u017euoju tyrin\u0117toju.  <\/h6>\n<p><!-- \/wp:heading --><\/p>\n<p><!-- wp:paragraph --><\/p>\n","protected":false},"featured_media":39126,"comment_status":"closed","ping_status":"closed","template":"","meta":{"_acf_changed":false,"om_disable_all_campaigns":false,"_monsterinsights_skip_tracking":false,"_monsterinsights_sitenote_active":false,"_monsterinsights_sitenote_note":"","_monsterinsights_sitenote_category":0,"_uf_show_specific_survey":0,"_uf_disable_surveys":false,"site-sidebar-layout":"default","site-content-layout":"","ast-site-content-layout":"default","site-content-style":"default","site-sidebar-style":"default","ast-global-header-display":"","ast-banner-title-visibility":"","ast-main-header-display":"","ast-hfb-above-header-display":"","ast-hfb-below-header-display":"","ast-hfb-mobile-header-display":"","site-post-title":"","ast-breadcrumbs-content":"","ast-featured-img":"","footer-sml-layout":"","theme-transparent-header-meta":"default","adv-header-id-meta":"","stick-header-meta":"","header-above-stick-meta":"","header-main-stick-meta":"","header-below-stick-meta":"","astra-migrate-meta-layouts":"set","ast-page-background-enabled":"default","ast-page-background-meta":{"desktop":{"background-color":"var(--ast-global-color-4)","background-image":"","background-repeat":"repeat","background-position":"center center","background-size":"auto","background-attachment":"scroll","background-type":"","background-media":"","overlay-type":"","overlay-color":"","overlay-opacity":"","overlay-gradient":""},"tablet":{"background-color":"","background-image":"","background-repeat":"repeat","background-position":"center center","background-size":"auto","background-attachment":"scroll","background-type":"","background-media":"","overlay-type":"","overlay-color":"","overlay-opacity":"","overlay-gradient":""},"mobile":{"background-color":"","background-image":"","background-repeat":"repeat","background-position":"center center","background-size":"auto","background-attachment":"scroll","background-type":"","background-media":"","overlay-type":"","overlay-color":"","overlay-opacity":"","overlay-gradient":""}},"ast-content-background-meta":{"desktop":{"background-color":"var(--ast-global-color-5)","background-image":"","background-repeat":"repeat","background-position":"center center","background-size":"auto","background-attachment":"scroll","background-type":"","background-media":"","overlay-type":"","overlay-color":"","overlay-opacity":"","overlay-gradient":""},"tablet":{"background-color":"var(--ast-global-color-5)","background-image":"","background-repeat":"repeat","background-position":"center center","background-size":"auto","background-attachment":"scroll","background-type":"","background-media":"","overlay-type":"","overlay-color":"","overlay-opacity":"","overlay-gradient":""},"mobile":{"background-color":"var(--ast-global-color-5)","background-image":"","background-repeat":"repeat","background-position":"center center","background-size":"auto","background-attachment":"scroll","background-type":"","background-media":"","overlay-type":"","overlay-color":"","overlay-opacity":"","overlay-gradient":""}}},"product_brand":[],"product_cat":[525,331,333],"product_tag":[],"class_list":{"0":"post-51802","1":"product","2":"type-product","3":"status-publish","4":"has-post-thumbnail","6":"product_cat-abc-dizainas","7":"product_cat-apipjaustymo-priedai","8":"product_cat-kalejimo-dangciai","9":"desktop-align-left","10":"tablet-align-left","11":"mobile-align-left","13":"first","14":"instock","15":"taxable","16":"shipping-taxable","17":"purchasable","18":"product-type-simple"},"acf":[],"aioseo_notices":[],"_links":{"self":[{"href":"https:\/\/hummy.ee\/lt\/wp-json\/wp\/v2\/product\/51802","targetHints":{"allow":["GET"]}}],"collection":[{"href":"https:\/\/hummy.ee\/lt\/wp-json\/wp\/v2\/product"}],"about":[{"href":"https:\/\/hummy.ee\/lt\/wp-json\/wp\/v2\/types\/product"}],"replies":[{"embeddable":true,"href":"https:\/\/hummy.ee\/lt\/wp-json\/wp\/v2\/comments?post=51802"}],"version-history":[{"count":8,"href":"https:\/\/hummy.ee\/lt\/wp-json\/wp\/v2\/product\/51802\/revisions"}],"predecessor-version":[{"id":85992,"href":"https:\/\/hummy.ee\/lt\/wp-json\/wp\/v2\/product\/51802\/revisions\/85992"}],"wp:featuredmedia":[{"embeddable":true,"href":"https:\/\/hummy.ee\/lt\/wp-json\/wp\/v2\/media\/39126"}],"wp:attachment":[{"href":"https:\/\/hummy.ee\/lt\/wp-json\/wp\/v2\/media?parent=51802"}],"wp:term":[{"taxonomy":"product_brand","embeddable":true,"href":"https:\/\/hummy.ee\/lt\/wp-json\/wp\/v2\/product_brand?post=51802"},{"taxonomy":"product_cat","embeddable":true,"href":"https:\/\/hummy.ee\/lt\/wp-json\/wp\/v2\/product_cat?post=51802"},{"taxonomy":"product_tag","embeddable":true,"href":"https:\/\/hummy.ee\/lt\/wp-json\/wp\/v2\/product_tag?post=51802"}],"curies":[{"name":"wp","href":"https:\/\/api.w.org\/{rel}","templated":true}]}}