{"id":51340,"date":"2024-04-07T18:22:58","date_gmt":"2024-04-07T18:22:58","guid":{"rendered":"https:\/\/hummy.ee\/product\/leclercbaby-lengvas-vezimelis-influencer-xl\/"},"modified":"2026-03-18T20:39:26","modified_gmt":"2026-03-18T20:39:26","slug":"leclercbaby-lengvas-vezimelis-influencer-xl","status":"publish","type":"product","link":"https:\/\/hummy.ee\/lt\/produktas\/leclercbaby-lengvas-vezimelis-influencer-xl\/","title":{"rendered":"Leclercbaby Lengvas ve\u017eim\u0117lis &#8222;Influencer XL"},"content":{"rendered":"<h6><strong><em>\u012e komplekt\u0105 \u012ftraukta viskas, ko reikia:<\/em><\/strong><\/h6>\n<ul>\n<li>\n<h6>Topsihoidja<\/h6>\n<\/li>\n<li>\n<h6>Turf<\/h6>\n<\/li>\n<li>\n<h6>Transportavimo krep\u0161ys<\/h6>\n<\/li>\n<\/ul>\n<h6 data-start=\"1058\" data-end=\"1100\"><strong><em>Patogumas jums ir j\u016bs\u0173 vaikui<\/em><\/strong><\/h6>\n<ul data-start=\"1102\" data-end=\"1379\">\n<li data-start=\"1102\" data-end=\"1207\">\n<h6>Langas ir med\u017eiaginis porankis su magnetu u\u017etikrina, kad visada gal\u0117site patogiai steb\u0117ti savo vaik\u0105.<\/h6>\n<\/li>\n<li data-start=\"1208\" data-end=\"1303\">\n<h6>Trij\u0173 pad\u0117\u010di\u0173 reguliuojamas atlo\u0161as (\u012fskaitant miego pad\u0117t\u012f) suteikia vaikui reikiam\u0105 atram\u0105<\/h6>\n<\/li>\n<li data-start=\"1304\" data-end=\"1379\">\n<h6>Reguliuojama atrama kojoms (\u012fskaitant miego pad\u0117t\u012f), kad b\u016bt\u0173 maksimaliai patogu<\/h6>\n<\/li>\n<\/ul>\n<h6 data-start=\"1381\" data-end=\"1405\"><strong><em>Naudojimo paprastumas<\/em><\/strong><\/h6>\n<ul data-start=\"1407\" data-end=\"1757\">\n<li data-start=\"1407\" data-end=\"1474\">\n<h6>Nuimamas priekinis b\u0117gis palengvina \u012flipim\u0105 ir i\u0161lipim\u0105<\/h6>\n<\/li>\n<li data-start=\"1475\" data-end=\"1562\">\n<h6>Magnetiniai penki\u0173 ta\u0161k\u0173 saugos dir\u017eai u\u017etikrina, kad vaikas visada b\u016bt\u0173 saugiai prisegtas<\/h6>\n<\/li>\n<li data-start=\"1563\" data-end=\"1634\">\n<h6>Vis\u0173 rat\u0173 pakaba - sklandesnis ir patogesnis va\u017eiavimas<\/h6>\n<\/li>\n<li data-start=\"1635\" data-end=\"1685\">\n<h6>Didel\u0117 atrama kojoms, u\u017etikrinanti didesn\u012f saugum\u0105<\/h6>\n<\/li>\n<li data-start=\"1686\" data-end=\"1757\">\n<h6>Patog\u016bs sauskelni\u0173 mai\u0161elio u\u017esegimai palengvina t\u0117v\u0173 gyvenim\u0105<\/h6>\n<\/li>\n<\/ul>\n<h6 data-start=\"1759\" data-end=\"1785\"><strong><em>Apsauga nuo atmosferos poveikio<\/em><\/strong><\/h6>\n<ul data-start=\"1787\" data-end=\"1951\">\n<li data-start=\"1787\" data-end=\"1882\">\n<h6>I\u0161traukiamas sk\u0117tukas nuo saul\u0117s su 50+ SPF apsaugo vaik\u0105 nuo kenksming\u0173 UV spinduli\u0173.<\/h6>\n<\/li>\n<li data-start=\"1883\" data-end=\"1951\">\n<h6>600D vanden\u012f atstumiantis audinys i\u0161laiko k\u016bdik\u012f saus\u0105 net ir lietingu oru<\/h6>\n<\/li>\n<\/ul>\n<h6 data-start=\"1953\" data-end=\"1986\"><\/h6>\n<h6 data-start=\"1953\" data-end=\"1986\"><strong><em>Kokybi\u0161kos med\u017eiagos<\/em><\/strong><\/h6>\n<ul data-start=\"1988\" data-end=\"2219\">\n<li data-start=\"1988\" data-end=\"2071\">\n<h6>Sintetine oda dengta st\u016bmimo rankena ir priekin\u0117 p\u0117dos dalis (PU) suteikia elegancijos ir patogumo<\/h6>\n<\/li>\n<li data-start=\"2072\" data-end=\"2157\">\n<h6>Patvarus kelioninis krep\u0161ys labai palengvina ve\u017eim\u0117lio transportavim\u0105 ir saugojim\u0105<\/h6>\n<\/li>\n<li data-start=\"2158\" data-end=\"2219\">\n<h6>100% PU ratai, kad skland\u017eiai va\u017eiuot\u0173 visais pavir\u0161iais<\/h6>\n<\/li>\n<\/ul>\n<h6><\/h6>\n<h6><strong><em>Daugiau informacijos:<\/em><\/strong><\/h6>\n<ul>\n<li>\n<h6>Ve\u017eim\u0117l\u012f galima sulankstyti ir i\u0161skleisti vienu prisilietimu<\/h6>\n<\/li>\n<li>\n<h6>telpa \u012f vir\u0161utin\u012f orlaivio salono skyri\u0173<\/h6>\n<\/li>\n<li>\n<h6>Tinka nuo 6 m\u0117nesi\u0173 iki 22 kg \/ ma\u017edaug 5 met\u0173 am\u017eiaus<\/h6>\n<\/li>\n<\/ul>\n<h6><\/h6>\n<h6><strong><em>&#8222;Influencer XL\" ve\u017eim\u0117lio specifikacijos:<\/em><\/strong><\/h6>\n<ul>\n<li>\n<h6>Svoris: 8,2 kg<\/h6>\n<\/li>\n<li>\n<h6>Did\u017eiausias svoris s\u0117dint: 22 kg<\/h6>\n<\/li>\n<li>\n<h6>Did\u017eiausias pirkini\u0173 krep\u0161elio svoris: 3 kg<\/h6>\n<\/li>\n<li>\n<h6>Auk\u0161tis atidarius: 104 cm<\/h6>\n<\/li>\n<li>\n<h6>Atidarytos d\u0117\u017e\u0117s gylis: 63 cm<\/h6>\n<\/li>\n<li>\n<h6>Atidaryto \u012frenginio plotis: 51 cm<\/h6>\n<\/li>\n<li>\n<h6>Sulankstytas auk\u0161tis: 60 cm<\/h6>\n<\/li>\n<li>\n<h6>Sulankstytas gylis: 24 cm<\/h6>\n<\/li>\n<li>\n<h6>Sulankstytas plotis: 45 cm<\/h6>\n<\/li>\n<li>\n<h6>R\u0117mo med\u017eiaga: milteliniu b\u016bdu dengtas aliuminis<\/h6>\n<\/li>\n<\/ul>\n<h6><\/h6>\n<h6><em>Daugiau apie tai, kaip pasirinkti lengv\u0105 ve\u017eim\u0117l\u012f, skaitykite Hummy <a href=\"https:\/\/hummy.ee\/lt\/kaip-pasirinkti-lengva-vezimeli\/\" target=\"_blank\" rel=\"noopener\">tinklara\u0161tyje.<\/a><\/em><\/h6>\n<h6><em>Leclercbaby Influencer XL Lightweight rasite <a href=\"https:\/\/www.youtube.com\/watch?v=_SOvYmYOX_Y\" target=\"_blank\" rel=\"noopener\">\u010dia.<\/a><\/em><\/h6>\n","protected":false},"excerpt":{"rendered":"<h6 data-start=\"127\" data-end=\"377\">Su &#8222;Influencer XL\" gyventi dar patogiau. Tai &#8222;Influencer\" vyresnysis brolis, kuris tikrai i\u0161siskirs i\u0161 minios. Kaip ir &#8222;Influencer\", &#8222;Influencer XL\" galima surinkti ir i\u0161ardyti vos per 1,5 sekund\u0117s, vos vienu mygtuko paspaudimu!<\/h6>\n<p>&nbsp;<\/p>\n<h6 data-start=\"379\" data-end=\"856\">Be to, ve\u017eim\u0117lis turi didesnius ratus, tod\u0117l juo patogu va\u017ein\u0117ti ir bekele, ir miesto gatv\u0117mis. D\u0117l didesni\u0173 rat\u0173, daugiau vietos ant grind\u0173 ir unikalaus sulankstymo mechanizmo &#8222;Influencer XL\" ve\u017eim\u0117lis yra idealus pasirinkimas kelion\u0117ms ir gyvenimui mieste. Be to, jis taip pat puikiai tinka pasivaik\u0161\u010diojimams gamtoje ir kaime. S\u0117dyn\u0117 turi mink\u0161t\u0105 pamink\u0161tinim\u0105, skirt\u0105 u\u017etikrinti, kad j\u016bs\u0173 vaikui b\u016bt\u0173 patogu net ilgose kelion\u0117se.<\/h6>\n","protected":false},"featured_media":47386,"comment_status":"closed","ping_status":"closed","template":"","meta":{"_acf_changed":false,"om_disable_all_campaigns":false,"_monsterinsights_skip_tracking":false,"_monsterinsights_sitenote_active":false,"_monsterinsights_sitenote_note":"","_monsterinsights_sitenote_category":0,"_uf_show_specific_survey":0,"_uf_disable_surveys":false,"site-sidebar-layout":"default","site-content-layout":"","ast-site-content-layout":"default","site-content-style":"default","site-sidebar-style":"default","ast-global-header-display":"","ast-banner-title-visibility":"","ast-main-header-display":"","ast-hfb-above-header-display":"","ast-hfb-below-header-display":"","ast-hfb-mobile-header-display":"","site-post-title":"","ast-breadcrumbs-content":"","ast-featured-img":"","footer-sml-layout":"","theme-transparent-header-meta":"default","adv-header-id-meta":"","stick-header-meta":"","header-above-stick-meta":"","header-main-stick-meta":"","header-below-stick-meta":"","astra-migrate-meta-layouts":"set","ast-page-background-enabled":"default","ast-page-background-meta":{"desktop":{"background-color":"var(--ast-global-color-4)","background-image":"","background-repeat":"repeat","background-position":"center center","background-size":"auto","background-attachment":"scroll","background-type":"","background-media":"","overlay-type":"","overlay-color":"","overlay-opacity":"","overlay-gradient":""},"tablet":{"background-color":"","background-image":"","background-repeat":"repeat","background-position":"center center","background-size":"auto","background-attachment":"scroll","background-type":"","background-media":"","overlay-type":"","overlay-color":"","overlay-opacity":"","overlay-gradient":""},"mobile":{"background-color":"","background-image":"","background-repeat":"repeat","background-position":"center center","background-size":"auto","background-attachment":"scroll","background-type":"","background-media":"","overlay-type":"","overlay-color":"","overlay-opacity":"","overlay-gradient":""}},"ast-content-background-meta":{"desktop":{"background-color":"var(--ast-global-color-5)","background-image":"","background-repeat":"repeat","background-position":"center center","background-size":"auto","background-attachment":"scroll","background-type":"","background-media":"","overlay-type":"","overlay-color":"","overlay-opacity":"","overlay-gradient":""},"tablet":{"background-color":"var(--ast-global-color-5)","background-image":"","background-repeat":"repeat","background-position":"center center","background-size":"auto","background-attachment":"scroll","background-type":"","background-media":"","overlay-type":"","overlay-color":"","overlay-opacity":"","overlay-gradient":""},"mobile":{"background-color":"var(--ast-global-color-5)","background-image":"","background-repeat":"repeat","background-position":"center center","background-size":"auto","background-attachment":"scroll","background-type":"","background-media":"","overlay-type":"","overlay-color":"","overlay-opacity":"","overlay-gradient":""}}},"product_brand":[],"product_cat":[389,332,390],"product_tag":[],"class_list":{"0":"post-51340","1":"product","2":"type-product","3":"status-publish","4":"has-post-thumbnail","6":"product_cat-vezimeliai","7":"product_cat-leclercbaby-lt","8":"product_cat-cisternos","9":"desktop-align-left","10":"tablet-align-left","11":"mobile-align-left","13":"first","14":"instock","15":"sale","16":"taxable","17":"shipping-taxable","18":"purchasable","19":"product-type-variable"},"acf":[],"aioseo_notices":[],"_links":{"self":[{"href":"https:\/\/hummy.ee\/lt\/wp-json\/wp\/v2\/product\/51340","targetHints":{"allow":["GET"]}}],"collection":[{"href":"https:\/\/hummy.ee\/lt\/wp-json\/wp\/v2\/product"}],"about":[{"href":"https:\/\/hummy.ee\/lt\/wp-json\/wp\/v2\/types\/product"}],"replies":[{"embeddable":true,"href":"https:\/\/hummy.ee\/lt\/wp-json\/wp\/v2\/comments?post=51340"}],"version-history":[{"count":17,"href":"https:\/\/hummy.ee\/lt\/wp-json\/wp\/v2\/product\/51340\/revisions"}],"predecessor-version":[{"id":86204,"href":"https:\/\/hummy.ee\/lt\/wp-json\/wp\/v2\/product\/51340\/revisions\/86204"}],"wp:featuredmedia":[{"embeddable":true,"href":"https:\/\/hummy.ee\/lt\/wp-json\/wp\/v2\/media\/47386"}],"wp:attachment":[{"href":"https:\/\/hummy.ee\/lt\/wp-json\/wp\/v2\/media?parent=51340"}],"wp:term":[{"taxonomy":"product_brand","embeddable":true,"href":"https:\/\/hummy.ee\/lt\/wp-json\/wp\/v2\/product_brand?post=51340"},{"taxonomy":"product_cat","embeddable":true,"href":"https:\/\/hummy.ee\/lt\/wp-json\/wp\/v2\/product_cat?post=51340"},{"taxonomy":"product_tag","embeddable":true,"href":"https:\/\/hummy.ee\/lt\/wp-json\/wp\/v2\/product_tag?post=51340"}],"curies":[{"name":"wp","href":"https:\/\/api.w.org\/{rel}","templated":true}]}}