{"id":51314,"date":"2024-04-07T18:29:21","date_gmt":"2024-04-07T18:29:21","guid":{"rendered":"https:\/\/hummy.ee\/product\/leclercbaby-sesiakampis-sviesos-vezimelis\/"},"modified":"2026-03-18T20:39:18","modified_gmt":"2026-03-18T20:39:18","slug":"leclercbaby-sesiakampis-sviesos-vezimelis","status":"publish","type":"product","link":"https:\/\/hummy.ee\/lt\/produktas\/leclercbaby-sesiakampis-sviesos-vezimelis\/","title":{"rendered":"Leclercbaby \u0160e\u0161iakampis \u0161viesos ve\u017eim\u0117lis"},"content":{"rendered":"<h6>Garsioji sulankstymo vienu prisilietimu sistema dabar dar tobulesn\u0117 - j\u0105 papildo i\u0161skirtin\u0117 perforuota oda ir mink\u0161tas \u012f zom\u0161\u0105 pana\u0161us audinys, suteikiantis ve\u017eim\u0117liui prabangos ir i\u0161skirtinumo.<\/h6>\n<p>&nbsp;<\/p>\n<h6><strong><em>\u012e komplekt\u0105 \u012ftraukta viskas, ko reikia:<\/em><\/strong><\/h6>\n<ul>\n<li>\n<h6>Topsihoidja<\/h6>\n<\/li>\n<li>\n<h6>Turf<\/h6>\n<\/li>\n<li>\n<h6>Transportavimo krep\u0161ys<\/h6>\n<\/li>\n<\/ul>\n<h6><strong><em>Did\u017eiausias komfortas ir vaikui, ir t\u0117vams:<\/em><\/strong><\/h6>\n<ul>\n<li>\n<h6>Magnetu tvirtinamas sk\u0117tis\/saulut\u0117 - lengva naudoti ir puikiai apsaugo nuo saul\u0117s ir v\u0117jo.<\/h6>\n<\/li>\n<li>\n<h6>Trij\u0173 pad\u0117\u010di\u0173 reguliuojamas atlo\u0161as, \u012fskaitant visi\u0161kai atsilenkian\u010di\u0105 pad\u0117t\u012f patogiam miegui.<\/h6>\n<\/li>\n<li>\n<h6>Reguliuojama atrama kojoms - suteikia dar daugiau patogumo j\u016bs\u0173 vaikui.<\/h6>\n<\/li>\n<\/ul>\n<h6><strong><em>Lengva naudoti visais atvejais:<\/em><\/strong><\/h6>\n<ul>\n<li>\n<h6>Nuimama apsaugos priemon\u0117 - patogi ir prakti\u0161ka, u\u017etikrinanti lengv\u0105 vaiko prieig\u0105.<\/h6>\n<\/li>\n<li>\n<h6>Magnetiniai penki\u0173 ta\u0161k\u0173 saugos dir\u017eai - saugiai prilaiko vaik\u0105, o t\u0117vams jais naudotis paprasta ir greita.<\/h6>\n<\/li>\n<li>\n<h6>Vis\u0173 keturi\u0173 rat\u0173 pakaba - sklandus ir mink\u0161tas va\u017eiavimas net ir nelygiu pavir\u0161iumi.<\/h6>\n<\/li>\n<li>\n<h6>Didel\u0117 atrama kojoms - u\u017etikrina saugum\u0105 ir patog\u0173 naudojim\u0105.<\/h6>\n<\/li>\n<li>\n<h6>Sauskelni\u0173 krep\u0161io tvirtinimo ta\u0161kai - jais lengva pritvirtinti krep\u0161\u012f prie ve\u017eim\u0117lio.<\/h6>\n<\/li>\n<\/ul>\n<h6><strong><em>Patikima apsauga nuo vis\u0173 oro s\u0105lyg\u0173:<\/em><\/strong><\/h6>\n<ul>\n<li>\n<h6>Ilga ranka su SPF 50+ apsauga - apsaugo vaik\u0105 nuo \u017ealing\u0173 UV spinduli\u0173 ir tiesiogini\u0173 saul\u0117s spinduli\u0173.<\/h6>\n<\/li>\n<li>\n<h6>600D neper\u0161lampamas audinys - patvari ir oro s\u0105lygoms atspari med\u017eiaga, apsauganti nuo lietaus ir dr\u0117gm\u0117s.<\/h6>\n<\/li>\n<\/ul>\n<h6><strong><em>Prabangios ir patvarios med\u017eiagos:<\/em><\/strong><\/h6>\n<ul>\n<li>\n<h6>Mink\u0161ta, patvari ir eleganti\u0161ka oda dengta st\u016bmimo rankena ir apsaugin\u0117 rankena.<\/h6>\n<\/li>\n<li>\n<h6>Tvirtas ir patvarus transportavimo krep\u0161ys - jame lengva laikyti ir ve\u017eti ve\u017eim\u0117l\u012f.<\/h6>\n<\/li>\n<li>\n<h6>100% PU ratai - patvar\u016bs ir skland\u017eiai va\u017eiuojantys, tod\u0117l puikiai manevruoja.<\/h6>\n<\/li>\n<\/ul>\n<h6><strong><em>Technin\u0117s specifikacijos ir naudotojo informacija:<\/em><\/strong><\/h6>\n<ul>\n<li>\n<h6>Sulankstoma ir i\u0161skleid\u017eiama vienu judesiu - tai greitas ir paprastas mechanizmas, taupantis laik\u0105 ir pastangas.<\/h6>\n<\/li>\n<li>\n<h6>Kompakti\u0161kas rankinio baga\u017eo dydis - telpa daugumoje l\u0117ktuvo salono vir\u0161utini\u0173 d\u0117tuvi\u0173.<\/h6>\n<\/li>\n<li>\n<h6>Tinka nuo 6 m\u0117nesi\u0173 iki 22 kg (ma\u017edaug 5 met\u0173 am\u017eiaus).<\/h6>\n<\/li>\n<li>\n<h6>I\u0161matavimai sulankstyti: 56 \u00d7 47 \u00d7 24 cm.<\/h6>\n<\/li>\n<\/ul>\n<h6>Leclercbaby &#8222;Hexagon\" yra puikus pasirinkimas t\u0117vams, ie\u0161kantiems stilingo, funkcionalaus ir prabangaus ve\u017eim\u0117lio, kuris suteikt\u0173 geriausi\u0105 patirt\u012f ir jums, ir j\u016bs\u0173 vaikui. D\u0117l novatori\u0161k\u0173 sprendim\u0173 ir kokybi\u0161k\u0173 med\u017eiag\u0173 kasdieniai pasivaik\u0161\u010diojimai bus patogesni ir malonesni nei bet kada anks\u010diau.<\/h6>\n<p>&nbsp;<\/p>\n<h6><em>Daugiau apie tai, kaip pasirinkti lengv\u0105 ve\u017eim\u0117l\u012f, skaitykite Hummy <a href=\"https:\/\/hummy.ee\/lt\/kaip-pasirinkti-lengva-vezimeli\/\" target=\"_blank\" rel=\"noopener\">tinklara\u0161tyje.<\/a><\/em><\/h6>\n<p>&nbsp;<\/p>\n<h6><em>Su\u017einokite <a href=\"https:\/\/www.youtube.com\/watch?v=IiYEp7T-61A\" target=\"_blank\" rel=\"noopener\">daugiau apie lengv\u0105j\u012f ve\u017eim\u0117l\u012f<\/a> &#8222;Hexagon\".<\/em><\/h6>\n","protected":false},"excerpt":{"rendered":"<h6>Leclercbaby &#8222;Hexagon\" yra auk\u0161\u010diausios klas\u0117s oland\u0173 dizainerio ve\u017eim\u0117lis. Leclercbaby &#8222;Hexagon\" ve\u017eim\u0117li\u0173 kolekcij\u0105 suk\u016br\u0117 pripa\u017eintas oland\u0173 dizaineris Christianas Lagerwaardas, kurio k\u016bryboje dera elegancija, funkcionalumas ir auk\u0161\u010diausios kokyb\u0117s med\u017eiagos. Hexagon yra auk\u0161\u010diausios klas\u0117s prabangus Leclercbaby ve\u017eim\u0117lis, pagamintas pagal auk\u0161\u010diausius kokyb\u0117s standartus. Jis sukurtas taip, kad u\u017etikrint\u0173 maksimal\u0173 komfort\u0105 tiek k\u016bdikiui, tiek t\u0117vams, tod\u0117l pasivaik\u0161\u010diojimai bus malon\u016bs ir skland\u016bs.<\/h6>\n","protected":false},"featured_media":78306,"comment_status":"closed","ping_status":"closed","template":"","meta":{"_acf_changed":false,"om_disable_all_campaigns":false,"_monsterinsights_skip_tracking":false,"_monsterinsights_sitenote_active":false,"_monsterinsights_sitenote_note":"","_monsterinsights_sitenote_category":0,"_uf_show_specific_survey":0,"_uf_disable_surveys":false,"site-sidebar-layout":"default","site-content-layout":"","ast-site-content-layout":"default","site-content-style":"default","site-sidebar-style":"default","ast-global-header-display":"","ast-banner-title-visibility":"","ast-main-header-display":"","ast-hfb-above-header-display":"","ast-hfb-below-header-display":"","ast-hfb-mobile-header-display":"","site-post-title":"","ast-breadcrumbs-content":"","ast-featured-img":"","footer-sml-layout":"","theme-transparent-header-meta":"default","adv-header-id-meta":"","stick-header-meta":"","header-above-stick-meta":"","header-main-stick-meta":"","header-below-stick-meta":"","astra-migrate-meta-layouts":"set","ast-page-background-enabled":"default","ast-page-background-meta":{"desktop":{"background-color":"var(--ast-global-color-4)","background-image":"","background-repeat":"repeat","background-position":"center center","background-size":"auto","background-attachment":"scroll","background-type":"","background-media":"","overlay-type":"","overlay-color":"","overlay-opacity":"","overlay-gradient":""},"tablet":{"background-color":"","background-image":"","background-repeat":"repeat","background-position":"center center","background-size":"auto","background-attachment":"scroll","background-type":"","background-media":"","overlay-type":"","overlay-color":"","overlay-opacity":"","overlay-gradient":""},"mobile":{"background-color":"","background-image":"","background-repeat":"repeat","background-position":"center center","background-size":"auto","background-attachment":"scroll","background-type":"","background-media":"","overlay-type":"","overlay-color":"","overlay-opacity":"","overlay-gradient":""}},"ast-content-background-meta":{"desktop":{"background-color":"var(--ast-global-color-5)","background-image":"","background-repeat":"repeat","background-position":"center center","background-size":"auto","background-attachment":"scroll","background-type":"","background-media":"","overlay-type":"","overlay-color":"","overlay-opacity":"","overlay-gradient":""},"tablet":{"background-color":"var(--ast-global-color-5)","background-image":"","background-repeat":"repeat","background-position":"center center","background-size":"auto","background-attachment":"scroll","background-type":"","background-media":"","overlay-type":"","overlay-color":"","overlay-opacity":"","overlay-gradient":""},"mobile":{"background-color":"var(--ast-global-color-5)","background-image":"","background-repeat":"repeat","background-position":"center center","background-size":"auto","background-attachment":"scroll","background-type":"","background-media":"","overlay-type":"","overlay-color":"","overlay-opacity":"","overlay-gradient":""}}},"product_brand":[],"product_cat":[389,332,390],"product_tag":[],"class_list":{"0":"post-51314","1":"product","2":"type-product","3":"status-publish","4":"has-post-thumbnail","6":"product_cat-vezimeliai","7":"product_cat-leclercbaby-lt","8":"product_cat-cisternos","9":"desktop-align-left","10":"tablet-align-left","11":"mobile-align-left","13":"first","14":"instock","15":"sale","16":"taxable","17":"shipping-taxable","18":"purchasable","19":"product-type-variable"},"acf":[],"aioseo_notices":[],"_links":{"self":[{"href":"https:\/\/hummy.ee\/lt\/wp-json\/wp\/v2\/product\/51314","targetHints":{"allow":["GET"]}}],"collection":[{"href":"https:\/\/hummy.ee\/lt\/wp-json\/wp\/v2\/product"}],"about":[{"href":"https:\/\/hummy.ee\/lt\/wp-json\/wp\/v2\/types\/product"}],"replies":[{"embeddable":true,"href":"https:\/\/hummy.ee\/lt\/wp-json\/wp\/v2\/comments?post=51314"}],"version-history":[{"count":15,"href":"https:\/\/hummy.ee\/lt\/wp-json\/wp\/v2\/product\/51314\/revisions"}],"predecessor-version":[{"id":86203,"href":"https:\/\/hummy.ee\/lt\/wp-json\/wp\/v2\/product\/51314\/revisions\/86203"}],"wp:featuredmedia":[{"embeddable":true,"href":"https:\/\/hummy.ee\/lt\/wp-json\/wp\/v2\/media\/78306"}],"wp:attachment":[{"href":"https:\/\/hummy.ee\/lt\/wp-json\/wp\/v2\/media?parent=51314"}],"wp:term":[{"taxonomy":"product_brand","embeddable":true,"href":"https:\/\/hummy.ee\/lt\/wp-json\/wp\/v2\/product_brand?post=51314"},{"taxonomy":"product_cat","embeddable":true,"href":"https:\/\/hummy.ee\/lt\/wp-json\/wp\/v2\/product_cat?post=51314"},{"taxonomy":"product_tag","embeddable":true,"href":"https:\/\/hummy.ee\/lt\/wp-json\/wp\/v2\/product_tag?post=51314"}],"curies":[{"name":"wp","href":"https:\/\/api.w.org\/{rel}","templated":true}]}}