{"id":51279,"date":"2024-04-07T18:24:10","date_gmt":"2024-04-07T18:24:10","guid":{"rendered":"https:\/\/hummy.ee\/product\/leclercbaby-teddy-terminis-krepsys\/"},"modified":"2026-03-18T20:44:39","modified_gmt":"2026-03-18T20:44:39","slug":"leclercbaby-teddy-terminis-krepsys","status":"publish","type":"product","link":"https:\/\/hummy.ee\/lt\/produktas\/leclercbaby-teddy-terminis-krepsys\/","title":{"rendered":"Leclercbaby Teddy terminis krep\u0161ys"},"content":{"rendered":"<h6 data-start=\"444\" data-end=\"482\"><strong><em>Kod\u0117l verta rinktis &#8222;Teddy miegmai\u0161ius\"?<\/em><\/strong><\/h6>\n<ul>\n<li data-start=\"484\" data-end=\"1128\">\n<h6>Ypatingas mink\u0161tumas ir \u0161iluma - d\u0117l &#8222;Sherpa Teddy\" pamu\u0161alo miegmai\u0161is yra itin mink\u0161tas ir jaukus, tod\u0117l net ir \u0161al\u010diausiomis dienomis j\u016bs\u0173 vaikui bus patogi vieta \u012fsikurti.<\/h6>\n<\/li>\n<li data-start=\"484\" data-end=\"1128\">\n<h6>Veiksminga apsauga nuo oro s\u0105lyg\u0173 - patvarus neper\u0161lampamas i\u0161orinis sluoksnis apsaugo k\u016bdik\u012f nuo lietaus, sniego ir v\u0117jo.<\/h6>\n<\/li>\n<li data-start=\"484\" data-end=\"1128\">\n<h6>Geresn\u0117 oro cirkuliacija - &#8222;Sherpa\" med\u017eiaga ne tik \u0161ildo, bet ir reguliuoja temperat\u016br\u0105, tod\u0117l i\u0161vengiama per didelio prakaitavimo ir u\u017etikrinama optimali ventiliacija.<\/h6>\n<\/li>\n<li data-start=\"484\" data-end=\"1128\">\n<h6>Saugus ir stabilus - vir\u0161uje esantys magnetiniai u\u017esegimai i\u0161laiko k\u0117dut\u0119 vietoje, tod\u0117l ji nepasislenka ir j\u016bs\u0173 k\u016bdikis visada patogiai \u012fsitaiso k\u0117dut\u0117je.<\/h6>\n<\/li>\n<\/ul>\n<h6 data-start=\"1130\" data-end=\"1193\"><strong><em>Universalus dizainas - tinka daugumai vaiki\u0161k\u0173 ve\u017eim\u0117li\u0173<\/em><\/strong><\/h6>\n<h6 data-start=\"1195\" data-end=\"1440\">D\u0117l i\u0161manios konstrukcijos Leclercbaby Teddy pritaikytas daugumai ve\u017eim\u0117li\u0173. Universalios dir\u017e\u0173 angos ir neslystantis pagrindo audinys u\u017etikrina, kad ve\u017eim\u0117l\u012f b\u016bt\u0173 galima greitai ir lengvai u\u017ed\u0117ti ir nuimti.<\/h6>\n<h6 data-start=\"1442\" data-end=\"1680\">Be to, atsegus \u0161ildymo mai\u0161o u\u017etrauktuk\u0105, j\u012f galima pritaikyti prie oro s\u0105lyg\u0173 ir u\u017etikrinti geresn\u012f oro sraut\u0105. Taigi tai puikus palydovas \u0161altomis \u017eiemos dienomis, taip pat v\u0117sesniu rudens ir pavasario oru.<\/h6>\n<p>&nbsp;<\/p>\n<h6 data-start=\"1682\" data-end=\"1767\"><strong><em>Puikiai tinka Leclercbaby ir daugumai kit\u0173 modeli\u0173 ve\u017eim\u0117li\u0173.<\/em><\/strong><\/h6>\n<h6 data-start=\"1769\" data-end=\"1951\">Teddy Warm Bag Leclercbaby Influencer Air ypa\u010d gerai tinka lengviems ve\u017eim\u0117liams, ta\u010diau d\u0117l universalaus pritaikymo j\u012f galima naudoti ir su \u012fvairiais kitais ve\u017eim\u0117liais.<\/h6>\n<p>&nbsp;<\/p>\n<h6 data-start=\"1953\" data-end=\"1991\"><strong><em>Papildoma informacija ir prie\u017ei\u016bra<\/em><\/strong><\/h6>\n<ul>\n<li data-start=\"1993\" data-end=\"2296\">\n<h6>SPF 50+ apsauga - apsaugo vaiko od\u0105 nuo \u017ealing\u0173 UV spinduli\u0173.<\/h6>\n<\/li>\n<li data-start=\"1993\" data-end=\"2296\">\n<h6>Neper\u0161lampamas audinys - i\u0161laiko k\u016bdik\u012f saus\u0105 net ir lietingu oru.<\/h6>\n<\/li>\n<li data-start=\"1993\" data-end=\"2296\">\n<h6>Tinka nuo 6 m\u0117nesi\u0173 am\u017eiaus - idealiai tinka k\u016bdikiams ir ma\u017eiems vaikams.<\/h6>\n<\/li>\n<li data-start=\"1993\" data-end=\"2296\">\n<h6>Lengva valyti - galima skalbti skalbykl\u0117je 30 \u00b0C temperat\u016broje, kad visada i\u0161likt\u0173 \u0161vie\u017eias ir \u0161varus.<\/h6>\n<\/li>\n<\/ul>\n<h6 data-start=\"2298\" data-end=\"2360\"><strong><em>Investuokite \u012f savo vaiko komfort\u0105 ir apsaug\u0105 nuo oro s\u0105lyg\u0173!<\/em><\/strong><\/h6>\n<h6 data-start=\"2362\" data-end=\"2653\">Leclercbaby &#8222;Miegmai\u0161iai\" yra puikus sprendimas t\u0117vams, norintiems suteikti vaikui \u0161ilum\u0105, patogum\u0105 ir saugum\u0105 visais met\u0173 laikais. D\u0117l kokybi\u0161k\u0173 med\u017eiag\u0173 ir sumanaus dizaino jis yra universalus, patvarus ir stilingas bet kokio ve\u017eim\u0117lio priedas.<\/h6>\n<h6 data-start=\"2655\" data-end=\"2732\">M\u0117gaukit\u0117s ner\u016bpestingais pasivaik\u0161\u010diojimais bet kokiu oru!<\/h6>\n<p>&nbsp;<\/p>\n<h6><em>Susipa\u017einkite su Leclercbaby gamini\u0173 asortimentu <a href=\"https:\/\/hummy.ee\/lt\/parduotuve\/leclercbaby\/\" target=\"_blank\" rel=\"noopener\">\u010dia.<\/a><\/em><\/h6>\n","protected":false},"excerpt":{"rendered":"<h6 data-start=\"0\" data-end=\"78\">Leclercbaby &#8222;Teddy\" miegmai\u0161iai - did\u017eiausias komfortas ir apsauga bet kokiu oru. Jei ie\u0161kote mink\u0161to, \u0161ilto ir apsauginio sprendimo vaikui pasivaik\u0161\u010diojimams v\u0117siu oru, Leclercbaby Teddy yra puikus pasirinkimas! Pagamintas i\u0161 auk\u0161\u010diausios kokyb\u0117s med\u017eiag\u0173, jame derinamas prabangus Sherpa pamu\u0161alas ir patvarus vandeniui atsparus i\u0161orinis sluoksnis, u\u017etikrinantis \u0161ilt\u0105, patogi\u0105 ir oro s\u0105lygoms atspari\u0105 aplink\u0105 kiekvieno pasivaik\u0161\u010diojimo metu.<\/h6>\n","protected":false},"featured_media":83113,"comment_status":"closed","ping_status":"closed","template":"","meta":{"_acf_changed":false,"om_disable_all_campaigns":false,"_monsterinsights_skip_tracking":false,"_monsterinsights_sitenote_active":false,"_monsterinsights_sitenote_note":"","_monsterinsights_sitenote_category":0,"_uf_show_specific_survey":0,"_uf_disable_surveys":false,"site-sidebar-layout":"default","site-content-layout":"","ast-site-content-layout":"default","site-content-style":"default","site-sidebar-style":"default","ast-global-header-display":"","ast-banner-title-visibility":"","ast-main-header-display":"","ast-hfb-above-header-display":"","ast-hfb-below-header-display":"","ast-hfb-mobile-header-display":"","site-post-title":"","ast-breadcrumbs-content":"","ast-featured-img":"","footer-sml-layout":"","theme-transparent-header-meta":"default","adv-header-id-meta":"","stick-header-meta":"","header-above-stick-meta":"","header-main-stick-meta":"","header-below-stick-meta":"","astra-migrate-meta-layouts":"set","ast-page-background-enabled":"default","ast-page-background-meta":{"desktop":{"background-color":"var(--ast-global-color-4)","background-image":"","background-repeat":"repeat","background-position":"center center","background-size":"auto","background-attachment":"scroll","background-type":"","background-media":"","overlay-type":"","overlay-color":"","overlay-opacity":"","overlay-gradient":""},"tablet":{"background-color":"","background-image":"","background-repeat":"repeat","background-position":"center center","background-size":"auto","background-attachment":"scroll","background-type":"","background-media":"","overlay-type":"","overlay-color":"","overlay-opacity":"","overlay-gradient":""},"mobile":{"background-color":"","background-image":"","background-repeat":"repeat","background-position":"center center","background-size":"auto","background-attachment":"scroll","background-type":"","background-media":"","overlay-type":"","overlay-color":"","overlay-opacity":"","overlay-gradient":""}},"ast-content-background-meta":{"desktop":{"background-color":"var(--ast-global-color-5)","background-image":"","background-repeat":"repeat","background-position":"center center","background-size":"auto","background-attachment":"scroll","background-type":"","background-media":"","overlay-type":"","overlay-color":"","overlay-opacity":"","overlay-gradient":""},"tablet":{"background-color":"var(--ast-global-color-5)","background-image":"","background-repeat":"repeat","background-position":"center center","background-size":"auto","background-attachment":"scroll","background-type":"","background-media":"","overlay-type":"","overlay-color":"","overlay-opacity":"","overlay-gradient":""},"mobile":{"background-color":"var(--ast-global-color-5)","background-image":"","background-repeat":"repeat","background-position":"center center","background-size":"auto","background-attachment":"scroll","background-type":"","background-media":"","overlay-type":"","overlay-color":"","overlay-opacity":"","overlay-gradient":""}}},"product_brand":[],"product_cat":[331,332,404],"product_tag":[],"class_list":{"0":"post-51279","1":"product","2":"type-product","3":"status-publish","4":"has-post-thumbnail","6":"product_cat-apipjaustymo-priedai","7":"product_cat-leclercbaby-lt","8":"product_cat-karsti-maiseliai","9":"desktop-align-left","10":"tablet-align-left","11":"mobile-align-left","13":"first","14":"instock","15":"sale","16":"taxable","17":"shipping-taxable","18":"purchasable","19":"product-type-variable"},"acf":[],"aioseo_notices":[],"_links":{"self":[{"href":"https:\/\/hummy.ee\/lt\/wp-json\/wp\/v2\/product\/51279","targetHints":{"allow":["GET"]}}],"collection":[{"href":"https:\/\/hummy.ee\/lt\/wp-json\/wp\/v2\/product"}],"about":[{"href":"https:\/\/hummy.ee\/lt\/wp-json\/wp\/v2\/types\/product"}],"replies":[{"embeddable":true,"href":"https:\/\/hummy.ee\/lt\/wp-json\/wp\/v2\/comments?post=51279"}],"version-history":[{"count":3,"href":"https:\/\/hummy.ee\/lt\/wp-json\/wp\/v2\/product\/51279\/revisions"}],"predecessor-version":[{"id":86226,"href":"https:\/\/hummy.ee\/lt\/wp-json\/wp\/v2\/product\/51279\/revisions\/86226"}],"wp:featuredmedia":[{"embeddable":true,"href":"https:\/\/hummy.ee\/lt\/wp-json\/wp\/v2\/media\/83113"}],"wp:attachment":[{"href":"https:\/\/hummy.ee\/lt\/wp-json\/wp\/v2\/media?parent=51279"}],"wp:term":[{"taxonomy":"product_brand","embeddable":true,"href":"https:\/\/hummy.ee\/lt\/wp-json\/wp\/v2\/product_brand?post=51279"},{"taxonomy":"product_cat","embeddable":true,"href":"https:\/\/hummy.ee\/lt\/wp-json\/wp\/v2\/product_cat?post=51279"},{"taxonomy":"product_tag","embeddable":true,"href":"https:\/\/hummy.ee\/lt\/wp-json\/wp\/v2\/product_tag?post=51279"}],"curies":[{"name":"wp","href":"https:\/\/api.w.org\/{rel}","templated":true}]}}