{"id":51257,"date":"2024-04-07T18:26:12","date_gmt":"2024-04-07T18:26:12","guid":{"rendered":"https:\/\/hummy.ee\/product\/leclercbaby-prabangi-sedynes-pagalvele\/"},"modified":"2026-03-18T20:43:01","modified_gmt":"2026-03-18T20:43:01","slug":"leclercbaby-prabangi-sedynes-pagalvele","status":"publish","type":"product","link":"https:\/\/hummy.ee\/lt\/produktas\/leclercbaby-prabangi-sedynes-pagalvele\/","title":{"rendered":"Leclercbaby Prabangi s\u0117dyn\u0117s pagalv\u0117l\u0117"},"content":{"rendered":"<h6><strong><em>Kod\u0117l verta rinktis s\u0117dyn\u0117s pagalv\u0117l\u0119 &#8222;Luxury\"?<\/em><\/strong><\/h6>\n<h6>Pirma, ji pagaminta i\u0161 geriausi\u0173 med\u017eiag\u0173, kad b\u016bt\u0173 maksimaliai mink\u0161ta ir pralaidi orui. Be to, pamink\u0161tinimas sukurtas taip, kad palaikyt\u0173 vaik\u0105 ilg\u0173 pasivaik\u0161\u010diojim\u0173 metu ir u\u017etikrint\u0173 komfort\u0105 kiekviename \u017eingsnyje. Be to, dr\u0117gm\u0119 praleid\u017eian\u010dios savyb\u0117s padeda i\u0161laikyti k\u016bdik\u012f saus\u0105 ir v\u0117s\u0173 net kar\u0161\u010diausiomis vasaros dienomis.<\/h6>\n<p>&nbsp;<\/p>\n<h6><strong><em>\u0160iluma ir pralaidumas orui - puikiai tinka kiekvienam sezonui<\/em><\/strong><\/h6>\n<h6>Skirtingai nei \u012fprasti s\u0117dyni\u0173 pamink\u0161tinimai, &#8222;Luxury\" pamink\u0161tinimas pagamintas i\u0161 keturi\u0173 sluoksni\u0173, kuriuose derinama medviln\u0117 ir viskoz\u0117, kad b\u016bt\u0173 u\u017etikrintas optimalus temperat\u016bros reguliavimas.<\/h6>\n<h6><\/h6>\n<ul data-start=\"1117\" data-end=\"1234\">\n<li data-start=\"1117\" data-end=\"1155\">\n<h6>\u017diem\u0105 k\u016bdikiui bus \u0161ilta.<\/h6>\n<\/li>\n<li data-start=\"1156\" data-end=\"1234\">\n<h6>Vasar\u0105 kv\u0117puojantis audinys u\u017etikrina pakankam\u0105 oro sraut\u0105, kad neperkaist\u0173.<\/h6>\n<\/li>\n<li data-start=\"1156\" data-end=\"1234\">\n<h6>Be to,<span style=\"font-size: 1.1em;\"> kadangi medviln\u0117 yra <\/span>hipoalergin\u0117,<span style=\"font-size: 1.1em;\"> s\u0117dyn\u0117s pamu\u0161alas yra <\/span>99,99 % atsparus bakterijoms,<span style=\"font-size: 1.1em;\"> tod\u0117l suma\u017e\u0117ja alergijos rizika ir u\u017etikrinama papildoma k\u016bdikio odos apsauga.<\/span><\/h6>\n<\/li>\n<\/ul>\n<h6><\/h6>\n<h6><strong><em>Universali konstrukcija ir lengva prie\u017ei\u016bra<\/em><\/strong><\/h6>\n<h6>Bet tai dar ne viskas! D\u0117l universalios konstrukcijos &#8222;Luxury\" s\u0117dyn\u0117s tvirtinimo \u012ftaisas tinka visiems ve\u017eim\u0117liams ir vaiki\u0161kiems ve\u017eim\u0117liams, tod\u0117l jis saugiai ir skland\u017eiai priglunda.<\/h6>\n<h6>Kai ateis laikas valyti, nesijaudinkite! Nuimkite pamu\u0161al\u0105 ir skalbkite skalbimo ma\u0161inoje 30 \u00b0C temperat\u016broje - tai paprasta ir nesud\u0117tinga prie\u017ei\u016bra. Po skalbimo tiesiog pad\u0117kite ant virv\u0117s, kad i\u0161d\u017ei\u016bt\u0173 - taip u\u017etikrinsite ilgalaik\u0119 kokyb\u0119.<\/h6>\n<p>&nbsp;<\/p>\n<h6><strong><em>Stilius ir prabanga viename<\/em><\/strong><\/h6>\n<h6>Be prakti\u0161kumo, &#8222;Luxury\" s\u0117dyn\u0117s pagalv\u0117l\u0117 suteikia ve\u017eim\u0117liui rafinuotumo. Nesenstantis dizainas, kruop\u0161\u010diai parinkta apdaila ir kokybi\u0161kos med\u017eiagos pagerina bet kokio ve\u017eim\u0117lio i\u0161vaizd\u0105.<\/h6>\n<h6>Be to, klasikin\u0117s juodos arba pilkos spalvos d\u0117klas puikiai tinka prie bet kokio Leclercbaby lengvo ve\u017eim\u0117lio.<\/h6>\n<p>&nbsp;<\/p>\n<h6><strong><em>Geriausia investicija \u012f vaiko gerov\u0119<\/em><\/strong><\/h6>\n<h6>&#8222;Luxury\" s\u0117dyn\u0117s pagalv\u0117l\u0117 - puikus pasirinkimas t\u0117vams, norintiems suderinti patogum\u0105, stili\u0173 ir prakti\u0161kum\u0105. Vaikai nusipelno tik geriausio, o \u0161is s\u0117dyn\u0117s u\u017evalkalas suteikia jiems b\u016btent tai - prabang\u0173 mink\u0161tum\u0105 ir apsaug\u0105 visais met\u0173 laikais.<\/h6>\n<p>&nbsp;<\/p>\n<h6><strong><em>Matmenys:<\/em><\/strong><\/h6>\n<ul>\n<li data-start=\"2533\" data-end=\"2614\">\n<h6>Auk\u0161tis: 30 cm<\/h6>\n<\/li>\n<li data-start=\"2533\" data-end=\"2614\">\n<h6>Plotis: 34 cm<\/h6>\n<\/li>\n<li data-start=\"2533\" data-end=\"2614\">\n<h6>Ilgis: 78 cm<\/h6>\n<\/li>\n<\/ul>\n<p>&nbsp;<\/p>\n<h6><em>Daugiau apie tai, kaip pasirinkti lengv\u0105 ve\u017eim\u0117l\u012f, skaitykite Hummy <a href=\"https:\/\/hummy.ee\/lt\/kaip-pasirinkti-lengva-vezimeli\/\" target=\"_blank\" rel=\"noopener\">tinklara\u0161tyje.<\/a><\/em><\/h6>\n<h6><em><a href=\"https:\/\/www.youtube.com\/watch?v=se6NR01dX_o\" target=\"_blank\" rel=\"noopener\">Su\u017einokite daugiau apie tai,<\/a> kaip prie ve\u017eim\u0117lio pritvirtinti s\u0117dyn\u0117s pagalv\u0117l\u0119.<\/em><\/h6>\n","protected":false},"excerpt":{"rendered":"<h6>Leclercbaby &#8222;Luxury Seat Cushion\" yra puikus ve\u017eim\u0117lio papildymas i\u0161tisus metus. \u0160i s\u0117dyn\u0117s pagalv\u0117l\u0117 pagaminta itin kruop\u0161\u010diai ir kruop\u0161\u010diai, kad j\u016bs\u0173 k\u016bdikiui suteikt\u0173 did\u017eiausi\u0105 komfort\u0105 ir stili\u0173.<\/h6>\n","protected":false},"featured_media":31506,"comment_status":"closed","ping_status":"closed","template":"","meta":{"_acf_changed":false,"om_disable_all_campaigns":false,"_monsterinsights_skip_tracking":false,"_monsterinsights_sitenote_active":false,"_monsterinsights_sitenote_note":"","_monsterinsights_sitenote_category":0,"_uf_show_specific_survey":0,"_uf_disable_surveys":false,"site-sidebar-layout":"default","site-content-layout":"","ast-site-content-layout":"default","site-content-style":"default","site-sidebar-style":"default","ast-global-header-display":"","ast-banner-title-visibility":"","ast-main-header-display":"","ast-hfb-above-header-display":"","ast-hfb-below-header-display":"","ast-hfb-mobile-header-display":"","site-post-title":"","ast-breadcrumbs-content":"","ast-featured-img":"","footer-sml-layout":"","theme-transparent-header-meta":"default","adv-header-id-meta":"","stick-header-meta":"","header-above-stick-meta":"","header-main-stick-meta":"","header-below-stick-meta":"","astra-migrate-meta-layouts":"set","ast-page-background-enabled":"default","ast-page-background-meta":{"desktop":{"background-color":"var(--ast-global-color-4)","background-image":"","background-repeat":"repeat","background-position":"center center","background-size":"auto","background-attachment":"scroll","background-type":"","background-media":"","overlay-type":"","overlay-color":"","overlay-opacity":"","overlay-gradient":""},"tablet":{"background-color":"","background-image":"","background-repeat":"repeat","background-position":"center center","background-size":"auto","background-attachment":"scroll","background-type":"","background-media":"","overlay-type":"","overlay-color":"","overlay-opacity":"","overlay-gradient":""},"mobile":{"background-color":"","background-image":"","background-repeat":"repeat","background-position":"center center","background-size":"auto","background-attachment":"scroll","background-type":"","background-media":"","overlay-type":"","overlay-color":"","overlay-opacity":"","overlay-gradient":""}},"ast-content-background-meta":{"desktop":{"background-color":"var(--ast-global-color-5)","background-image":"","background-repeat":"repeat","background-position":"center center","background-size":"auto","background-attachment":"scroll","background-type":"","background-media":"","overlay-type":"","overlay-color":"","overlay-opacity":"","overlay-gradient":""},"tablet":{"background-color":"var(--ast-global-color-5)","background-image":"","background-repeat":"repeat","background-position":"center center","background-size":"auto","background-attachment":"scroll","background-type":"","background-media":"","overlay-type":"","overlay-color":"","overlay-opacity":"","overlay-gradient":""},"mobile":{"background-color":"var(--ast-global-color-5)","background-image":"","background-repeat":"repeat","background-position":"center center","background-size":"auto","background-attachment":"scroll","background-type":"","background-media":"","overlay-type":"","overlay-color":"","overlay-opacity":"","overlay-gradient":""}}},"product_brand":[],"product_cat":[331,332,385],"product_tag":[337,335],"class_list":{"0":"post-51257","1":"product","2":"type-product","3":"status-publish","4":"has-post-thumbnail","6":"product_cat-apipjaustymo-priedai","7":"product_cat-leclercbaby-lt","8":"product_cat-sedyniu-pagalveles","9":"product_tag-atskiri-produktai","10":"product_tag-pritaikyta-svetaine","11":"desktop-align-left","12":"tablet-align-left","13":"mobile-align-left","15":"first","16":"instock","17":"sale","18":"taxable","19":"shipping-taxable","20":"purchasable","21":"product-type-variable"},"acf":[],"aioseo_notices":[],"_links":{"self":[{"href":"https:\/\/hummy.ee\/lt\/wp-json\/wp\/v2\/product\/51257","targetHints":{"allow":["GET"]}}],"collection":[{"href":"https:\/\/hummy.ee\/lt\/wp-json\/wp\/v2\/product"}],"about":[{"href":"https:\/\/hummy.ee\/lt\/wp-json\/wp\/v2\/types\/product"}],"replies":[{"embeddable":true,"href":"https:\/\/hummy.ee\/lt\/wp-json\/wp\/v2\/comments?post=51257"}],"version-history":[{"count":2,"href":"https:\/\/hummy.ee\/lt\/wp-json\/wp\/v2\/product\/51257\/revisions"}],"predecessor-version":[{"id":86207,"href":"https:\/\/hummy.ee\/lt\/wp-json\/wp\/v2\/product\/51257\/revisions\/86207"}],"wp:featuredmedia":[{"embeddable":true,"href":"https:\/\/hummy.ee\/lt\/wp-json\/wp\/v2\/media\/31506"}],"wp:attachment":[{"href":"https:\/\/hummy.ee\/lt\/wp-json\/wp\/v2\/media?parent=51257"}],"wp:term":[{"taxonomy":"product_brand","embeddable":true,"href":"https:\/\/hummy.ee\/lt\/wp-json\/wp\/v2\/product_brand?post=51257"},{"taxonomy":"product_cat","embeddable":true,"href":"https:\/\/hummy.ee\/lt\/wp-json\/wp\/v2\/product_cat?post=51257"},{"taxonomy":"product_tag","embeddable":true,"href":"https:\/\/hummy.ee\/lt\/wp-json\/wp\/v2\/product_tag?post=51257"}],"curies":[{"name":"wp","href":"https:\/\/api.w.org\/{rel}","templated":true}]}}