{"id":51254,"date":"2024-04-07T18:24:33","date_gmt":"2024-04-07T18:24:33","guid":{"rendered":"https:\/\/hummy.ee\/product\/leclercbaby-prabangi-apverciama-sedynes-pagalvele\/"},"modified":"2026-03-18T20:44:10","modified_gmt":"2026-03-18T20:44:10","slug":"leclercbaby-prabangi-apverciama-sedynes-pagalvele","status":"publish","type":"product","link":"https:\/\/hummy.ee\/lt\/produktas\/leclercbaby-prabangi-apverciama-sedynes-pagalvele\/","title":{"rendered":"Leclercbaby Prabangi apver\u010diama s\u0117dyn\u0117s pagalv\u0117l\u0117"},"content":{"rendered":"<h6 data-start=\"496\" data-end=\"551\"><strong><em>Kod\u0117l verta rinktis &#8222;Reversible Luxury\" s\u0117dyni\u0173 pagalv\u0117les?<\/em><\/strong><\/h6>\n<ul>\n<li data-start=\"553\" data-end=\"1018\">\n<h6>Funkcija &#8222;du viename\" - s\u0117dyn\u0117s pagalv\u0117l\u0119 galima naudoti i\u0161 abiej\u0173 pusi\u0173, tod\u0117l ji ypa\u010d prakti\u0161ka.<\/h6>\n<\/li>\n<li data-start=\"553\" data-end=\"1018\">\n<h6>\u0160iltas ir mink\u0161tas &#8222;Sherpa\" pamu\u0161alas - idealiai tinka \u0161altiems \u017eiemos m\u0117nesiams, kad k\u016bdikiui b\u016bt\u0173 jauku ir \u0161ilta.<\/h6>\n<\/li>\n<li data-start=\"553\" data-end=\"1018\">\n<h6>Kv\u0117puojantis tekstil\u0117s audinys - padeda atv\u0117sti kar\u0161tomis vasaros dienomis ir u\u017etikrina optimali\u0105 oro cirkuliacij\u0105.<\/h6>\n<\/li>\n<li data-start=\"553\" data-end=\"1018\">\n<h6>Hipoalergin\u0117 medviln\u0117 - 99,99 % atspari bakterijoms, tod\u0117l suma\u017e\u0117ja alergijos rizika ir apsaugoma jautri k\u016bdikio oda.<\/h6>\n<\/li>\n<\/ul>\n<h6 data-start=\"1020\" data-end=\"1069\"><strong><em>Universalus ir patogus naudoti dizainas<\/em><\/strong><\/h6>\n<h6 data-start=\"1071\" data-end=\"1283\">Be patogumo, &#8222;Luxury\" s\u0117dyn\u0117s pagalv\u0117l\u0117 taip pat sukurta atsi\u017evelgiant \u012f prakti\u0161kum\u0105. D\u0117l universalios konstrukcijos j\u0105 galima greitai ir lengvai pritvirtinti prie beveik bet kokio ve\u017eim\u0117lio ar vaiki\u0161ko ve\u017eim\u0117lio.<\/h6>\n<h6 data-start=\"1285\" data-end=\"1510\">Kai ateis laikas valyti, nesijaudinkite! Nuimkite pagalv\u0117l\u0119 ir skalbkite skalbykl\u0117je 30 \u00b0C temperat\u016broje - tai paprasta ir nesud\u0117tinga prie\u017ei\u016bra. Tada tiesiog pad\u0117kite j\u0105 i\u0161d\u017eiovinti ant virv\u0117s, kad b\u016bt\u0173 u\u017etikrintas ilgas tarnavimo laikas.<\/h6>\n<p>&nbsp;<\/p>\n<h6 data-start=\"1512\" data-end=\"1548\"><strong><em>Stilius ir universalumas viename<\/em><\/strong><\/h6>\n<h6 data-start=\"1550\" data-end=\"1824\">Bet tai dar ne viskas! &#8222;Luxury\" s\u0117dyn\u0117s pagalv\u0117l\u0117 i\u0161ties ypatinga d\u0117l savo universalios konstrukcijos. D\u0117l dviej\u0173 skirting\u0173 pusi\u0173 galite greitai pakeisti ve\u017eim\u0117lio i\u0161vaizd\u0105 - pasirinkite vien\u0105 i\u0161 dviej\u0173 stiling\u0173 dizain\u0173 ir prisitaikykite prie sezono ar nuotaikos.<\/h6>\n<h6 data-start=\"1550\" data-end=\"1824\">Be to, prabangi juoda arba pilka spalva suteikia ve\u017eim\u0117liui elegancijos ir rafinuotumo, tod\u0117l puikiai tinka prie bet kurio Leclercbaby lengvo ve\u017eim\u0117lio.<\/h6>\n<p>&nbsp;<\/p>\n<h6 data-start=\"1997\" data-end=\"2041\"><strong><em>Geriausia investicija \u012f vaiko gerov\u0119<\/em><\/strong><\/h6>\n<h6 data-start=\"2043\" data-end=\"2303\">Dvipus\u0117 s\u0117dyn\u0117s pagalv\u0117l\u0117 &#8222;Luxury\" yra idealus pasirinkimas t\u0117vams, norintiems suderinti patogum\u0105, stili\u0173 ir prakti\u0161kum\u0105. Vaikai nusipelno tik geriausio, o \u0161i s\u0117dyn\u0117s pagalv\u0117l\u0117 suteikia jiems b\u016btent tai - prabang\u0173 mink\u0161tum\u0105 ir apsaug\u0105 visais met\u0173 laikais.<\/h6>\n<p>&nbsp;<\/p>\n<h6><strong><em>Matmenys:<\/em><\/strong><\/h6>\n<ul>\n<li data-start=\"2305\" data-end=\"2386\">\n<h6>Auk\u0161tis: 30 cm<\/h6>\n<\/li>\n<li data-start=\"2305\" data-end=\"2386\">\n<h6>Plotis: 34 cm<\/h6>\n<\/li>\n<li data-start=\"2305\" data-end=\"2386\">\n<h6>Ilgis: 78 cm<\/h6>\n<\/li>\n<\/ul>\n<p>&nbsp;<\/p>\n<h6><em>Daugiau apie tai, kaip pasirinkti lengv\u0105 ve\u017eim\u0117l\u012f, skaitykite Hummy <a href=\"https:\/\/hummy.ee\/lt\/kaip-pasirinkti-lengva-vezimeli\/\" target=\"_blank\" rel=\"noopener\">tinklara\u0161tyje.<\/a><\/em><\/h6>\n<h6><em><a href=\"https:\/\/www.youtube.com\/watch?v=se6NR01dX_o\" target=\"_blank\" rel=\"noopener\">Su\u017einokite daugiau apie tai,<\/a> kaip prie ve\u017eim\u0117lio pritvirtinti s\u0117dyn\u0117s pagalv\u0117l\u0119.<\/em><\/h6>\n","protected":false},"excerpt":{"rendered":"<h6>Leclercbaby Prabangi dvipus\u0117 s\u0117dyn\u0117s pagalv\u0117l\u0117 yra puikus ve\u017eim\u0117lio papildymas i\u0161tisus metus. \u0160i s\u0117dyn\u0117s pagalv\u0117l\u0117 pagaminta itin kruop\u0161\u010diai ir d\u0117mesingai, kad j\u016bs\u0173 k\u016bdikiui b\u016bt\u0173 u\u017etikrintas did\u017eiausias komfortas ir stilius.<\/h6>\n","protected":false},"featured_media":31538,"comment_status":"closed","ping_status":"closed","template":"","meta":{"_acf_changed":false,"om_disable_all_campaigns":false,"_monsterinsights_skip_tracking":false,"_monsterinsights_sitenote_active":false,"_monsterinsights_sitenote_note":"","_monsterinsights_sitenote_category":0,"_uf_show_specific_survey":0,"_uf_disable_surveys":false,"site-sidebar-layout":"default","site-content-layout":"","ast-site-content-layout":"default","site-content-style":"default","site-sidebar-style":"default","ast-global-header-display":"","ast-banner-title-visibility":"","ast-main-header-display":"","ast-hfb-above-header-display":"","ast-hfb-below-header-display":"","ast-hfb-mobile-header-display":"","site-post-title":"","ast-breadcrumbs-content":"","ast-featured-img":"","footer-sml-layout":"","theme-transparent-header-meta":"default","adv-header-id-meta":"","stick-header-meta":"","header-above-stick-meta":"","header-main-stick-meta":"","header-below-stick-meta":"","astra-migrate-meta-layouts":"set","ast-page-background-enabled":"default","ast-page-background-meta":{"desktop":{"background-color":"var(--ast-global-color-4)","background-image":"","background-repeat":"repeat","background-position":"center center","background-size":"auto","background-attachment":"scroll","background-type":"","background-media":"","overlay-type":"","overlay-color":"","overlay-opacity":"","overlay-gradient":""},"tablet":{"background-color":"","background-image":"","background-repeat":"repeat","background-position":"center center","background-size":"auto","background-attachment":"scroll","background-type":"","background-media":"","overlay-type":"","overlay-color":"","overlay-opacity":"","overlay-gradient":""},"mobile":{"background-color":"","background-image":"","background-repeat":"repeat","background-position":"center center","background-size":"auto","background-attachment":"scroll","background-type":"","background-media":"","overlay-type":"","overlay-color":"","overlay-opacity":"","overlay-gradient":""}},"ast-content-background-meta":{"desktop":{"background-color":"var(--ast-global-color-5)","background-image":"","background-repeat":"repeat","background-position":"center center","background-size":"auto","background-attachment":"scroll","background-type":"","background-media":"","overlay-type":"","overlay-color":"","overlay-opacity":"","overlay-gradient":""},"tablet":{"background-color":"var(--ast-global-color-5)","background-image":"","background-repeat":"repeat","background-position":"center center","background-size":"auto","background-attachment":"scroll","background-type":"","background-media":"","overlay-type":"","overlay-color":"","overlay-opacity":"","overlay-gradient":""},"mobile":{"background-color":"var(--ast-global-color-5)","background-image":"","background-repeat":"repeat","background-position":"center center","background-size":"auto","background-attachment":"scroll","background-type":"","background-media":"","overlay-type":"","overlay-color":"","overlay-opacity":"","overlay-gradient":""}}},"product_brand":[],"product_cat":[331,332,385],"product_tag":[],"class_list":{"0":"post-51254","1":"product","2":"type-product","3":"status-publish","4":"has-post-thumbnail","6":"product_cat-apipjaustymo-priedai","7":"product_cat-leclercbaby-lt","8":"product_cat-sedyniu-pagalveles","9":"desktop-align-left","10":"tablet-align-left","11":"mobile-align-left","13":"first","14":"instock","15":"sale","16":"taxable","17":"shipping-taxable","18":"purchasable","19":"product-type-variable"},"acf":[],"aioseo_notices":[],"_links":{"self":[{"href":"https:\/\/hummy.ee\/lt\/wp-json\/wp\/v2\/product\/51254","targetHints":{"allow":["GET"]}}],"collection":[{"href":"https:\/\/hummy.ee\/lt\/wp-json\/wp\/v2\/product"}],"about":[{"href":"https:\/\/hummy.ee\/lt\/wp-json\/wp\/v2\/types\/product"}],"replies":[{"embeddable":true,"href":"https:\/\/hummy.ee\/lt\/wp-json\/wp\/v2\/comments?post=51254"}],"version-history":[{"count":2,"href":"https:\/\/hummy.ee\/lt\/wp-json\/wp\/v2\/product\/51254\/revisions"}],"predecessor-version":[{"id":86217,"href":"https:\/\/hummy.ee\/lt\/wp-json\/wp\/v2\/product\/51254\/revisions\/86217"}],"wp:featuredmedia":[{"embeddable":true,"href":"https:\/\/hummy.ee\/lt\/wp-json\/wp\/v2\/media\/31538"}],"wp:attachment":[{"href":"https:\/\/hummy.ee\/lt\/wp-json\/wp\/v2\/media?parent=51254"}],"wp:term":[{"taxonomy":"product_brand","embeddable":true,"href":"https:\/\/hummy.ee\/lt\/wp-json\/wp\/v2\/product_brand?post=51254"},{"taxonomy":"product_cat","embeddable":true,"href":"https:\/\/hummy.ee\/lt\/wp-json\/wp\/v2\/product_cat?post=51254"},{"taxonomy":"product_tag","embeddable":true,"href":"https:\/\/hummy.ee\/lt\/wp-json\/wp\/v2\/product_tag?post=51254"}],"curies":[{"name":"wp","href":"https:\/\/api.w.org\/{rel}","templated":true}]}}