{"id":51241,"date":"2024-04-07T18:55:12","date_gmt":"2024-04-07T18:55:12","guid":{"rendered":"https:\/\/hummy.ee\/product\/leclercbaby-prabangus-lietpaltis\/"},"modified":"2026-03-18T20:43:19","modified_gmt":"2026-03-18T20:43:19","slug":"leclercbaby-prabangus-lietpaltis","status":"publish","type":"product","link":"https:\/\/hummy.ee\/lt\/produktas\/leclercbaby-prabangus-lietpaltis\/","title":{"rendered":"Leclercbaby Prabangus lietpaltis"},"content":{"rendered":"<h6 data-start=\"477\" data-end=\"528\"><strong><em>Kod\u0117l verta rinktis Leclercbaby Luxury lietpalt\u012f?<\/em><\/strong><\/h6>\n<ul>\n<li data-start=\"769\" data-end=\"932\">\n<h6>Puiki apsauga nuo nepalanki\u0173 oro s\u0105lyg\u0173 - apsaugo k\u016bdik\u012f ir ve\u017eim\u0117l\u012f nuo lietaus, v\u0117jo ir dr\u0117gm\u0117s, tod\u0117l juo galima patogiai ir be r\u016bpes\u010di\u0173 vaik\u0161\u010dioti bet kokiu oru.<\/h6>\n<\/li>\n<li data-start=\"934\" data-end=\"1062\">\n<h6>Optimali oro cirkuliacija - ventiliacijos angos u\u017etikrina ger\u0105 ventiliacij\u0105, tod\u0117l nesikaupia dr\u0117gm\u0117 ir j\u016bs\u0173 vaikas jau\u010diasi patogiai.<\/h6>\n<\/li>\n<li data-start=\"1064\" data-end=\"1223\">\n<h6>Tinkamas visiems &#8222;Leclercbaby\" ve\u017eim\u0117li\u0173 modeliams, o d\u0117l savo papildomo ilgio u\u017etikrina visapusi\u0161k\u0105 apsaug\u0105 nuo galvos iki koj\u0173.<\/h6>\n<\/li>\n<li data-start=\"1225\" data-end=\"1374\">\n<h6>Greitas ir patogus montavimas - d\u0117l suri\u0161imo dir\u017eeli\u0173 ir precizi\u0161kai i\u0161pjautos konstrukcijos lietaus dangt\u012f lengva pritvirtinti ir nuimti be vargo.<\/h6>\n<\/li>\n<li data-start=\"1376\" data-end=\"1566\">\n<h6>Kompakti\u0161kas ir patogus laikymas - nenaudojam\u0105 lietaus u\u017eklot\u0105 galima lengvai sulankstyti ir laikyti prid\u0117tame neper\u0161lampamame krep\u0161yje, kuris puikiai telpa \u012f ve\u017eim\u0117lio krep\u0161\u012f.<\/h6>\n<\/li>\n<li data-start=\"1568\" data-end=\"1738\">\n<h6>Lengva, bet patvari med\u017eiaga - vandeniui atsparus ir trin\u010diai atsparus audinys u\u017etikrina ilgalaik\u012f naudojim\u0105, o eleganti\u0161kas dizainas papildo ve\u017eim\u0117lio stili\u0173.<\/h6>\n<\/li>\n<li data-start=\"1740\" data-end=\"1926\">\n<h6>Puikus kelioni\u0173 palydovas - &#8222;Leclercbaby Luxury\" apsauga nuo lietaus yra tokia lengva ir kompakti\u0161ka, kad puikiai tinka pasiimti su savimi keliaujant l\u0117ktuvu, automobiliu ar vie\u0161uoju transportu.<\/h6>\n<\/li>\n<\/ul>\n<h6 data-start=\"1434\" data-end=\"1464\"><strong><em>\u012etrauktas:<\/em><\/strong><\/h6>\n<ul>\n<li data-start=\"1465\" data-end=\"1515\">\n<h6>Lietpaltis - patvarus ir atsparus vandeniui<\/h6>\n<\/li>\n<li data-start=\"1516\" data-end=\"1563\">\n<h6>Sand\u0117liavimo krep\u0161ys - atsparus oro s\u0105lygoms ir kompakti\u0161kas<\/h6>\n<\/li>\n<\/ul>\n<h6><strong><em>Funkcijos:<\/em><\/strong><\/h6>\n<ul>\n<li data-start=\"1565\" data-end=\"1785\">\n<h6>Tinka visiems Leclercbaby ve\u017eim\u0117liams<\/h6>\n<\/li>\n<li data-start=\"1565\" data-end=\"1785\">\n<h6>Kv\u0117puojanti med\u017eiaga u\u017etikrina ger\u0105 vaiko oro cirkuliacij\u0105<\/h6>\n<\/li>\n<li data-start=\"1565\" data-end=\"1785\">\n<h6>Lengvai montuojami ir nuimami su dir\u017eeliais<\/h6>\n<\/li>\n<li data-start=\"1565\" data-end=\"1785\">\n<h6>Papildomas ilgis u\u017etikrina visi\u0161k\u0105 vaiko apsaug\u0105<\/h6>\n<\/li>\n<\/ul>\n<h6>Neleiskite lietui sugriauti j\u016bs\u0173 plan\u0173 - u\u017esisakykite &#8222;Leclercbaby Luxury\" apsaug\u0105 nuo lietaus jau \u0161iandien ir b\u016bkite pasiruo\u0161\u0119 bet kokiam pasivaik\u0161\u010diojimui, kad ir koks b\u016bt\u0173 oras!<\/h6>\n<p>&nbsp;<\/p>\n<h6><em>Su\u017einokite, k\u0105 apie Leclercbaby lengv\u0105j\u012f ve\u017eim\u0117l\u012f ir priedus mano kiti t\u0117vai, - skaitykite naudotoj\u0173 istorijas <a href=\"https:\/\/leclercbaby.ee\/travel\/lastega-reisile-lihtsam-kui-sa-eeldad\/\" rel=\"nofollow \">tinklara\u0161tyje<\/a>.<\/em><\/h6>\n<h6><em>Ie\u0161kote tobulo lengvojo sunkve\u017eimio? Skaitykite Hummy <a href=\"https:\/\/hummy.ee\/lt\/kaip-pasirinkti-lengva-vezimeli\/\" target=\"_blank\" rel=\"noopener\">tinklara\u0161t\u012f apie tai,<\/a> kaip i\u0161sirinkti geriausi\u0105 Leclercbaby ve\u017eim\u0117l\u012f jums ir j\u016bs\u0173 vaikui! <\/em><\/h6>\n","protected":false},"excerpt":{"rendered":"<h6 data-start=\"124\" data-end=\"475\">Leclercbaby &#8222;Luxury\" apsauga nuo lietaus veiksmingai apsaugos j\u016bs\u0173 vaik\u0105 ir ve\u017eim\u0117l\u012f nuo lietaus, v\u0117jo ir kit\u0173 oro s\u0105lyg\u0173. Pagamintas i\u0161 auk\u0161tos kokyb\u0117s ir patvari\u0173 med\u017eiag\u0173, lietaus apdangalas yra puikus Leclercbaby ve\u017eim\u0117li\u0173 priedas, u\u017etikrinantis komfort\u0105 ir saugum\u0105 bet kokiu oru. Leclercbaby Lengvas, orui pralaidus ir prakti\u0161kas, lengvas ve\u017eim\u0117lio sk\u0117tis yra b\u016btinas priedas visiems t\u0117vams, kurie nori b\u016bti pasiruo\u0161\u0119 nepalankioms oro s\u0105lygoms.<\/h6>\n","protected":false},"featured_media":44322,"comment_status":"closed","ping_status":"closed","template":"","meta":{"_acf_changed":false,"om_disable_all_campaigns":false,"_monsterinsights_skip_tracking":false,"_monsterinsights_sitenote_active":false,"_monsterinsights_sitenote_note":"","_monsterinsights_sitenote_category":0,"_uf_show_specific_survey":0,"_uf_disable_surveys":false,"site-sidebar-layout":"default","site-content-layout":"","ast-site-content-layout":"default","site-content-style":"default","site-sidebar-style":"default","ast-global-header-display":"","ast-banner-title-visibility":"","ast-main-header-display":"","ast-hfb-above-header-display":"","ast-hfb-below-header-display":"","ast-hfb-mobile-header-display":"","site-post-title":"","ast-breadcrumbs-content":"","ast-featured-img":"","footer-sml-layout":"","theme-transparent-header-meta":"default","adv-header-id-meta":"","stick-header-meta":"","header-above-stick-meta":"","header-main-stick-meta":"","header-below-stick-meta":"","astra-migrate-meta-layouts":"set","ast-page-background-enabled":"default","ast-page-background-meta":{"desktop":{"background-color":"var(--ast-global-color-4)","background-image":"","background-repeat":"repeat","background-position":"center center","background-size":"auto","background-attachment":"scroll","background-type":"","background-media":"","overlay-type":"","overlay-color":"","overlay-opacity":"","overlay-gradient":""},"tablet":{"background-color":"","background-image":"","background-repeat":"repeat","background-position":"center center","background-size":"auto","background-attachment":"scroll","background-type":"","background-media":"","overlay-type":"","overlay-color":"","overlay-opacity":"","overlay-gradient":""},"mobile":{"background-color":"","background-image":"","background-repeat":"repeat","background-position":"center center","background-size":"auto","background-attachment":"scroll","background-type":"","background-media":"","overlay-type":"","overlay-color":"","overlay-opacity":"","overlay-gradient":""}},"ast-content-background-meta":{"desktop":{"background-color":"var(--ast-global-color-5)","background-image":"","background-repeat":"repeat","background-position":"center center","background-size":"auto","background-attachment":"scroll","background-type":"","background-media":"","overlay-type":"","overlay-color":"","overlay-opacity":"","overlay-gradient":""},"tablet":{"background-color":"var(--ast-global-color-5)","background-image":"","background-repeat":"repeat","background-position":"center center","background-size":"auto","background-attachment":"scroll","background-type":"","background-media":"","overlay-type":"","overlay-color":"","overlay-opacity":"","overlay-gradient":""},"mobile":{"background-color":"var(--ast-global-color-5)","background-image":"","background-repeat":"repeat","background-position":"center center","background-size":"auto","background-attachment":"scroll","background-type":"","background-media":"","overlay-type":"","overlay-color":"","overlay-opacity":"","overlay-gradient":""}}},"product_brand":[],"product_cat":[331,332,333],"product_tag":[337],"class_list":{"0":"post-51241","1":"product","2":"type-product","3":"status-publish","4":"has-post-thumbnail","6":"product_cat-apipjaustymo-priedai","7":"product_cat-leclercbaby-lt","8":"product_cat-kalejimo-dangciai","9":"product_tag-atskiri-produktai","10":"desktop-align-left","11":"tablet-align-left","12":"mobile-align-left","14":"first","15":"instock","16":"sale","17":"taxable","18":"shipping-taxable","19":"purchasable","20":"product-type-simple"},"acf":[],"aioseo_notices":[],"_links":{"self":[{"href":"https:\/\/hummy.ee\/lt\/wp-json\/wp\/v2\/product\/51241","targetHints":{"allow":["GET"]}}],"collection":[{"href":"https:\/\/hummy.ee\/lt\/wp-json\/wp\/v2\/product"}],"about":[{"href":"https:\/\/hummy.ee\/lt\/wp-json\/wp\/v2\/types\/product"}],"replies":[{"embeddable":true,"href":"https:\/\/hummy.ee\/lt\/wp-json\/wp\/v2\/comments?post=51241"}],"version-history":[{"count":3,"href":"https:\/\/hummy.ee\/lt\/wp-json\/wp\/v2\/product\/51241\/revisions"}],"predecessor-version":[{"id":86214,"href":"https:\/\/hummy.ee\/lt\/wp-json\/wp\/v2\/product\/51241\/revisions\/86214"}],"wp:featuredmedia":[{"embeddable":true,"href":"https:\/\/hummy.ee\/lt\/wp-json\/wp\/v2\/media\/44322"}],"wp:attachment":[{"href":"https:\/\/hummy.ee\/lt\/wp-json\/wp\/v2\/media?parent=51241"}],"wp:term":[{"taxonomy":"product_brand","embeddable":true,"href":"https:\/\/hummy.ee\/lt\/wp-json\/wp\/v2\/product_brand?post=51241"},{"taxonomy":"product_cat","embeddable":true,"href":"https:\/\/hummy.ee\/lt\/wp-json\/wp\/v2\/product_cat?post=51241"},{"taxonomy":"product_tag","embeddable":true,"href":"https:\/\/hummy.ee\/lt\/wp-json\/wp\/v2\/product_tag?post=51241"}],"curies":[{"name":"wp","href":"https:\/\/api.w.org\/{rel}","templated":true}]}}