{"id":51235,"date":"2024-04-07T18:55:02","date_gmt":"2024-04-07T18:55:02","guid":{"rendered":"https:\/\/hummy.ee\/product\/leclercbaby-dvigubi-dvigubi-jungiamieji-spaustukai\/"},"modified":"2026-05-01T11:22:36","modified_gmt":"2026-05-01T11:22:36","slug":"leclercbaby-dvigubi-dvigubi-jungiamieji-spaustukai","status":"publish","type":"product","link":"https:\/\/hummy.ee\/lt\/produktas\/leclercbaby-dvigubi-dvigubi-jungiamieji-spaustukai\/","title":{"rendered":"Leclercbaby Dvigubi \/ dvigubi jungiamieji spaustukai"},"content":{"rendered":"<h6><em><strong>Daugkartinis naudojimas:<\/strong><\/em><\/h6>\n<ul>\n<li>\n<h6>Prijunkite du Leclercbaby lop\u0161ius ir tur\u0117site puik\u0173 sprendim\u0105 naujagimiams dvyniams.<\/h6>\n<\/li>\n<li>\n<h6>Prikabinkite du &#8222;Leclercbaby\" ve\u017eim\u0117lius - vien\u0105 su lop\u0161iu - ir tur\u0117site k\u016bdikio ir ma\u017eylio ve\u017eim\u0117l\u012f.<\/h6>\n<\/li>\n<li>\n<h6>Sujung\u0119 du &#8222;Leclercbaby\" ve\u017eim\u0117lius, tur\u0117site dvigub\u0105 ve\u017eim\u0117l\u012f dvynukams ar broliams ir seserims.<\/h6>\n<\/li>\n<\/ul>\n<h6>Lengva nuimti jungiam\u0105sias apkabas - tiesiog pasukite svirt\u012f ir nuimkite ve\u017eim\u0117lius vien\u0105 nuo kito, jei norite juos naudoti atskirai. Ve\u017eim\u0117lius galima supakuoti kartu sand\u0117liuojant ar transportuojant, kad adapteriai likt\u0173 pritvirtinti.<\/h6>\n<p>&nbsp;<\/p>\n<h6><\/h6>\n<h6><strong><em>Kas \u012fskai\u010diuota?<\/em><\/strong><\/h6>\n<ul>\n<li>\n<h6>Leclercbaby Dvivie\u010diai \/ dvivie\u010diai jungiamieji spaustuvai - 3 vnt.<\/h6>\n<\/li>\n<\/ul>\n<h6><em><strong data-start=\"203\" data-end=\"291\" data-is-last-node=\"\">Susipa\u017einkite su Leclercbaby gamini\u0173 asortimentu <a href=\"https:\/\/hummy.ee\/lt\/parduotuve\/leclercbaby\/\" target=\"_blank\" rel=\"noopener\">\u010dia.<\/a><\/strong><\/em><\/h6>\n<h6><em><a href=\"https:\/\/www.youtube.com\/watch?v=H2EIgB1M_xg\" target=\"_blank\" rel=\"noopener\">Su\u017einokite daugiau apie tai,<\/a> kaip ant ve\u017eim\u0117lio r\u0117mo pritvirtinti &#8222;Twin\/Duo\" montavimo laikiklius Leclercbaby.<\/em><\/h6>\n","protected":false},"excerpt":{"rendered":"<h6>Leclercbaby &#8222;Twin\/Duo\" jungiamieji spaustukai yra nepakei\u010diamas priedas, kai norite sujungti du ve\u017eim\u0117lius. Naudodami \u0161\u012f trij\u0173 spaustuk\u0173 rinkin\u012f galite greitai ir patogiai sujungti du Leclercbaby ve\u017eim\u0117lius.<\/h6>\n","protected":false},"featured_media":21646,"comment_status":"closed","ping_status":"closed","template":"","meta":{"_acf_changed":false,"om_disable_all_campaigns":false,"_monsterinsights_skip_tracking":false,"_monsterinsights_sitenote_active":false,"_monsterinsights_sitenote_note":"","_monsterinsights_sitenote_category":0,"_uf_show_specific_survey":0,"_uf_disable_surveys":false,"site-sidebar-layout":"default","site-content-layout":"","ast-site-content-layout":"default","site-content-style":"default","site-sidebar-style":"default","ast-global-header-display":"","ast-banner-title-visibility":"","ast-main-header-display":"","ast-hfb-above-header-display":"","ast-hfb-below-header-display":"","ast-hfb-mobile-header-display":"","site-post-title":"","ast-breadcrumbs-content":"","ast-featured-img":"","footer-sml-layout":"","theme-transparent-header-meta":"default","adv-header-id-meta":"","stick-header-meta":"","header-above-stick-meta":"","header-main-stick-meta":"","header-below-stick-meta":"","astra-migrate-meta-layouts":"set","ast-page-background-enabled":"default","ast-page-background-meta":{"desktop":{"background-color":"var(--ast-global-color-4)","background-image":"","background-repeat":"repeat","background-position":"center center","background-size":"auto","background-attachment":"scroll","background-type":"","background-media":"","overlay-type":"","overlay-color":"","overlay-opacity":"","overlay-gradient":""},"tablet":{"background-color":"","background-image":"","background-repeat":"repeat","background-position":"center center","background-size":"auto","background-attachment":"scroll","background-type":"","background-media":"","overlay-type":"","overlay-color":"","overlay-opacity":"","overlay-gradient":""},"mobile":{"background-color":"","background-image":"","background-repeat":"repeat","background-position":"center center","background-size":"auto","background-attachment":"scroll","background-type":"","background-media":"","overlay-type":"","overlay-color":"","overlay-opacity":"","overlay-gradient":""}},"ast-content-background-meta":{"desktop":{"background-color":"var(--ast-global-color-5)","background-image":"","background-repeat":"repeat","background-position":"center center","background-size":"auto","background-attachment":"scroll","background-type":"","background-media":"","overlay-type":"","overlay-color":"","overlay-opacity":"","overlay-gradient":""},"tablet":{"background-color":"var(--ast-global-color-5)","background-image":"","background-repeat":"repeat","background-position":"center center","background-size":"auto","background-attachment":"scroll","background-type":"","background-media":"","overlay-type":"","overlay-color":"","overlay-opacity":"","overlay-gradient":""},"mobile":{"background-color":"var(--ast-global-color-5)","background-image":"","background-repeat":"repeat","background-position":"center center","background-size":"auto","background-attachment":"scroll","background-type":"","background-media":"","overlay-type":"","overlay-color":"","overlay-opacity":"","overlay-gradient":""}}},"product_brand":[],"product_cat":[373,331,332],"product_tag":[337,335],"class_list":{"0":"post-51235","1":"product","2":"type-product","3":"status-publish","4":"has-post-thumbnail","6":"product_cat-adapteriai","7":"product_cat-apipjaustymo-priedai","8":"product_cat-leclercbaby-lt","9":"product_tag-atskiri-produktai","10":"product_tag-pritaikyta-svetaine","11":"desktop-align-left","12":"tablet-align-left","13":"mobile-align-left","15":"first","16":"instock","17":"taxable","18":"shipping-taxable","19":"purchasable","20":"product-type-simple"},"acf":[],"aioseo_notices":[],"_links":{"self":[{"href":"https:\/\/hummy.ee\/lt\/wp-json\/wp\/v2\/product\/51235","targetHints":{"allow":["GET"]}}],"collection":[{"href":"https:\/\/hummy.ee\/lt\/wp-json\/wp\/v2\/product"}],"about":[{"href":"https:\/\/hummy.ee\/lt\/wp-json\/wp\/v2\/types\/product"}],"replies":[{"embeddable":true,"href":"https:\/\/hummy.ee\/lt\/wp-json\/wp\/v2\/comments?post=51235"}],"version-history":[{"count":4,"href":"https:\/\/hummy.ee\/lt\/wp-json\/wp\/v2\/product\/51235\/revisions"}],"predecessor-version":[{"id":88765,"href":"https:\/\/hummy.ee\/lt\/wp-json\/wp\/v2\/product\/51235\/revisions\/88765"}],"wp:featuredmedia":[{"embeddable":true,"href":"https:\/\/hummy.ee\/lt\/wp-json\/wp\/v2\/media\/21646"}],"wp:attachment":[{"href":"https:\/\/hummy.ee\/lt\/wp-json\/wp\/v2\/media?parent=51235"}],"wp:term":[{"taxonomy":"product_brand","embeddable":true,"href":"https:\/\/hummy.ee\/lt\/wp-json\/wp\/v2\/product_brand?post=51235"},{"taxonomy":"product_cat","embeddable":true,"href":"https:\/\/hummy.ee\/lt\/wp-json\/wp\/v2\/product_cat?post=51235"},{"taxonomy":"product_tag","embeddable":true,"href":"https:\/\/hummy.ee\/lt\/wp-json\/wp\/v2\/product_tag?post=51235"}],"curies":[{"name":"wp","href":"https:\/\/api.w.org\/{rel}","templated":true}]}}