{"id":51234,"date":"2024-04-07T18:54:19","date_gmt":"2024-04-07T18:54:19","guid":{"rendered":"https:\/\/hummy.ee\/product\/leclercbaby-saugos-lopsio-adapteris\/"},"modified":"2026-03-18T20:48:16","modified_gmt":"2026-03-18T20:48:16","slug":"leclercbaby-saugos-lopsio-adapteris","status":"publish","type":"product","link":"https:\/\/hummy.ee\/lt\/produktas\/leclercbaby-saugos-lopsio-adapteris\/","title":{"rendered":"Leclercbaby saugos lop\u0161io adapteris"},"content":{"rendered":"<h6 data-start=\"0\" data-end=\"330\">Leclercbaby lop\u0161io adapteris yra prakti\u0161kas ir patogus sprendimas t\u0117vams, norintiems, kad j\u0173 ve\u017eim\u0117lis b\u016bt\u0173 dar funkcionalesnis ir universalesnis. Leclercbaby Lop\u0161io adapteris sukurtas taip, kad lop\u0161\u012f b\u016bt\u0173 galima greitai ir saugiai pritvirtinti prie ve\u017eim\u0117lio, o jud\u0117jimas su k\u016bdikiu tapt\u0173 sklandesnis ir patogesnis.<\/h6>\n<p>&nbsp;<\/p>\n<h6 data-start=\"332\" data-end=\"848\">Leclercbaby lop\u0161io adapteriai tiesiog pritvirtinami prie ve\u017eim\u0117lio priekyje esan\u010di\u0173 tvirtinimo ta\u0161k\u0173 ir u\u017etikrina stabil\u0173 bei saug\u0173 sujungim\u0105. Juos galima greitai ir lengvai sumontuoti, tod\u0117l galite lengvai pritvirtinti vaiko ve\u017eim\u0117l\u012f be sud\u0117ting\u0173 papildom\u0173 veiksm\u0173. Adapterius galima taip pat lengvai nuimti, kad b\u016bt\u0173 galima greitai pakeisti ve\u017eim\u0117l\u012f ir automobilin\u0119 k\u0117dut\u0119. Tod\u0117l jie tampa nepakei\u010diamais pagalbininkais kasdien\u0117je veikloje, nesvarbu, ar tai b\u016bt\u0173 apsipirkimas, kelion\u0117 pas gydytoj\u0105, ar tiesiog pasivaik\u0161\u010diojimas gryname ore.<\/h6>\n<p>&nbsp;<\/p>\n<h6 data-start=\"850\" data-end=\"1267\">Vienas did\u017eiausi\u0173 privalum\u0173 yra j\u0173 universalumas - &#8222;Leclercbaby\" k\u016bdiki\u0173 ne\u0161iokli\u0173 adapteriai tinka daugeliui gerai \u017einom\u0173 preki\u0173 \u017eenkl\u0173, tod\u0117l jums nereikia nerimauti d\u0117l suderinamumo. Tai suteikia galimyb\u0119 naudoti jau turim\u0105 k\u016bdiki\u0173 \u012frang\u0105 be joki\u0173 papildom\u0173 investicij\u0173.<\/h6>\n<p>&nbsp;<\/p>\n<h6 data-start=\"1269\" data-end=\"1658\">\u0160ie adapteriai skirti t\u0117vams, kurie vertina prakti\u0161kum\u0105, greit\u012f ir patogum\u0105. Jie pagaminti i\u0161 patvari\u0173, auk\u0161tos kokyb\u0117s med\u017eiag\u0173, kad b\u016bt\u0173 ilgaam\u017eiai ir patikimi. Jei ie\u0161kote sprendimo, kuris palengvint\u0173 jud\u0117jim\u0105 su k\u016bdikiu ir padaryt\u0173 kasdien\u012f gyvenim\u0105 patogesn\u012f, tuomet Leclercbaby automobilin\u0117s k\u0117dut\u0117s adapteriai yra tai, ko jums reikia.<\/h6>\n<p>&nbsp;<\/p>\n<h6><em><a href=\"https:\/\/hummy.ee\/wp-content\/uploads\/2024\/04\/Leclercbaby-turvahalli-adapterid.pdf\">Leclercbaby lop\u0161io adapteriai (suderinamumas su lop\u0161iais)<\/a><\/em><\/h6>\n<h6><em><a href=\"https:\/\/www.youtube.com\/watch?v=D_uU12IP3yk\" target=\"_blank\" rel=\"noopener\">Su\u017einokite daugiau<\/a> apie tai, kaip pritvirtinti lop\u0161io adapterius prie ve\u017eim\u0117lio r\u0117mo, adresu Leclercbaby.<\/em><\/h6>\n<h6><\/h6>\n<h6><\/h6>\n","protected":false},"excerpt":{"rendered":"<h6 data-start=\"0\" data-end=\"330\">Leclercbaby lop\u0161io adapteris skirtas greitai ir saugiai pritvirtinti lop\u0161\u012f prie ve\u017eim\u0117lio, kad k\u016bdikio jud\u0117jimas b\u016bt\u0173 sklandesnis ir patogesnis. Leclercbaby universal\u016bs adapteriai greitai ir patogiai pritvirtinami prie Leclercbaby ve\u017eim\u0117lio. Puikus pasirinkimas greitiems pasivaik\u0161\u010diojimams su ma\u017eyliu. Lengva pritvirtinti ir nuimti nuo ve\u017eim\u0117lio priekio.<\/h6>\n","protected":false},"featured_media":21634,"comment_status":"closed","ping_status":"closed","template":"","meta":{"_acf_changed":false,"om_disable_all_campaigns":false,"_monsterinsights_skip_tracking":false,"_monsterinsights_sitenote_active":false,"_monsterinsights_sitenote_note":"","_monsterinsights_sitenote_category":0,"_uf_show_specific_survey":0,"_uf_disable_surveys":false,"site-sidebar-layout":"default","site-content-layout":"","ast-site-content-layout":"default","site-content-style":"default","site-sidebar-style":"default","ast-global-header-display":"","ast-banner-title-visibility":"","ast-main-header-display":"","ast-hfb-above-header-display":"","ast-hfb-below-header-display":"","ast-hfb-mobile-header-display":"","site-post-title":"","ast-breadcrumbs-content":"","ast-featured-img":"","footer-sml-layout":"","theme-transparent-header-meta":"default","adv-header-id-meta":"","stick-header-meta":"","header-above-stick-meta":"","header-main-stick-meta":"","header-below-stick-meta":"","astra-migrate-meta-layouts":"set","ast-page-background-enabled":"default","ast-page-background-meta":{"desktop":{"background-color":"var(--ast-global-color-4)","background-image":"","background-repeat":"repeat","background-position":"center center","background-size":"auto","background-attachment":"scroll","background-type":"","background-media":"","overlay-type":"","overlay-color":"","overlay-opacity":"","overlay-gradient":""},"tablet":{"background-color":"","background-image":"","background-repeat":"repeat","background-position":"center center","background-size":"auto","background-attachment":"scroll","background-type":"","background-media":"","overlay-type":"","overlay-color":"","overlay-opacity":"","overlay-gradient":""},"mobile":{"background-color":"","background-image":"","background-repeat":"repeat","background-position":"center center","background-size":"auto","background-attachment":"scroll","background-type":"","background-media":"","overlay-type":"","overlay-color":"","overlay-opacity":"","overlay-gradient":""}},"ast-content-background-meta":{"desktop":{"background-color":"var(--ast-global-color-5)","background-image":"","background-repeat":"repeat","background-position":"center center","background-size":"auto","background-attachment":"scroll","background-type":"","background-media":"","overlay-type":"","overlay-color":"","overlay-opacity":"","overlay-gradient":""},"tablet":{"background-color":"var(--ast-global-color-5)","background-image":"","background-repeat":"repeat","background-position":"center center","background-size":"auto","background-attachment":"scroll","background-type":"","background-media":"","overlay-type":"","overlay-color":"","overlay-opacity":"","overlay-gradient":""},"mobile":{"background-color":"var(--ast-global-color-5)","background-image":"","background-repeat":"repeat","background-position":"center center","background-size":"auto","background-attachment":"scroll","background-type":"","background-media":"","overlay-type":"","overlay-color":"","overlay-opacity":"","overlay-gradient":""}}},"product_brand":[272],"product_cat":[373,331,332],"product_tag":[337,335],"class_list":{"0":"post-51234","1":"product","2":"type-product","3":"status-publish","4":"has-post-thumbnail","6":"product_brand-leclercbaby","7":"product_cat-adapteriai","8":"product_cat-apipjaustymo-priedai","9":"product_cat-leclercbaby-lt","10":"product_tag-atskiri-produktai","11":"product_tag-pritaikyta-svetaine","12":"desktop-align-left","13":"tablet-align-left","14":"mobile-align-left","16":"first","17":"instock","18":"sale","19":"taxable","20":"shipping-taxable","21":"purchasable","22":"product-type-simple"},"acf":[],"aioseo_notices":[],"_links":{"self":[{"href":"https:\/\/hummy.ee\/lt\/wp-json\/wp\/v2\/product\/51234","targetHints":{"allow":["GET"]}}],"collection":[{"href":"https:\/\/hummy.ee\/lt\/wp-json\/wp\/v2\/product"}],"about":[{"href":"https:\/\/hummy.ee\/lt\/wp-json\/wp\/v2\/types\/product"}],"replies":[{"embeddable":true,"href":"https:\/\/hummy.ee\/lt\/wp-json\/wp\/v2\/comments?post=51234"}],"version-history":[{"count":3,"href":"https:\/\/hummy.ee\/lt\/wp-json\/wp\/v2\/product\/51234\/revisions"}],"predecessor-version":[{"id":86228,"href":"https:\/\/hummy.ee\/lt\/wp-json\/wp\/v2\/product\/51234\/revisions\/86228"}],"wp:featuredmedia":[{"embeddable":true,"href":"https:\/\/hummy.ee\/lt\/wp-json\/wp\/v2\/media\/21634"}],"wp:attachment":[{"href":"https:\/\/hummy.ee\/lt\/wp-json\/wp\/v2\/media?parent=51234"}],"wp:term":[{"taxonomy":"product_brand","embeddable":true,"href":"https:\/\/hummy.ee\/lt\/wp-json\/wp\/v2\/product_brand?post=51234"},{"taxonomy":"product_cat","embeddable":true,"href":"https:\/\/hummy.ee\/lt\/wp-json\/wp\/v2\/product_cat?post=51234"},{"taxonomy":"product_tag","embeddable":true,"href":"https:\/\/hummy.ee\/lt\/wp-json\/wp\/v2\/product_tag?post=51234"}],"curies":[{"name":"wp","href":"https:\/\/api.w.org\/{rel}","templated":true}]}}