{"id":51214,"date":"2024-04-07T18:34:28","date_gmt":"2024-04-07T18:34:28","guid":{"rendered":"https:\/\/hummy.ee\/product\/leclercbaby-organizatorius\/"},"modified":"2026-03-18T20:48:07","modified_gmt":"2026-03-18T20:48:07","slug":"leclercbaby-organizatorius","status":"publish","type":"product","link":"https:\/\/hummy.ee\/lt\/produktas\/leclercbaby-organizatorius\/","title":{"rendered":"Leclercbaby organizatorius"},"content":{"rendered":"<h6 data-start=\"360\" data-end=\"754\">Leclercbaby organizatorius padeda i\u0161vengti painiavos! Kiekvienas t\u0117vas \u017eino, kaip svarbu tur\u0117ti gerai organizuot\u0105 krep\u0161\u012f, kuriame visi reikalingi daiktai b\u016bt\u0173 patog\u016bs ir lengvai randami. Jei pavargote raustis krep\u0161io dugne ie\u0161kodami audini\u0173, sauskelni\u0173 ar d\u0117kl\u0173, \u0161is organizatorius kaip tik jums!<\/h6>\n<p>&nbsp;<\/p>\n<h6 data-start=\"360\" data-end=\"754\">Ar naudojate kelis krep\u0161ius ir turite nuolat perkelti daiktus i\u0161 vieno \u012f kit\u0105? Tai gali u\u017eimti daug laiko ir b\u016bti nuobodus procesas, be to, kai kurie svarb\u016bs daiktai gali atsitiktinai pasimesti netinkamame krep\u0161yje. \u0160is organizatorius pad\u0117s jums i\u0161vengti \u0161ios problemos - d\u0117l daugyb\u0117s ki\u0161eni\u0173 ir sumanaus i\u0161d\u0117stymo gal\u0117site patogiai susikrauti visus reikalingus daiktus ir prireikus greitai perkelti juos i\u0161 vieno krep\u0161io \u012f kit\u0105.<\/h6>\n<p>&nbsp;<\/p>\n<h6 data-start=\"756\" data-end=\"1149\">Leclercbaby Organizatoriuje yra 9 lentynos, tod\u0117l kiekvienam daiktui gal\u0117site rasti tinkam\u0105 viet\u0105. Sauskeln\u0117s, dr\u0117gnos servet\u0117l\u0117s, skudur\u0117liai, u\u017ekand\u017eiai ir net asmeniniai daiktai, pavyzd\u017eiui, telefonas ir pinigin\u0117 - viskas lieka savo vietoje ir yra lengvai randama. Be to, jis turi specialius dir\u017eelius, kuriais greitai ir patogiai pritvirtinamas prie ve\u017eim\u0117lio, kad b\u016bt\u0173 dar lengviau jud\u0117ti kartu su k\u016bdikiu.<\/h6>\n<p>&nbsp;<\/p>\n<h6 data-start=\"1151\" data-end=\"1178\"><strong><em>Kas \u012fskai\u010diuota?<\/em><\/strong><\/h6>\n<ul>\n<li data-start=\"1179\" data-end=\"1415\">\n<h6>Organizatoriaus krep\u0161ys - talpus ir prakti\u0161kas krep\u0161ys su ki\u0161en\u0117mis ir skyriais, kad daiktai b\u016bt\u0173 tvarkingi.<\/h6>\n<\/li>\n<li data-start=\"1179\" data-end=\"1415\">\n<h6>Kempin\u0117s mai\u0161elis - ma\u017eas ir patogus mai\u0161elis, kuriame galite higieni\u0161kai laikyti kempin\u0119, kad ji visada b\u016bt\u0173 \u0161vari ir po ranka.<\/h6>\n<\/li>\n<\/ul>\n<h6 data-start=\"1417\" data-end=\"1742\">Leclercbaby Organizatorius yra idealus sprendimas t\u0117vams, kurie nori supaprastinti savo kasdien\u012f gyvenim\u0105 ir visk\u0105, ko jiems reikia, laikyti vienoje kompakti\u0161koje ir gerai organizuotoje vietoje. Supaprastinkite savo gyvenim\u0105 ir m\u0117gaukit\u0117s organizuota krep\u0161i\u0173 sistema, kuri pad\u0117s susitelkti \u012f tai, kas i\u0161 ties\u0173 svarbu - akimirkas su vaiku!<\/h6>\n<p>&nbsp;<\/p>\n<h6 data-start=\"175\" data-end=\"377\"><strong><em>Erdvinis:<\/em><\/strong><br data-start=\"205\" data-end=\"208\" \/>-<br data-start=\"283\" data-end=\"286\" \/>- atskiri skyriai sauskeln\u0117ms, d\u0117klams ir asmeniniams daiktams (pvz., telefonui, piniginei).<\/h6>\n<p>&nbsp;<\/p>\n<h6 data-start=\"379\" data-end=\"572\"><strong><em>Universalus tinkamumas:<\/em><\/strong><br data-start=\"406\" data-end=\"409\" \/>-<br data-start=\"492\" data-end=\"495\" \/>- taip pat gali b\u016bti naudojamas kaip atskiras krep\u0161ys, jei jums reikia prakti\u0161ko sprendimo keliaujant.<\/h6>\n<p>&nbsp;<\/p>\n<h6 data-start=\"574\" data-end=\"747\"><strong><em>Kokyb\u0117 ir ilgaam\u017ei\u0161kumas:<\/em><\/strong><br data-start=\"606\" data-end=\"609\" \/>-<br data-start=\"673\" data-end=\"676\" \/>- Stiprios si\u016bl\u0117s ir kokybi\u0161ki u\u017etrauktukai u\u017etikrina ilg\u0105 tarnavimo laik\u0105.<\/h6>\n<p>&nbsp;<\/p>\n<h6 data-start=\"749\" data-end=\"929\"><strong><em>Patogumas ir prakti\u0161kumas:<\/em><\/strong><br data-start=\"778\" data-end=\"781\" \/>- Greita prieiga prie b\u016btiniausi\u0173 daikt\u0173 - idealiai tinka greitiems veiksmams.<br data-start=\"851\" data-end=\"854\" \/>- Komplektuojamas su purvasargiu, kad purvasargis b\u016bt\u0173 higieni\u0161kas ir lengvai randamas.<\/h6>\n<p>&nbsp;<\/p>\n<h6 data-start=\"931\" data-end=\"1086\"><strong><em>Kompakti\u0161kas ir lengvas:<\/em><\/strong><br data-start=\"956\" data-end=\"959\" \/>- Lengvai sulankstomas ir laikomas, kai nenaudojamas.<br data-start=\"1026\" data-end=\"1029\" \/>- idealiai tinka kelion\u0117ms ir kasdieniams pasivaik\u0161\u010diojimams.<\/h6>\n<p>&nbsp;<\/p>\n<h6 data-start=\"1088\" data-end=\"1268\"><strong><em>Stilingas dizainas:<\/em><\/strong><br data-start=\"1109\" data-end=\"1112\" \/>-<br data-start=\"1196\" data-end=\"1199\" \/>- Galima rinktis i\u0161 \u012fvairi\u0173 spalv\u0173, kad atitikt\u0173 j\u016bs\u0173 pageidavimus.<\/h6>\n<p>&nbsp;<\/p>\n<h6><em>Susipa\u017einkite su Leclercbaby gamini\u0173 asortimentu <a href=\"https:\/\/hummy.ee\/lt\/parduotuve\/leclercbaby\/\" target=\"_blank\" rel=\"noopener\">\u010dia.<\/a><\/em><\/h6>\n","protected":false},"excerpt":{"rendered":"<h6>Organizatoriaus d\u0117ka j\u016bs\u0173 krep\u0161yje daugiau niekada nebus netvarkos! Nerandate daikt\u0173 rankin\u0117je? Arba naudojate kelis krep\u0161ius ir nuolat turite perkraustyti daiktus i\u0161 vieno krep\u0161io \u012f kit\u0105? Jei taip, \u0161is organizatorius yra tinkamas pasirinkimas. Leclercbaby Organizatorius turi 9 skirtingus dyd\u017eius, tod\u0117l gal\u0117site viskam rasti tinkam\u0105 viet\u0105. Jis taip pat turi dir\u017eelius, kad gal\u0117tum\u0117te greitai ir lengvai pritvirtinti krep\u0161\u012f prie ve\u017eim\u0117lio.<\/h6>\n","protected":false},"featured_media":31674,"comment_status":"closed","ping_status":"closed","template":"","meta":{"_acf_changed":false,"om_disable_all_campaigns":false,"_monsterinsights_skip_tracking":false,"_monsterinsights_sitenote_active":false,"_monsterinsights_sitenote_note":"","_monsterinsights_sitenote_category":0,"_uf_show_specific_survey":0,"_uf_disable_surveys":false,"site-sidebar-layout":"default","site-content-layout":"","ast-site-content-layout":"default","site-content-style":"default","site-sidebar-style":"default","ast-global-header-display":"","ast-banner-title-visibility":"","ast-main-header-display":"","ast-hfb-above-header-display":"","ast-hfb-below-header-display":"","ast-hfb-mobile-header-display":"","site-post-title":"","ast-breadcrumbs-content":"","ast-featured-img":"","footer-sml-layout":"","theme-transparent-header-meta":"default","adv-header-id-meta":"","stick-header-meta":"","header-above-stick-meta":"","header-main-stick-meta":"","header-below-stick-meta":"","astra-migrate-meta-layouts":"set","ast-page-background-enabled":"default","ast-page-background-meta":{"desktop":{"background-color":"var(--ast-global-color-4)","background-image":"","background-repeat":"repeat","background-position":"center center","background-size":"auto","background-attachment":"scroll","background-type":"","background-media":"","overlay-type":"","overlay-color":"","overlay-opacity":"","overlay-gradient":""},"tablet":{"background-color":"","background-image":"","background-repeat":"repeat","background-position":"center center","background-size":"auto","background-attachment":"scroll","background-type":"","background-media":"","overlay-type":"","overlay-color":"","overlay-opacity":"","overlay-gradient":""},"mobile":{"background-color":"","background-image":"","background-repeat":"repeat","background-position":"center center","background-size":"auto","background-attachment":"scroll","background-type":"","background-media":"","overlay-type":"","overlay-color":"","overlay-opacity":"","overlay-gradient":""}},"ast-content-background-meta":{"desktop":{"background-color":"var(--ast-global-color-5)","background-image":"","background-repeat":"repeat","background-position":"center center","background-size":"auto","background-attachment":"scroll","background-type":"","background-media":"","overlay-type":"","overlay-color":"","overlay-opacity":"","overlay-gradient":""},"tablet":{"background-color":"var(--ast-global-color-5)","background-image":"","background-repeat":"repeat","background-position":"center center","background-size":"auto","background-attachment":"scroll","background-type":"","background-media":"","overlay-type":"","overlay-color":"","overlay-opacity":"","overlay-gradient":""},"mobile":{"background-color":"var(--ast-global-color-5)","background-image":"","background-repeat":"repeat","background-position":"center center","background-size":"auto","background-attachment":"scroll","background-type":"","background-media":"","overlay-type":"","overlay-color":"","overlay-opacity":"","overlay-gradient":""}}},"product_brand":[],"product_cat":[331,361,332],"product_tag":[337,335],"class_list":{"0":"post-51214","1":"product","2":"type-product","3":"status-publish","4":"has-post-thumbnail","6":"product_cat-apipjaustymo-priedai","7":"product_cat-krepsiai-ir-kuprines","8":"product_cat-leclercbaby-lt","9":"product_tag-atskiri-produktai","10":"product_tag-pritaikyta-svetaine","11":"desktop-align-left","12":"tablet-align-left","13":"mobile-align-left","15":"first","16":"instock","17":"sale","18":"taxable","19":"shipping-taxable","20":"purchasable","21":"product-type-variable"},"acf":[],"aioseo_notices":[],"_links":{"self":[{"href":"https:\/\/hummy.ee\/lt\/wp-json\/wp\/v2\/product\/51214","targetHints":{"allow":["GET"]}}],"collection":[{"href":"https:\/\/hummy.ee\/lt\/wp-json\/wp\/v2\/product"}],"about":[{"href":"https:\/\/hummy.ee\/lt\/wp-json\/wp\/v2\/types\/product"}],"replies":[{"embeddable":true,"href":"https:\/\/hummy.ee\/lt\/wp-json\/wp\/v2\/comments?post=51214"}],"version-history":[{"count":2,"href":"https:\/\/hummy.ee\/lt\/wp-json\/wp\/v2\/product\/51214\/revisions"}],"predecessor-version":[{"id":86227,"href":"https:\/\/hummy.ee\/lt\/wp-json\/wp\/v2\/product\/51214\/revisions\/86227"}],"wp:featuredmedia":[{"embeddable":true,"href":"https:\/\/hummy.ee\/lt\/wp-json\/wp\/v2\/media\/31674"}],"wp:attachment":[{"href":"https:\/\/hummy.ee\/lt\/wp-json\/wp\/v2\/media?parent=51214"}],"wp:term":[{"taxonomy":"product_brand","embeddable":true,"href":"https:\/\/hummy.ee\/lt\/wp-json\/wp\/v2\/product_brand?post=51214"},{"taxonomy":"product_cat","embeddable":true,"href":"https:\/\/hummy.ee\/lt\/wp-json\/wp\/v2\/product_cat?post=51214"},{"taxonomy":"product_tag","embeddable":true,"href":"https:\/\/hummy.ee\/lt\/wp-json\/wp\/v2\/product_tag?post=51214"}],"curies":[{"name":"wp","href":"https:\/\/api.w.org\/{rel}","templated":true}]}}