{"id":51201,"date":"2024-04-07T18:55:31","date_gmt":"2024-04-07T18:55:31","guid":{"rendered":"https:\/\/hummy.ee\/product\/leclercbaby-apsauga-nuo-oro-salygu\/"},"modified":"2025-11-14T18:25:31","modified_gmt":"2025-11-14T18:25:31","slug":"leclercbaby-apsauga-nuo-oro-salygu","status":"publish","type":"product","link":"https:\/\/hummy.ee\/lt\/produktas\/leclercbaby-apsauga-nuo-oro-salygu\/","title":{"rendered":"Leclercbaby apsauga nuo oro s\u0105lyg\u0173"},"content":{"rendered":"<div class=\"elementor-element elementor-element-5196f96 elementor-widget elementor-widget-woocommerce-product-short-description\" data-id=\"5196f96\" data-element_type=\"widget\" data-widget_type=\"woocommerce-product-short-description.default\">\n<div class=\"elementor-widget-container\">\n<div class=\"woocommerce-product-details__short-description\">\n<h6><strong><em style=\"font-size: 1.1em; font-weight: bold;\">Funkcijos  <\/em><\/strong><\/h6>\n<\/div>\n<ul>\n<li>\n<h6>Visapusi\u0161ka apsauga nuo oro s\u0105lyg\u0173 - k\u016bdikis bus saugus, \u0161iltas ir sausas bet kokiu oru.<\/h6>\n<\/li>\n<li>\n<h6>Lengva pritvirtinti - greitai ir lengvai montuojamas ant vis\u0173 &#8222;Leclercbaby\" vaiki\u0161k\u0173 ve\u017eim\u0117li\u0173.<\/h6>\n<\/li>\n<li>\n<h6>Kompakti\u0161kas ir ne\u0161iojamas - d\u0117l sulankstomos konstrukcijos j\u012f lengva ne\u0161iotis ir laikyti.<\/h6>\n<\/li>\n<li>\n<h6>Auk\u0161tos kokyb\u0117s med\u017eiaga - patvari, pralaidi orui ir lengvai valoma, kad ilgai tarnaut\u0173.<\/h6>\n<\/li>\n<li>\n<h6>Stilingas ir funkcionalus - puikiai dera prie &#8222;Leclercbaby\" (ir daugelio kit\u0173 prek\u0117s \u017eenkl\u0173) ve\u017eim\u0117li\u0173 dizaino, tod\u0117l u\u017etikrina ir apsaug\u0105, ir estetin\u012f vaizd\u0105.<\/h6>\n<\/li>\n<\/ul>\n<h6><em>Susipa\u017einkite su Leclercbaby gamini\u0173 asortimentu <a href=\"https:\/\/hummy.ee\/lt\/parduotuve\/leclercbaby\/\" target=\"_blank\" rel=\"noopener\">\u010dia.<\/a><\/em><\/h6>\n<\/div>\n<\/div>\n","protected":false},"excerpt":{"rendered":"<h6>Patogiai prasit\u0119siantis per rankas, nuo oro s\u0105lyg\u0173 apsaugantis apsiaustas i\u0161laiko j\u016bs\u0173 vaik\u0105 \u0161ilt\u0105 v\u0117juotu, lietingu ar snieguotu oru. Tinka visiems &#8222;Leclercbaby\" (ir daugelio kit\u0173 gamintoj\u0173) ve\u017eim\u0117liams, tod\u0117l j\u016bs\u0173 ma\u017eyliui visada bus \u0161ilta ir sausa. <\/h6>\n<p>&nbsp;<\/p>\n","protected":false},"featured_media":44334,"comment_status":"closed","ping_status":"closed","template":"","meta":{"_acf_changed":false,"om_disable_all_campaigns":false,"_monsterinsights_skip_tracking":false,"_monsterinsights_sitenote_active":false,"_monsterinsights_sitenote_note":"","_monsterinsights_sitenote_category":0,"_uf_show_specific_survey":0,"_uf_disable_surveys":false,"site-sidebar-layout":"no-sidebar","site-content-layout":"","ast-site-content-layout":"full-width-container","site-content-style":"default","site-sidebar-style":"default","ast-global-header-display":"","ast-banner-title-visibility":"","ast-main-header-display":"","ast-hfb-above-header-display":"","ast-hfb-below-header-display":"","ast-hfb-mobile-header-display":"","site-post-title":"disabled","ast-breadcrumbs-content":"","ast-featured-img":"disabled","footer-sml-layout":"","theme-transparent-header-meta":"default","adv-header-id-meta":"","stick-header-meta":"","header-above-stick-meta":"","header-main-stick-meta":"","header-below-stick-meta":"","astra-migrate-meta-layouts":"set","ast-page-background-enabled":"default","ast-page-background-meta":{"desktop":{"background-color":"var(--ast-global-color-4)","background-image":"","background-repeat":"repeat","background-position":"center center","background-size":"auto","background-attachment":"scroll","background-type":"","background-media":"","overlay-type":"","overlay-color":"","overlay-opacity":"","overlay-gradient":""},"tablet":{"background-color":"","background-image":"","background-repeat":"repeat","background-position":"center center","background-size":"auto","background-attachment":"scroll","background-type":"","background-media":"","overlay-type":"","overlay-color":"","overlay-opacity":"","overlay-gradient":""},"mobile":{"background-color":"","background-image":"","background-repeat":"repeat","background-position":"center center","background-size":"auto","background-attachment":"scroll","background-type":"","background-media":"","overlay-type":"","overlay-color":"","overlay-opacity":"","overlay-gradient":""}},"ast-content-background-meta":{"desktop":{"background-color":"var(--ast-global-color-5)","background-image":"","background-repeat":"repeat","background-position":"center center","background-size":"auto","background-attachment":"scroll","background-type":"","background-media":"","overlay-type":"","overlay-color":"","overlay-opacity":"","overlay-gradient":""},"tablet":{"background-color":"var(--ast-global-color-5)","background-image":"","background-repeat":"repeat","background-position":"center center","background-size":"auto","background-attachment":"scroll","background-type":"","background-media":"","overlay-type":"","overlay-color":"","overlay-opacity":"","overlay-gradient":""},"mobile":{"background-color":"var(--ast-global-color-5)","background-image":"","background-repeat":"repeat","background-position":"center center","background-size":"auto","background-attachment":"scroll","background-type":"","background-media":"","overlay-type":"","overlay-color":"","overlay-opacity":"","overlay-gradient":""}}},"product_brand":[],"product_cat":[331,332,333],"product_tag":[337,335],"class_list":{"0":"post-51201","1":"product","2":"type-product","3":"status-publish","4":"has-post-thumbnail","6":"product_cat-apipjaustymo-priedai","7":"product_cat-leclercbaby-lt","8":"product_cat-kalejimo-dangciai","9":"product_tag-atskiri-produktai","10":"product_tag-pritaikyta-svetaine","11":"desktop-align-left","12":"tablet-align-left","13":"mobile-align-left","15":"first","16":"instock","17":"sale","18":"taxable","19":"shipping-taxable","20":"purchasable","21":"product-type-simple"},"acf":[],"aioseo_notices":[],"_links":{"self":[{"href":"https:\/\/hummy.ee\/lt\/wp-json\/wp\/v2\/product\/51201","targetHints":{"allow":["GET"]}}],"collection":[{"href":"https:\/\/hummy.ee\/lt\/wp-json\/wp\/v2\/product"}],"about":[{"href":"https:\/\/hummy.ee\/lt\/wp-json\/wp\/v2\/types\/product"}],"replies":[{"embeddable":true,"href":"https:\/\/hummy.ee\/lt\/wp-json\/wp\/v2\/comments?post=51201"}],"version-history":[{"count":6,"href":"https:\/\/hummy.ee\/lt\/wp-json\/wp\/v2\/product\/51201\/revisions"}],"predecessor-version":[{"id":72761,"href":"https:\/\/hummy.ee\/lt\/wp-json\/wp\/v2\/product\/51201\/revisions\/72761"}],"wp:featuredmedia":[{"embeddable":true,"href":"https:\/\/hummy.ee\/lt\/wp-json\/wp\/v2\/media\/44334"}],"wp:attachment":[{"href":"https:\/\/hummy.ee\/lt\/wp-json\/wp\/v2\/media?parent=51201"}],"wp:term":[{"taxonomy":"product_brand","embeddable":true,"href":"https:\/\/hummy.ee\/lt\/wp-json\/wp\/v2\/product_brand?post=51201"},{"taxonomy":"product_cat","embeddable":true,"href":"https:\/\/hummy.ee\/lt\/wp-json\/wp\/v2\/product_cat?post=51201"},{"taxonomy":"product_tag","embeddable":true,"href":"https:\/\/hummy.ee\/lt\/wp-json\/wp\/v2\/product_tag?post=51201"}],"curies":[{"name":"wp","href":"https:\/\/api.w.org\/{rel}","templated":true}]}}