{"id":50811,"date":"2024-10-26T17:50:12","date_gmt":"2024-10-26T17:50:12","guid":{"rendered":"https:\/\/hummy.ee\/pagalba-apsiperkant\/prekiu-pristatymas\/"},"modified":"2025-04-02T11:52:35","modified_gmt":"2025-04-02T11:52:35","slug":"prekiu-pristatymas","status":"publish","type":"page","link":"https:\/\/hummy.ee\/lt\/pagalba-apsiperkant\/prekiu-pristatymas\/","title":{"rendered":"Preki\u0173 pristatymas"},"content":{"rendered":"<style>.elementor-50811 .elementor-element.elementor-element-5492335{--display:flex;--flex-direction:column;--container-widget-width:100%;--container-widget-height:initial;--container-widget-flex-grow:0;--container-widget-align-self:initial;--flex-wrap-mobile:wrap;}.elementor-widget-text-editor{font-family:var( --e-global-typography-text-font-family ), Sans-serif;font-size:var( --e-global-typography-text-font-size );font-weight:var( --e-global-typography-text-font-weight );color:var( --e-global-color-text );}.elementor-widget-text-editor.elementor-drop-cap-view-stacked .elementor-drop-cap{background-color:var( --e-global-color-primary );}.elementor-widget-text-editor.elementor-drop-cap-view-framed .elementor-drop-cap, .elementor-widget-text-editor.elementor-drop-cap-view-default .elementor-drop-cap{color:var( --e-global-color-primary );border-color:var( --e-global-color-primary );}.elementor-50811 .elementor-element.elementor-element-959da60{color:var( --e-global-color-primary );}.elementor-50811 .elementor-element.elementor-element-959da60 > .elementor-widget-container{padding:2rem 2rem 2rem 2rem;}@media(max-width:1024px){.elementor-widget-text-editor{font-size:var( --e-global-typography-text-font-size );}}@media(max-width:767px){.elementor-widget-text-editor{font-size:var( --e-global-typography-text-font-size );}}<\/style>\t\t<div data-elementor-type=\"wp-page\" data-elementor-id=\"50811\" class=\"elementor elementor-50811 elementor-14147\" data-elementor-post-type=\"page\">\n\t\t\t\t<div class=\"elementor-element elementor-element-5492335 e-flex e-con-boxed e-con e-parent\" data-id=\"5492335\" data-element_type=\"container\" data-e-type=\"container\">\n\t\t\t\t\t<div class=\"e-con-inner\">\n\t\t\t\t<div class=\"elementor-element elementor-element-959da60 elementor-widget elementor-widget-text-editor\" data-id=\"959da60\" data-element_type=\"widget\" data-e-type=\"widget\" data-widget_type=\"text-editor.default\">\n\t\t\t\t<div class=\"elementor-widget-container\">\n\t\t\t\t\t\t\t\t\t<ol><li>&#8222;ChildSupply O\u00dc\" i\u0161si\u0173s gaminius po s\u0105skaitos fakt\u016bros apmok\u0117jimo.<\/li><li>Pirkimo-pardavimo sutartis laikoma sudaryta, kai \u012f &#8222;ChildSupply O\u00dc\" atsiskaitom\u0105j\u0105 s\u0105skait\u0105 gaunamas pagal u\u017esakymo patvirtinim\u0105 mok\u0117tinas i\u0161ankstinis mok\u0117jimas.<\/li><li>\u012esigaliojus pirkimo-pardavimo sutar\u010diai (Pirk\u0117jui apmok\u0117jus i\u0161ankstinio mok\u0117jimo s\u0105skait\u0105), &#8222;ChildSupply O\u00dc\" supakuoja u\u017esakym\u0105 ir perduoda j\u012f bendrov\u0117s logistikos partneriui, kad \u0161is j\u012f pristatyt\u0173.<\/li><li>U\u017esakymai, u\u017e kuriuos i\u0161ankstinis mok\u0117jimas \u012f &#8222;ChildSupply\" banko s\u0105skait\u0105 buvo gautas iki 13.00 val. darbo dienomis, bus pristatyti Pirk\u0117jui kit\u0105 darbo dien\u0105 arba pagal gaminio kortel\u0117je nurodyt\u0105 pristatymo laik\u0105.<\/li><\/ol><p>4.1 Salose pristatymas gali u\u017etrukti iki 3 darbo dien\u0173. <\/p><p>4.2 Jei d\u0117l koki\u0173 nors prie\u017eas\u010di\u0173 siunta v\u0117luoja, &#8222;ChildSupply\" klient\u0173 aptarnavimo skyrius susitars su Pirk\u0117ju d\u0117l tinkamo pristatymo laiko. <\/p><ol start=\"5\"><li>Siekdamas u\u017etikrinti skland\u0173 pristatym\u0105, Pirk\u0117jas privalo atid\u017eiai patikrinti pristatymui \u012fvest\u0105 informacij\u0105.<\/li><li>Nuo 100 eur\u0173 Baltijos \u0161alyse (Estijoje, Latvijoje, Lietuvoje) pristatymas nemokamas.<\/li><\/ol><p>6.1 Nuo 100 \u20ac produkt\u0173 pristatymas \u012f Suomij\u0105 yra nemokamas, i\u0161skyrus tarptautines siuntas iki 20 kg. <\/p><ol start=\"7\"><li>&#8222;ChildSupply\" logistikos partneris u\u017esakymams pristatyti yra:<\/li><\/ol><p>7.1. Itella Estonia O\u00dc <\/p><ol start=\"8\"><li>I\u0161samesnes pristatymo galimybes ir kainora\u0161t\u012f Pirk\u0117jas gali rasti interneto svetain\u0117je www.hummy.ee paspaud\u0119s piktogram\u0105 &#8222;Pirkini\u0173 krep\u0161elis\".<\/li><li>Transportavimas &#8222;nuo dur\u0173 iki dur\u0173\" rei\u0161kia, kad Pirk\u0117jas organizuoja preki\u0173 pa\u0117mim\u0105 ir pristatym\u0105 \u012f patalpas.<\/li><\/ol><p>9.1 Kurjeriai neprivalo skambinti i\u0161 anksto. <\/p><ol start=\"10\"><li>Perve\u017eimo metu sugadinti produktai, bet ne produkto pakuot\u0117, bus pakeisti Pirk\u0117jui.<\/li><li>&#8222;ChildSupply\" neatsako u\u017e Produkt\u0173 pristatymo v\u0117lavim\u0105, jei Produktai buvo pristatyti logistikos partneriams laiku, ta\u010diau pristatymas v\u0117lavo d\u0117l aplinkybi\u0173, kuri\u0173 &#8222;ChildSupply\" negal\u0117jo kontroliuoti ar numatyti.<\/li><\/ol>\t\t\t\t\t\t\t\t<\/div>\n\t\t\t\t<\/div>\n\t\t\t\t\t<\/div>\n\t\t\t\t<\/div>\n\t\t\t\t<\/div>\n\t\t","protected":false},"excerpt":{"rendered":"<p>&#8222;ChildSupply O\u00dc\" i\u0161si\u0173s gaminius po s\u0105skaitos fakt\u016bros apmok\u0117jimo. Pirkimo-pardavimo sutartis laikoma sudaryta, kai \u012f &#8222;ChildSupply O\u00dc\" atsiskaitom\u0105j\u0105 s\u0105skait\u0105 gaunamas pagal [&hellip;]<\/p>\n","protected":false},"author":3,"featured_media":0,"parent":47389,"menu_order":0,"comment_status":"closed","ping_status":"closed","template":"","meta":{"_acf_changed":false,"om_disable_all_campaigns":false,"_monsterinsights_skip_tracking":false,"_monsterinsights_sitenote_active":false,"_monsterinsights_sitenote_note":"","_monsterinsights_sitenote_category":0,"_uf_show_specific_survey":0,"_uf_disable_surveys":false,"site-sidebar-layout":"no-sidebar","site-content-layout":"","ast-site-content-layout":"full-width-container","site-content-style":"default","site-sidebar-style":"default","ast-global-header-display":"","ast-banner-title-visibility":"","ast-main-header-display":"","ast-hfb-above-header-display":"","ast-hfb-below-header-display":"","ast-hfb-mobile-header-display":"","site-post-title":"disabled","ast-breadcrumbs-content":"","ast-featured-img":"disabled","footer-sml-layout":"","theme-transparent-header-meta":"","adv-header-id-meta":"","stick-header-meta":"","header-above-stick-meta":"","header-main-stick-meta":"","header-below-stick-meta":"","astra-migrate-meta-layouts":"default","ast-page-background-enabled":"default","ast-page-background-meta":{"desktop":{"background-color":"var(--ast-global-color-4)","background-image":"","background-repeat":"repeat","background-position":"center center","background-size":"auto","background-attachment":"scroll","background-type":"","background-media":"","overlay-type":"","overlay-color":"","overlay-opacity":"","overlay-gradient":""},"tablet":{"background-color":"","background-image":"","background-repeat":"repeat","background-position":"center center","background-size":"auto","background-attachment":"scroll","background-type":"","background-media":"","overlay-type":"","overlay-color":"","overlay-opacity":"","overlay-gradient":""},"mobile":{"background-color":"","background-image":"","background-repeat":"repeat","background-position":"center center","background-size":"auto","background-attachment":"scroll","background-type":"","background-media":"","overlay-type":"","overlay-color":"","overlay-opacity":"","overlay-gradient":""}},"ast-content-background-meta":{"desktop":{"background-color":"var(--ast-global-color-5)","background-image":"","background-repeat":"repeat","background-position":"center center","background-size":"auto","background-attachment":"scroll","background-type":"","background-media":"","overlay-type":"","overlay-color":"","overlay-opacity":"","overlay-gradient":""},"tablet":{"background-color":"var(--ast-global-color-5)","background-image":"","background-repeat":"repeat","background-position":"center center","background-size":"auto","background-attachment":"scroll","background-type":"","background-media":"","overlay-type":"","overlay-color":"","overlay-opacity":"","overlay-gradient":""},"mobile":{"background-color":"var(--ast-global-color-5)","background-image":"","background-repeat":"repeat","background-position":"center center","background-size":"auto","background-attachment":"scroll","background-type":"","background-media":"","overlay-type":"","overlay-color":"","overlay-opacity":"","overlay-gradient":""}},"footnotes":""},"class_list":["post-50811","page","type-page","status-publish","hentry"],"acf":[],"aioseo_notices":[],"_links":{"self":[{"href":"https:\/\/hummy.ee\/lt\/wp-json\/wp\/v2\/pages\/50811","targetHints":{"allow":["GET"]}}],"collection":[{"href":"https:\/\/hummy.ee\/lt\/wp-json\/wp\/v2\/pages"}],"about":[{"href":"https:\/\/hummy.ee\/lt\/wp-json\/wp\/v2\/types\/page"}],"author":[{"embeddable":true,"href":"https:\/\/hummy.ee\/lt\/wp-json\/wp\/v2\/users\/3"}],"replies":[{"embeddable":true,"href":"https:\/\/hummy.ee\/lt\/wp-json\/wp\/v2\/comments?post=50811"}],"version-history":[{"count":1,"href":"https:\/\/hummy.ee\/lt\/wp-json\/wp\/v2\/pages\/50811\/revisions"}],"predecessor-version":[{"id":50812,"href":"https:\/\/hummy.ee\/lt\/wp-json\/wp\/v2\/pages\/50811\/revisions\/50812"}],"up":[{"embeddable":true,"href":"https:\/\/hummy.ee\/lt\/wp-json\/wp\/v2\/pages\/47389"}],"wp:attachment":[{"href":"https:\/\/hummy.ee\/lt\/wp-json\/wp\/v2\/media?parent=50811"}],"curies":[{"name":"wp","href":"https:\/\/api.w.org\/{rel}","templated":true}]}}