{"id":50793,"date":"2024-10-26T17:54:34","date_gmt":"2024-10-26T17:54:34","guid":{"rendered":"https:\/\/hummy.ee\/pagalba-apsiperkant\/skundo-pateikimas\/"},"modified":"2025-04-02T11:52:29","modified_gmt":"2025-04-02T11:52:29","slug":"skundo-pateikimas","status":"publish","type":"page","link":"https:\/\/hummy.ee\/lt\/pagalba-apsiperkant\/skundo-pateikimas\/","title":{"rendered":"Skundo pateikimas"},"content":{"rendered":"<style>.elementor-50793 .elementor-element.elementor-element-f3b8b81{--display:flex;--flex-direction:column;--container-widget-width:100%;--container-widget-height:initial;--container-widget-flex-grow:0;--container-widget-align-self:initial;--flex-wrap-mobile:wrap;}.elementor-widget-text-editor{font-family:var( --e-global-typography-text-font-family ), Sans-serif;font-size:var( --e-global-typography-text-font-size );font-weight:var( --e-global-typography-text-font-weight );color:var( --e-global-color-text );}.elementor-widget-text-editor.elementor-drop-cap-view-stacked .elementor-drop-cap{background-color:var( --e-global-color-primary );}.elementor-widget-text-editor.elementor-drop-cap-view-framed .elementor-drop-cap, .elementor-widget-text-editor.elementor-drop-cap-view-default .elementor-drop-cap{color:var( --e-global-color-primary );border-color:var( --e-global-color-primary );}.elementor-50793 .elementor-element.elementor-element-b4d416b{color:var( --e-global-color-primary );}.elementor-50793 .elementor-element.elementor-element-b4d416b > .elementor-widget-container{padding:2rem 2rem 2rem 2rem;}@media(max-width:1024px){.elementor-widget-text-editor{font-size:var( --e-global-typography-text-font-size );}}@media(max-width:767px){.elementor-widget-text-editor{font-size:var( --e-global-typography-text-font-size );}}<\/style>\t\t<div data-elementor-type=\"wp-page\" data-elementor-id=\"50793\" class=\"elementor elementor-50793 elementor-14155\" data-elementor-post-type=\"page\">\n\t\t\t\t<div class=\"elementor-element elementor-element-f3b8b81 e-flex e-con-boxed e-con e-parent\" data-id=\"f3b8b81\" data-element_type=\"container\" data-e-type=\"container\">\n\t\t\t\t\t<div class=\"e-con-inner\">\n\t\t\t\t<div class=\"elementor-element elementor-element-b4d416b elementor-widget elementor-widget-text-editor\" data-id=\"b4d416b\" data-element_type=\"widget\" data-e-type=\"widget\" data-widget_type=\"text-editor.default\">\n\t\t\t\t<div class=\"elementor-widget-container\">\n\t\t\t\t\t\t\t\t\t<ol>\n<li>&#8222;ChildSupply\" ir Pirk\u0117jas atsako kitai \u0161aliai u\u017e bet koki\u0105 \u017eal\u0105, padaryt\u0105 kitai \u0161aliai pa\u017eeidus \u0161ias Taisykles ir s\u0105lygas, Estijos Respublikos teis\u0117s aktuose numatytais atvejais ir apimtimi.<\/li>\n<li>&#8222;ChildSupply\" atsako u\u017e bet kok\u012f Pirk\u0117jui parduoto Produkto neatitikim\u0105 ar defekt\u0105, kuris egzistavo pristatymo metu ir paai\u0161k\u0117ja per dvejus metus nuo Produkto pristatymo Pirk\u0117jui. Per \u0161iuos pirmuosius \u0161e\u0161is m\u0117nesius nuo Prek\u0117s pristatymo Pirk\u0117jui laikoma, kad defektas egzistavo pristatymo metu. ChildSupply atsako u\u017e tokios prezumpcijos paneigim\u0105.  <\/li>\n<li>Pirk\u0117jas turi teis\u0119 pateikti pretenzij\u0105 ChildSupply d\u0117l gaminio neatitikimo per dvejus metus nuo pristatymo datos. Pretenzija turi b\u016bti pateikta nedelsiant, bet ne v\u0117liau kaip per du m\u0117nesius nuo Produkto defekto nustatymo. Aptik\u0119s defekt\u0105, Pirk\u0117jas privalo imtis pagr\u012fst\u0173 priemoni\u0173, kad i\u0161saugot\u0173 ir apsaugot\u0173 Produkt\u0105, \u012fskaitant defektinio Produkto nenaudojim\u0105, jei d\u0117l jo naudojimo Produkto b\u016bkl\u0117 dar labiau pablog\u0117t\u0173.  <\/li>\n<li>Jei Produktas neatitinka sutarties s\u0105lyg\u0173, Pirk\u0117jas gali pasinaudoti teis\u0117s aktuose numatytomis teisi\u0173 gynimo priemon\u0117mis, \u012fskaitant teis\u0119 reikalauti, kad Produktas b\u016bt\u0173 pataisytas arba pakeistas. Jei Gaminio pataisyti ar pakeisti ne\u012fmanoma, jis nepavyksta arba sukelia Pirk\u0117jui nepagr\u012fst\u0173 nepatogum\u0173, Pirk\u0117jas turi teis\u0119 atsisakyti sutarties ir reikalauti gr\u0105\u017einti pinigus. <\/li>\n<li>&#8222;ChildSupply\" neatsako u\u017e gaminio defektus, atsiradusius d\u0117l Pirk\u0117jo kalt\u0117s, defektus, atsiradusius d\u0117l netinkamo gaminio laikymo ar naudojimo. Defektai apima Produkto defektus, bet ne Produkto pakuot\u0117s defektus. <\/li>\n<li>Jei Gaminiui taikoma &#8222;ChildSupply\" arba gamintojo pardavimo garantija, garantijos s\u0105lygos Pirk\u0117jui pateikiamos ra\u0161tu kartu su Gaminiu ir (arba) elektronin\u0117je el. parduotuv\u0117je.<\/li>\n<li>Nor\u0117damas i\u0161spr\u0119sti bet kokias v\u0117lesnes problemas, Pirk\u0117jas privalo saugoti pirkimo dokumentus (s\u0105skait\u0105 fakt\u016br\u0105, sutart\u012f ir kt.), \u012frodan\u010dius, kad Produktas buvo \u012fsigytas &#8222;ChildSupply\" el. parduotuv\u0117je. Netur\u0117dama pardavimo \u012frodym\u0173, &#8222;ChildSupply\" negali i\u0161spr\u0119sti problemos. <\/li>\n<li>Jei i\u0161 &#8222;ChildSupply\" elektronin\u0117s parduotuv\u0117s \u012fsigytas Gaminys turi defekt\u0173, Pirk\u0117jas turi teis\u0119 kreiptis \u012f &#8222;ChildSupply\" atstovus ne v\u0117liau kaip per du m\u0117nesius:<\/li>\n<\/ol>\n<p>8.1. P\u00e4rnu mnt 328, Talinas; <\/p>\n<ol start=\"9\">\n<li>Teikiant pretenzij\u0105, turi b\u016bti pateiktas suged\u0119s Produktas. ChildSupply ir Pirk\u0117jas turi sudaryti susitarim\u0105 d\u0117l Gaminio prie\u017ei\u016bros ir remonto, jei b\u016btina i\u0161si\u0173sti Gamin\u012f diagnostikai ar ekspertizei, kad b\u016bt\u0173 nustatytas defekto pob\u016bdis ir prie\u017eastis. <\/li>\n<li>Pateikdami pretekst\u0105 atkreipkite d\u0117mes\u012f \u012f:<\/li>\n<\/ol>\n<p>10.1 Pirk\u0117jo vardas, pavard\u0117 ir kontaktiniai duomenys; <\/p>\n<p>10.2. Skundo data; <\/p>\n<p>10.3. Produkto tr\u016bkumas; <\/p>\n<p>10.4. Reikalavimas d\u0117l vaik\u0173 tiekimo; <\/p>\n<p>10.5. Turi b\u016bti pateikta nuoroda \u012f sandor\u012f ar garantij\u0105 patvirtinant\u012f dokument\u0105 arba prie skundo turi b\u016bti prid\u0117ta jo kopija. <\/p>\n<ol start=\"11\">\n<li>&#8222;ChildSupply\" atsakys \u012f skund\u0105 ra\u0161tu per 15 dien\u0173 nuo skundo gavimo i\u0161 Pirk\u0117jo dienos. Jei &#8222;ChildSupply\" negali atsakyti \u012f Pirk\u0117jo skund\u0105 per 15 dien\u0173, apie tai jam prane\u0161ama ra\u0161tu, nurodant prie\u017eastis ir laik\u0105, per kur\u012f bus i\u0161si\u0173stas atsakymas. <\/li>\n<li>Produkto defekt\u0173 \u0161alinimui taikoma ChildSupply pretenzij\u0173 politika, kuri yra neatskiriama \u0161i\u0173 pardavimo s\u0105lyg\u0173 dalis.<\/li>\n<li>Pirk\u0117jas turi teis\u0119 kreiptis \u012f kompetenting\u0105 prie\u017ei\u016bros institucij\u0105, kuri yra.&nbsp;<a href=\"https:\/\/www.ttja.ee\/\">Vartotoj\u0173 apsaugos ir technin\u0117s prie\u017ei\u016bros tarnyba,<\/a>S\u00f5le 23a, 10614 Talinas, el. pa\u0161tas: info@ttja.ee. Vartojimo gin\u010d\u0173 neteisminis sprendimas internete pagal Europos Parlamento ir Tarybos reglament\u0105 (ES) Nr. 524\/2013. <\/li>\n<li>Jei Pirk\u0117jui ir &#8222;ChildSupply\" nepavyksta i\u0161spr\u0119sti gin\u010do susitarimu, Pirk\u0117jas gali kreiptis \u012f Vartotoj\u0173 gin\u010d\u0173 komisij\u0105, kurios darbo tvarkos taisykles galima rasti ir pra\u0161ym\u0105 pateikti \u010dia. Vartotoj\u0173 gin\u010d\u0173 komisija yra kompetentinga spr\u0119sti gin\u010dus, kylan\u010dius i\u0161 sutarties tarp Pirk\u0117jo ir internetin\u0117s parduotuv\u0117s. U\u017e pirk\u0117jo skundo nagrin\u0117jim\u0105 komisija nemoka.  <\/li>\n<li>Pirk\u0117jas turi teis\u0119 <a href=\"https:\/\/ec.europa.eu\/consumers\/odr\/main\/?event=main.home2.show\">kreiptis \u012f Europos S\u0105jungos vartotoj\u0173 gin\u010d\u0173 sprendimo platform\u0105<\/a>.<\/li>\n<\/ol>\t\t\t\t\t\t\t\t<\/div>\n\t\t\t\t<\/div>\n\t\t\t\t\t<\/div>\n\t\t\t\t<\/div>\n\t\t\t\t<\/div>\n\t\t","protected":false},"excerpt":{"rendered":"<p>&#8222;ChildSupply\" ir Pirk\u0117jas atsako kitai \u0161aliai u\u017e bet koki\u0105 \u017eal\u0105, padaryt\u0105 kitai \u0161aliai pa\u017eeidus \u0161ias Taisykles ir s\u0105lygas, Estijos Respublikos [&hellip;]<\/p>\n","protected":false},"author":3,"featured_media":0,"parent":47389,"menu_order":0,"comment_status":"closed","ping_status":"closed","template":"","meta":{"_acf_changed":false,"om_disable_all_campaigns":false,"_monsterinsights_skip_tracking":false,"_monsterinsights_sitenote_active":false,"_monsterinsights_sitenote_note":"","_monsterinsights_sitenote_category":0,"_uf_show_specific_survey":0,"_uf_disable_surveys":false,"site-sidebar-layout":"no-sidebar","site-content-layout":"","ast-site-content-layout":"full-width-container","site-content-style":"default","site-sidebar-style":"default","ast-global-header-display":"","ast-banner-title-visibility":"","ast-main-header-display":"","ast-hfb-above-header-display":"","ast-hfb-below-header-display":"","ast-hfb-mobile-header-display":"","site-post-title":"disabled","ast-breadcrumbs-content":"","ast-featured-img":"disabled","footer-sml-layout":"","theme-transparent-header-meta":"","adv-header-id-meta":"","stick-header-meta":"","header-above-stick-meta":"","header-main-stick-meta":"","header-below-stick-meta":"","astra-migrate-meta-layouts":"default","ast-page-background-enabled":"default","ast-page-background-meta":{"desktop":{"background-color":"var(--ast-global-color-4)","background-image":"","background-repeat":"repeat","background-position":"center center","background-size":"auto","background-attachment":"scroll","background-type":"","background-media":"","overlay-type":"","overlay-color":"","overlay-opacity":"","overlay-gradient":""},"tablet":{"background-color":"","background-image":"","background-repeat":"repeat","background-position":"center center","background-size":"auto","background-attachment":"scroll","background-type":"","background-media":"","overlay-type":"","overlay-color":"","overlay-opacity":"","overlay-gradient":""},"mobile":{"background-color":"","background-image":"","background-repeat":"repeat","background-position":"center center","background-size":"auto","background-attachment":"scroll","background-type":"","background-media":"","overlay-type":"","overlay-color":"","overlay-opacity":"","overlay-gradient":""}},"ast-content-background-meta":{"desktop":{"background-color":"var(--ast-global-color-5)","background-image":"","background-repeat":"repeat","background-position":"center center","background-size":"auto","background-attachment":"scroll","background-type":"","background-media":"","overlay-type":"","overlay-color":"","overlay-opacity":"","overlay-gradient":""},"tablet":{"background-color":"var(--ast-global-color-5)","background-image":"","background-repeat":"repeat","background-position":"center center","background-size":"auto","background-attachment":"scroll","background-type":"","background-media":"","overlay-type":"","overlay-color":"","overlay-opacity":"","overlay-gradient":""},"mobile":{"background-color":"var(--ast-global-color-5)","background-image":"","background-repeat":"repeat","background-position":"center center","background-size":"auto","background-attachment":"scroll","background-type":"","background-media":"","overlay-type":"","overlay-color":"","overlay-opacity":"","overlay-gradient":""}},"footnotes":""},"class_list":["post-50793","page","type-page","status-publish","hentry"],"acf":[],"aioseo_notices":[],"_links":{"self":[{"href":"https:\/\/hummy.ee\/lt\/wp-json\/wp\/v2\/pages\/50793","targetHints":{"allow":["GET"]}}],"collection":[{"href":"https:\/\/hummy.ee\/lt\/wp-json\/wp\/v2\/pages"}],"about":[{"href":"https:\/\/hummy.ee\/lt\/wp-json\/wp\/v2\/types\/page"}],"author":[{"embeddable":true,"href":"https:\/\/hummy.ee\/lt\/wp-json\/wp\/v2\/users\/3"}],"replies":[{"embeddable":true,"href":"https:\/\/hummy.ee\/lt\/wp-json\/wp\/v2\/comments?post=50793"}],"version-history":[{"count":1,"href":"https:\/\/hummy.ee\/lt\/wp-json\/wp\/v2\/pages\/50793\/revisions"}],"predecessor-version":[{"id":50795,"href":"https:\/\/hummy.ee\/lt\/wp-json\/wp\/v2\/pages\/50793\/revisions\/50795"}],"up":[{"embeddable":true,"href":"https:\/\/hummy.ee\/lt\/wp-json\/wp\/v2\/pages\/47389"}],"wp:attachment":[{"href":"https:\/\/hummy.ee\/lt\/wp-json\/wp\/v2\/media?parent=50793"}],"curies":[{"name":"wp","href":"https:\/\/api.w.org\/{rel}","templated":true}]}}