{"id":47634,"date":"2024-09-28T10:10:06","date_gmt":"2024-09-28T10:10:06","guid":{"rendered":"https:\/\/hummy.ee\/musu-istorija\/"},"modified":"2025-03-19T18:48:26","modified_gmt":"2025-03-19T18:48:26","slug":"musu-istorija","status":"publish","type":"page","link":"https:\/\/hummy.ee\/lt\/musu-istorija\/","title":{"rendered":"M\u016bs\u0173 istorija"},"content":{"rendered":"<style>.elementor-47634 .elementor-element.elementor-element-c14c8a9{--display:flex;--flex-direction:column;--container-widget-width:100%;--container-widget-height:initial;--container-widget-flex-grow:0;--container-widget-align-self:initial;--flex-wrap-mobile:wrap;}.elementor-widget-image .widget-image-caption{color:var( --e-global-color-text );font-family:var( --e-global-typography-text-font-family ), Sans-serif;font-size:var( --e-global-typography-text-font-size );font-weight:var( --e-global-typography-text-font-weight );}.elementor-47634 .elementor-element.elementor-element-a7ef4e7 img{width:100%;max-width:100%;height:700px;object-fit:cover;object-position:center center;}.elementor-47634 .elementor-element.elementor-element-58b3a6e{--display:flex;--flex-direction:column;--container-widget-width:100%;--container-widget-height:initial;--container-widget-flex-grow:0;--container-widget-align-self:initial;--flex-wrap-mobile:wrap;}.elementor-widget-heading .elementor-heading-title{font-family:var( --e-global-typography-primary-font-family ), Sans-serif;font-size:var( --e-global-typography-primary-font-size );font-weight:var( --e-global-typography-primary-font-weight );color:var( --e-global-color-primary );}.elementor-47634 .elementor-element.elementor-element-1963fc8{text-align:center;}.elementor-47634 .elementor-element.elementor-element-1963fc8 .elementor-heading-title{font-family:\"Cormorant\", Sans-serif;font-size:29px;font-weight:700;color:var( --e-global-color-primary );}.elementor-47634 .elementor-element.elementor-element-1963fc8 > .elementor-widget-container{padding:3rem 3rem 3rem 3rem;}.elementor-47634 .elementor-element.elementor-element-fcb600f{--display:flex;--flex-direction:row;--container-widget-width:initial;--container-widget-height:100%;--container-widget-flex-grow:1;--container-widget-align-self:stretch;--flex-wrap-mobile:wrap;--gap:0px 0px;--row-gap:0px;--column-gap:0px;}.elementor-47634 .elementor-element.elementor-element-db1ca91{--display:flex;--flex-direction:column;--container-widget-width:100%;--container-widget-height:initial;--container-widget-flex-grow:0;--container-widget-align-self:initial;--flex-wrap-mobile:wrap;--padding-top:3rem;--padding-bottom:3rem;--padding-left:3rem;--padding-right:3rem;}.elementor-widget-text-editor{font-family:var( --e-global-typography-text-font-family ), Sans-serif;font-size:var( --e-global-typography-text-font-size );font-weight:var( --e-global-typography-text-font-weight );color:var( --e-global-color-text );}.elementor-widget-text-editor.elementor-drop-cap-view-stacked .elementor-drop-cap{background-color:var( --e-global-color-primary );}.elementor-widget-text-editor.elementor-drop-cap-view-framed .elementor-drop-cap, .elementor-widget-text-editor.elementor-drop-cap-view-default .elementor-drop-cap{color:var( --e-global-color-primary );border-color:var( --e-global-color-primary );}.elementor-47634 .elementor-element.elementor-element-64a23e0{text-align:justify;font-family:\"Jura\", Sans-serif;font-size:16px;font-weight:400;color:var( --e-global-color-primary );}.elementor-47634 .elementor-element.elementor-element-46a8ccf{--display:flex;--flex-direction:column;--container-widget-width:100%;--container-widget-height:initial;--container-widget-flex-grow:0;--container-widget-align-self:initial;--flex-wrap-mobile:wrap;--padding-top:3rem;--padding-bottom:3rem;--padding-left:3rem;--padding-right:3rem;}.elementor-47634 .elementor-element.elementor-element-5a8d084{text-align:justify;font-family:\"Jura\", Sans-serif;font-size:16px;font-weight:400;color:var( --e-global-color-primary );}.elementor-47634 .elementor-element.elementor-element-5a8d084 > .elementor-widget-container{margin:0px 0px 0px 0px;}.elementor-47634 .elementor-element.elementor-element-445871e{--display:flex;--flex-direction:row;--container-widget-width:initial;--container-widget-height:100%;--container-widget-flex-grow:1;--container-widget-align-self:stretch;--flex-wrap-mobile:wrap;--gap:0px 0px;--row-gap:0px;--column-gap:0px;--padding-top:3rem;--padding-bottom:3rem;--padding-left:3rem;--padding-right:3rem;}.elementor-47634 .elementor-element.elementor-element-78b8457{--display:flex;--flex-direction:column;--container-widget-width:100%;--container-widget-height:initial;--container-widget-flex-grow:0;--container-widget-align-self:initial;--flex-wrap-mobile:wrap;}.elementor-47634 .elementor-element.elementor-element-d20d60c > .elementor-widget-container{margin:0px 30px 0px 0px;}.elementor-47634 .elementor-element.elementor-element-9893260{--display:flex;--flex-direction:column;--container-widget-width:100%;--container-widget-height:initial;--container-widget-flex-grow:0;--container-widget-align-self:initial;--flex-wrap-mobile:wrap;}.elementor-47634 .elementor-element.elementor-element-fe06944 > .elementor-widget-container{margin:0px 0px 0px 30px;}.elementor-47634 .elementor-element.elementor-element-fe06944{width:var( --container-widget-width, 100.394% );max-width:100.394%;--container-widget-width:100.394%;--container-widget-flex-grow:0;}.elementor-47634 .elementor-element.elementor-element-fe06944.elementor-element{--flex-grow:0;--flex-shrink:0;}.elementor-47634 .elementor-element.elementor-element-cda691f{--display:flex;--flex-direction:column;--container-widget-width:100%;--container-widget-height:initial;--container-widget-flex-grow:0;--container-widget-align-self:initial;--flex-wrap-mobile:wrap;--padding-top:3rem;--padding-bottom:3rem;--padding-left:3rem;--padding-right:3rem;}.elementor-47634 .elementor-element.elementor-element-c85e817{text-align:center;font-family:\"Jura\", Sans-serif;font-size:16px;font-weight:400;color:var( --e-global-color-primary );}.elementor-47634 .elementor-element.elementor-element-c85e817 > .elementor-widget-container{margin:0px 0px 0px 0px;}.elementor-47634 .elementor-element.elementor-element-4fb3d93{text-align:center;font-family:\"Jura\", Sans-serif;font-size:16px;font-weight:400;color:var( --e-global-color-primary );}@media(min-width:768px){.elementor-47634 .elementor-element.elementor-element-db1ca91{--width:50%;}.elementor-47634 .elementor-element.elementor-element-46a8ccf{--width:50%;}.elementor-47634 .elementor-element.elementor-element-78b8457{--width:50%;}.elementor-47634 .elementor-element.elementor-element-9893260{--width:50%;}.elementor-47634 .elementor-element.elementor-element-cda691f{--content-width:1500px;}}@media(max-width:1024px){.elementor-widget-image .widget-image-caption{font-size:var( --e-global-typography-text-font-size );}.elementor-widget-heading .elementor-heading-title{font-size:var( --e-global-typography-primary-font-size );}.elementor-widget-text-editor{font-size:var( --e-global-typography-text-font-size );}}@media(max-width:767px){.elementor-widget-image .widget-image-caption{font-size:var( --e-global-typography-text-font-size );}.elementor-widget-heading .elementor-heading-title{font-size:var( --e-global-typography-primary-font-size );}.elementor-widget-text-editor{font-size:var( --e-global-typography-text-font-size );}}<\/style>\t\t<div data-elementor-type=\"wp-page\" data-elementor-id=\"47634\" class=\"elementor elementor-47634 elementor-5006\" data-elementor-post-type=\"page\">\n\t\t\t\t<div class=\"elementor-element elementor-element-c14c8a9 e-con-full e-flex e-con e-parent\" data-id=\"c14c8a9\" data-element_type=\"container\" data-e-type=\"container\">\n\t\t\t\t<div class=\"elementor-element elementor-element-a7ef4e7 elementor-widget elementor-widget-image\" data-id=\"a7ef4e7\" data-element_type=\"widget\" data-e-type=\"widget\" data-widget_type=\"image.default\">\n\t\t\t\t<div class=\"elementor-widget-container\">\n\t\t\t\t\t\t\t\t\t\t\t\t\t\t\t<img fetchpriority=\"high\" decoding=\"async\" width=\"2560\" height=\"1707\" src=\"https:\/\/hummy.ee\/wp-content\/uploads\/2024\/09\/IMG_0783-scaled.jpg\" class=\"attachment-full size-full wp-image-5062\" alt=\"\" srcset=\"https:\/\/hummy.ee\/wp-content\/uploads\/2024\/09\/IMG_0783-scaled.jpg 2560w, https:\/\/hummy.ee\/wp-content\/uploads\/2024\/09\/IMG_0783-scaled-700x467.jpg 700w, https:\/\/hummy.ee\/wp-content\/uploads\/2024\/09\/IMG_0783-300x200.jpg 300w, https:\/\/hummy.ee\/wp-content\/uploads\/2024\/09\/IMG_0783-1024x683.jpg 1024w, https:\/\/hummy.ee\/wp-content\/uploads\/2024\/09\/IMG_0783-768x512.jpg 768w, https:\/\/hummy.ee\/wp-content\/uploads\/2024\/09\/IMG_0783-1536x1024.jpg 1536w, https:\/\/hummy.ee\/wp-content\/uploads\/2024\/09\/IMG_0783-2048x1365.jpg 2048w\" sizes=\"(max-width: 2560px) 100vw, 2560px\" \/>\t\t\t\t\t\t\t\t\t\t\t\t\t\t\t<\/div>\n\t\t\t\t<\/div>\n\t\t\t\t<\/div>\n\t\t<div class=\"elementor-element elementor-element-58b3a6e e-flex e-con-boxed e-con e-parent\" data-id=\"58b3a6e\" data-element_type=\"container\" data-e-type=\"container\">\n\t\t\t\t\t<div class=\"e-con-inner\">\n\t\t\t\t<div class=\"elementor-element elementor-element-1963fc8 elementor-widget elementor-widget-heading\" data-id=\"1963fc8\" data-element_type=\"widget\" data-e-type=\"widget\" data-widget_type=\"heading.default\">\n\t\t\t\t<div class=\"elementor-widget-container\">\n\t\t\t\t\t<h2 class=\"elementor-heading-title elementor-size-default\">Hummy \u0161eima: Ave, Anti, Hendrikas, Izabel\u0117 ir Adel\u0117 \ud83e\udd0d<\/h2>\t\t\t\t<\/div>\n\t\t\t\t<\/div>\n\t\t\t\t\t<\/div>\n\t\t\t\t<\/div>\n\t\t<div class=\"elementor-element elementor-element-fcb600f e-flex e-con-boxed e-con e-parent\" data-id=\"fcb600f\" data-element_type=\"container\" data-e-type=\"container\">\n\t\t\t\t\t<div class=\"e-con-inner\">\n\t\t<div class=\"elementor-element elementor-element-db1ca91 e-con-full e-flex e-con e-child\" data-id=\"db1ca91\" data-element_type=\"container\" data-e-type=\"container\">\n\t\t\t\t<div class=\"elementor-element elementor-element-64a23e0 elementor-widget elementor-widget-text-editor\" data-id=\"64a23e0\" data-element_type=\"widget\" data-e-type=\"widget\" data-widget_type=\"text-editor.default\">\n\t\t\t\t<div class=\"elementor-widget-container\">\n\t\t\t\t\t\t\t\t\t<p>Prad\u0117jome gaminti vaiki\u0161kus gaminius, nes norime, kad auginti vaikus b\u016bt\u0173 lengviau ir saugiau. 2021. 2009 m. vasar\u0105 pasi\u016bl\u0117me &#8222;Leclercbaby\" produktus. Gyvenant ir Veru, ir Taline, mums reik\u0117jo kompakti\u0161ko ir patogaus ve\u017eim\u0117lio. Keliaudami u\u017esienyje atradome olandi\u0161kus vaiki\u0161kus ve\u017eim\u0117lius, kurie buvo labai populiar\u016bs tarp jaun\u0173 t\u0117v\u0173. Ypa\u010d nor\u0117jome &#8222;Leclerc\" ve\u017eim\u0117lio, bet juos atve\u017e\u0117me ir kitoms Baltijos \u0161ali\u0173 mamoms.<\/p><p>Kasdien bendraujame su &#8222;Leclercbaby\" komanda, kurios produkt\u0173 technologai visuomet \u017eengia \u017eingsn\u012f \u012f priek\u012f. Kai vienas i\u0161 &#8222;LeclercBaby\" k\u016br\u0117j\u0173 Robas vienu metu per\u0117jo dirbti \u012f vokie\u010di\u0173 prek\u0117s \u017eenklo &#8222;Avova\" komand\u0105, bandomajam laikotarpiui u\u017esisak\u0117me 2 &#8222;Avova\" automobilines k\u0117dutes - &#8222;Sora Fix\" ir &#8222;Sperber-Fix 61&#8243;. Atsitiktinai u\u017eklydome ant \u017eaidim\u0105 kei\u010dian\u010di\u0173 k\u0117d\u017ei\u0173! &#8222;Avova\" yra viena i\u0161 paskutini\u0173j\u0173 saugos k\u0117d\u017ei\u0173 gamintoj\u0173, kurie savo gamyb\u0105, \u012fskaitant voki\u0161k\u0105 kokyb\u0119, paliko Europoje. Ulme pagamintos k\u0117d\u0117s yra voki\u0161kai saugios ir iki smulkmen\u0173 i\u0161lietos.<\/p>\t\t\t\t\t\t\t\t<\/div>\n\t\t\t\t<\/div>\n\t\t\t\t<\/div>\n\t\t<div class=\"elementor-element elementor-element-46a8ccf e-con-full e-flex e-con e-child\" data-id=\"46a8ccf\" data-element_type=\"container\" data-e-type=\"container\">\n\t\t\t\t<div class=\"elementor-element elementor-element-5a8d084 elementor-widget elementor-widget-text-editor\" data-id=\"5a8d084\" data-element_type=\"widget\" data-e-type=\"widget\" data-widget_type=\"text-editor.default\">\n\t\t\t\t<div class=\"elementor-widget-container\">\n\t\t\t\t\t\t\t\t\t<p>2022 m. lank\u0117m\u0117s Kelno vaik\u0173 mug\u0117je. Tai buvo nema\u017eas nuotykis, skridome ten su 5 m\u0117nesi\u0173 k\u016bdikiu. Pirmasis pasaulyje \u0161e\u0161i viename ve\u017eim\u0117lis &#8222;Jiffle Wagon\" patrauk\u0117 mug\u0117s lankytoj\u0173 d\u0117mes\u012f. \u017dinoma, &#8222;The Jiffle\" taip pat peln\u0117 presti\u017ein\u012f mug\u0117s inovacij\u0173 apdovanojim\u0105 u\u017e naujum\u0105 ir kokyb\u0119. Tokio vaiki\u0161ko ve\u017eim\u0117lio dar nebuvome mat\u0119. Kadangi mums reik\u0117jo pilno dyd\u017eio ve\u017eim\u0117lio, kad abu gal\u0117tume b\u016bti kartu, nusipirkome &#8222;The Jiffle Wagon\". Ir&#8230; mes nuve\u017e\u0117me j\u0105 \u012f Baltijos \u0161alis kitoms motinoms.  <\/p><p><span style=\"font-style: inherit;\">2023. 2008 m. bir\u017eel\u012f atidar\u0117me &#8222;Leclercbaby\" salon\u0105 Nymme, kuriame visi norintys gal\u0117jo pamatyti ir \u012fsigyti trij\u0173 m\u016bs\u0173 preki\u0173 \u017eenkl\u0173 preki\u0173.<\/span><\/p>\t\t\t\t\t\t\t\t<\/div>\n\t\t\t\t<\/div>\n\t\t\t\t<\/div>\n\t\t\t\t\t<\/div>\n\t\t\t\t<\/div>\n\t\t<div class=\"elementor-element elementor-element-445871e e-flex e-con-boxed e-con e-parent\" data-id=\"445871e\" data-element_type=\"container\" data-e-type=\"container\">\n\t\t\t\t\t<div class=\"e-con-inner\">\n\t\t<div class=\"elementor-element elementor-element-78b8457 e-con-full e-flex e-con e-child\" data-id=\"78b8457\" data-element_type=\"container\" data-e-type=\"container\">\n\t\t\t\t<div class=\"elementor-element elementor-element-d20d60c elementor-widget elementor-widget-image\" data-id=\"d20d60c\" data-element_type=\"widget\" data-e-type=\"widget\" data-widget_type=\"image.default\">\n\t\t\t\t<div class=\"elementor-widget-container\">\n\t\t\t\t\t\t\t\t\t\t\t\t\t\t\t<img decoding=\"async\" width=\"683\" height=\"1024\" src=\"https:\/\/hummy.ee\/wp-content\/uploads\/2024\/09\/IMG_0795-683x1024.jpg\" class=\"attachment-large size-large wp-image-5063\" alt=\"\" srcset=\"https:\/\/hummy.ee\/wp-content\/uploads\/2024\/09\/IMG_0795-683x1024.jpg 683w, https:\/\/hummy.ee\/wp-content\/uploads\/2024\/09\/IMG_0795-scaled-700x1050.jpg 700w, https:\/\/hummy.ee\/wp-content\/uploads\/2024\/09\/IMG_0795-200x300.jpg 200w, https:\/\/hummy.ee\/wp-content\/uploads\/2024\/09\/IMG_0795-768x1152.jpg 768w, https:\/\/hummy.ee\/wp-content\/uploads\/2024\/09\/IMG_0795-1024x1536.jpg 1024w, https:\/\/hummy.ee\/wp-content\/uploads\/2024\/09\/IMG_0795-1365x2048.jpg 1365w, https:\/\/hummy.ee\/wp-content\/uploads\/2024\/09\/IMG_0795-scaled.jpg 1707w\" sizes=\"(max-width: 683px) 100vw, 683px\" \/>\t\t\t\t\t\t\t\t\t\t\t\t\t\t\t<\/div>\n\t\t\t\t<\/div>\n\t\t\t\t<\/div>\n\t\t<div class=\"elementor-element elementor-element-9893260 e-con-full e-flex e-con e-child\" data-id=\"9893260\" data-element_type=\"container\" data-e-type=\"container\">\n\t\t\t\t<div class=\"elementor-element elementor-element-fe06944 elementor-widget__width-initial elementor-widget elementor-widget-image\" data-id=\"fe06944\" data-element_type=\"widget\" data-e-type=\"widget\" data-widget_type=\"image.default\">\n\t\t\t\t<div class=\"elementor-widget-container\">\n\t\t\t\t\t\t\t\t\t\t\t\t\t\t\t<img decoding=\"async\" width=\"683\" height=\"1024\" src=\"https:\/\/hummy.ee\/wp-content\/uploads\/2024\/09\/IMG_0797-683x1024.jpg\" class=\"attachment-large size-large wp-image-5067\" alt=\"\" srcset=\"https:\/\/hummy.ee\/wp-content\/uploads\/2024\/09\/IMG_0797-683x1024.jpg 683w, https:\/\/hummy.ee\/wp-content\/uploads\/2024\/09\/IMG_0797-scaled-700x1050.jpg 700w, https:\/\/hummy.ee\/wp-content\/uploads\/2024\/09\/IMG_0797-200x300.jpg 200w, https:\/\/hummy.ee\/wp-content\/uploads\/2024\/09\/IMG_0797-768x1152.jpg 768w, https:\/\/hummy.ee\/wp-content\/uploads\/2024\/09\/IMG_0797-1024x1536.jpg 1024w, https:\/\/hummy.ee\/wp-content\/uploads\/2024\/09\/IMG_0797-1365x2048.jpg 1365w, https:\/\/hummy.ee\/wp-content\/uploads\/2024\/09\/IMG_0797-scaled.jpg 1707w\" sizes=\"(max-width: 683px) 100vw, 683px\" \/>\t\t\t\t\t\t\t\t\t\t\t\t\t\t\t<\/div>\n\t\t\t\t<\/div>\n\t\t\t\t<\/div>\n\t\t\t\t\t<\/div>\n\t\t\t\t<\/div>\n\t\t<div class=\"elementor-element elementor-element-cda691f e-flex e-con-boxed e-con e-parent\" data-id=\"cda691f\" data-element_type=\"container\" data-e-type=\"container\">\n\t\t\t\t\t<div class=\"e-con-inner\">\n\t\t\t\t<div class=\"elementor-element elementor-element-c85e817 elementor-widget elementor-widget-text-editor\" data-id=\"c85e817\" data-element_type=\"widget\" data-e-type=\"widget\" data-widget_type=\"text-editor.default\">\n\t\t\t\t<div class=\"elementor-widget-container\">\n\t\t\t\t\t\t\t\t\t<p>M\u016bs\u0173 asortimente vis dar tr\u016bko kokybi\u0161ko ir nebrangaus ve\u017eim\u0117lio, skirto vidutinio am\u017eiaus Estijos t\u0117vams. &#8222;ABC Design\" yra naujausias m\u016bs\u0173 asortimento prek\u0117s \u017eenklas, ta\u010diau Vokietijoje gerai \u017einomas jau daugiau nei 30 met\u0173. Mes vadovaujam\u0117s tomis pa\u010diomis vertyb\u0117mis kaip ir gamintojas - geras klient\u0173 aptarnavimas, prieinamos kainos ir auk\u0161ta kokyb\u0117. Did\u017eiausi\u0105 rinkos dal\u012f Vidurio Europoje u\u017eimanti bendrov\u0117 gamina ir kuria vaiki\u0161kus ve\u017eim\u0117lius, gaminius k\u016bdikiams, valgomojo k\u0117dutes ir saugos k\u0117dutes. \u0160is prek\u0117s \u017eenklas u\u017eima vis\u0105 tre\u010ddal\u012f Vokietijos rinkos. &#8222;ABC Design\" - tai vaiki\u0161k\u0173 aksesuar\u0173 &#8222;Audi\" - auk\u0161tos kokyb\u0117s gaminiai, i\u0161samiai sukurti Vokietijoje.<\/p><p>Kvie\u010diame apsilankyti &#8222;Hummy\" parduotuv\u0117je, kurioje atrinkome geriausius produktus, kad t\u0117vams b\u016bt\u0173 lengviau auginti vaikus.<\/p>\t\t\t\t\t\t\t\t<\/div>\n\t\t\t\t<\/div>\n\t\t\t\t<div class=\"elementor-element elementor-element-4fb3d93 elementor-widget elementor-widget-text-editor\" data-id=\"4fb3d93\" data-element_type=\"widget\" data-e-type=\"widget\" data-widget_type=\"text-editor.default\">\n\t\t\t\t<div class=\"elementor-widget-container\">\n\t\t\t\t\t\t\t\t\t<p id=\"tw-target-text\" class=\"tw-data-text tw-text-large tw-ta\" dir=\"ltr\" data-placeholder=\"T\u00f5lge\" data-ved=\"2ahUKEwiU59ifhvyIAxVJFxAIHYWWCX0Q3ewLegQIARAU\" aria-label=\"T\u00f5lgitud tekst: T\u00e4name, et olete osa meie loost.\"><span class=\"Y2IQFc\" lang=\"et\">D\u0117kojame, kad esate m\u016bs\u0173 istorijos dalis!<\/span><\/p>\t\t\t\t\t\t\t\t<\/div>\n\t\t\t\t<\/div>\n\t\t\t\t\t<\/div>\n\t\t\t\t<\/div>\n\t\t\t\t<\/div>\n\t\t","protected":false},"excerpt":{"rendered":"<p>Hummy \u0161eima: Ave, Anti, Hendrikas, Izabel\u0117 ir Adel\u0117 \ud83e\udd0d Prad\u0117jome gaminti vaiki\u0161kus gaminius, nes norime, kad auginti vaikus b\u016bt\u0173 lengviau [&hellip;]<\/p>\n","protected":false},"author":3,"featured_media":0,"parent":0,"menu_order":0,"comment_status":"closed","ping_status":"closed","template":"","meta":{"_acf_changed":false,"om_disable_all_campaigns":false,"_monsterinsights_skip_tracking":false,"_monsterinsights_sitenote_active":false,"_monsterinsights_sitenote_note":"","_monsterinsights_sitenote_category":0,"_uf_show_specific_survey":0,"_uf_disable_surveys":false,"site-sidebar-layout":"no-sidebar","site-content-layout":"","ast-site-content-layout":"full-width-container","site-content-style":"default","site-sidebar-style":"default","ast-global-header-display":"","ast-banner-title-visibility":"","ast-main-header-display":"","ast-hfb-above-header-display":"","ast-hfb-below-header-display":"","ast-hfb-mobile-header-display":"","site-post-title":"disabled","ast-breadcrumbs-content":"","ast-featured-img":"disabled","footer-sml-layout":"","theme-transparent-header-meta":"","adv-header-id-meta":"","stick-header-meta":"","header-above-stick-meta":"","header-main-stick-meta":"","header-below-stick-meta":"","astra-migrate-meta-layouts":"default","ast-page-background-enabled":"default","ast-page-background-meta":{"desktop":{"background-color":"var(--ast-global-color-4)","background-image":"","background-repeat":"repeat","background-position":"center center","background-size":"auto","background-attachment":"scroll","background-type":"","background-media":"","overlay-type":"","overlay-color":"","overlay-opacity":"","overlay-gradient":""},"tablet":{"background-color":"","background-image":"","background-repeat":"repeat","background-position":"center center","background-size":"auto","background-attachment":"scroll","background-type":"","background-media":"","overlay-type":"","overlay-color":"","overlay-opacity":"","overlay-gradient":""},"mobile":{"background-color":"","background-image":"","background-repeat":"repeat","background-position":"center center","background-size":"auto","background-attachment":"scroll","background-type":"","background-media":"","overlay-type":"","overlay-color":"","overlay-opacity":"","overlay-gradient":""}},"ast-content-background-meta":{"desktop":{"background-color":"var(--ast-global-color-5)","background-image":"","background-repeat":"repeat","background-position":"center center","background-size":"auto","background-attachment":"scroll","background-type":"","background-media":"","overlay-type":"","overlay-color":"","overlay-opacity":"","overlay-gradient":""},"tablet":{"background-color":"var(--ast-global-color-5)","background-image":"","background-repeat":"repeat","background-position":"center center","background-size":"auto","background-attachment":"scroll","background-type":"","background-media":"","overlay-type":"","overlay-color":"","overlay-opacity":"","overlay-gradient":""},"mobile":{"background-color":"var(--ast-global-color-5)","background-image":"","background-repeat":"repeat","background-position":"center center","background-size":"auto","background-attachment":"scroll","background-type":"","background-media":"","overlay-type":"","overlay-color":"","overlay-opacity":"","overlay-gradient":""}},"footnotes":""},"class_list":["post-47634","page","type-page","status-publish","hentry"],"acf":[],"aioseo_notices":[],"_links":{"self":[{"href":"https:\/\/hummy.ee\/lt\/wp-json\/wp\/v2\/pages\/47634","targetHints":{"allow":["GET"]}}],"collection":[{"href":"https:\/\/hummy.ee\/lt\/wp-json\/wp\/v2\/pages"}],"about":[{"href":"https:\/\/hummy.ee\/lt\/wp-json\/wp\/v2\/types\/page"}],"author":[{"embeddable":true,"href":"https:\/\/hummy.ee\/lt\/wp-json\/wp\/v2\/users\/3"}],"replies":[{"embeddable":true,"href":"https:\/\/hummy.ee\/lt\/wp-json\/wp\/v2\/comments?post=47634"}],"version-history":[{"count":1,"href":"https:\/\/hummy.ee\/lt\/wp-json\/wp\/v2\/pages\/47634\/revisions"}],"predecessor-version":[{"id":47638,"href":"https:\/\/hummy.ee\/lt\/wp-json\/wp\/v2\/pages\/47634\/revisions\/47638"}],"wp:attachment":[{"href":"https:\/\/hummy.ee\/lt\/wp-json\/wp\/v2\/media?parent=47634"}],"curies":[{"name":"wp","href":"https:\/\/api.w.org\/{rel}","templated":true}]}}