{"id":47389,"date":"2024-10-24T14:49:33","date_gmt":"2024-10-24T14:49:33","guid":{"rendered":"https:\/\/hummy.ee\/pagalba-apsiperkant\/"},"modified":"2025-04-05T23:13:40","modified_gmt":"2025-04-05T23:13:40","slug":"pagalba-apsiperkant","status":"publish","type":"page","link":"https:\/\/hummy.ee\/lt\/pagalba-apsiperkant\/","title":{"rendered":"Pagalba apsiperkant"},"content":{"rendered":"<style>.elementor-47389 .elementor-element.elementor-element-0fc2d5a{--display:flex;--flex-direction:column;--container-widget-width:100%;--container-widget-height:initial;--container-widget-flex-grow:0;--container-widget-align-self:initial;--flex-wrap-mobile:wrap;}.elementor-widget-heading .elementor-heading-title{font-family:var( --e-global-typography-primary-font-family ), Sans-serif;font-size:var( --e-global-typography-primary-font-size );font-weight:var( --e-global-typography-primary-font-weight );color:var( --e-global-color-primary );}.elementor-47389 .elementor-element.elementor-element-13b648e{text-align:center;}.elementor-47389 .elementor-element.elementor-element-13b648e .elementor-heading-title{font-family:\"Cormorant\", Sans-serif;font-size:40px;font-weight:500;font-style:italic;}.elementor-47389 .elementor-element.elementor-element-13b648e > .elementor-widget-container{padding:3rem 3rem 3rem 3rem;}.elementor-47389 .elementor-element.elementor-element-969b1ae{--display:flex;--flex-direction:row;--container-widget-width:initial;--container-widget-height:100%;--container-widget-flex-grow:1;--container-widget-align-self:stretch;--flex-wrap-mobile:wrap;--justify-content:space-evenly;--padding-top:1rem;--padding-bottom:5rem;--padding-left:1rem;--padding-right:1rem;}.elementor-widget-button .elementor-button{font-family:var( --e-global-typography-accent-font-family ), Sans-serif;font-size:var( --e-global-typography-accent-font-size );font-weight:var( --e-global-typography-accent-font-weight );text-transform:var( --e-global-typography-accent-text-transform );background-color:var( --e-global-color-accent );}.elementor-47389 .elementor-element.elementor-element-6f883ba .elementor-button{font-family:\"Jura\", Sans-serif;font-size:16px;font-weight:400;text-transform:none;fill:var( --e-global-color-secondary );color:var( --e-global-color-secondary );border-radius:2rem 2rem 2rem 2rem;padding:1rem 2rem 1rem 2rem;}.elementor-47389 .elementor-element.elementor-element-6f883ba .elementor-button:hover, .elementor-47389 .elementor-element.elementor-element-6f883ba .elementor-button:focus{color:var( --e-global-color-secondary );background-color:var( --e-global-color-a1b2984 );}.elementor-47389 .elementor-element.elementor-element-6f883ba .elementor-button:hover svg, .elementor-47389 .elementor-element.elementor-element-6f883ba .elementor-button:focus svg{fill:var( --e-global-color-secondary );}.elementor-47389 .elementor-element.elementor-element-85f6c33 .elementor-button{font-family:\"Jura\", Sans-serif;font-size:16px;font-weight:400;text-transform:none;fill:var( --e-global-color-secondary );color:var( --e-global-color-secondary );border-radius:2rem 2rem 2rem 2rem;padding:1rem 2rem 1rem 2rem;}.elementor-47389 .elementor-element.elementor-element-85f6c33 .elementor-button:hover, .elementor-47389 .elementor-element.elementor-element-85f6c33 .elementor-button:focus{color:var( --e-global-color-secondary );background-color:var( --e-global-color-a1b2984 );}.elementor-47389 .elementor-element.elementor-element-85f6c33 .elementor-button:hover svg, .elementor-47389 .elementor-element.elementor-element-85f6c33 .elementor-button:focus svg{fill:var( --e-global-color-secondary );}.elementor-47389 .elementor-element.elementor-element-f3dfb5c .elementor-button{font-family:\"Jura\", Sans-serif;font-size:16px;font-weight:400;text-transform:none;fill:var( --e-global-color-secondary );color:var( --e-global-color-secondary );border-radius:2rem 2rem 2rem 2rem;padding:1rem 2rem 1rem 2rem;}.elementor-47389 .elementor-element.elementor-element-f3dfb5c .elementor-button:hover, .elementor-47389 .elementor-element.elementor-element-f3dfb5c .elementor-button:focus{color:var( --e-global-color-secondary );background-color:var( --e-global-color-a1b2984 );}.elementor-47389 .elementor-element.elementor-element-f3dfb5c .elementor-button:hover svg, .elementor-47389 .elementor-element.elementor-element-f3dfb5c .elementor-button:focus svg{fill:var( --e-global-color-secondary );}.elementor-47389 .elementor-element.elementor-element-e00fa4c .elementor-button{font-family:\"Jura\", Sans-serif;font-size:16px;font-weight:400;text-transform:none;fill:var( --e-global-color-secondary );color:var( --e-global-color-secondary );border-radius:2rem 2rem 2rem 2rem;padding:1rem 2rem 1rem 2rem;}.elementor-47389 .elementor-element.elementor-element-e00fa4c .elementor-button:hover, .elementor-47389 .elementor-element.elementor-element-e00fa4c .elementor-button:focus{color:var( --e-global-color-secondary );background-color:var( --e-global-color-a1b2984 );}.elementor-47389 .elementor-element.elementor-element-e00fa4c .elementor-button:hover svg, .elementor-47389 .elementor-element.elementor-element-e00fa4c .elementor-button:focus svg{fill:var( --e-global-color-secondary );}.elementor-47389 .elementor-element.elementor-element-d63eb3e .elementor-button{font-family:\"Jura\", Sans-serif;font-size:16px;font-weight:400;text-transform:none;fill:var( --e-global-color-secondary );color:var( --e-global-color-secondary );border-radius:2rem 2rem 2rem 2rem;padding:1rem 2rem 1rem 2rem;}.elementor-47389 .elementor-element.elementor-element-d63eb3e .elementor-button:hover, .elementor-47389 .elementor-element.elementor-element-d63eb3e .elementor-button:focus{color:var( --e-global-color-secondary );background-color:var( --e-global-color-a1b2984 );}.elementor-47389 .elementor-element.elementor-element-d63eb3e .elementor-button:hover svg, .elementor-47389 .elementor-element.elementor-element-d63eb3e .elementor-button:focus svg{fill:var( --e-global-color-secondary );}.elementor-47389 .elementor-element.elementor-element-2a5cfff .elementor-button{font-family:\"Jura\", Sans-serif;font-size:16px;font-weight:400;text-transform:none;fill:var( --e-global-color-secondary );color:var( --e-global-color-secondary );border-radius:2rem 2rem 2rem 2rem;padding:1rem 2rem 1rem 2rem;}.elementor-47389 .elementor-element.elementor-element-2a5cfff .elementor-button:hover, .elementor-47389 .elementor-element.elementor-element-2a5cfff .elementor-button:focus{color:var( --e-global-color-secondary );background-color:var( --e-global-color-a1b2984 );}.elementor-47389 .elementor-element.elementor-element-2a5cfff .elementor-button:hover svg, .elementor-47389 .elementor-element.elementor-element-2a5cfff .elementor-button:focus svg{fill:var( --e-global-color-secondary );}@media(min-width:768px){.elementor-47389 .elementor-element.elementor-element-969b1ae{--content-width:1400px;}}@media(max-width:1024px){.elementor-widget-heading .elementor-heading-title{font-size:var( --e-global-typography-primary-font-size );}.elementor-widget-button .elementor-button{font-size:var( --e-global-typography-accent-font-size );}}@media(max-width:767px){.elementor-widget-heading .elementor-heading-title{font-size:var( --e-global-typography-primary-font-size );}.elementor-widget-button .elementor-button{font-size:var( --e-global-typography-accent-font-size );}}<\/style>\t\t<div data-elementor-type=\"wp-page\" data-elementor-id=\"47389\" class=\"elementor elementor-47389 elementor-10966\" data-elementor-post-type=\"page\">\n\t\t\t\t<div class=\"elementor-element elementor-element-0fc2d5a e-flex e-con-boxed e-con e-parent\" data-id=\"0fc2d5a\" data-element_type=\"container\" data-e-type=\"container\">\n\t\t\t\t\t<div class=\"e-con-inner\">\n\t\t\t\t<div class=\"elementor-element elementor-element-13b648e elementor-widget elementor-widget-heading\" data-id=\"13b648e\" data-element_type=\"widget\" data-e-type=\"widget\" data-widget_type=\"heading.default\">\n\t\t\t\t<div class=\"elementor-widget-container\">\n\t\t\t\t\t<h2 class=\"elementor-heading-title elementor-size-default\">Pagalba apsiperkant<\/h2>\t\t\t\t<\/div>\n\t\t\t\t<\/div>\n\t\t\t\t\t<\/div>\n\t\t\t\t<\/div>\n\t\t<div class=\"elementor-element elementor-element-969b1ae e-flex e-con-boxed e-con e-parent\" data-id=\"969b1ae\" data-element_type=\"container\" data-e-type=\"container\">\n\t\t\t\t\t<div class=\"e-con-inner\">\n\t\t\t\t<div class=\"elementor-element elementor-element-6f883ba elementor-widget elementor-widget-button\" data-id=\"6f883ba\" data-element_type=\"widget\" data-e-type=\"widget\" data-widget_type=\"button.default\">\n\t\t\t\t<div class=\"elementor-widget-container\">\n\t\t\t\t\t\t\t\t\t<div class=\"elementor-button-wrapper\">\n\t\t\t\t\t<a class=\"elementor-button elementor-button-link elementor-size-sm\" href=\"https:\/\/hummy.ee\/lt\/pagalba-apsiperkant\/uzsakyti-pagal\/\">\n\t\t\t\t\t\t<span class=\"elementor-button-content-wrapper\">\n\t\t\t\t\t\t\t\t\t<span class=\"elementor-button-text\">U\u017esakyti pagal<\/span>\n\t\t\t\t\t<\/span>\n\t\t\t\t\t<\/a>\n\t\t\t\t<\/div>\n\t\t\t\t\t\t\t\t<\/div>\n\t\t\t\t<\/div>\n\t\t\t\t<div class=\"elementor-element elementor-element-85f6c33 elementor-widget elementor-widget-button\" data-id=\"85f6c33\" data-element_type=\"widget\" data-e-type=\"widget\" data-widget_type=\"button.default\">\n\t\t\t\t<div class=\"elementor-widget-container\">\n\t\t\t\t\t\t\t\t\t<div class=\"elementor-button-wrapper\">\n\t\t\t\t\t<a class=\"elementor-button elementor-button-link elementor-size-sm\" href=\"https:\/\/hummy.ee\/refund_returns\/kauba-kohaletoimetamine\/\">\n\t\t\t\t\t\t<span class=\"elementor-button-content-wrapper\">\n\t\t\t\t\t\t\t\t\t<span class=\"elementor-button-text\">Preki\u0173 pristatymas<\/span>\n\t\t\t\t\t<\/span>\n\t\t\t\t\t<\/a>\n\t\t\t\t<\/div>\n\t\t\t\t\t\t\t\t<\/div>\n\t\t\t\t<\/div>\n\t\t\t\t<div class=\"elementor-element elementor-element-f3dfb5c elementor-widget elementor-widget-button\" data-id=\"f3dfb5c\" data-element_type=\"widget\" data-e-type=\"widget\" data-widget_type=\"button.default\">\n\t\t\t\t<div class=\"elementor-widget-container\">\n\t\t\t\t\t\t\t\t\t<div class=\"elementor-button-wrapper\">\n\t\t\t\t\t<a class=\"elementor-button elementor-button-link elementor-size-sm\" href=\"https:\/\/hummy.ee\/refund_returns\/pretensioonide-esitamine\/\">\n\t\t\t\t\t\t<span class=\"elementor-button-content-wrapper\">\n\t\t\t\t\t\t\t\t\t<span class=\"elementor-button-text\">Skundo pateikimas<\/span>\n\t\t\t\t\t<\/span>\n\t\t\t\t\t<\/a>\n\t\t\t\t<\/div>\n\t\t\t\t\t\t\t\t<\/div>\n\t\t\t\t<\/div>\n\t\t\t\t<div class=\"elementor-element elementor-element-e00fa4c elementor-widget elementor-widget-button\" data-id=\"e00fa4c\" data-element_type=\"widget\" data-e-type=\"widget\" data-widget_type=\"button.default\">\n\t\t\t\t<div class=\"elementor-widget-container\">\n\t\t\t\t\t\t\t\t\t<div class=\"elementor-button-wrapper\">\n\t\t\t\t\t<a class=\"elementor-button elementor-button-link elementor-size-sm\" href=\"https:\/\/hummy.ee\/refund_returns\/kaubatagastus\/\">\n\t\t\t\t\t\t<span class=\"elementor-button-content-wrapper\">\n\t\t\t\t\t\t\t\t\t<span class=\"elementor-button-text\">Preki\u0173 gr\u0105\u017einimas<\/span>\n\t\t\t\t\t<\/span>\n\t\t\t\t\t<\/a>\n\t\t\t\t<\/div>\n\t\t\t\t\t\t\t\t<\/div>\n\t\t\t\t<\/div>\n\t\t\t\t<div class=\"elementor-element elementor-element-d63eb3e elementor-widget elementor-widget-button\" data-id=\"d63eb3e\" data-element_type=\"widget\" data-e-type=\"widget\" data-widget_type=\"button.default\">\n\t\t\t\t<div class=\"elementor-widget-container\">\n\t\t\t\t\t\t\t\t\t<div class=\"elementor-button-wrapper\">\n\t\t\t\t\t<a class=\"elementor-button elementor-button-link elementor-size-sm\" href=\"https:\/\/hummy.ee\/refund_returns\/isikuandmete-tootlemine\/\">\n\t\t\t\t\t\t<span class=\"elementor-button-content-wrapper\">\n\t\t\t\t\t\t\t\t\t<span class=\"elementor-button-text\">Asmens duomen\u0173 tvarkymas<\/span>\n\t\t\t\t\t<\/span>\n\t\t\t\t\t<\/a>\n\t\t\t\t<\/div>\n\t\t\t\t\t\t\t\t<\/div>\n\t\t\t\t<\/div>\n\t\t\t\t<div class=\"elementor-element elementor-element-2a5cfff elementor-widget elementor-widget-button\" data-id=\"2a5cfff\" data-element_type=\"widget\" data-e-type=\"widget\" data-widget_type=\"button.default\">\n\t\t\t\t<div class=\"elementor-widget-container\">\n\t\t\t\t\t\t\t\t\t<div class=\"elementor-button-wrapper\">\n\t\t\t\t\t<a class=\"elementor-button elementor-button-link elementor-size-sm\" href=\"https:\/\/hummy.ee\/lt\/pagalba-apsiperkant\/pardavimo-salygos\/\">\n\t\t\t\t\t\t<span class=\"elementor-button-content-wrapper\">\n\t\t\t\t\t\t\t\t\t<span class=\"elementor-button-text\">Pardavimo s\u0105lygos<\/span>\n\t\t\t\t\t<\/span>\n\t\t\t\t\t<\/a>\n\t\t\t\t<\/div>\n\t\t\t\t\t\t\t\t<\/div>\n\t\t\t\t<\/div>\n\t\t\t\t\t<\/div>\n\t\t\t\t<\/div>\n\t\t\t\t<\/div>\n\t\t","protected":false},"excerpt":{"rendered":"<p>Pagalba apsiperkant U\u017esakyti pagal Preki\u0173 pristatymas Skundo pateikimas Preki\u0173 gr\u0105\u017einimas Asmens duomen\u0173 tvarkymas Pardavimo s\u0105lygos<\/p>\n","protected":false},"author":1,"featured_media":0,"parent":0,"menu_order":0,"comment_status":"closed","ping_status":"closed","template":"","meta":{"_acf_changed":false,"om_disable_all_campaigns":false,"_monsterinsights_skip_tracking":false,"_monsterinsights_sitenote_active":false,"_monsterinsights_sitenote_note":"","_monsterinsights_sitenote_category":0,"_uf_show_specific_survey":0,"_uf_disable_surveys":false,"site-sidebar-layout":"default","site-content-layout":"","ast-site-content-layout":"","site-content-style":"default","site-sidebar-style":"default","ast-global-header-display":"","ast-banner-title-visibility":"","ast-main-header-display":"","ast-hfb-above-header-display":"","ast-hfb-below-header-display":"","ast-hfb-mobile-header-display":"","site-post-title":"","ast-breadcrumbs-content":"","ast-featured-img":"","footer-sml-layout":"","theme-transparent-header-meta":"","adv-header-id-meta":"","stick-header-meta":"","header-above-stick-meta":"","header-main-stick-meta":"","header-below-stick-meta":"","astra-migrate-meta-layouts":"default","ast-page-background-enabled":"default","ast-page-background-meta":{"desktop":{"background-color":"var(--ast-global-color-4)","background-image":"","background-repeat":"repeat","background-position":"center center","background-size":"auto","background-attachment":"scroll","background-type":"","background-media":"","overlay-type":"","overlay-color":"","overlay-opacity":"","overlay-gradient":""},"tablet":{"background-color":"","background-image":"","background-repeat":"repeat","background-position":"center center","background-size":"auto","background-attachment":"scroll","background-type":"","background-media":"","overlay-type":"","overlay-color":"","overlay-opacity":"","overlay-gradient":""},"mobile":{"background-color":"","background-image":"","background-repeat":"repeat","background-position":"center center","background-size":"auto","background-attachment":"scroll","background-type":"","background-media":"","overlay-type":"","overlay-color":"","overlay-opacity":"","overlay-gradient":""}},"ast-content-background-meta":{"desktop":{"background-color":"var(--ast-global-color-5)","background-image":"","background-repeat":"repeat","background-position":"center center","background-size":"auto","background-attachment":"scroll","background-type":"","background-media":"","overlay-type":"","overlay-color":"","overlay-opacity":"","overlay-gradient":""},"tablet":{"background-color":"var(--ast-global-color-5)","background-image":"","background-repeat":"repeat","background-position":"center center","background-size":"auto","background-attachment":"scroll","background-type":"","background-media":"","overlay-type":"","overlay-color":"","overlay-opacity":"","overlay-gradient":""},"mobile":{"background-color":"var(--ast-global-color-5)","background-image":"","background-repeat":"repeat","background-position":"center center","background-size":"auto","background-attachment":"scroll","background-type":"","background-media":"","overlay-type":"","overlay-color":"","overlay-opacity":"","overlay-gradient":""}},"footnotes":""},"class_list":["post-47389","page","type-page","status-publish","hentry"],"acf":[],"aioseo_notices":[],"_links":{"self":[{"href":"https:\/\/hummy.ee\/lt\/wp-json\/wp\/v2\/pages\/47389","targetHints":{"allow":["GET"]}}],"collection":[{"href":"https:\/\/hummy.ee\/lt\/wp-json\/wp\/v2\/pages"}],"about":[{"href":"https:\/\/hummy.ee\/lt\/wp-json\/wp\/v2\/types\/page"}],"author":[{"embeddable":true,"href":"https:\/\/hummy.ee\/lt\/wp-json\/wp\/v2\/users\/1"}],"replies":[{"embeddable":true,"href":"https:\/\/hummy.ee\/lt\/wp-json\/wp\/v2\/comments?post=47389"}],"version-history":[{"count":2,"href":"https:\/\/hummy.ee\/lt\/wp-json\/wp\/v2\/pages\/47389\/revisions"}],"predecessor-version":[{"id":54910,"href":"https:\/\/hummy.ee\/lt\/wp-json\/wp\/v2\/pages\/47389\/revisions\/54910"}],"wp:attachment":[{"href":"https:\/\/hummy.ee\/lt\/wp-json\/wp\/v2\/media?parent=47389"}],"curies":[{"name":"wp","href":"https:\/\/api.w.org\/{rel}","templated":true}]}}