{"id":90057,"date":"2026-05-14T09:05:03","date_gmt":"2026-05-14T09:05:03","guid":{"rendered":"https:\/\/hummy.ee\/?post_type=product&#038;p=90057"},"modified":"2026-05-14T09:05:03","modified_gmt":"2026-05-14T09:05:03","slug":"abc-design-sierra-3-in-1-yhdistelmavaunut","status":"publish","type":"product","link":"https:\/\/hummy.ee\/fi\/tuote\/abc-design-sierra-3-in-1-yhdistelmavaunut\/","title":{"rendered":"ABC Design Sierra 3-in-1 yhdistelm\u00e4vaunut"},"content":{"rendered":"<h6><strong><em>Laatikon sis\u00e4lt\u00f6:<\/em><\/strong><\/h6>\n<ul data-start=\"618\" data-end=\"796\">\n<li>\n<h6>Vaunukoppa<\/h6>\n<\/li>\n<li>\n<h6>Istuinosa<\/h6>\n<\/li>\n<li>\n<h6>Tulip-turvakehikko<\/h6>\n<\/li>\n<li>\n<h6>Turvakaukalon adapterit<\/h6>\n<\/li>\n<\/ul>\n<h6 data-pm-slice=\"1 1 []\"><strong><em>Miksi valita Sierra -yhdistelm\u00e4vaunut?<\/em><\/strong><\/h6>\n<ul data-start=\"1045\" data-end=\"1715\">\n<li style=\"list-style-type: none;\" data-section-id=\"103r88t\" data-start=\"1045\" data-end=\"1100\">\n<ul>\n<li data-section-id=\"2cppeg\" data-start=\"686\" data-end=\"762\">\n<h6>3in1-yhdistelm\u00e4: vaunukoppa, istuinosa, i-Size-turvakaukalo sek\u00e4 adapterit<\/h6>\n<\/li>\n<li data-section-id=\"1ebm3yd\" data-start=\"763\" data-end=\"811\">\n<h6>Pitk\u00e4 k\u00e4ytt\u00f6aika: syntym\u00e4st\u00e4 noin 4 vuoden ik\u00e4\u00e4n asti<\/h6>\n<\/li>\n<li data-section-id=\"14cy5e1\" data-start=\"812\" data-end=\"884\">\n<h6>Maksimaalinen turvallisuus: i-Size (ECE R129) -turvakaukalo sivut\u00f6rm\u00e4yssuojalla<\/h6>\n<\/li>\n<li data-section-id=\"fjyjx0\" data-start=\"885\" data-end=\"960\">\n<h6>Mukavuutta vauvalle: makuuasento, ilmanvaihto ja UV50+ -aurinkosuoja<\/h6>\n<\/li>\n<li data-section-id=\"10ge8tc\" data-start=\"961\" data-end=\"1036\">\n<h6>Joustava k\u00e4ytt\u00f6: k\u00e4\u00e4nnett\u00e4v\u00e4 istuinosa (kasvot menosuuntaan tai vanhempaan p\u00e4in)<\/h6>\n<\/li>\n<li data-section-id=\"mk4awk\" data-start=\"1037\" data-end=\"1095\">\n<h6>Kompakti kokoontaitto: ihanteellinen pienemp\u00e4\u00e4n autoon<\/h6>\n<\/li>\n<li data-section-id=\"16tdtfx\" data-start=\"1096\" data-end=\"1169\">\n<h6>Sujuvaa kulkua kaikilla alustoilla: suuret puhkeamattomat renkaat ja jousitus<\/h6>\n<\/li>\n<\/ul>\n<\/li>\n<\/ul>\n<h6 data-section-id=\"c0oefk\" data-start=\"1722\" data-end=\"1781\"><em><span role=\"text\"><strong data-start=\"1726\" data-end=\"1781\">Kokoon taitettava vaunukoppa mukavuudella ja hyv\u00e4ll\u00e4 ilmanvaihdolla<\/strong><\/span><\/em><\/h6>\n<h6 data-start=\"1783\" data-end=\"1955\">Ensimm\u00e4isten kuukausien aikana k\u00e4yt\u00e4t tilavaa vaunukoppaa, joka tarjoaa vastasyntyneelle turvallisen ja mukavan nukkumapaikan sek\u00e4 ergonomisen makuuasennon noin 6\u20139 kuukauden ik\u00e4\u00e4n asti. Pidennett\u00e4v\u00e4 UV50+ -aurinkokuomu suojaa lasta auringolta, samalla kun kaksi ilmanvaihto- ja kurkistusikkunaa takaavat hyv\u00e4n ilmankierron. Patjassa on pehme\u00e4 ja korotettu suojareuna, joka pit\u00e4\u00e4 vauvan herk\u00e4n p\u00e4\u00e4n poissa tuuletusaukon l\u00e4helt\u00e4. Integroituja memory-painikkeita ansiosta vaunukopan voi irrottaa rungosta helposti yhdell\u00e4 k\u00e4dell\u00e4, mik\u00e4 tekee arjesta sujuvampaa. My\u00f6s kokoontaitto on nopeaa ja helppoa.     <\/h6>\n<p>&nbsp;<\/p>\n<h6 data-section-id=\"bl2ng7\" data-start=\"2364\" data-end=\"2428\"><em><span role=\"text\"><strong data-start=\"2368\" data-end=\"2428\">Istuimelle ihanteellinen: k\u00e4\u00e4nnett\u00e4v\u00e4 istuinosa makuuasennolla<\/strong><\/span><\/em><\/h6>\n<h6 data-start=\"2430\" data-end=\"2513\">Kun lapsi alkaa istua itsen\u00e4isesti, voit siirty\u00e4 mukana tulevaan istuinosaan. Istuimen voi k\u00e4\u00e4nt\u00e4\u00e4 yhdell\u00e4 napsautuksella \u2013 lapsi voi matkustaa joko sinuun p\u00e4in tai maailmaa kohti eteenp\u00e4in. Selk\u00e4noja on s\u00e4\u00e4dett\u00e4viss\u00e4 kolmeen asentoon: istuma-, lepo- ja t\u00e4ysin makuuasentoon. Yhdess\u00e4 s\u00e4\u00e4dett\u00e4v\u00e4n jalkatuen kanssa t\u00e4m\u00e4 takaa maksimaalisen mukavuuden sek\u00e4 istuessa ett\u00e4 nukkuessa. Pidennett\u00e4v\u00e4 UV50+ -aurinkokuomu sek\u00e4 ilmanvaihtoaukot varmistavat miellytt\u00e4v\u00e4n ilmaston my\u00f6s l\u00e4mpimin\u00e4 p\u00e4ivin\u00e4.<br \/>    <\/h6>\n<h6 data-start=\"2924\" data-end=\"2968\">Turvallisuudesta vastaa 5-pistevaljaat.<\/h6>\n<p>&nbsp;<\/p>\n<h6 data-section-id=\"4x3spg\" data-start=\"2975\" data-end=\"3027\"><em><span role=\"text\"><strong data-start=\"2979\" data-end=\"3027\">i-Size-turvakaukalo maksimaaliseen turvallisuuteen<\/strong><\/span><\/em><\/h6>\n<h6 data-start=\"3029\" data-end=\"3138\">Mukana tuleva ABC Design Tulip i-Size -turvakaukalo sopii vastasyntyneest\u00e4 noin 15 kuukauden ik\u00e4\u00e4n asti (45\u201385 cm).<\/h6>\n<h6 data-start=\"3140\" data-end=\"3342\">Se t\u00e4ytt\u00e4\u00e4 ECE R129 (i-Size) -standardin ja on varustettu sivut\u00f6rm\u00e4yssuojalla sek\u00e4 pehmustetulla 3-pistevaljaalla. Irrotettava sisus, s\u00e4\u00e4dett\u00e4v\u00e4 niskatuki ja muokattavat pehmusteet kasvavat lapsen mukana. Mukana tulevien adapterien avulla voit kiinnitt\u00e4\u00e4 turvakaukalon helposti rattaisiin ilman, ett\u00e4 her\u00e4t\u00e4t lasta. Turvakaukalo voidaan kiinnitt\u00e4\u00e4 autoon turvavy\u00f6ll\u00e4 tai k\u00e4ytt\u00e4\u00e4 lis\u00e4varusteena 360\u00b0 k\u00e4\u00e4ntyv\u00e4\u00e4 <a href=\"https:\/\/hummy.ee\/fi\/tuote\/abc-design-isofix-base-root-telakka\/\" target=\"_blank\" rel=\"noopener\">Isofix Base Root<\/a> -telakkaa.<br \/>   <\/h6>\n<p>&nbsp;<\/p>\n<h6 data-section-id=\"n0en0u\" data-start=\"3562\" data-end=\"3619\"><em><span role=\"text\"><strong data-start=\"3566\" data-end=\"3619\">Kompakti ja k\u00e4yt\u00e4nn\u00f6llinen p\u00e4ivitt\u00e4iseen k\u00e4ytt\u00f6\u00f6n<\/p>\n<p><\/strong><\/span><\/em><\/h6>\n<h6 data-start=\"3621\" data-end=\"3702\">Sierra-rattaat taittuvat nopeasti ja helposti kompaktiksi \u2013 my\u00f6s istuinosan kanssa. Kahdella painikkeella rattaat saa kokoon ja ne on helppo sijoittaa autoon tai k\u00e4ytt\u00e4\u00e4 julkisissa kulkuv\u00e4lineiss\u00e4. Suuret, puhkeamattomat renkaat, laakerit ja jousitus takaavat sujuvan ajon niin asfaltilla, mukulakivill\u00e4 kuin mets\u00e4poluillakin. Etupy\u00f6r\u00e4t voi tarvittaessa lukita ep\u00e4tasaisessa maastossa tai j\u00e4tt\u00e4\u00e4 360\u00b0 k\u00e4\u00e4ntyviksi kaupungissa man\u00f6\u00f6ver\u00f6inti\u00e4 varten. Seisontajarru takaa vakauden ja s\u00e4\u00e4dett\u00e4v\u00e4 ty\u00f6nt\u00f6aisa mukautuu pituuteesi, jotta ty\u00f6nt\u00e4minen olisi mukavaa ja ergonomista.    <\/h6>\n<p>&nbsp;<\/p>\n<h6 data-section-id=\"r9i5xw\" data-start=\"4166\" data-end=\"4219\"><em><span role=\"text\"><strong data-start=\"4170\" data-end=\"4219\">Runsaasti s\u00e4ilytystilaa ja k\u00e4yt\u00e4nn\u00f6llisi\u00e4 lis\u00e4varusteita<\/strong><\/span><\/em><\/h6>\n<h6 data-start=\"4221\" data-end=\"4308\">Tilava ja kest\u00e4v\u00e4 ostoskori mahtuu kaiken tarpeellisen, mit\u00e4 vauvan kanssa liikkuessa tarvitaan. Universaalit kiinnityspisteet varmistavat, ett\u00e4 kaikki tarvikkeet \u2013 kuten hoitolaukku, mukiteline tai lamppu \u2013 voidaan kiinnitt\u00e4\u00e4 turvallisesti rattaisiin. <\/h6>\n<p>&nbsp;<\/p>\n<h6 data-section-id=\"1s2u894\" data-start=\"334\" data-end=\"359\"><em><span role=\"text\"><strong data-start=\"338\" data-end=\"359\">Tekniset tiedot<\/strong><\/span><\/em><\/h6>\n<ul data-start=\"361\" data-end=\"872\">\n<li data-section-id=\"wjycj7\" data-start=\"361\" data-end=\"412\">\n<h6>Ty\u00f6nt\u00f6aisa: s\u00e4\u00e4dett\u00e4v\u00e4<\/h6>\n<\/li>\n<li data-section-id=\"102lawz\" data-start=\"413\" data-end=\"444\">\n<h6>Ty\u00f6nt\u00f6aisan korkeus: 75\u2013108 cm<\/h6>\n<\/li>\n<li data-section-id=\"bdanlg\" data-start=\"445\" data-end=\"489\">\n<h6>Kokoontaitto: kaksik\u00e4tisesti kokoontaitettava<\/h6>\n<\/li>\n<li data-section-id=\"98ocy6\" data-start=\"491\" data-end=\"539\">\n<h6>Renkaat: umpikumirenkaat<\/h6>\n<\/li>\n<li data-section-id=\"1c473jk\" data-start=\"540\" data-end=\"614\">\n<h6>Renkaiden koko:<\/h6>\n<ul data-start=\"566\" data-end=\"614\">\n<li data-section-id=\"1dsv632\" data-start=\"566\" data-end=\"588\">\n<h6>Etupy\u00f6r\u00e4t: 20,5 cm<\/h6>\n<\/li>\n<li data-section-id=\"1s9l8i7\" data-start=\"591\" data-end=\"614\">\n<h6>Takapy\u00f6r\u00e4t: 28,0 cm<\/h6>\n<\/li>\n<\/ul>\n<\/li>\n<li data-section-id=\"15seiwh\" data-start=\"615\" data-end=\"689\">\n<h6>Jousitus: erillinen jousitus jokaisessa py\u00f6r\u00e4ss\u00e4 + lis\u00e4jousitus takapy\u00f6r\u00e4akselilla<\/h6>\n<\/li>\n<li data-section-id=\"ndbmvq\" data-start=\"690\" data-end=\"730\">\n<h6>Jarru: jalalla k\u00e4ytett\u00e4v\u00e4 seisontajarru<\/h6>\n<\/li>\n<li data-section-id=\"5exlph\" data-start=\"732\" data-end=\"792\">\n<h6>Istuimen suunta: k\u00e4\u00e4nnett\u00e4v\u00e4<\/h6>\n<\/li>\n<li data-section-id=\"1p77j9e\" data-start=\"793\" data-end=\"844\">\n<h6>Selk\u00e4noja: 3 asentoa<\/h6>\n<\/li>\n<li data-section-id=\"1wxoqnc\" data-start=\"845\" data-end=\"872\">\n<h6>Jalkatuki: 3 asentoa<\/h6>\n<\/li>\n<li>\n<h6>Paino:<\/h6>\n<ul data-start=\"566\" data-end=\"614\">\n<li data-section-id=\"1dsv632\" data-start=\"566\" data-end=\"588\">\n<h6>Istuinosan kanssa: 12,8 kg<\/h6>\n<\/li>\n<li data-section-id=\"1s9l8i7\" data-start=\"591\" data-end=\"614\">\n<h6>Vaunukopan kanssa: 11,7 kg<\/h6>\n<\/li>\n<\/ul>\n<\/li>\n<\/ul>\n<p>&nbsp;<\/p>\n<h6><em>Sierra-vaunusetti \u2013 katso lis\u00e4\u00e4 <a href=\"https:\/\/www.youtube.com\/watch?v=4hgFAOlZIO0\" target=\"_blank\" rel=\"noopener\">esittelyvideosta<\/a>.<\/em><\/h6>\n<h6><em>Tulip -turvakaukalo - katso lis\u00e4\u00e4 <a href=\"https:\/\/www.youtube.com\/watch?v=tzVPv3UReXk\">esittelyvideosta.<\/a><\/em><\/h6>\n<p>&nbsp;<\/p>\n<h6 class=\"wp-block-column\"><em>Oikeat py\u00f6r\u00e4t tekev\u00e4t lastenrattaiden k\u00e4yt\u00f6st\u00e4 paljon mukavampaa! Lue Hummy <a href=\"https:\/\/hummy.ee\/fi\/mitka-pyorilla-varustetut-lastenrattaat-minun-pitaisi-valita\/\" target=\"_blank\" rel=\"nofollow noopener\">-blogista<\/a>, miten voit valita itsellesi sopivan ratkaisun. <\/em><\/h6>\n","protected":false},"excerpt":{"rendered":"<h6 data-start=\"102\" data-end=\"176\">Sierra 3in1 -vaunusetti tarjoaa kaiken, mit\u00e4 tarvitset mukavaan ja turvalliseen liikkumiseen vauvan kanssa heti ensimm\u00e4isist\u00e4 p\u00e4ivist\u00e4 alkaen. Settiin kuuluvat vaunukoppa, istuinosa, i-Size Tulip -turvakaukalo sek\u00e4 adapterit \u2013 ihanteellinen ratkaisu sek\u00e4 k\u00e4velyille ett\u00e4 automatkoille. Rattaat kasvavat lapsen mukana ja sopivat k\u00e4ytt\u00f6\u00f6n syntym\u00e4st\u00e4 noin 4   vuoden ik\u00e4\u00e4n asti. \u00c4lykk\u00e4\u00e4n muotoilun ansiosta sit\u00e4 voi k\u00e4ytt\u00e4\u00e4 sek\u00e4 perinteisen\u00e4 yhdistelm\u00e4vaununa ett\u00e4 k\u00e4yt\u00e4nn\u00f6llisen\u00e4 travel system -ratkaisuna.<\/h6>\n","protected":false},"featured_media":90054,"comment_status":"open","ping_status":"closed","template":"","meta":{"_acf_changed":false,"om_disable_all_campaigns":false,"_monsterinsights_skip_tracking":false,"_monsterinsights_sitenote_active":false,"_monsterinsights_sitenote_note":"","_monsterinsights_sitenote_category":0,"_uf_show_specific_survey":0,"_uf_disable_surveys":false,"site-sidebar-layout":"default","site-content-layout":"","ast-site-content-layout":"default","site-content-style":"default","site-sidebar-style":"default","ast-global-header-display":"","ast-banner-title-visibility":"","ast-main-header-display":"","ast-hfb-above-header-display":"","ast-hfb-below-header-display":"","ast-hfb-mobile-header-display":"","site-post-title":"","ast-breadcrumbs-content":"","ast-featured-img":"","footer-sml-layout":"","theme-transparent-header-meta":"default","adv-header-id-meta":"","stick-header-meta":"","header-above-stick-meta":"","header-main-stick-meta":"","header-below-stick-meta":"","astra-migrate-meta-layouts":"set","ast-page-background-enabled":"default","ast-page-background-meta":{"desktop":{"background-color":"var(--ast-global-color-4)","background-image":"","background-repeat":"repeat","background-position":"center center","background-size":"auto","background-attachment":"scroll","background-type":"","background-media":"","overlay-type":"","overlay-color":"","overlay-opacity":"","overlay-gradient":""},"tablet":{"background-color":"","background-image":"","background-repeat":"repeat","background-position":"center center","background-size":"auto","background-attachment":"scroll","background-type":"","background-media":"","overlay-type":"","overlay-color":"","overlay-opacity":"","overlay-gradient":""},"mobile":{"background-color":"","background-image":"","background-repeat":"repeat","background-position":"center center","background-size":"auto","background-attachment":"scroll","background-type":"","background-media":"","overlay-type":"","overlay-color":"","overlay-opacity":"","overlay-gradient":""}},"ast-content-background-meta":{"desktop":{"background-color":"var(--ast-global-color-5)","background-image":"","background-repeat":"repeat","background-position":"center center","background-size":"auto","background-attachment":"scroll","background-type":"","background-media":"","overlay-type":"","overlay-color":"","overlay-opacity":"","overlay-gradient":""},"tablet":{"background-color":"var(--ast-global-color-5)","background-image":"","background-repeat":"repeat","background-position":"center center","background-size":"auto","background-attachment":"scroll","background-type":"","background-media":"","overlay-type":"","overlay-color":"","overlay-opacity":"","overlay-gradient":""},"mobile":{"background-color":"var(--ast-global-color-5)","background-image":"","background-repeat":"repeat","background-position":"center center","background-size":"auto","background-attachment":"scroll","background-type":"","background-media":"","overlay-type":"","overlay-color":"","overlay-opacity":"","overlay-gradient":""}}},"product_brand":[],"product_cat":[527,410,518,319],"product_tag":[],"class_list":{"0":"post-90057","1":"product","2":"type-product","3":"status-publish","4":"has-post-thumbnail","6":"product_cat-abc-design-fi","7":"product_cat-sailioauto","8":"product_cat-uudet-tuotteet","9":"product_cat-uncategorized-fi","10":"desktop-align-left","11":"tablet-align-left","12":"mobile-align-left","14":"first","15":"instock","16":"taxable","17":"shipping-taxable","18":"purchasable","19":"product-type-variable"},"acf":[],"aioseo_notices":[],"_links":{"self":[{"href":"https:\/\/hummy.ee\/fi\/wp-json\/wp\/v2\/product\/90057","targetHints":{"allow":["GET"]}}],"collection":[{"href":"https:\/\/hummy.ee\/fi\/wp-json\/wp\/v2\/product"}],"about":[{"href":"https:\/\/hummy.ee\/fi\/wp-json\/wp\/v2\/types\/product"}],"replies":[{"embeddable":true,"href":"https:\/\/hummy.ee\/fi\/wp-json\/wp\/v2\/comments?post=90057"}],"version-history":[{"count":1,"href":"https:\/\/hummy.ee\/fi\/wp-json\/wp\/v2\/product\/90057\/revisions"}],"predecessor-version":[{"id":90932,"href":"https:\/\/hummy.ee\/fi\/wp-json\/wp\/v2\/product\/90057\/revisions\/90932"}],"wp:featuredmedia":[{"embeddable":true,"href":"https:\/\/hummy.ee\/fi\/wp-json\/wp\/v2\/media\/90054"}],"wp:attachment":[{"href":"https:\/\/hummy.ee\/fi\/wp-json\/wp\/v2\/media?parent=90057"}],"wp:term":[{"taxonomy":"product_brand","embeddable":true,"href":"https:\/\/hummy.ee\/fi\/wp-json\/wp\/v2\/product_brand?post=90057"},{"taxonomy":"product_cat","embeddable":true,"href":"https:\/\/hummy.ee\/fi\/wp-json\/wp\/v2\/product_cat?post=90057"},{"taxonomy":"product_tag","embeddable":true,"href":"https:\/\/hummy.ee\/fi\/wp-json\/wp\/v2\/product_tag?post=90057"}],"curies":[{"name":"wp","href":"https:\/\/api.w.org\/{rel}","templated":true}]}}