{"id":87267,"date":"2026-01-27T13:49:27","date_gmt":"2026-01-27T13:49:27","guid":{"rendered":"https:\/\/hummy.ee\/product\/mamoa-ts1-turvakaukalon-adapterit\/"},"modified":"2026-04-20T09:59:26","modified_gmt":"2026-04-20T09:59:26","slug":"mamoa-ts1-turvakaukalon-adapterit","status":"publish","type":"product","link":"https:\/\/hummy.ee\/fi\/tuote\/mamoa-ts1-turvakaukalon-adapterit\/","title":{"rendered":"Mamoa TS1 turvakaukalon adapterit"},"content":{"rendered":"<h6 data-start=\"332\" data-end=\"848\">Mamoa -turvakaukalon adapterit kiinnittyv\u00e4t helposti rattaan etus\u00e4leik\u00f6n kiinnityspisteisiin, varmistaen vakaan ja tukevan yhteyden. Niiden asentaminen on nopeaa ja vaivatonta, mik\u00e4 tarkoittaa, ett\u00e4 voit kiinnitt\u00e4\u00e4 turvakaukalon helposti ilman monimutkaisia lis\u00e4vaiheita. Samalla tavalla adapterit voidaan my\u00f6s irrottaa, mik\u00e4 mahdollistaa nopean siirtymisen rattaiden ja autoilun v\u00e4lill\u00e4. T\u00e4m\u00e4 tekee niist\u00e4 korvaamattoman apuv\u00e4lineen arkeen \u2013 olipa kyse kauppareissusta, l\u00e4\u00e4k\u00e4rik\u00e4ynnist\u00e4 tai vain k\u00e4velyist\u00e4 raikkaassa ulkoilmassa.<\/h6>\n<p>&nbsp;<\/p>\n<h6 data-start=\"850\" data-end=\"1267\">Yksi suurimmista eduista on niiden monik\u00e4ytt\u00f6isyys \u2013 Mamoa -turvakaukalon adapterit sopivat monien tunnettujen merkkien turvakaukaloihin, joten yhteensopivuudesta ei tarvitse huolehtia. T\u00e4m\u00e4 antaa mahdollisuuden k\u00e4ytt\u00e4\u00e4 jo olemassa olevia vauvanvarusteita ilman lis\u00e4investointeja.<\/h6>\n","protected":false},"excerpt":{"rendered":"<h6>Mamoa -turvakaukalon adapterit ovat k\u00e4yt\u00e4nn\u00f6llinen ja k\u00e4tev\u00e4 lis\u00e4varuste, jonka avulla voit yhdist\u00e4\u00e4 Mamoa TS1 -matkarattaat turvakaukaloon ja k\u00e4ytt\u00e4\u00e4 niit\u00e4 sujuvasti sek\u00e4 turvakaukalon rattaana ett\u00e4 matkarattaana. Adapterien ansiosta voit kiinnitt\u00e4\u00e4 turvakaukalon nopeasti ja turvallisesti rattaan runkoon \u2013 t\u00e4ydellinen ratkaisu vauvan kanssa matkustamiseen tai arkeen. Adapterit sopivat useimpiin Group 0 -turvakaukaloihin (0\u201312 kuukautta).<\/h6>\n","protected":false},"featured_media":87262,"comment_status":"open","ping_status":"closed","template":"","meta":{"_acf_changed":false,"om_disable_all_campaigns":false,"_monsterinsights_skip_tracking":false,"_monsterinsights_sitenote_active":false,"_monsterinsights_sitenote_note":"","_monsterinsights_sitenote_category":0,"_uf_show_specific_survey":0,"_uf_disable_surveys":false,"site-sidebar-layout":"default","site-content-layout":"","ast-site-content-layout":"default","site-content-style":"default","site-sidebar-style":"default","ast-global-header-display":"","ast-banner-title-visibility":"","ast-main-header-display":"","ast-hfb-above-header-display":"","ast-hfb-below-header-display":"","ast-hfb-mobile-header-display":"","site-post-title":"","ast-breadcrumbs-content":"","ast-featured-img":"","footer-sml-layout":"","theme-transparent-header-meta":"default","adv-header-id-meta":"","stick-header-meta":"","header-above-stick-meta":"","header-main-stick-meta":"","header-below-stick-meta":"","astra-migrate-meta-layouts":"set","ast-page-background-enabled":"default","ast-page-background-meta":{"desktop":{"background-color":"var(--ast-global-color-4)","background-image":"","background-repeat":"repeat","background-position":"center center","background-size":"auto","background-attachment":"scroll","background-type":"","background-media":"","overlay-type":"","overlay-color":"","overlay-opacity":"","overlay-gradient":""},"tablet":{"background-color":"","background-image":"","background-repeat":"repeat","background-position":"center center","background-size":"auto","background-attachment":"scroll","background-type":"","background-media":"","overlay-type":"","overlay-color":"","overlay-opacity":"","overlay-gradient":""},"mobile":{"background-color":"","background-image":"","background-repeat":"repeat","background-position":"center center","background-size":"auto","background-attachment":"scroll","background-type":"","background-media":"","overlay-type":"","overlay-color":"","overlay-opacity":"","overlay-gradient":""}},"ast-content-background-meta":{"desktop":{"background-color":"var(--ast-global-color-5)","background-image":"","background-repeat":"repeat","background-position":"center center","background-size":"auto","background-attachment":"scroll","background-type":"","background-media":"","overlay-type":"","overlay-color":"","overlay-opacity":"","overlay-gradient":""},"tablet":{"background-color":"var(--ast-global-color-5)","background-image":"","background-repeat":"repeat","background-position":"center center","background-size":"auto","background-attachment":"scroll","background-type":"","background-media":"","overlay-type":"","overlay-color":"","overlay-opacity":"","overlay-gradient":""},"mobile":{"background-color":"var(--ast-global-color-5)","background-image":"","background-repeat":"repeat","background-position":"center center","background-size":"auto","background-attachment":"scroll","background-type":"","background-media":"","overlay-type":"","overlay-color":"","overlay-opacity":"","overlay-gradient":""}}},"product_brand":[],"product_cat":[1377,374,323,518],"product_tag":[],"class_list":{"0":"post-87267","1":"product","2":"type-product","3":"status-publish","4":"has-post-thumbnail","6":"product_cat-mamoa","7":"product_cat-sovittimet","8":"product_cat-trimmaustarvikkeet","9":"product_cat-uudet-tuotteet","10":"desktop-align-left","11":"tablet-align-left","12":"mobile-align-left","14":"first","15":"instock","16":"taxable","17":"shipping-taxable","18":"purchasable","19":"product-type-simple"},"acf":[],"aioseo_notices":[],"_links":{"self":[{"href":"https:\/\/hummy.ee\/fi\/wp-json\/wp\/v2\/product\/87267","targetHints":{"allow":["GET"]}}],"collection":[{"href":"https:\/\/hummy.ee\/fi\/wp-json\/wp\/v2\/product"}],"about":[{"href":"https:\/\/hummy.ee\/fi\/wp-json\/wp\/v2\/types\/product"}],"replies":[{"embeddable":true,"href":"https:\/\/hummy.ee\/fi\/wp-json\/wp\/v2\/comments?post=87267"}],"version-history":[{"count":2,"href":"https:\/\/hummy.ee\/fi\/wp-json\/wp\/v2\/product\/87267\/revisions"}],"predecessor-version":[{"id":87272,"href":"https:\/\/hummy.ee\/fi\/wp-json\/wp\/v2\/product\/87267\/revisions\/87272"}],"wp:featuredmedia":[{"embeddable":true,"href":"https:\/\/hummy.ee\/fi\/wp-json\/wp\/v2\/media\/87262"}],"wp:attachment":[{"href":"https:\/\/hummy.ee\/fi\/wp-json\/wp\/v2\/media?parent=87267"}],"wp:term":[{"taxonomy":"product_brand","embeddable":true,"href":"https:\/\/hummy.ee\/fi\/wp-json\/wp\/v2\/product_brand?post=87267"},{"taxonomy":"product_cat","embeddable":true,"href":"https:\/\/hummy.ee\/fi\/wp-json\/wp\/v2\/product_cat?post=87267"},{"taxonomy":"product_tag","embeddable":true,"href":"https:\/\/hummy.ee\/fi\/wp-json\/wp\/v2\/product_tag?post=87267"}],"curies":[{"name":"wp","href":"https:\/\/api.w.org\/{rel}","templated":true}]}}