{"id":87260,"date":"2026-03-03T19:16:31","date_gmt":"2026-03-03T19:16:31","guid":{"rendered":"https:\/\/hummy.ee\/product\/mamoa-twin-duo-liittimet\/"},"modified":"2026-04-20T09:52:35","modified_gmt":"2026-04-20T09:52:35","slug":"mamoa-twin-duo-liittimet","status":"publish","type":"product","link":"https:\/\/hummy.ee\/fi\/tuote\/mamoa-twin-duo-liittimet\/","title":{"rendered":"Mamoa Twin\/Duo liittimet"},"content":{"rendered":"<h6>Liittimet tekev\u00e4t kahden lapsen kanssa liikkumisesta helppoa, mukavaa ja turvallista \u2013 olitpa matkalla kauppaan, k\u00e4velylle tai reissuun. Rattaat voidaan taittaa s\u00e4ilytyst\u00e4 tai kuljetusta varten niin, ett\u00e4 adapterit j\u00e4\u00e4v\u00e4t paikoilleen.<\/h6>\n<p>&nbsp;<\/p>\n<h6><em><strong>Yhteensopivuus:<\/strong><\/em><\/h6>\n<ul>\n<li>\n<h6>Mamoa M1 -matkarattaat<\/h6>\n<\/li>\n<li>\n<h6>Mamoa TS1 -matkarattaat<\/h6>\n<\/li>\n<\/ul>\n","protected":false},"excerpt":{"rendered":"<h6 data-start=\"281\" data-end=\"575\">Onko sinulla kaksoset tai kaksi pient\u00e4 lasta? Mamoa Twin\/Duo -liittimet ovat korvaamaton lis\u00e4varuste, kun haluat yhdist\u00e4\u00e4 kaksi Mamoa-rattaita toisiinsa. Kolmesta klipsist\u00e4 koostuvalla setill\u00e4 kiinnit\u00e4t nopeasti ja helposti kaksi Mamoa-matkarattaat yhteen. Haluatko liikkua erikseen? Ei ongelmaa. Kolme liitint\u00e4 voidaan irrottaa vain muutamassa sekunnissa ja jatkaa matkaa kahdella erillisell\u00e4 matkarattaalla.<\/h6>\n","protected":false},"featured_media":86691,"comment_status":"open","ping_status":"closed","template":"","meta":{"_acf_changed":false,"om_disable_all_campaigns":false,"_monsterinsights_skip_tracking":false,"_monsterinsights_sitenote_active":false,"_monsterinsights_sitenote_note":"","_monsterinsights_sitenote_category":0,"_uf_show_specific_survey":0,"_uf_disable_surveys":false,"site-sidebar-layout":"default","site-content-layout":"","ast-site-content-layout":"default","site-content-style":"default","site-sidebar-style":"default","ast-global-header-display":"","ast-banner-title-visibility":"","ast-main-header-display":"","ast-hfb-above-header-display":"","ast-hfb-below-header-display":"","ast-hfb-mobile-header-display":"","site-post-title":"","ast-breadcrumbs-content":"","ast-featured-img":"","footer-sml-layout":"","theme-transparent-header-meta":"default","adv-header-id-meta":"","stick-header-meta":"","header-above-stick-meta":"","header-main-stick-meta":"","header-below-stick-meta":"","astra-migrate-meta-layouts":"set","ast-page-background-enabled":"default","ast-page-background-meta":{"desktop":{"background-color":"var(--ast-global-color-4)","background-image":"","background-repeat":"repeat","background-position":"center center","background-size":"auto","background-attachment":"scroll","background-type":"","background-media":"","overlay-type":"","overlay-color":"","overlay-opacity":"","overlay-gradient":""},"tablet":{"background-color":"","background-image":"","background-repeat":"repeat","background-position":"center center","background-size":"auto","background-attachment":"scroll","background-type":"","background-media":"","overlay-type":"","overlay-color":"","overlay-opacity":"","overlay-gradient":""},"mobile":{"background-color":"","background-image":"","background-repeat":"repeat","background-position":"center center","background-size":"auto","background-attachment":"scroll","background-type":"","background-media":"","overlay-type":"","overlay-color":"","overlay-opacity":"","overlay-gradient":""}},"ast-content-background-meta":{"desktop":{"background-color":"var(--ast-global-color-5)","background-image":"","background-repeat":"repeat","background-position":"center center","background-size":"auto","background-attachment":"scroll","background-type":"","background-media":"","overlay-type":"","overlay-color":"","overlay-opacity":"","overlay-gradient":""},"tablet":{"background-color":"var(--ast-global-color-5)","background-image":"","background-repeat":"repeat","background-position":"center center","background-size":"auto","background-attachment":"scroll","background-type":"","background-media":"","overlay-type":"","overlay-color":"","overlay-opacity":"","overlay-gradient":""},"mobile":{"background-color":"var(--ast-global-color-5)","background-image":"","background-repeat":"repeat","background-position":"center center","background-size":"auto","background-attachment":"scroll","background-type":"","background-media":"","overlay-type":"","overlay-color":"","overlay-opacity":"","overlay-gradient":""}}},"product_brand":[],"product_cat":[1377,374,323,518],"product_tag":[],"class_list":{"0":"post-87260","1":"product","2":"type-product","3":"status-publish","4":"has-post-thumbnail","6":"product_cat-mamoa","7":"product_cat-sovittimet","8":"product_cat-trimmaustarvikkeet","9":"product_cat-uudet-tuotteet","10":"desktop-align-left","11":"tablet-align-left","12":"mobile-align-left","14":"first","15":"instock","16":"taxable","17":"shipping-taxable","18":"purchasable","19":"product-type-simple"},"acf":[],"aioseo_notices":[],"_links":{"self":[{"href":"https:\/\/hummy.ee\/fi\/wp-json\/wp\/v2\/product\/87260","targetHints":{"allow":["GET"]}}],"collection":[{"href":"https:\/\/hummy.ee\/fi\/wp-json\/wp\/v2\/product"}],"about":[{"href":"https:\/\/hummy.ee\/fi\/wp-json\/wp\/v2\/types\/product"}],"replies":[{"embeddable":true,"href":"https:\/\/hummy.ee\/fi\/wp-json\/wp\/v2\/comments?post=87260"}],"version-history":[{"count":1,"href":"https:\/\/hummy.ee\/fi\/wp-json\/wp\/v2\/product\/87260\/revisions"}],"predecessor-version":[{"id":87261,"href":"https:\/\/hummy.ee\/fi\/wp-json\/wp\/v2\/product\/87260\/revisions\/87261"}],"wp:featuredmedia":[{"embeddable":true,"href":"https:\/\/hummy.ee\/fi\/wp-json\/wp\/v2\/media\/86691"}],"wp:attachment":[{"href":"https:\/\/hummy.ee\/fi\/wp-json\/wp\/v2\/media?parent=87260"}],"wp:term":[{"taxonomy":"product_brand","embeddable":true,"href":"https:\/\/hummy.ee\/fi\/wp-json\/wp\/v2\/product_brand?post=87260"},{"taxonomy":"product_cat","embeddable":true,"href":"https:\/\/hummy.ee\/fi\/wp-json\/wp\/v2\/product_cat?post=87260"},{"taxonomy":"product_tag","embeddable":true,"href":"https:\/\/hummy.ee\/fi\/wp-json\/wp\/v2\/product_tag?post=87260"}],"curies":[{"name":"wp","href":"https:\/\/api.w.org\/{rel}","templated":true}]}}