{"id":86713,"date":"2026-03-03T19:15:44","date_gmt":"2026-03-03T19:15:44","guid":{"rendered":"https:\/\/hummy.ee\/product\/mamoa-m1-matkarattaat\/"},"modified":"2026-04-14T10:10:21","modified_gmt":"2026-04-14T10:10:21","slug":"mamoa-m1-matkarattaat","status":"publish","type":"product","link":"https:\/\/hummy.ee\/fi\/tuote\/mamoa-m1-matkarattaat\/","title":{"rendered":"Mamoa M1 matkarattaat"},"content":{"rendered":"<h6><em><strong>Laatikon sis\u00e4lt\u00f6:<\/strong><\/em><\/h6>\n<ul>\n<li>\n<h6>Mukinpidike<\/h6>\n<\/li>\n<li>\n<h6>Etukaari<\/h6>\n<\/li>\n<li>\n<h6>Suojapussi<\/h6>\n<\/li>\n<\/ul>\n<h6 data-start=\"716\" data-end=\"736\"><em><strong>Tiedot<\/strong><\/em><\/h6>\n<ul data-start=\"738\" data-end=\"962\">\n<li data-start=\"738\" data-end=\"763\">\n<h6 data-start=\"740\" data-end=\"763\">Rattaiden paino: 7,9 kg<\/h6>\n<\/li>\n<li data-start=\"764\" data-end=\"794\">\n<h6 data-start=\"766\" data-end=\"794\">Kantavuus: enint\u00e4\u00e4n 22 kg<\/h6>\n<\/li>\n<li data-start=\"795\" data-end=\"832\">\n<h6 data-start=\"797\" data-end=\"832\">Mitat kokoontaitettuna: 24 \u00d7 47 \u00d7 56 cm<\/h6>\n<\/li>\n<li data-start=\"833\" data-end=\"855\">\n<h6 data-start=\"835\" data-end=\"855\">Runko: metallia<\/h6>\n<\/li>\n<li data-start=\"856\" data-end=\"879\">\n<h6 data-start=\"858\" data-end=\"879\">Py\u00f6r\u00e4t: 100 % PU (etupy\u00f6r\u00e4t: 17,8 cm, takapy\u00f6r\u00e4t: 20,3 cm)<\/h6>\n<\/li>\n<li data-start=\"935\" data-end=\"962\">\n<h6 data-start=\"937\" data-end=\"962\">Ostoskori: enint\u00e4\u00e4n 3 kg<\/h6>\n<\/li>\n<li data-start=\"935\" data-end=\"962\">\n<h6>Yhteensopiva turvakaukalon kanssa: kyll\u00e4 (adapterit saatavana erikseen)<\/h6>\n<\/li>\n<li data-start=\"935\" data-end=\"962\">\n<h6>Yhteensopiva Twin-Duo -adaptereiden kanssa: kyll\u00e4 (adapterit saatavana erikseen)<\/h6>\n<\/li>\n<\/ul>\n<h3 data-start=\"291\" data-end=\"346\"><strong><em>12 syyt\u00e4, miksi Mamoa M1 on t\u00e4ydellinen matkarattaat sinulle<\/em><\/strong><\/h3>\n<p>&nbsp;<\/p>\n<h6 data-start=\"348\" data-end=\"388\"><strong>1. Kuomussa kurkistusikkuna ja kangasp\u00e4\u00e4llinen<\/strong><\/h6>\n<h6 data-start=\"389\" data-end=\"704\">Mamoa M1 -matkarattaat on varustettu pitk\u00e4lle ulottuvalla kuomulla, joka suojaa lasta erinomaisesti auringolta, tuulelta ja kirkkaalta valolta. Kuomussa oleva kurkistusikkuna mahdollistaa lapsen helpon tarkkailun ilman, ett\u00e4 h\u00e4nen unensa tai rauhansa h\u00e4iriintyy \u2013 ihanteellinen ratkaisu p\u00e4ivitt\u00e4isille k\u00e4velyille ja matkak\u00e4ytt\u00f6\u00f6n.<\/h6>\n<p>&nbsp;<\/p>\n<h6 data-start=\"711\" data-end=\"753\"><strong>2. Matkarattaat voidaan taittaa kokoon ja avata yhdell\u00e4 liikkeell\u00e4<\/strong><\/h6>\n<h6 data-start=\"754\" data-end=\"1016\">Innovatiivinen yhden painikkeen taittomekanismi mahdollistaa matkarattaiden kokoamisen ja avaamisen yhdell\u00e4 sujuvalla liikkeell\u00e4. T\u00e4m\u00e4 tekee Mamoa M1 -matkarattaista erityisen k\u00e4tev\u00e4t tilanteissa, joissa tarvitaan nopeaa toimintaa \u2013 esimerkiksi julkisessa liikenteess\u00e4, autoon pakatessa tai matkustaessa.<\/h6>\n<p>&nbsp;<\/p>\n<h6 data-start=\"1023\" data-end=\"1064\"><strong>3. Takaosassa tuuletuspaneeli<\/strong><\/h6>\n<h6 data-start=\"1065\" data-end=\"1279\">Selk\u00e4nojassa sijaitseva lis\u00e4tuuletuspaneeli, jossa on magneettikiinnitteinen l\u00e4pp\u00e4, takaa optimaalisen ilmanvaihdon. Verkkorakenne p\u00e4\u00e4st\u00e4\u00e4 raikkaan ilman vapaasti kiert\u00e4m\u00e4\u00e4n ja pit\u00e4\u00e4 lapsen viile\u00e4n\u00e4 ja mukavana my\u00f6s l\u00e4mpim\u00e4mpin\u00e4 p\u00e4ivin\u00e4.<\/h6>\n<p>&nbsp;<\/p>\n<h6 data-start=\"1286\" data-end=\"1336\"><strong>4. Optimaalinen ilmanvaihto ja aurinkosuoja<\/strong><\/h6>\n<h6 data-start=\"1337\" data-end=\"1590\">Kuomun yl\u00e4osassa oleva lis\u00e4tuuletusverkko parantaa ilman kiertoa, samalla kun erityinen suojakangas suojaa lasta suoralta auringonvalolta. T\u00e4m\u00e4 ratkaisu takaa, ett\u00e4 matkarattaat tarjoavat sek\u00e4 viilennyst\u00e4 ett\u00e4 tehokkaan UV-suojan.<\/h6>\n<p>&nbsp;<\/p>\n<h6 data-start=\"1597\" data-end=\"1635\"><strong>5. K\u00e4tev\u00e4 ja k\u00e4yt\u00e4nn\u00f6llinen takatasku<\/strong><\/h6>\n<h6 data-start=\"1636\" data-end=\"1840\">Mamoa M1 -matkarattaat on varustettu uudella k\u00e4yt\u00e4nn\u00f6llisell\u00e4 takataskulla, joka sopii erinomaisesti puhelimen, avainten tai muiden pienten tavaroiden s\u00e4ilytykseen. Kaikki tarvittava on aina k\u00e4den ulottuvilla ja turvallisesti paikoillaan.<\/h6>\n<p>&nbsp;<\/p>\n<h6 data-start=\"1847\" data-end=\"1899\"><strong>6. 5-pistemagneettiturvavy\u00f6<\/strong><\/h6>\n<h6 data-start=\"1900\" data-end=\"2129\">P\u00e4ivitetty 5-pistemagneettiturvavy\u00f6 mahdollistaa turvavy\u00f6n nopean ja helpon kiinnitt\u00e4misen. J\u00e4rjestelm\u00e4 on suunniteltu niin, ett\u00e4 se on vanhemmalle helppok\u00e4ytt\u00f6inen, mutta samalla se takaa lapselle maksimaalisen turvallisuuden jokaisella matkalla. Turvavy\u00f6ss\u00e4 on 2 korkeudens\u00e4\u00e4t\u00f6mahdollisuutta.<\/h6>\n<p>&nbsp;<\/p>\n<h6 data-start=\"2136\" data-end=\"2196\"><strong>7. S\u00e4\u00e4dett\u00e4v\u00e4 jalkatuki tyylikk\u00e4\u00e4ll\u00e4 keinonahkaisella yksityiskohdalla<\/strong><\/h6>\n<h6 data-start=\"2197\" data-end=\"2411\">S\u00e4\u00e4dett\u00e4v\u00e4 jalkatuki mukautuu lapsen kasvuun ja tarjoaa lis\u00e4mukavuutta sek\u00e4 istuma- ett\u00e4 makuuasennossa. Jalkatukeen on lis\u00e4tty kest\u00e4v\u00e4 ja tyylik\u00e4s keinonahkainen yksityiskohta.<\/h6>\n<p>&nbsp;<\/p>\n<h6 data-start=\"2418\" data-end=\"2460\"><strong>8. Irrotettavat py\u00f6r\u00e4t heijastinnauhoilla<\/strong><\/h6>\n<h6 data-start=\"2461\" data-end=\"2693\">Kaikki nelj\u00e4 py\u00f6r\u00e4\u00e4 ovat irrotettavia ja varustettu heijastinnauhoilla, jotka parantavat n\u00e4kyvyytt\u00e4 pime\u00e4ll\u00e4. T\u00e4m\u00e4 lis\u00e4\u00e4 turvallisuutta iltak\u00e4velyill\u00e4 ja tekee Mamoa M1 -matkarattaista entist\u00e4kin k\u00e4yt\u00e4nn\u00f6llisemm\u00e4t jokap\u00e4iv\u00e4iseen k\u00e4ytt\u00f6\u00f6n.<\/h6>\n<p>&nbsp;<\/p>\n<h6 data-start=\"2700\" data-end=\"2737\"><strong>9. Erinomainen jousitus<\/strong><\/h6>\n<h6 data-start=\"2738\" data-end=\"2959\">Kehittynyt jousitusj\u00e4rjestelm\u00e4 takaa lapselle tasaisen ja mukavan kyydin my\u00f6s ep\u00e4tasaisilla pinnoilla. N\u00e4m\u00e4 matkarattaat tarjoavat vakautta ja hyv\u00e4n ohjattavuuden erilaisilla alustoilla \u2013 kaupunkikaduista puistoihin ja sorateihin.<\/h6>\n<p>&nbsp;<\/p>\n<h6 data-start=\"2966\" data-end=\"3011\"><strong>10. Innovatiivinen start-stop-jarruj\u00e4rjestelm\u00e4<\/strong><\/h6>\n<h6 data-start=\"3012\" data-end=\"3216\">Mamoa M1 -matkarattaat on varustettu modernilla start-stop-jarruj\u00e4rjestelm\u00e4ll\u00e4, joka takaa luotettavan jarrutuksen ja helpon k\u00e4yt\u00f6n. T\u00e4m\u00e4 j\u00e4rjestelm\u00e4 lis\u00e4\u00e4 turvallisuutta ja antaa vanhemmalle varmuutta kaikissa tilanteissa.<\/h6>\n<p>&nbsp;<\/p>\n<h6 data-start=\"3223\" data-end=\"3280\"><strong>11. Irrotettava ja useaan suuntaan avattava etukaari<\/strong><\/h6>\n<h6 data-start=\"3281\" data-end=\"3478\">Etukaari on t\u00e4ysin irrotettava ja toiselta puolelta avattava, mik\u00e4 mahdollistaa sen k\u00e4\u00e4nt\u00e4misen useisiin suuntiin. T\u00e4m\u00e4 helpottaa lapsen laittamista rattaisiin ja sielt\u00e4 pois ottamista sek\u00e4 lis\u00e4\u00e4 lapsen mukavuutta.<\/h6>\n<p>&nbsp;<\/p>\n<h6 data-start=\"3485\" data-end=\"3535\"><strong>12. S\u00e4\u00e4dett\u00e4v\u00e4 istuin ja selk\u00e4noja jopa 175\u00b0 asti<\/strong><\/h6>\n<h6 data-start=\"3536\" data-end=\"3759\">Mamoa M1 -matkarattaiden istuinta voidaan s\u00e4\u00e4t\u00e4\u00e4 kolmeen asentoon jopa 175 asteeseen asti. T\u00e4m\u00e4 mahdollistaa lapsen istumisen pystyasennossa, lep\u00e4\u00e4misen tai mukavan nukkumisen, tehden rattaista ihanteelliset sek\u00e4 lyhyille matkoille ett\u00e4 pidemmille reissuille.<\/h6>\n","protected":false},"excerpt":{"rendered":"<h6 data-start=\"141\" data-end=\"649\">Mamoa M1 -matkarattaat on jatkokehitys suositusta Leclercbaby Auto-Fold XL -mallista, yhdist\u00e4en elegantin muotoilun ja modernit tekniset ratkaisut. T\u00e4m\u00e4 matkarattaat on suunniteltu perheille, jotka haluavat rattaat, joka sopii sek\u00e4 kaupunkiliikkumiseen ett\u00e4 matkustamiseen. Leclercbaby:n suunnittelijoiden uuden Mamoa-tuotesarjan M1 -matkarattaat tarjoavat innovatiivisen yhden painikkeen taittomekanismin, kehittyneen jousituksen ja \u00e4lykk\u00e4it\u00e4 turvallisuusratkaisuja, tehden siit\u00e4 yhden luokkansa parhaiten varustelluista matkarattaista.<\/h6>\n","protected":false},"featured_media":86703,"comment_status":"open","ping_status":"closed","template":"","meta":{"_acf_changed":false,"om_disable_all_campaigns":false,"_monsterinsights_skip_tracking":false,"_monsterinsights_sitenote_active":false,"_monsterinsights_sitenote_note":"","_monsterinsights_sitenote_category":0,"_uf_show_specific_survey":0,"_uf_disable_surveys":false,"site-sidebar-layout":"default","site-content-layout":"","ast-site-content-layout":"default","site-content-style":"default","site-sidebar-style":"default","ast-global-header-display":"","ast-banner-title-visibility":"","ast-main-header-display":"","ast-hfb-above-header-display":"","ast-hfb-below-header-display":"","ast-hfb-mobile-header-display":"","site-post-title":"","ast-breadcrumbs-content":"","ast-featured-img":"","footer-sml-layout":"","theme-transparent-header-meta":"default","adv-header-id-meta":"","stick-header-meta":"","header-above-stick-meta":"","header-main-stick-meta":"","header-below-stick-meta":"","astra-migrate-meta-layouts":"set","ast-page-background-enabled":"default","ast-page-background-meta":{"desktop":{"background-color":"var(--ast-global-color-4)","background-image":"","background-repeat":"repeat","background-position":"center center","background-size":"auto","background-attachment":"scroll","background-type":"","background-media":"","overlay-type":"","overlay-color":"","overlay-opacity":"","overlay-gradient":""},"tablet":{"background-color":"","background-image":"","background-repeat":"repeat","background-position":"center center","background-size":"auto","background-attachment":"scroll","background-type":"","background-media":"","overlay-type":"","overlay-color":"","overlay-opacity":"","overlay-gradient":""},"mobile":{"background-color":"","background-image":"","background-repeat":"repeat","background-position":"center center","background-size":"auto","background-attachment":"scroll","background-type":"","background-media":"","overlay-type":"","overlay-color":"","overlay-opacity":"","overlay-gradient":""}},"ast-content-background-meta":{"desktop":{"background-color":"var(--ast-global-color-5)","background-image":"","background-repeat":"repeat","background-position":"center center","background-size":"auto","background-attachment":"scroll","background-type":"","background-media":"","overlay-type":"","overlay-color":"","overlay-opacity":"","overlay-gradient":""},"tablet":{"background-color":"var(--ast-global-color-5)","background-image":"","background-repeat":"repeat","background-position":"center center","background-size":"auto","background-attachment":"scroll","background-type":"","background-media":"","overlay-type":"","overlay-color":"","overlay-opacity":"","overlay-gradient":""},"mobile":{"background-color":"var(--ast-global-color-5)","background-image":"","background-repeat":"repeat","background-position":"center center","background-size":"auto","background-attachment":"scroll","background-type":"","background-media":"","overlay-type":"","overlay-color":"","overlay-opacity":"","overlay-gradient":""}}},"product_brand":[],"product_cat":[410,1377,409,518],"product_tag":[],"class_list":{"0":"post-86713","1":"product","2":"type-product","3":"status-publish","4":"has-post-thumbnail","6":"product_cat-sailioauto","7":"product_cat-mamoa","8":"product_cat-karryt","9":"product_cat-uudet-tuotteet","10":"desktop-align-left","11":"tablet-align-left","12":"mobile-align-left","14":"first","15":"instock","16":"taxable","17":"shipping-taxable","18":"purchasable","19":"product-type-variable"},"acf":[],"aioseo_notices":[],"_links":{"self":[{"href":"https:\/\/hummy.ee\/fi\/wp-json\/wp\/v2\/product\/86713","targetHints":{"allow":["GET"]}}],"collection":[{"href":"https:\/\/hummy.ee\/fi\/wp-json\/wp\/v2\/product"}],"about":[{"href":"https:\/\/hummy.ee\/fi\/wp-json\/wp\/v2\/types\/product"}],"replies":[{"embeddable":true,"href":"https:\/\/hummy.ee\/fi\/wp-json\/wp\/v2\/comments?post=86713"}],"version-history":[{"count":1,"href":"https:\/\/hummy.ee\/fi\/wp-json\/wp\/v2\/product\/86713\/revisions"}],"predecessor-version":[{"id":86718,"href":"https:\/\/hummy.ee\/fi\/wp-json\/wp\/v2\/product\/86713\/revisions\/86718"}],"wp:featuredmedia":[{"embeddable":true,"href":"https:\/\/hummy.ee\/fi\/wp-json\/wp\/v2\/media\/86703"}],"wp:attachment":[{"href":"https:\/\/hummy.ee\/fi\/wp-json\/wp\/v2\/media?parent=86713"}],"wp:term":[{"taxonomy":"product_brand","embeddable":true,"href":"https:\/\/hummy.ee\/fi\/wp-json\/wp\/v2\/product_brand?post=86713"},{"taxonomy":"product_cat","embeddable":true,"href":"https:\/\/hummy.ee\/fi\/wp-json\/wp\/v2\/product_cat?post=86713"},{"taxonomy":"product_tag","embeddable":true,"href":"https:\/\/hummy.ee\/fi\/wp-json\/wp\/v2\/product_tag?post=86713"}],"curies":[{"name":"wp","href":"https:\/\/api.w.org\/{rel}","templated":true}]}}