{"id":83677,"date":"2026-02-20T19:58:43","date_gmt":"2026-02-20T19:58:43","guid":{"rendered":"https:\/\/hummy.ee\/product\/ergobaby-evolve-mesh-3in1-lepotuoli\/"},"modified":"2026-04-17T12:36:14","modified_gmt":"2026-04-17T12:36:14","slug":"ergobaby-evolve-mesh-3in1-sitteri","status":"publish","type":"product","link":"https:\/\/hummy.ee\/fi\/tuote\/ergobaby-evolve-mesh-3in1-sitteri\/","title":{"rendered":"Ergobaby Evolve Mesh 3-in-1 sitteri"},"content":{"rendered":"<h6><em><strong>3-in-1-sitteri<\/strong><\/em><\/h6>\n<ul data-start=\"611\" data-end=\"726\">\n<li data-start=\"611\" data-end=\"655\">\n<h6 data-start=\"613\" data-end=\"655\">Vastasyntyneen sitteri (2,5\u20135,4 kg)<\/h6>\n<\/li>\n<li data-start=\"656\" data-end=\"683\">\n<h6 data-start=\"658\" data-end=\"683\">Vauvakeinu (6\u20139 kg)<\/h6>\n<\/li>\n<li data-start=\"684\" data-end=\"726\">\n<h6 data-start=\"686\" data-end=\"726\">Taaperotuoli (enint\u00e4\u00e4n 13 kg, noin 3 vuotta)<\/h6>\n<\/li>\n<\/ul>\n<h6 data-start=\"728\" data-end=\"870\">Lapsen kasvaessa sitteri\u00e4 voidaan s\u00e4\u00e4t\u00e4\u00e4 \u2013 vastasyntyneen tuki voidaan poistaa, ja k\u00e4ytett\u00e4viss\u00e4 on kolme korkeusasentoa, jotka tukevat jokaista kehitysvaihetta.<\/h6>\n<ul data-start=\"872\" data-end=\"996\">\n<li data-start=\"872\" data-end=\"932\">\n<h6 data-start=\"874\" data-end=\"932\">Keskiasento mahdollistaa sen, ett\u00e4 vauva voi keinuttaa itse\u00e4\u00e4n kevyesti.<\/h6>\n<\/li>\n<li data-start=\"933\" data-end=\"996\">\n<h6 data-start=\"935\" data-end=\"996\">Korkein asento sopii taaperolle, joka haluaa tarkkailla ymp\u00e4rist\u00f6\u00e4.<\/h6>\n<\/li>\n<\/ul>\n<h6 data-start=\"1003\" data-end=\"1028\"><\/h6>\n<h6 data-start=\"1003\" data-end=\"1028\"><em><strong>Luonnollinen keinuminen<\/strong><\/em><\/h6>\n<h6 data-start=\"1030\" data-end=\"1193\">Evolve-sitteriss\u00e4 k\u00e4ytet\u00e4\u00e4n luonnollista keinumisteknologiaa \u2013 ei tarvita johtoja, paristoja eik\u00e4 kytkimi\u00e4. Lapsen omat liikkeet saavat sitterin keinumaan.<\/h6>\n<p>&nbsp;<\/p>\n<h6 data-start=\"1195\" data-end=\"1350\">Kevyt rakenne mahdollistaa tuolin helpon siirt\u00e4misen huoneesta toiseen, ja se taittuu kompaktisti litte\u00e4ksi, mik\u00e4 tekee siit\u00e4 k\u00e4tev\u00e4n kuljettaa ja s\u00e4ilytt\u00e4\u00e4.<\/h6>\n<p>&nbsp;<\/p>\n<p>&nbsp;<\/p>\n<h6 data-start=\"1357\" data-end=\"1380\"><em><strong>T\u00e4rkeimm\u00e4t ominaisuudet<\/strong><\/em><\/h6>\n<ul data-start=\"1382\" data-end=\"1736\">\n<li data-start=\"1382\" data-end=\"1416\">\n<h6 data-start=\"1384\" data-end=\"1416\">Sopii 2,5\u201313 kg painoisille lapsille<\/h6>\n<\/li>\n<li data-start=\"1417\" data-end=\"1483\">\n<h6 data-start=\"1419\" data-end=\"1483\">3-in-1: vastasyntyneen sitteri, vauvakeinu ja taaperotuoli<\/h6>\n<\/li>\n<li data-start=\"1484\" data-end=\"1528\">\n<h6 data-start=\"1486\" data-end=\"1528\">Ergonominen vastasyntyneen tuki lis\u00e4tueksi<\/h6>\n<\/li>\n<li data-start=\"1529\" data-end=\"1579\">\n<h6 data-start=\"1531\" data-end=\"1579\">3 s\u00e4\u00e4dett\u00e4v\u00e4\u00e4 korkeusasentoa (jalkapolkimella)<\/h6>\n<\/li>\n<li data-start=\"1580\" data-end=\"1620\">\n<h6 data-start=\"1582\" data-end=\"1620\">Kehitetty yhteisty\u00f6ss\u00e4 lasten ortopedin kanssa<\/h6>\n<\/li>\n<li data-start=\"1621\" data-end=\"1669\">\n<h6 data-start=\"1623\" data-end=\"1669\">T\u00e4ysin taitettava kuljetusasentoon<\/h6>\n<\/li>\n<li data-start=\"1670\" data-end=\"1736\">\n<h6 data-start=\"1672\" data-end=\"1736\">Lis\u00e4varusteena voi ostaa <a href=\"https:\/\/hummy.ee\/fi\/?attachment_id=83657\" target=\"_blank\" rel=\"noopener\">lelukaari sitteriin<\/a><\/h6>\n<\/li>\n<li data-start=\"1670\" data-end=\"1736\">\n<h6>Helposti puhdistettava \u2013 konepest\u00e4v\u00e4<\/h6>\n<\/li>\n<\/ul>\n<h6 data-start=\"1743\" data-end=\"1771\"><\/h6>\n<h6 data-start=\"1743\" data-end=\"1771\"><em><strong>Materiaalit ja huolto<\/strong><\/em><\/h6>\n<ul data-start=\"1773\" data-end=\"1868\">\n<li data-start=\"1773\" data-end=\"1806\">\n<h6 data-start=\"1775\" data-end=\"1806\">Kangas (mesh): 100 % polyesteri\u00e4<\/h6>\n<\/li>\n<li data-start=\"1807\" data-end=\"1828\">\n<h6 data-start=\"1809\" data-end=\"1828\">Runko: ABS-muovi<\/h6>\n<\/li>\n<li data-start=\"1829\" data-end=\"1868\">\n<h6 data-start=\"1831\" data-end=\"1868\">Istuinp\u00e4\u00e4llinen: irrotettava ja konepest\u00e4v\u00e4<\/h6>\n<\/li>\n<\/ul>\n","protected":false},"excerpt":{"rendered":"<h6 data-start=\"148\" data-end=\"331\">Evolve Mesh 3-in-1 -sitteri kasvaa lapsen mukana vastasyntyneest\u00e4 aina taaperoik\u00e4\u00e4n asti. Yhdess\u00e4 tuotteessa on yhdistetty vastasyntyneen sitteri, vauvakeinu ja taaperotuoli. Syntym\u00e4st\u00e4 l\u00e4htien se tarjoaa mukavuutta ergonomisen vastasyntyneen tuen ansiosta, joka on kehitetty yhteisty\u00f6ss\u00e4 lasten ortopedin ohjauksessa. Uusi hengitt\u00e4v\u00e4 mesh-kangas takaa maksimaalisen ilmanvaihdon ja auttaa pit\u00e4m\u00e4\u00e4n vauvan miellytt\u00e4v\u00e4n viile\u00e4n\u00e4.<\/h6>\n","protected":false},"featured_media":83720,"comment_status":"open","ping_status":"closed","template":"","meta":{"_acf_changed":false,"om_disable_all_campaigns":false,"_monsterinsights_skip_tracking":false,"_monsterinsights_sitenote_active":false,"_monsterinsights_sitenote_note":"","_monsterinsights_sitenote_category":0,"_uf_show_specific_survey":0,"_uf_disable_surveys":false,"site-sidebar-layout":"default","site-content-layout":"","ast-site-content-layout":"default","site-content-style":"default","site-sidebar-style":"default","ast-global-header-display":"","ast-banner-title-visibility":"","ast-main-header-display":"","ast-hfb-above-header-display":"","ast-hfb-below-header-display":"","ast-hfb-mobile-header-display":"","site-post-title":"","ast-breadcrumbs-content":"","ast-featured-img":"","footer-sml-layout":"","theme-transparent-header-meta":"default","adv-header-id-meta":"","stick-header-meta":"","header-above-stick-meta":"","header-main-stick-meta":"","header-below-stick-meta":"","astra-migrate-meta-layouts":"set","ast-page-background-enabled":"default","ast-page-background-meta":{"desktop":{"background-color":"var(--ast-global-color-4)","background-image":"","background-repeat":"repeat","background-position":"center center","background-size":"auto","background-attachment":"scroll","background-type":"","background-media":"","overlay-type":"","overlay-color":"","overlay-opacity":"","overlay-gradient":""},"tablet":{"background-color":"","background-image":"","background-repeat":"repeat","background-position":"center center","background-size":"auto","background-attachment":"scroll","background-type":"","background-media":"","overlay-type":"","overlay-color":"","overlay-opacity":"","overlay-gradient":""},"mobile":{"background-color":"","background-image":"","background-repeat":"repeat","background-position":"center center","background-size":"auto","background-attachment":"scroll","background-type":"","background-media":"","overlay-type":"","overlay-color":"","overlay-opacity":"","overlay-gradient":""}},"ast-content-background-meta":{"desktop":{"background-color":"var(--ast-global-color-5)","background-image":"","background-repeat":"repeat","background-position":"center center","background-size":"auto","background-attachment":"scroll","background-type":"","background-media":"","overlay-type":"","overlay-color":"","overlay-opacity":"","overlay-gradient":""},"tablet":{"background-color":"var(--ast-global-color-5)","background-image":"","background-repeat":"repeat","background-position":"center center","background-size":"auto","background-attachment":"scroll","background-type":"","background-media":"","overlay-type":"","overlay-color":"","overlay-opacity":"","overlay-gradient":""},"mobile":{"background-color":"var(--ast-global-color-5)","background-image":"","background-repeat":"repeat","background-position":"center center","background-size":"auto","background-attachment":"scroll","background-type":"","background-media":"","overlay-type":"","overlay-color":"","overlay-opacity":"","overlay-gradient":""}}},"product_brand":[],"product_cat":[1335,1354,518],"product_tag":[],"class_list":{"0":"post-83677","1":"product","2":"type-product","3":"status-publish","4":"has-post-thumbnail","6":"product_cat-ergobaby","7":"product_cat-lamamistools","8":"product_cat-uudet-tuotteet","9":"desktop-align-left","10":"tablet-align-left","11":"mobile-align-left","13":"first","14":"instock","15":"taxable","16":"shipping-taxable","17":"purchasable","18":"product-type-variable"},"acf":[],"aioseo_notices":[],"_links":{"self":[{"href":"https:\/\/hummy.ee\/fi\/wp-json\/wp\/v2\/product\/83677","targetHints":{"allow":["GET"]}}],"collection":[{"href":"https:\/\/hummy.ee\/fi\/wp-json\/wp\/v2\/product"}],"about":[{"href":"https:\/\/hummy.ee\/fi\/wp-json\/wp\/v2\/types\/product"}],"replies":[{"embeddable":true,"href":"https:\/\/hummy.ee\/fi\/wp-json\/wp\/v2\/comments?post=83677"}],"version-history":[{"count":5,"href":"https:\/\/hummy.ee\/fi\/wp-json\/wp\/v2\/product\/83677\/revisions"}],"predecessor-version":[{"id":86985,"href":"https:\/\/hummy.ee\/fi\/wp-json\/wp\/v2\/product\/83677\/revisions\/86985"}],"wp:featuredmedia":[{"embeddable":true,"href":"https:\/\/hummy.ee\/fi\/wp-json\/wp\/v2\/media\/83720"}],"wp:attachment":[{"href":"https:\/\/hummy.ee\/fi\/wp-json\/wp\/v2\/media?parent=83677"}],"wp:term":[{"taxonomy":"product_brand","embeddable":true,"href":"https:\/\/hummy.ee\/fi\/wp-json\/wp\/v2\/product_brand?post=83677"},{"taxonomy":"product_cat","embeddable":true,"href":"https:\/\/hummy.ee\/fi\/wp-json\/wp\/v2\/product_cat?post=83677"},{"taxonomy":"product_tag","embeddable":true,"href":"https:\/\/hummy.ee\/fi\/wp-json\/wp\/v2\/product_tag?post=83677"}],"curies":[{"name":"wp","href":"https:\/\/api.w.org\/{rel}","templated":true}]}}