{"id":83655,"date":"2026-02-20T19:58:28","date_gmt":"2026-02-20T19:58:28","guid":{"rendered":"https:\/\/hummy.ee\/product\/ergobaby-syottotuoli-leikkikeha\/"},"modified":"2026-04-17T12:41:47","modified_gmt":"2026-04-17T12:41:47","slug":"ergobaby-leikkikaari-sitteriin","status":"publish","type":"product","link":"https:\/\/hummy.ee\/fi\/tuote\/ergobaby-leikkikaari-sitteriin\/","title":{"rendered":"Ergobaby leikkikaari sitteriin"},"content":{"rendered":"<h6>Vauva voi turvallisesti tarttua ja tutkia leluja, jotka on suunniteltu h\u00e4nen ik\u00e4\u00e4ns\u00e4 sopiviksi ja jotka stimuloivat sensorista kehityst\u00e4. T\u00e4ydellinen lis\u00e4varuste, joka tekee Ergobaby Evolve -sitterist\u00e4 entist\u00e4kin kiinnostavamman.<\/h6>\n<p>&nbsp;<\/p>\n<h6 data-start=\"485\" data-end=\"508\"><em><strong>Ominaisuudet<\/strong><\/em><\/h6>\n<ul data-start=\"510\" data-end=\"742\">\n<li data-start=\"510\" data-end=\"536\">\n<h6 data-start=\"512\" data-end=\"536\">Sopii syntym\u00e4st\u00e4 l\u00e4htien<\/h6>\n<\/li>\n<li data-start=\"537\" data-end=\"572\">\n<h6 data-start=\"539\" data-end=\"572\">Hauskaa ja kehitt\u00e4v\u00e4\u00e4 leikki\u00e4 vauvoille<\/h6>\n<\/li>\n<li data-start=\"573\" data-end=\"632\">\n<h6 data-start=\"575\" data-end=\"632\">Helppo kiinnitt\u00e4\u00e4 ja irrottaa<\/h6>\n<\/li>\n<li data-start=\"633\" data-end=\"681\">\n<h6 data-start=\"635\" data-end=\"681\">Kehitt\u00e4\u00e4 lapsen motoriikkaa ja tarkkaavaisuutta<\/h6>\n<\/li>\n<li data-start=\"682\" data-end=\"742\">\n<h6 data-start=\"684\" data-end=\"742\">Tyylik\u00e4s muotoilu, joka sopii jokaiseen lastenhuoneeseen<\/h6>\n<\/li>\n<\/ul>\n<p data-start=\"966\" data-end=\"1103\">\n","protected":false},"excerpt":{"rendered":"<h6>Leikkikaari on suunniteltu lapsen kehityst\u00e4 ja hauskanpitoa silm\u00e4ll\u00e4 pit\u00e4en, tarjoten ik\u00e4\u00e4n sopivan, innostavan ja turvallisen leikkikokemuksen. Ergobaby-sitterin leikkikaari pit\u00e4\u00e4 vauvan aktiivisena ja kehitt\u00e4\u00e4 h\u00e4nen taitojaan leikin kautta. Sopii Ergobaby Evolve -sittereihin.<\/h6>\n","protected":false},"featured_media":83656,"comment_status":"open","ping_status":"closed","template":"","meta":{"_acf_changed":false,"om_disable_all_campaigns":false,"_monsterinsights_skip_tracking":false,"_monsterinsights_sitenote_active":false,"_monsterinsights_sitenote_note":"","_monsterinsights_sitenote_category":0,"_uf_show_specific_survey":0,"_uf_disable_surveys":false,"site-sidebar-layout":"default","site-content-layout":"","ast-site-content-layout":"default","site-content-style":"default","site-sidebar-style":"default","ast-global-header-display":"","ast-banner-title-visibility":"","ast-main-header-display":"","ast-hfb-above-header-display":"","ast-hfb-below-header-display":"","ast-hfb-mobile-header-display":"","site-post-title":"","ast-breadcrumbs-content":"","ast-featured-img":"","footer-sml-layout":"","theme-transparent-header-meta":"default","adv-header-id-meta":"","stick-header-meta":"","header-above-stick-meta":"","header-main-stick-meta":"","header-below-stick-meta":"","astra-migrate-meta-layouts":"set","ast-page-background-enabled":"default","ast-page-background-meta":{"desktop":{"background-color":"var(--ast-global-color-4)","background-image":"","background-repeat":"repeat","background-position":"center center","background-size":"auto","background-attachment":"scroll","background-type":"","background-media":"","overlay-type":"","overlay-color":"","overlay-opacity":"","overlay-gradient":""},"tablet":{"background-color":"","background-image":"","background-repeat":"repeat","background-position":"center center","background-size":"auto","background-attachment":"scroll","background-type":"","background-media":"","overlay-type":"","overlay-color":"","overlay-opacity":"","overlay-gradient":""},"mobile":{"background-color":"","background-image":"","background-repeat":"repeat","background-position":"center center","background-size":"auto","background-attachment":"scroll","background-type":"","background-media":"","overlay-type":"","overlay-color":"","overlay-opacity":"","overlay-gradient":""}},"ast-content-background-meta":{"desktop":{"background-color":"var(--ast-global-color-5)","background-image":"","background-repeat":"repeat","background-position":"center center","background-size":"auto","background-attachment":"scroll","background-type":"","background-media":"","overlay-type":"","overlay-color":"","overlay-opacity":"","overlay-gradient":""},"tablet":{"background-color":"var(--ast-global-color-5)","background-image":"","background-repeat":"repeat","background-position":"center center","background-size":"auto","background-attachment":"scroll","background-type":"","background-media":"","overlay-type":"","overlay-color":"","overlay-opacity":"","overlay-gradient":""},"mobile":{"background-color":"var(--ast-global-color-5)","background-image":"","background-repeat":"repeat","background-position":"center center","background-size":"auto","background-attachment":"scroll","background-type":"","background-media":"","overlay-type":"","overlay-color":"","overlay-opacity":"","overlay-gradient":""}}},"product_brand":[],"product_cat":[1335,1354,518],"product_tag":[],"class_list":{"0":"post-83655","1":"product","2":"type-product","3":"status-publish","4":"has-post-thumbnail","6":"product_cat-ergobaby","7":"product_cat-lamamistools","8":"product_cat-uudet-tuotteet","9":"desktop-align-left","10":"tablet-align-left","11":"mobile-align-left","13":"first","14":"instock","15":"taxable","16":"shipping-taxable","17":"purchasable","18":"product-type-variable"},"acf":[],"aioseo_notices":[],"_links":{"self":[{"href":"https:\/\/hummy.ee\/fi\/wp-json\/wp\/v2\/product\/83655","targetHints":{"allow":["GET"]}}],"collection":[{"href":"https:\/\/hummy.ee\/fi\/wp-json\/wp\/v2\/product"}],"about":[{"href":"https:\/\/hummy.ee\/fi\/wp-json\/wp\/v2\/types\/product"}],"replies":[{"embeddable":true,"href":"https:\/\/hummy.ee\/fi\/wp-json\/wp\/v2\/comments?post=83655"}],"version-history":[{"count":4,"href":"https:\/\/hummy.ee\/fi\/wp-json\/wp\/v2\/product\/83655\/revisions"}],"predecessor-version":[{"id":86987,"href":"https:\/\/hummy.ee\/fi\/wp-json\/wp\/v2\/product\/83655\/revisions\/86987"}],"wp:featuredmedia":[{"embeddable":true,"href":"https:\/\/hummy.ee\/fi\/wp-json\/wp\/v2\/media\/83656"}],"wp:attachment":[{"href":"https:\/\/hummy.ee\/fi\/wp-json\/wp\/v2\/media?parent=83655"}],"wp:term":[{"taxonomy":"product_brand","embeddable":true,"href":"https:\/\/hummy.ee\/fi\/wp-json\/wp\/v2\/product_brand?post=83655"},{"taxonomy":"product_cat","embeddable":true,"href":"https:\/\/hummy.ee\/fi\/wp-json\/wp\/v2\/product_cat?post=83655"},{"taxonomy":"product_tag","embeddable":true,"href":"https:\/\/hummy.ee\/fi\/wp-json\/wp\/v2\/product_tag?post=83655"}],"curies":[{"name":"wp","href":"https:\/\/api.w.org\/{rel}","templated":true}]}}