{"id":83483,"date":"2026-02-20T19:58:11","date_gmt":"2026-02-20T19:58:11","guid":{"rendered":"https:\/\/hummy.ee\/product\/ergobaby-omni-classic-verkkokantokoppa\/"},"modified":"2026-04-17T08:47:28","modified_gmt":"2026-04-17T08:47:28","slug":"ergobaby-omni-classic-kantoreppu","status":"publish","type":"product","link":"https:\/\/hummy.ee\/fi\/tuote\/ergobaby-omni-classic-kantoreppu\/","title":{"rendered":"Ergobaby Omni Classic kantoreppu"},"content":{"rendered":"<h6 data-start=\"923\" data-end=\"938\"><strong><em>Kantotavat ja ik\u00e4suositukset<\/em><\/strong><\/h6>\n<ul data-start=\"376\" data-end=\"493\">\n<li data-start=\"376\" data-end=\"405\">\n<h6 data-start=\"378\" data-end=\"405\">Kasvot sis\u00e4\u00e4np\u00e4in \u2013 0+ kuukautta<\/h6>\n<\/li>\n<li data-start=\"406\" data-end=\"435\">\n<h6 data-start=\"408\" data-end=\"435\">Kasvot ulosp\u00e4in \u2013 5+ kuukautta<\/h6>\n<\/li>\n<li data-start=\"436\" data-end=\"464\">\n<h6 data-start=\"438\" data-end=\"464\">Sel\u00e4ss\u00e4 kantaminen \u2013 6+ kuukautta<\/h6>\n<\/li>\n<li data-start=\"465\" data-end=\"493\">\n<h6 data-start=\"467\" data-end=\"493\">Lonkalla kantaminen \u2013 6+ kuukautta<\/h6>\n<\/li>\n<\/ul>\n<h6 data-start=\"1387\" data-end=\"1560\"><\/h6>\n<h6 data-start=\"1818\" data-end=\"1981\"><em><strong>Palkittu kantoreppu<\/strong><\/em><\/h6>\n<h6 data-start=\"74\" data-end=\"284\">Omni Classic Mesh -kantoreppu on saanut kansainv\u00e4lisen Lonkkadysplasiainstituutin tunnustuksen \u2018lonkkayst\u00e4v\u00e4llisen\u00e4\u2019 kantoreppuna \u2013 s\u00e4\u00e4dett\u00e4v\u00e4 lonkkatukea tarjoava istuin tukee kaikissa kantotavoissa ergonomista M-asentoa.<\/h6>\n<h6 data-start=\"74\" data-end=\"284\"><\/h6>\n<p>&nbsp;<\/p>\n<h6 data-start=\"74\" data-end=\"284\"><em><strong>Ergobaby-kantoreput ovat tunnettuja mukavuudestaan<\/strong><\/em><\/h6>\n<h6 data-start=\"74\" data-end=\"284\">Alasel\u00e4n tuki sek\u00e4 pehme\u00e4t ja pehmustetut olka- ja vy\u00f6hihnat takaavat maksimaalisen kantomukavuuden. Kantorepun olkahihnat lukittuvat edess\u00e4, mik\u00e4 tekee kantamisesta helpompaa. Hihnat voidaan k\u00e4ytt\u00e4\u00e4 ristiin tai reppumaisesti \u2013 juuri niin kuin sinulle on mukavinta. Omni Classic Mesh -kantoreppu on varustettu UPF 50+ -huppulla auringolta ja yksityisyyden suojaksi, ja vauvaa voi kantaa mukavasti my\u00f6s imetyksen aikana. Vanhempien arvostama ominaisuus on irrotettava vetoketjullinen pussukka. Se mahtuu arjen t\u00e4rkeimmille tarvikkeille ja voidaan kiinnitt\u00e4\u00e4 kantoreppuun useisiin kohtiin tarpeen mukaan.<\/h6>\n<p>&nbsp;<\/p>\n<h6 data-start=\"749\" data-end=\"944\"><em><strong>Sopii erilaisille vartalotyypeille<\/strong> <\/em><\/h6>\n<h6 data-start=\"749\" data-end=\"944\">Lyhyille, pitkille ja plus-kokoisille. Vy\u00f6t\u00e4r\u00f6hihnaa voidaan k\u00e4ytt\u00e4\u00e4 korkealla tai matalalla mukavuuden maksimoimiseksi, erityisesti keisarinleikkauksen j\u00e4lkeen.<\/h6>\n<p>&nbsp;<\/p>\n<h6 data-start=\"1122\" data-end=\"1303\"><\/h6>\n<h6 data-start=\"1122\" data-end=\"1303\"><em><strong>Ominaisuudet<\/strong><\/em><\/h6>\n<ul>\n<li data-start=\"75\" data-end=\"148\">\n<h6 data-start=\"77\" data-end=\"148\">4 kantotapaa \u2013 s\u00e4\u00e4dett\u00e4viss\u00e4 vastasyntyneest\u00e4 taaperoon<\/h6>\n<\/li>\n<li data-start=\"149\" data-end=\"207\">\n<h6 data-start=\"151\" data-end=\"207\">Sopii vastasyntyneille \u2013 ei tarvitse vauvan lis\u00e4osaa<\/h6>\n<\/li>\n<li data-start=\"208\" data-end=\"259\">\n<h6 data-start=\"210\" data-end=\"259\">Ergonomiset kantokohdat (my\u00f6s kasvot ulosp\u00e4in)<\/h6>\n<\/li>\n<li data-start=\"260\" data-end=\"287\">\n<h6 data-start=\"262\" data-end=\"287\">Irrotettava vetoketjullinen pussukka<\/h6>\n<\/li>\n<li data-start=\"288\" data-end=\"379\">\n<h6 data-start=\"290\" data-end=\"379\">Alasel\u00e4n tuki ja ristiin asetettavat pehmustetut olkahihnat takaavat suuremman mukavuuden ja paremman istuvuuden.<\/h6>\n<\/li>\n<li data-start=\"380\" data-end=\"448\">\n<h6 data-start=\"382\" data-end=\"448\">Hengitt\u00e4v\u00e4 ja kevyt, mesh-materiaalista valmistettu kantoreppu<\/h6>\n<\/li>\n<li data-start=\"449\" data-end=\"495\">\n<h6 data-start=\"451\" data-end=\"495\">Ik\u00e4 0-48 kuukautta tai paino 3,2-20,4 kg.<\/h6>\n<\/li>\n<li data-start=\"534\" data-end=\"549\">\n<h6 data-start=\"536\" data-end=\"549\">Konepest\u00e4v\u00e4<\/h6>\n<\/li>\n<li data-start=\"550\" data-end=\"569\">\n<h6 data-start=\"552\" data-end=\"569\">UPF 50+ huppu<\/h6>\n<\/li>\n<li data-start=\"570\" data-end=\"586\">\n<h6 data-start=\"572\" data-end=\"586\">100% puuvillaa<\/h6>\n<\/li>\n<li data-start=\"587\" data-end=\"642\">\n<h6 data-start=\"589\" data-end=\"642\">Vy\u00f6t\u00e4r\u00f6hihna s\u00e4\u00e4dett\u00e4viss\u00e4 66\u2013132 cm, olkahihnat 71\u2013117 cm<\/h6>\n<\/li>\n<\/ul>\n<h6><\/h6>\n<h6 data-start=\"923\" data-end=\"938\"><\/h6>\n","protected":false},"excerpt":{"rendered":"<h6>Ergobaby Omni Classic Mesh -kantoreppu yhdist\u00e4\u00e4 kaikki Ergobabyn palkitut ominaisuudet. Mesh-materiaalista valmistettu kantoreppu on eritt\u00e4in kevyt ja hengitt\u00e4v\u00e4, ja se pit\u00e4\u00e4 sinut ja vauvan viilein\u00e4. Monipuolinen kaikki yhdess\u00e4 -kantoreppu kasvaa lapsen mukana syntym\u00e4st\u00e4 nelj\u00e4\u00e4n ik\u00e4vuoteen asti.<\/h6>\n","protected":false},"featured_media":83493,"comment_status":"open","ping_status":"closed","template":"","meta":{"_acf_changed":false,"om_disable_all_campaigns":false,"_monsterinsights_skip_tracking":false,"_monsterinsights_sitenote_active":false,"_monsterinsights_sitenote_note":"","_monsterinsights_sitenote_category":0,"_uf_show_specific_survey":0,"_uf_disable_surveys":false,"site-sidebar-layout":"default","site-content-layout":"","ast-site-content-layout":"default","site-content-style":"default","site-sidebar-style":"default","ast-global-header-display":"","ast-banner-title-visibility":"","ast-main-header-display":"","ast-hfb-above-header-display":"","ast-hfb-below-header-display":"","ast-hfb-mobile-header-display":"","site-post-title":"","ast-breadcrumbs-content":"","ast-featured-img":"","footer-sml-layout":"","theme-transparent-header-meta":"default","adv-header-id-meta":"","stick-header-meta":"","header-above-stick-meta":"","header-main-stick-meta":"","header-below-stick-meta":"","astra-migrate-meta-layouts":"set","ast-page-background-enabled":"default","ast-page-background-meta":{"desktop":{"background-color":"var(--ast-global-color-4)","background-image":"","background-repeat":"repeat","background-position":"center center","background-size":"auto","background-attachment":"scroll","background-type":"","background-media":"","overlay-type":"","overlay-color":"","overlay-opacity":"","overlay-gradient":""},"tablet":{"background-color":"","background-image":"","background-repeat":"repeat","background-position":"center center","background-size":"auto","background-attachment":"scroll","background-type":"","background-media":"","overlay-type":"","overlay-color":"","overlay-opacity":"","overlay-gradient":""},"mobile":{"background-color":"","background-image":"","background-repeat":"repeat","background-position":"center center","background-size":"auto","background-attachment":"scroll","background-type":"","background-media":"","overlay-type":"","overlay-color":"","overlay-opacity":"","overlay-gradient":""}},"ast-content-background-meta":{"desktop":{"background-color":"var(--ast-global-color-5)","background-image":"","background-repeat":"repeat","background-position":"center center","background-size":"auto","background-attachment":"scroll","background-type":"","background-media":"","overlay-type":"","overlay-color":"","overlay-opacity":"","overlay-gradient":""},"tablet":{"background-color":"var(--ast-global-color-5)","background-image":"","background-repeat":"repeat","background-position":"center center","background-size":"auto","background-attachment":"scroll","background-type":"","background-media":"","overlay-type":"","overlay-color":"","overlay-opacity":"","overlay-gradient":""},"mobile":{"background-color":"var(--ast-global-color-5)","background-image":"","background-repeat":"repeat","background-position":"center center","background-size":"auto","background-attachment":"scroll","background-type":"","background-media":"","overlay-type":"","overlay-color":"","overlay-opacity":"","overlay-gradient":""}}},"product_brand":[],"product_cat":[1335,899,518],"product_tag":[],"class_list":{"0":"post-83483","1":"product","2":"type-product","3":"status-publish","4":"has-post-thumbnail","6":"product_cat-ergobaby","7":"product_cat-matkalaukut","8":"product_cat-uudet-tuotteet","9":"desktop-align-left","10":"tablet-align-left","11":"mobile-align-left","13":"first","14":"instock","15":"taxable","16":"shipping-taxable","17":"purchasable","18":"product-type-variable"},"acf":[],"aioseo_notices":[],"_links":{"self":[{"href":"https:\/\/hummy.ee\/fi\/wp-json\/wp\/v2\/product\/83483","targetHints":{"allow":["GET"]}}],"collection":[{"href":"https:\/\/hummy.ee\/fi\/wp-json\/wp\/v2\/product"}],"about":[{"href":"https:\/\/hummy.ee\/fi\/wp-json\/wp\/v2\/types\/product"}],"replies":[{"embeddable":true,"href":"https:\/\/hummy.ee\/fi\/wp-json\/wp\/v2\/comments?post=83483"}],"version-history":[{"count":5,"href":"https:\/\/hummy.ee\/fi\/wp-json\/wp\/v2\/product\/83483\/revisions"}],"predecessor-version":[{"id":86904,"href":"https:\/\/hummy.ee\/fi\/wp-json\/wp\/v2\/product\/83483\/revisions\/86904"}],"wp:featuredmedia":[{"embeddable":true,"href":"https:\/\/hummy.ee\/fi\/wp-json\/wp\/v2\/media\/83493"}],"wp:attachment":[{"href":"https:\/\/hummy.ee\/fi\/wp-json\/wp\/v2\/media?parent=83483"}],"wp:term":[{"taxonomy":"product_brand","embeddable":true,"href":"https:\/\/hummy.ee\/fi\/wp-json\/wp\/v2\/product_brand?post=83483"},{"taxonomy":"product_cat","embeddable":true,"href":"https:\/\/hummy.ee\/fi\/wp-json\/wp\/v2\/product_cat?post=83483"},{"taxonomy":"product_tag","embeddable":true,"href":"https:\/\/hummy.ee\/fi\/wp-json\/wp\/v2\/product_tag?post=83483"}],"curies":[{"name":"wp","href":"https:\/\/api.w.org\/{rel}","templated":true}]}}