{"id":83429,"date":"2026-02-20T19:58:05","date_gmt":"2026-02-20T19:58:05","guid":{"rendered":"https:\/\/hummy.ee\/product\/ergobaby-hip-lift-seat-lonkkatuki\/"},"modified":"2026-04-19T18:20:54","modified_gmt":"2026-04-19T18:20:54","slug":"ergobaby-hip-lift-seat-lonkkatuki","status":"publish","type":"product","link":"https:\/\/hummy.ee\/fi\/tuote\/ergobaby-hip-lift-seat-lonkkatuki\/","title":{"rendered":"Ergobaby Lift Hip Seat kantotuki"},"content":{"rendered":"<h6><strong><em>Kantoasennot <\/em><\/strong><\/h6>\n<ul>\n<li data-start=\"1260\" data-end=\"1279\">\n<h6 data-start=\"1262\" data-end=\"1279\">Lonkkakanto<\/h6>\n<\/li>\n<li data-start=\"1280\" data-end=\"1307\">\n<h6 data-start=\"1282\" data-end=\"1307\">Edess\u00e4, kasvot vanhempaan p\u00e4in<\/h6>\n<\/li>\n<li data-start=\"1308\" data-end=\"1327\">\n<h6 data-start=\"1310\" data-end=\"1327\">Edess\u00e4, kasvot eteenp\u00e4in<\/h6>\n<\/li>\n<\/ul>\n<h6 data-start=\"400\" data-end=\"703\">Kantotuki sopii lyhytaikaiseen kantamiseen (6\u201348 kk), esimerkiksi kotona askareiden aikana tai nopeilla k\u00e4ynneill\u00e4. Leve\u00e4 ja pehmustettu vy\u00f6t\u00e4r\u00f6hihna yhdess\u00e4 kantotuen kanssa tukee lasta samalla, kun pid\u00e4t h\u00e4nt\u00e4 yhdell\u00e4 k\u00e4dell\u00e4. Pehmustettu istuin on hieman kallistettu ja siin\u00e4 on liukumaton pinta, joka auttaa lasta pysym\u00e4\u00e4n tukevasti paikoillaan. Sen sijaan, ett\u00e4 pit\u00e4isit kasvavaa lasta jatkuvasti syliss\u00e4 tai lonkalla, voit tukea h\u00e4net kantotuella \u2013 n\u00e4in k\u00e4sien ja alasel\u00e4n kuormitus v\u00e4henee.<\/h6>\n<p>&nbsp;<\/p>\n<h6 data-start=\"1441\" data-end=\"1455\"><strong><em>Ominaisuudet<\/em><\/strong><\/h6>\n<ul data-start=\"1456\" data-end=\"1924\">\n<li data-start=\"1456\" data-end=\"1541\">\n<h6 data-start=\"1458\" data-end=\"1541\">Pehmustettu leve\u00e4 vy\u00f6t\u00e4r\u00f6hihna auttaa jakamaan painon tasaisesti ja v\u00e4hent\u00e4m\u00e4\u00e4n sel\u00e4n rasitusta<\/h6>\n<\/li>\n<li data-start=\"1542\" data-end=\"1608\">\n<h6 data-start=\"1544\" data-end=\"1608\">Suuri sivutasku ja etumainen verkkotasku p\u00e4ivitt\u00e4isille tarvikkeille<\/h6>\n<\/li>\n<li data-start=\"1609\" data-end=\"1709\">\n<h6 data-start=\"1611\" data-end=\"1709\">Lonkkayst\u00e4v\u00e4llinen asento \u2013 HDI (International Hip Dysplasia Institute) -sertifioitu<\/h6>\n<\/li>\n<li data-start=\"1710\" data-end=\"1738\">\n<h6 data-start=\"1712\" data-end=\"1738\">Materiaali: 100 % polyesteri<\/h6>\n<\/li>\n<li data-start=\"1739\" data-end=\"1769\">\n<h6 data-start=\"1741\" data-end=\"1769\">Irrotettava EPP-vaahdosta valmistettu istuin<\/h6>\n<\/li>\n<li data-start=\"1801\" data-end=\"1816\">\n<h6 data-start=\"1803\" data-end=\"1816\">Konepest\u00e4v\u00e4<\/h6>\n<\/li>\n<li data-start=\"1072\" data-end=\"1110\">\n<h6 data-start=\"1074\" data-end=\"1110\">Soveltuvuus: 6\u201348 kk (7,7\u201320,4 kg)<\/h6>\n<\/li>\n<li data-start=\"1171\" data-end=\"1207\">\n<h6 data-start=\"1173\" data-end=\"1207\">S\u00e4\u00e4dett\u00e4v\u00e4 vy\u00f6t\u00e4r\u00f6hihna jopa 132 cm<\/h6>\n<\/li>\n<\/ul>\n","protected":false},"excerpt":{"rendered":"<h6 data-start=\"135\" data-end=\"398\">Ergobaby Lift Hip Seat -kantotuki on suunniteltu hetkiin, jolloin lapsi haluaa olla hetken syliss\u00e4 ja seuraavana jo itse liikkua vapaasti. Se tarjoaa maksimaalista mukavuutta lonkalla kantamiseen ja tekee lapsen nostamisesta ja laskemisesta nopeaa ja helppoa \u2013 erityisesti isompien vauvojen ja taaperoiden kanssa.<\/h6>\n<h6 data-start=\"705\" data-end=\"836\"><\/h6>\n","protected":false},"featured_media":83467,"comment_status":"open","ping_status":"closed","template":"","meta":{"_acf_changed":false,"om_disable_all_campaigns":false,"_monsterinsights_skip_tracking":false,"_monsterinsights_sitenote_active":false,"_monsterinsights_sitenote_note":"","_monsterinsights_sitenote_category":0,"_uf_show_specific_survey":0,"_uf_disable_surveys":false,"site-sidebar-layout":"default","site-content-layout":"","ast-site-content-layout":"default","site-content-style":"default","site-sidebar-style":"default","ast-global-header-display":"","ast-banner-title-visibility":"","ast-main-header-display":"","ast-hfb-above-header-display":"","ast-hfb-below-header-display":"","ast-hfb-mobile-header-display":"","site-post-title":"","ast-breadcrumbs-content":"","ast-featured-img":"","footer-sml-layout":"","theme-transparent-header-meta":"default","adv-header-id-meta":"","stick-header-meta":"","header-above-stick-meta":"","header-main-stick-meta":"","header-below-stick-meta":"","astra-migrate-meta-layouts":"set","ast-page-background-enabled":"default","ast-page-background-meta":{"desktop":{"background-color":"var(--ast-global-color-4)","background-image":"","background-repeat":"repeat","background-position":"center center","background-size":"auto","background-attachment":"scroll","background-type":"","background-media":"","overlay-type":"","overlay-color":"","overlay-opacity":"","overlay-gradient":""},"tablet":{"background-color":"","background-image":"","background-repeat":"repeat","background-position":"center center","background-size":"auto","background-attachment":"scroll","background-type":"","background-media":"","overlay-type":"","overlay-color":"","overlay-opacity":"","overlay-gradient":""},"mobile":{"background-color":"","background-image":"","background-repeat":"repeat","background-position":"center center","background-size":"auto","background-attachment":"scroll","background-type":"","background-media":"","overlay-type":"","overlay-color":"","overlay-opacity":"","overlay-gradient":""}},"ast-content-background-meta":{"desktop":{"background-color":"var(--ast-global-color-5)","background-image":"","background-repeat":"repeat","background-position":"center center","background-size":"auto","background-attachment":"scroll","background-type":"","background-media":"","overlay-type":"","overlay-color":"","overlay-opacity":"","overlay-gradient":""},"tablet":{"background-color":"var(--ast-global-color-5)","background-image":"","background-repeat":"repeat","background-position":"center center","background-size":"auto","background-attachment":"scroll","background-type":"","background-media":"","overlay-type":"","overlay-color":"","overlay-opacity":"","overlay-gradient":""},"mobile":{"background-color":"var(--ast-global-color-5)","background-image":"","background-repeat":"repeat","background-position":"center center","background-size":"auto","background-attachment":"scroll","background-type":"","background-media":"","overlay-type":"","overlay-color":"","overlay-opacity":"","overlay-gradient":""}}},"product_brand":[],"product_cat":[1335,899,518],"product_tag":[],"class_list":{"0":"post-83429","1":"product","2":"type-product","3":"status-publish","4":"has-post-thumbnail","6":"product_cat-ergobaby","7":"product_cat-matkalaukut","8":"product_cat-uudet-tuotteet","9":"desktop-align-left","10":"tablet-align-left","11":"mobile-align-left","13":"first","14":"instock","15":"taxable","16":"shipping-taxable","17":"purchasable","18":"product-type-variable"},"acf":[],"aioseo_notices":[],"_links":{"self":[{"href":"https:\/\/hummy.ee\/fi\/wp-json\/wp\/v2\/product\/83429","targetHints":{"allow":["GET"]}}],"collection":[{"href":"https:\/\/hummy.ee\/fi\/wp-json\/wp\/v2\/product"}],"about":[{"href":"https:\/\/hummy.ee\/fi\/wp-json\/wp\/v2\/types\/product"}],"replies":[{"embeddable":true,"href":"https:\/\/hummy.ee\/fi\/wp-json\/wp\/v2\/comments?post=83429"}],"version-history":[{"count":7,"href":"https:\/\/hummy.ee\/fi\/wp-json\/wp\/v2\/product\/83429\/revisions"}],"predecessor-version":[{"id":87233,"href":"https:\/\/hummy.ee\/fi\/wp-json\/wp\/v2\/product\/83429\/revisions\/87233"}],"wp:featuredmedia":[{"embeddable":true,"href":"https:\/\/hummy.ee\/fi\/wp-json\/wp\/v2\/media\/83467"}],"wp:attachment":[{"href":"https:\/\/hummy.ee\/fi\/wp-json\/wp\/v2\/media?parent=83429"}],"wp:term":[{"taxonomy":"product_brand","embeddable":true,"href":"https:\/\/hummy.ee\/fi\/wp-json\/wp\/v2\/product_brand?post=83429"},{"taxonomy":"product_cat","embeddable":true,"href":"https:\/\/hummy.ee\/fi\/wp-json\/wp\/v2\/product_cat?post=83429"},{"taxonomy":"product_tag","embeddable":true,"href":"https:\/\/hummy.ee\/fi\/wp-json\/wp\/v2\/product_tag?post=83429"}],"curies":[{"name":"wp","href":"https:\/\/api.w.org\/{rel}","templated":true}]}}