{"id":83363,"date":"2026-02-20T19:58:23","date_gmt":"2026-02-20T19:58:23","guid":{"rendered":"https:\/\/hummy.ee\/product\/ergobaby-embrace-vastasyntyneen-kantokoppa\/"},"modified":"2026-04-17T09:07:54","modified_gmt":"2026-04-17T09:07:54","slug":"ergobaby-embrace-kantoreppu","status":"publish","type":"product","link":"https:\/\/hummy.ee\/fi\/tuote\/ergobaby-embrace-kantoreppu\/","title":{"rendered":"Ergobaby Embrace kantoreppu"},"content":{"rendered":"<h6 data-start=\"923\" data-end=\"938\"><strong><em>Kantotavat ja ik\u00e4suositukset<\/em><\/strong><\/h6>\n<ul>\n<li data-start=\"1226\" data-end=\"1263\">\n<h6>Vastasyntyneen tila (alle 58 cm)<\/h6>\n<\/li>\n<li data-start=\"378\" data-end=\"405\">\n<h6>Kasvot sis\u00e4\u00e4np\u00e4in (yli 58 cm)<\/h6>\n<\/li>\n<li data-start=\"408\" data-end=\"435\">\n<h6>Kasvot ulosp\u00e4in (yli 66 cm)<\/h6>\n<\/li>\n<\/ul>\n<h6 data-start=\"1341\" data-end=\"1470\">Vauvan kasvaessa leve\u00e4t ristiin asetettavat olkahihnat ja s\u00e4\u00e4dett\u00e4v\u00e4 vy\u00f6t\u00e4r\u00f6hihna mahdollistavat mukavan istuvuuden erilaisille vartalotyypeille. Kantoreppu on kompakti ja kevyt, rullattava ja mahtuu helposti vaippalaukkuun tai laukkuun.<\/h6>\n<p>&nbsp;<\/p>\n<h6><em><strong>Ominaisuudet<\/strong><\/em><\/h6>\n<ul>\n<li data-start=\"560\" data-end=\"632\">\n<h6>Kolme k\u00e4ytt\u00f6asentoa<\/h6>\n<\/li>\n<li data-start=\"633\" data-end=\"661\">\n<h6>Sopii 0-18 kuukauden ik\u00e4isille (3,2-11,3 kg)<\/h6>\n<\/li>\n<li data-start=\"662\" data-end=\"693\">\n<h6>Ergonominen ja lonkkayst\u00e4v\u00e4llinen<\/h6>\n<\/li>\n<li data-start=\"694\" data-end=\"723\">\n<h6>Pehmustettu niskatuen tuki<\/h6>\n<\/li>\n<li data-start=\"724\" data-end=\"768\">\n<h6>Kevyt ja kompakti, mahtuu vaippalaukkuun<\/h6>\n<\/li>\n<li data-start=\"1926\" data-end=\"1982\">\n<h6 data-start=\"1928\" data-end=\"1982\">Hoito: konepesu kylm\u00e4ss\u00e4 vedess\u00e4, ilmakuivaus<\/h6>\n<\/li>\n<li data-start=\"1983\" data-end=\"2043\">\n<h6>Sertifikaatit: kankaat on testattu ja hyv\u00e4ksytty \u00d6ko-Tex 100 -standardin mukaisesti<\/h6>\n<\/li>\n<\/ul>\n","protected":false},"excerpt":{"rendered":"<h6 data-start=\"792\" data-end=\"1074\">Ergobaby Embrace -vastasyntyneen kantoreppu yhdist\u00e4\u00e4 \u00e4\u00e4rimm\u00e4isen pehmeyden ja kantorepun rakenteellisen tuen, tarjoten vanhemmille pienemm\u00e4n ja kevyemm\u00e4n mallin. Sopii erinomaisesti vastasyntyneille. Kantoreppu on pehme\u00e4, helppok\u00e4ytt\u00f6inen (ei monimutkaisia sidontoja tai solmimista) ja pit\u00e4\u00e4 k\u00e4tesi vapaina sek\u00e4 vauvan l\u00e4hell\u00e4si. Kantaminen onnistuu syntym\u00e4st\u00e4 (3,2 kg) aina 18 kuukauteen (11,3 kg) asti. Kantoreppu on ergonominen, lonkkayst\u00e4v\u00e4llinen ja tarjoaa pehme\u00e4n niskatuen.<\/h6>\n","protected":false},"featured_media":83392,"comment_status":"open","ping_status":"closed","template":"","meta":{"_acf_changed":false,"om_disable_all_campaigns":false,"_monsterinsights_skip_tracking":false,"_monsterinsights_sitenote_active":false,"_monsterinsights_sitenote_note":"","_monsterinsights_sitenote_category":0,"_uf_show_specific_survey":0,"_uf_disable_surveys":false,"site-sidebar-layout":"default","site-content-layout":"","ast-site-content-layout":"default","site-content-style":"default","site-sidebar-style":"default","ast-global-header-display":"","ast-banner-title-visibility":"","ast-main-header-display":"","ast-hfb-above-header-display":"","ast-hfb-below-header-display":"","ast-hfb-mobile-header-display":"","site-post-title":"","ast-breadcrumbs-content":"","ast-featured-img":"","footer-sml-layout":"","theme-transparent-header-meta":"default","adv-header-id-meta":"","stick-header-meta":"","header-above-stick-meta":"","header-main-stick-meta":"","header-below-stick-meta":"","astra-migrate-meta-layouts":"set","ast-page-background-enabled":"default","ast-page-background-meta":{"desktop":{"background-color":"var(--ast-global-color-4)","background-image":"","background-repeat":"repeat","background-position":"center center","background-size":"auto","background-attachment":"scroll","background-type":"","background-media":"","overlay-type":"","overlay-color":"","overlay-opacity":"","overlay-gradient":""},"tablet":{"background-color":"","background-image":"","background-repeat":"repeat","background-position":"center center","background-size":"auto","background-attachment":"scroll","background-type":"","background-media":"","overlay-type":"","overlay-color":"","overlay-opacity":"","overlay-gradient":""},"mobile":{"background-color":"","background-image":"","background-repeat":"repeat","background-position":"center center","background-size":"auto","background-attachment":"scroll","background-type":"","background-media":"","overlay-type":"","overlay-color":"","overlay-opacity":"","overlay-gradient":""}},"ast-content-background-meta":{"desktop":{"background-color":"var(--ast-global-color-5)","background-image":"","background-repeat":"repeat","background-position":"center center","background-size":"auto","background-attachment":"scroll","background-type":"","background-media":"","overlay-type":"","overlay-color":"","overlay-opacity":"","overlay-gradient":""},"tablet":{"background-color":"var(--ast-global-color-5)","background-image":"","background-repeat":"repeat","background-position":"center center","background-size":"auto","background-attachment":"scroll","background-type":"","background-media":"","overlay-type":"","overlay-color":"","overlay-opacity":"","overlay-gradient":""},"mobile":{"background-color":"var(--ast-global-color-5)","background-image":"","background-repeat":"repeat","background-position":"center center","background-size":"auto","background-attachment":"scroll","background-type":"","background-media":"","overlay-type":"","overlay-color":"","overlay-opacity":"","overlay-gradient":""}}},"product_brand":[],"product_cat":[1335,899,518],"product_tag":[],"class_list":{"0":"post-83363","1":"product","2":"type-product","3":"status-publish","4":"has-post-thumbnail","6":"product_cat-ergobaby","7":"product_cat-matkalaukut","8":"product_cat-uudet-tuotteet","9":"desktop-align-left","10":"tablet-align-left","11":"mobile-align-left","13":"first","14":"instock","15":"taxable","16":"shipping-taxable","17":"purchasable","18":"product-type-variable"},"acf":[],"aioseo_notices":[],"_links":{"self":[{"href":"https:\/\/hummy.ee\/fi\/wp-json\/wp\/v2\/product\/83363","targetHints":{"allow":["GET"]}}],"collection":[{"href":"https:\/\/hummy.ee\/fi\/wp-json\/wp\/v2\/product"}],"about":[{"href":"https:\/\/hummy.ee\/fi\/wp-json\/wp\/v2\/types\/product"}],"replies":[{"embeddable":true,"href":"https:\/\/hummy.ee\/fi\/wp-json\/wp\/v2\/comments?post=83363"}],"version-history":[{"count":6,"href":"https:\/\/hummy.ee\/fi\/wp-json\/wp\/v2\/product\/83363\/revisions"}],"predecessor-version":[{"id":86910,"href":"https:\/\/hummy.ee\/fi\/wp-json\/wp\/v2\/product\/83363\/revisions\/86910"}],"wp:featuredmedia":[{"embeddable":true,"href":"https:\/\/hummy.ee\/fi\/wp-json\/wp\/v2\/media\/83392"}],"wp:attachment":[{"href":"https:\/\/hummy.ee\/fi\/wp-json\/wp\/v2\/media?parent=83363"}],"wp:term":[{"taxonomy":"product_brand","embeddable":true,"href":"https:\/\/hummy.ee\/fi\/wp-json\/wp\/v2\/product_brand?post=83363"},{"taxonomy":"product_cat","embeddable":true,"href":"https:\/\/hummy.ee\/fi\/wp-json\/wp\/v2\/product_cat?post=83363"},{"taxonomy":"product_tag","embeddable":true,"href":"https:\/\/hummy.ee\/fi\/wp-json\/wp\/v2\/product_tag?post=83363"}],"curies":[{"name":"wp","href":"https:\/\/api.w.org\/{rel}","templated":true}]}}