{"id":83306,"date":"2026-02-20T19:58:16","date_gmt":"2026-02-20T19:58:16","guid":{"rendered":"https:\/\/hummy.ee\/product\/ergobaby-upsie-sling-vauvan-kantokoppa-pikkulapsille\/"},"modified":"2026-04-17T09:50:55","modified_gmt":"2026-04-17T09:50:55","slug":"ergobaby-upsie-sling-kantoreppu","status":"publish","type":"product","link":"https:\/\/hummy.ee\/fi\/tuote\/ergobaby-upsie-sling-kantoreppu\/","title":{"rendered":"Ergobaby Upsie Sling kantoreppu"},"content":{"rendered":"<h6><strong><em>Kantoasennot <\/em><\/strong><\/h6>\n<ul>\n<li data-start=\"1088\" data-end=\"1135\">\n<h6 data-start=\"1090\" data-end=\"1135\">Lonkkakanto \u2013 kasvot vanhempaa kohti (6+ kuukautta)<\/h6>\n<\/li>\n<li data-start=\"1136\" data-end=\"1178\">\n<h6 data-start=\"1138\" data-end=\"1178\">Edess\u00e4 kantaminen \u2013 kasvot vanhempaa kohti (6+ kuukautta)<\/h6>\n<\/li>\n<\/ul>\n<h6>Kompakti ja kevyt kantoreppu on kompaktin muotoilun ansiosta helppo sujauttaa vaippalaukkuun tai rattaiden tavarakoriin. N\u00e4in se on aina mukana, kun sit\u00e4 tarvitset.<\/h6>\n<p>&nbsp;<\/p>\n<h6 data-start=\"547\" data-end=\"570\"><em><strong>Ominaisuudet<\/strong><\/em><\/h6>\n<ul data-start=\"572\" data-end=\"1058\">\n<li data-start=\"572\" data-end=\"605\">\n<h6 data-start=\"574\" data-end=\"605\">Sopii 6-48 kuukauden ik\u00e4isille (7,7-20,4 kg).<\/h6>\n<\/li>\n<li data-start=\"606\" data-end=\"666\">\n<h6 data-start=\"608\" data-end=\"666\">Tilava ja ergonominen istuin (tukee vauvan terveellist\u00e4 M-asentoa)<\/h6>\n<\/li>\n<li data-start=\"667\" data-end=\"724\">\n<h6 data-start=\"669\" data-end=\"724\">Pehmustettu ja s\u00e4\u00e4dett\u00e4v\u00e4 olkahihna kantajan mukavuuden takaamiseksi<\/h6>\n<\/li>\n<li data-start=\"725\" data-end=\"766\">\n<h6 data-start=\"727\" data-end=\"766\">Nopea ja helppo lapsen nostaminen ja laskeminen<\/h6>\n<\/li>\n<li data-start=\"725\" data-end=\"766\">\n<h6>Hyv\u00e4 vaihtoehto rattaille lyhyill\u00e4 matkoilla<\/h6>\n<\/li>\n<li data-start=\"767\" data-end=\"839\">\n<h6 data-start=\"769\" data-end=\"839\">Kompakti ja kevyt \u2013 taitettava ja mahtuu vaippalaukkuun tai rattaiden alle<\/h6>\n<\/li>\n<li data-start=\"840\" data-end=\"906\">\n<h6 data-start=\"842\" data-end=\"906\">Etutasku puhelimelle, avaimille ja muille t\u00e4rkeille tavaroille<\/h6>\n<\/li>\n<li data-start=\"907\" data-end=\"923\">\n<h6 data-start=\"909\" data-end=\"923\">Materiaali: 100% puuvillaa<\/h6>\n<\/li>\n<li data-start=\"924\" data-end=\"959\">\n<h6 data-start=\"926\" data-end=\"959\">T\u00e4ytt\u00e4\u00e4 CPSC:n turvallisuusstandardit<\/h6>\n<\/li>\n<li data-start=\"960\" data-end=\"1018\">\n<h6 data-start=\"962\" data-end=\"1018\">Sijoitusohje auttaa pit\u00e4m\u00e4\u00e4n lapsen keskell\u00e4 ja oikeassa asennossa<\/h6>\n<\/li>\n<li data-start=\"1019\" data-end=\"1058\">\n<h6 data-start=\"1021\" data-end=\"1058\">Pehmusteet mukavaa kantamista varten<\/h6>\n<\/li>\n<\/ul>\n","protected":false},"excerpt":{"rendered":"<h6>Taaperot haluavat tutkia maailmaa omaan tahtiin \u2013 juosta, pys\u00e4hty\u00e4 ja liikkua taas. Ja sitten yht\u00e4kki\u00e4 jalat v\u00e4syv\u00e4t ja syli\u00e4 tarvitaan heti ja nyt. Juuri t\u00e4llaisia hetki\u00e4 varten on suunniteltu Ergobaby Upsie Sling -taaperokantoreppu. Se on t\u00e4ydellinen ratkaisu, kun l\u00e4hdet lapsen kanssa ulos, mutta et halua tai voi ottaa rattaita mukaan. Olipa kyseess\u00e4 nopea kauppareissu, matka, leikkipuisto tai k\u00e4vely kaupungilla \u2013 Upsie Sling -kantoreppu auttaa jatkamaan p\u00e4iv\u00e4\u00e4 sujuvasti.<\/h6>\n<h6><\/h6>\n","protected":false},"featured_media":83322,"comment_status":"open","ping_status":"closed","template":"","meta":{"_acf_changed":false,"om_disable_all_campaigns":false,"_monsterinsights_skip_tracking":false,"_monsterinsights_sitenote_active":false,"_monsterinsights_sitenote_note":"","_monsterinsights_sitenote_category":0,"_uf_show_specific_survey":0,"_uf_disable_surveys":false,"site-sidebar-layout":"default","site-content-layout":"","ast-site-content-layout":"default","site-content-style":"default","site-sidebar-style":"default","ast-global-header-display":"","ast-banner-title-visibility":"","ast-main-header-display":"","ast-hfb-above-header-display":"","ast-hfb-below-header-display":"","ast-hfb-mobile-header-display":"","site-post-title":"","ast-breadcrumbs-content":"","ast-featured-img":"","footer-sml-layout":"","theme-transparent-header-meta":"default","adv-header-id-meta":"","stick-header-meta":"","header-above-stick-meta":"","header-main-stick-meta":"","header-below-stick-meta":"","astra-migrate-meta-layouts":"set","ast-page-background-enabled":"default","ast-page-background-meta":{"desktop":{"background-color":"var(--ast-global-color-4)","background-image":"","background-repeat":"repeat","background-position":"center center","background-size":"auto","background-attachment":"scroll","background-type":"","background-media":"","overlay-type":"","overlay-color":"","overlay-opacity":"","overlay-gradient":""},"tablet":{"background-color":"","background-image":"","background-repeat":"repeat","background-position":"center center","background-size":"auto","background-attachment":"scroll","background-type":"","background-media":"","overlay-type":"","overlay-color":"","overlay-opacity":"","overlay-gradient":""},"mobile":{"background-color":"","background-image":"","background-repeat":"repeat","background-position":"center center","background-size":"auto","background-attachment":"scroll","background-type":"","background-media":"","overlay-type":"","overlay-color":"","overlay-opacity":"","overlay-gradient":""}},"ast-content-background-meta":{"desktop":{"background-color":"var(--ast-global-color-5)","background-image":"","background-repeat":"repeat","background-position":"center center","background-size":"auto","background-attachment":"scroll","background-type":"","background-media":"","overlay-type":"","overlay-color":"","overlay-opacity":"","overlay-gradient":""},"tablet":{"background-color":"var(--ast-global-color-5)","background-image":"","background-repeat":"repeat","background-position":"center center","background-size":"auto","background-attachment":"scroll","background-type":"","background-media":"","overlay-type":"","overlay-color":"","overlay-opacity":"","overlay-gradient":""},"mobile":{"background-color":"var(--ast-global-color-5)","background-image":"","background-repeat":"repeat","background-position":"center center","background-size":"auto","background-attachment":"scroll","background-type":"","background-media":"","overlay-type":"","overlay-color":"","overlay-opacity":"","overlay-gradient":""}}},"product_brand":[],"product_cat":[1335,899,518],"product_tag":[],"class_list":{"0":"post-83306","1":"product","2":"type-product","3":"status-publish","4":"has-post-thumbnail","6":"product_cat-ergobaby","7":"product_cat-matkalaukut","8":"product_cat-uudet-tuotteet","9":"desktop-align-left","10":"tablet-align-left","11":"mobile-align-left","13":"first","14":"instock","15":"taxable","16":"shipping-taxable","17":"purchasable","18":"product-type-variable"},"acf":[],"aioseo_notices":[],"_links":{"self":[{"href":"https:\/\/hummy.ee\/fi\/wp-json\/wp\/v2\/product\/83306","targetHints":{"allow":["GET"]}}],"collection":[{"href":"https:\/\/hummy.ee\/fi\/wp-json\/wp\/v2\/product"}],"about":[{"href":"https:\/\/hummy.ee\/fi\/wp-json\/wp\/v2\/types\/product"}],"replies":[{"embeddable":true,"href":"https:\/\/hummy.ee\/fi\/wp-json\/wp\/v2\/comments?post=83306"}],"version-history":[{"count":4,"href":"https:\/\/hummy.ee\/fi\/wp-json\/wp\/v2\/product\/83306\/revisions"}],"predecessor-version":[{"id":86930,"href":"https:\/\/hummy.ee\/fi\/wp-json\/wp\/v2\/product\/83306\/revisions\/86930"}],"wp:featuredmedia":[{"embeddable":true,"href":"https:\/\/hummy.ee\/fi\/wp-json\/wp\/v2\/media\/83322"}],"wp:attachment":[{"href":"https:\/\/hummy.ee\/fi\/wp-json\/wp\/v2\/media?parent=83306"}],"wp:term":[{"taxonomy":"product_brand","embeddable":true,"href":"https:\/\/hummy.ee\/fi\/wp-json\/wp\/v2\/product_brand?post=83306"},{"taxonomy":"product_cat","embeddable":true,"href":"https:\/\/hummy.ee\/fi\/wp-json\/wp\/v2\/product_cat?post=83306"},{"taxonomy":"product_tag","embeddable":true,"href":"https:\/\/hummy.ee\/fi\/wp-json\/wp\/v2\/product_tag?post=83306"}],"curies":[{"name":"wp","href":"https:\/\/api.w.org\/{rel}","templated":true}]}}