{"id":83185,"date":"2026-02-20T19:57:59","date_gmt":"2026-02-20T19:57:59","guid":{"rendered":"https:\/\/hummy.ee\/product\/ergobaby-omni-deluxe-pellavainen-kantokoppa\/"},"modified":"2026-04-17T08:15:55","modified_gmt":"2026-04-17T08:15:55","slug":"ergobaby-omni-deluxe-linen-kantoreppu","status":"publish","type":"product","link":"https:\/\/hummy.ee\/fi\/tuote\/ergobaby-omni-deluxe-linen-kantoreppu\/","title":{"rendered":"Ergobaby Omni Deluxe Linen kantoreppu"},"content":{"rendered":"<h6><strong><em>Kantotavat ja ik\u00e4suositukset<\/em><\/strong><\/h6>\n<ul data-start=\"376\" data-end=\"493\">\n<li data-start=\"376\" data-end=\"405\">\n<h6>Kasvot sis\u00e4\u00e4np\u00e4in \u2013 0+ kuukautta<\/h6>\n<\/li>\n<li data-start=\"406\" data-end=\"435\">\n<h6>Kasvot ulosp\u00e4in \u2013 5+ kuukautta<\/h6>\n<\/li>\n<li data-start=\"436\" data-end=\"464\">\n<h6>Sel\u00e4ss\u00e4 kantaminen \u2013 6+ kuukautta<\/h6>\n<\/li>\n<li data-start=\"465\" data-end=\"493\">\n<h6>Lonkalla kantaminen \u2013 6+ kuukautta<\/h6>\n<\/li>\n<\/ul>\n<h6>Ergobaby-kantoreppua on helppo s\u00e4\u00e4t\u00e4\u00e4 \u2013 hihnojen merkinn\u00e4t auttavat l\u00f6yt\u00e4m\u00e4\u00e4n oikean koon nopeasti. Yhden k\u00e4den liukus\u00e4\u00e4din mahdollistaa vauvan asennon nopean vaihtamisen (kasvot sis\u00e4\u00e4n \u2194 kasvot ulosp\u00e4in).<\/h6>\n<h6>Lis\u00e4ominaisuudet: 6 taskua arjen tavaroille, huppu yksityisyyden ja aurinkosuojan takaamiseksi sek\u00e4 s\u00e4\u00e4dett\u00e4v\u00e4 niskatuki.<\/h6>\n<h6><\/h6>\n<h6><\/h6>\n<p>&nbsp;<\/p>\n<h6><strong><em>Ominaisuudet<\/em><\/strong><\/h6>\n<ul data-start=\"940\" data-end=\"1580\">\n<li data-start=\"940\" data-end=\"1030\">\n<h6>Sopii painolle 3,2\u201320,4 kg ja i\u00e4lle 0\u20134 vuotta (vauvan lis\u00e4osa ei ole tarpeen)<\/h6>\n<\/li>\n<li data-start=\"1031\" data-end=\"1063\">\n<h6>Materiaali: valmistettu luonnollisesta pellavakankaasta<\/h6>\n<\/li>\n<li data-start=\"1064\" data-end=\"1140\">\n<h6>Sis\u00e4lt\u00e4\u00e4 s\u00e4ilytyspussin ja vetoketjullisen selk\u00e4taskun suuremmille tavaroille<\/h6>\n<\/li>\n<li data-start=\"1141\" data-end=\"1199\">\n<h6>Kaksi joustavaa lantiotaskua keskikokoisille tavaroille<\/h6>\n<\/li>\n<li data-start=\"1200\" data-end=\"1245\">\n<h6>Kaksi vetoketjullista taskua pienille tavaroille<\/h6>\n<\/li>\n<li data-start=\"1246\" data-end=\"1323\">\n<h6>Hihnojen merkinn\u00e4t helpottavat kantorepun vaihtamista vanhempien v\u00e4lill\u00e4<\/h6>\n<\/li>\n<li data-start=\"1324\" data-end=\"1345\">\n<h6>Mahdollistaa mukavan imetyksen<\/h6>\n<\/li>\n<li data-start=\"1346\" data-end=\"1401\">\n<h6>Edess\u00e4 heijastava logo turvallisuuden lis\u00e4\u00e4miseksi<\/h6>\n<\/li>\n<li data-start=\"1402\" data-end=\"1459\">\n<h6>Peitetyt nepparit siistimm\u00e4n ja viimeistellymm\u00e4n ulkon\u00e4\u00f6n saavuttamiseksi<\/h6>\n<\/li>\n<li data-start=\"1496\" data-end=\"1564\">\n<h6>Kansainv\u00e4lisen lonkkadysplasiainstituutin sertifioima<\/h6>\n<\/li>\n<li data-start=\"1565\" data-end=\"1580\">\n<h6>Konepest\u00e4v\u00e4<\/h6>\n<\/li>\n<\/ul>\n","protected":false},"excerpt":{"rendered":"<h6 data-start=\"127\" data-end=\"360\">Ergobaby Omni Deluxe Linen luonnonpellavasta valmistettu kantoreppu yhdist\u00e4\u00e4 maksimaalisen hengitt\u00e4vyyden, erinomaisen mukavuuden ja k\u00e4yt\u00e4nn\u00f6llisen s\u00e4ilytystilan. Se on suunniteltu tarjoamaan kantajalle tukeva istuvuus ja pit\u00e4m\u00e4\u00e4n vauvan mukavasti ja turvallisesti l\u00e4hell\u00e4si \u2013 aina ja kaikissa tilanteissa. Omni Deluxe tarjoaa kaikki tarvittavat kantotavat vastasyntyneest\u00e4 taaperoon (0\u201348 kk) ja mukautuu lapsen kasvaessa. Huolellisen suunnittelun ansiosta se on todella monipuolinen, kaikki yhdess\u00e4 -kantoreppu \u2013 ainoa kantoreppu, jota tarvitset koko kantamisajan.<\/h6>\n","protected":false},"featured_media":83231,"comment_status":"open","ping_status":"closed","template":"","meta":{"_acf_changed":false,"om_disable_all_campaigns":false,"_monsterinsights_skip_tracking":false,"_monsterinsights_sitenote_active":false,"_monsterinsights_sitenote_note":"","_monsterinsights_sitenote_category":0,"_uf_show_specific_survey":0,"_uf_disable_surveys":false,"site-sidebar-layout":"default","site-content-layout":"","ast-site-content-layout":"default","site-content-style":"default","site-sidebar-style":"default","ast-global-header-display":"","ast-banner-title-visibility":"","ast-main-header-display":"","ast-hfb-above-header-display":"","ast-hfb-below-header-display":"","ast-hfb-mobile-header-display":"","site-post-title":"","ast-breadcrumbs-content":"","ast-featured-img":"","footer-sml-layout":"","theme-transparent-header-meta":"default","adv-header-id-meta":"","stick-header-meta":"","header-above-stick-meta":"","header-main-stick-meta":"","header-below-stick-meta":"","astra-migrate-meta-layouts":"set","ast-page-background-enabled":"default","ast-page-background-meta":{"desktop":{"background-color":"var(--ast-global-color-4)","background-image":"","background-repeat":"repeat","background-position":"center center","background-size":"auto","background-attachment":"scroll","background-type":"","background-media":"","overlay-type":"","overlay-color":"","overlay-opacity":"","overlay-gradient":""},"tablet":{"background-color":"","background-image":"","background-repeat":"repeat","background-position":"center center","background-size":"auto","background-attachment":"scroll","background-type":"","background-media":"","overlay-type":"","overlay-color":"","overlay-opacity":"","overlay-gradient":""},"mobile":{"background-color":"","background-image":"","background-repeat":"repeat","background-position":"center center","background-size":"auto","background-attachment":"scroll","background-type":"","background-media":"","overlay-type":"","overlay-color":"","overlay-opacity":"","overlay-gradient":""}},"ast-content-background-meta":{"desktop":{"background-color":"var(--ast-global-color-5)","background-image":"","background-repeat":"repeat","background-position":"center center","background-size":"auto","background-attachment":"scroll","background-type":"","background-media":"","overlay-type":"","overlay-color":"","overlay-opacity":"","overlay-gradient":""},"tablet":{"background-color":"var(--ast-global-color-5)","background-image":"","background-repeat":"repeat","background-position":"center center","background-size":"auto","background-attachment":"scroll","background-type":"","background-media":"","overlay-type":"","overlay-color":"","overlay-opacity":"","overlay-gradient":""},"mobile":{"background-color":"var(--ast-global-color-5)","background-image":"","background-repeat":"repeat","background-position":"center center","background-size":"auto","background-attachment":"scroll","background-type":"","background-media":"","overlay-type":"","overlay-color":"","overlay-opacity":"","overlay-gradient":""}}},"product_brand":[],"product_cat":[1335,899,518],"product_tag":[],"class_list":{"0":"post-83185","1":"product","2":"type-product","3":"status-publish","4":"has-post-thumbnail","6":"product_cat-ergobaby","7":"product_cat-matkalaukut","8":"product_cat-uudet-tuotteet","9":"desktop-align-left","10":"tablet-align-left","11":"mobile-align-left","13":"first","14":"instock","15":"taxable","16":"shipping-taxable","17":"purchasable","18":"product-type-variable"},"acf":[],"aioseo_notices":[],"_links":{"self":[{"href":"https:\/\/hummy.ee\/fi\/wp-json\/wp\/v2\/product\/83185","targetHints":{"allow":["GET"]}}],"collection":[{"href":"https:\/\/hummy.ee\/fi\/wp-json\/wp\/v2\/product"}],"about":[{"href":"https:\/\/hummy.ee\/fi\/wp-json\/wp\/v2\/types\/product"}],"replies":[{"embeddable":true,"href":"https:\/\/hummy.ee\/fi\/wp-json\/wp\/v2\/comments?post=83185"}],"version-history":[{"count":5,"href":"https:\/\/hummy.ee\/fi\/wp-json\/wp\/v2\/product\/83185\/revisions"}],"predecessor-version":[{"id":86898,"href":"https:\/\/hummy.ee\/fi\/wp-json\/wp\/v2\/product\/83185\/revisions\/86898"}],"wp:featuredmedia":[{"embeddable":true,"href":"https:\/\/hummy.ee\/fi\/wp-json\/wp\/v2\/media\/83231"}],"wp:attachment":[{"href":"https:\/\/hummy.ee\/fi\/wp-json\/wp\/v2\/media?parent=83185"}],"wp:term":[{"taxonomy":"product_brand","embeddable":true,"href":"https:\/\/hummy.ee\/fi\/wp-json\/wp\/v2\/product_brand?post=83185"},{"taxonomy":"product_cat","embeddable":true,"href":"https:\/\/hummy.ee\/fi\/wp-json\/wp\/v2\/product_cat?post=83185"},{"taxonomy":"product_tag","embeddable":true,"href":"https:\/\/hummy.ee\/fi\/wp-json\/wp\/v2\/product_tag?post=83185"}],"curies":[{"name":"wp","href":"https:\/\/api.w.org\/{rel}","templated":true}]}}