{"id":81992,"date":"2026-02-16T13:00:11","date_gmt":"2026-02-16T13:00:11","guid":{"rendered":"https:\/\/hummy.ee\/?post_type=product&#038;p=81992"},"modified":"2026-04-11T15:21:14","modified_gmt":"2026-04-11T15:21:14","slug":"iglu-pehmea-kiipeilymoduuli-wave-kopeeri","status":"publish","type":"product","link":"https:\/\/hummy.ee\/fi\/tuote\/iglu-pehmea-kiipeilymoduuli-wave-kopeeri\/","title":{"rendered":"IGLU XL-matto"},"content":{"rendered":"<h6><em><strong data-start=\"504\" data-end=\"532\">Miksi valita IGLU leikkiv\u00e4line?<\/strong><\/em><\/h6>\n<ul>\n<li>\n<h6>Lis\u00e4\u00e4 fyysist\u00e4 aktiivisuutta<\/h6>\n<\/li>\n<li>\n<h6>Lis\u00e4\u00e4 luovuutta ja mielikuvitusta<\/h6>\n<\/li>\n<li>\n<h6>Auttaa hallitsemaan ylim\u00e4\u00e4r\u00e4ist\u00e4 energiaa ja stressi\u00e4<\/h6>\n<\/li>\n<li>\n<h6>Tarjoaa aistien stimulointia<\/h6>\n<\/li>\n<li>\n<h6>Pit\u00e4\u00e4 lapset erossa n\u00e4yt\u00f6ist\u00e4<\/h6>\n<\/li>\n<li>\n<h6>Kehitt\u00e4\u00e4 sosiaalisia taitoja, kuten jakamista ja yhteisty\u00f6t\u00e4<\/h6>\n<\/li>\n<\/ul>\n<h6><\/h6>\n<h6><img decoding=\"async\" class=\"\" src=\"https:\/\/iglusoftplay.eu\/cdn\/shop\/files\/ikonas_enviroment-01_061d9a06-5ad9-4fb7-a868-c7b23eff39bb_1.png?v=1700659334\" width=\"50\" height=\"50\" \/>BPA+ ftalaatiton<\/h6>\n<h6><img decoding=\"async\" class=\"\" src=\"https:\/\/iglusoftplay.eu\/cdn\/shop\/files\/ikonas_enviroment-04_5c6aa86a-aa33-4666-949c-b2f12b5af4ef_1.png?v=1700659334\" width=\"50\" height=\"50\" \/>Helppo puhdistaa<\/h6>\n<h6><img decoding=\"async\" class=\"\" src=\"https:\/\/iglusoftplay.eu\/cdn\/shop\/files\/ikonas_enviroment-03_543f8be0-895f-4ba5-9b54-80ea85594c82_1.png?v=1700659334\" width=\"50\" height=\"50\" \/>Luotu kest\u00e4v\u00e4sti<\/h6>\n<p>&nbsp;<\/p>\n<h6><em>Tutustu leikkisarjojen <a href=\"https:\/\/hummy.ee\/fi\/iglu-johdanto\/\" target=\"_blank\" rel=\"noopener\">valikoimaan<\/a> osoitteessa IGLU.<\/em><\/h6>\n","protected":false},"excerpt":{"rendered":"<h6 data-start=\"44\" data-end=\"266\">Tee mist\u00e4 tahansa huoneesta hauska leikkipaikka IGLU:n isolla palapelimatolla! Helposti koottavat ja kaksiv\u00e4riset leikkimatot luovat mukavan ja turvallisen leikkiymp\u00e4rist\u00f6n kotiin, leikkihuoneeseen, lastenhuoneeseen tai kuntosalille. Jokainen matto on valmistettu eritt\u00e4in paksusta EVA-vaahtomuovista ( 91&#215;91 cm), joka tarjoaa pehme\u00e4n ja turvallisen pinnan. Kevyet ja kest\u00e4v\u00e4t - niit\u00e4 on helppo liikutella, mutta ne kest\u00e4v\u00e4t my\u00f6s p\u00e4ivitt\u00e4ist\u00e4 leikki\u00e4. 4 maton sarja.<\/h6>\n","protected":false},"featured_media":82081,"comment_status":"open","ping_status":"closed","template":"","meta":{"_acf_changed":false,"om_disable_all_campaigns":false,"_monsterinsights_skip_tracking":false,"_monsterinsights_sitenote_active":false,"_monsterinsights_sitenote_note":"","_monsterinsights_sitenote_category":0,"_uf_show_specific_survey":0,"_uf_disable_surveys":false,"site-sidebar-layout":"default","site-content-layout":"","ast-site-content-layout":"default","site-content-style":"default","site-sidebar-style":"default","ast-global-header-display":"","ast-banner-title-visibility":"","ast-main-header-display":"","ast-hfb-above-header-display":"","ast-hfb-below-header-display":"","ast-hfb-mobile-header-display":"","site-post-title":"","ast-breadcrumbs-content":"","ast-featured-img":"","footer-sml-layout":"","theme-transparent-header-meta":"default","adv-header-id-meta":"","stick-header-meta":"","header-above-stick-meta":"","header-main-stick-meta":"","header-below-stick-meta":"","astra-migrate-meta-layouts":"set","ast-page-background-enabled":"default","ast-page-background-meta":{"desktop":{"background-color":"var(--ast-global-color-4)","background-image":"","background-repeat":"repeat","background-position":"center center","background-size":"auto","background-attachment":"scroll","background-type":"","background-media":"","overlay-type":"","overlay-color":"","overlay-opacity":"","overlay-gradient":""},"tablet":{"background-color":"","background-image":"","background-repeat":"repeat","background-position":"center center","background-size":"auto","background-attachment":"scroll","background-type":"","background-media":"","overlay-type":"","overlay-color":"","overlay-opacity":"","overlay-gradient":""},"mobile":{"background-color":"","background-image":"","background-repeat":"repeat","background-position":"center center","background-size":"auto","background-attachment":"scroll","background-type":"","background-media":"","overlay-type":"","overlay-color":"","overlay-opacity":"","overlay-gradient":""}},"ast-content-background-meta":{"desktop":{"background-color":"var(--ast-global-color-5)","background-image":"","background-repeat":"repeat","background-position":"center center","background-size":"auto","background-attachment":"scroll","background-type":"","background-media":"","overlay-type":"","overlay-color":"","overlay-opacity":"","overlay-gradient":""},"tablet":{"background-color":"var(--ast-global-color-5)","background-image":"","background-repeat":"repeat","background-position":"center center","background-size":"auto","background-attachment":"scroll","background-type":"","background-media":"","overlay-type":"","overlay-color":"","overlay-opacity":"","overlay-gradient":""},"mobile":{"background-color":"var(--ast-global-color-5)","background-image":"","background-repeat":"repeat","background-position":"center center","background-size":"auto","background-attachment":"scroll","background-type":"","background-media":"","overlay-type":"","overlay-color":"","overlay-opacity":"","overlay-gradient":""}}},"product_brand":[],"product_cat":[461,503,462,518],"product_tag":[],"class_list":{"0":"post-81992","1":"product","2":"type-product","3":"status-publish","4":"has-post-thumbnail","6":"product_cat-iglu-fi","7":"product_cat-iglu-fi-2","8":"product_cat-leikkikentat","9":"product_cat-uudet-tuotteet","10":"desktop-align-left","11":"tablet-align-left","12":"mobile-align-left","14":"first","15":"instock","16":"sale","17":"taxable","18":"shipping-taxable","19":"purchasable","20":"product-type-variable"},"acf":[],"aioseo_notices":[],"_links":{"self":[{"href":"https:\/\/hummy.ee\/fi\/wp-json\/wp\/v2\/product\/81992","targetHints":{"allow":["GET"]}}],"collection":[{"href":"https:\/\/hummy.ee\/fi\/wp-json\/wp\/v2\/product"}],"about":[{"href":"https:\/\/hummy.ee\/fi\/wp-json\/wp\/v2\/types\/product"}],"replies":[{"embeddable":true,"href":"https:\/\/hummy.ee\/fi\/wp-json\/wp\/v2\/comments?post=81992"}],"version-history":[{"count":6,"href":"https:\/\/hummy.ee\/fi\/wp-json\/wp\/v2\/product\/81992\/revisions"}],"predecessor-version":[{"id":86498,"href":"https:\/\/hummy.ee\/fi\/wp-json\/wp\/v2\/product\/81992\/revisions\/86498"}],"wp:featuredmedia":[{"embeddable":true,"href":"https:\/\/hummy.ee\/fi\/wp-json\/wp\/v2\/media\/82081"}],"wp:attachment":[{"href":"https:\/\/hummy.ee\/fi\/wp-json\/wp\/v2\/media?parent=81992"}],"wp:term":[{"taxonomy":"product_brand","embeddable":true,"href":"https:\/\/hummy.ee\/fi\/wp-json\/wp\/v2\/product_brand?post=81992"},{"taxonomy":"product_cat","embeddable":true,"href":"https:\/\/hummy.ee\/fi\/wp-json\/wp\/v2\/product_cat?post=81992"},{"taxonomy":"product_tag","embeddable":true,"href":"https:\/\/hummy.ee\/fi\/wp-json\/wp\/v2\/product_tag?post=81992"}],"curies":[{"name":"wp","href":"https:\/\/api.w.org\/{rel}","templated":true}]}}