{"id":81286,"date":"2026-02-13T11:51:56","date_gmt":"2026-02-13T11:51:56","guid":{"rendered":"https:\/\/hummy.ee\/product\/abc-design-city-life-2in1-vankila-setti\/"},"modified":"2026-02-16T09:03:53","modified_gmt":"2026-02-16T09:03:53","slug":"abc-design-city-life-2in1-vankila-setti","status":"publish","type":"product","link":"https:\/\/hummy.ee\/fi\/tuote\/abc-design-city-life-2in1-vankila-setti\/","title":{"rendered":"ABC Design City Life 2in1 Vankila setti"},"content":{"rendered":"<div class=\"text-base my-auto mx-auto [--thread-content-margin:--spacing(4)] @w-sm\/main:[--thread-content-margin:--spacing(6)] @w-lg\/main:[--thread-content-margin:--spacing(16)] px-(--thread-content-margin)\">\n<div class=\"[--thread-content-max-width:40rem] @w-lg\/main:[--thread-content-max-width:48rem] mx-auto max-w-(--thread-content-max-width) flex-1 group\/turn-messages focus-visible:outline-hidden relative flex w-full min-w-0 flex-col agent-turn\" tabindex=\"-1\">\n<div class=\"flex max-w-full flex-col grow\">\n<div class=\"min-h-8 text-message relative flex w-full flex-col items-end gap-2 text-start break-words whitespace-normal [.text-message+&amp;]:mt-1\" dir=\"auto\" data-message-author-role=\"assistant\" data-message-id=\"403a086e-fc1f-4927-bc4d-b4d060677cc9\" data-message-model-slug=\"gpt-5-2\">\n<div class=\"flex w-full flex-col gap-1 empty:hidden first:pt-[1px]\">\n<div class=\"markdown prose dark:prose-invert w-full wrap-break-word light markdown-new-styling\">\n<h6 data-start=\"1240\" data-end=\"1259\"><em><strong>Pakkaus sis\u00e4lt\u00e4\u00e4<\/strong><\/em><\/h6>\n<ul data-start=\"1261\" data-end=\"1485\">\n<li data-start=\"1261\" data-end=\"1294\">\n<h6>City Life runko py\u00f6rill\u00e4<\/h6>\n<\/li>\n<li data-start=\"1261\" data-end=\"1294\">\n<h6>Pajut\u00f6it\u00e4<\/h6>\n<\/li>\n<li>\n<h6>CozyCloud\u00ae-patjat<\/h6>\n<\/li>\n<li data-start=\"1261\" data-end=\"1294\">\n<h6>J\u00e4rjestelylaukku<\/h6>\n<\/li>\n<li data-start=\"1295\" data-end=\"1335\">\n<h6>K\u00e4\u00e4ntyv\u00e4 istuin (istuintyynyll\u00e4)<\/h6>\n<\/li>\n<li data-start=\"1295\" data-end=\"1335\">\n<h6>Turvatelineen sovittimet<\/h6>\n<\/li>\n<li data-start=\"1416\" data-end=\"1441\">\n<h6>Turve<\/h6>\n<\/li>\n<\/ul>\n<h6 data-start=\"91\" data-end=\"118\"><em><strong>Kenelle City Life on tarkoitettu?<\/strong><\/em><\/h6>\n<ul>\n<li data-start=\"120\" data-end=\"330\">\n<h6>Ik\u00e4: syntym\u00e4st\u00e4 22 kg:aan<\/h6>\n<\/li>\n<\/ul>\n<h6 data-start=\"596\" data-end=\"621\"><em><strong>Mukavuus syntym\u00e4st\u00e4 l\u00e4htien<\/strong><\/em><\/h6>\n<h6>Mukana toimitettavan ABC Design City Life -vaunukopan ansiosta vaunu on yleisratkaisu syntym\u00e4st\u00e4 l\u00e4htien. Kaksi tuuletusikkunaa takaavat miellytt\u00e4v\u00e4n ilmankierron, kun vauva makaa turvallisesti ja mukavasti laadukkaalla CozyCloud\u00ae-patjalla. Patja on valmistettu hengitt\u00e4v\u00e4st\u00e4 kylm\u00e4vaahdosta, ja se tarjoaa ihanteellisen tasapainon tuen ja ilmanvaihdon v\u00e4lill\u00e4 sen pistejoustavien ominaisuuksien ja integroitujen ilmakanavien ansiosta.<\/h6>\n<h6>Ergonominen muotoilu, jossa on hell\u00e4varainen kiilamainen p\u00e4\u00e4ntuki, tukee vauvan tervett\u00e4 nukkuma-asentoa ja on ihanteellinen vastasyntyneelle. \u00c4lykk\u00e4\u00e4n\u00e4 ratkaisuna p\u00e4\u00e4osa voidaan helposti nostaa ulkopuolelta. T\u00e4m\u00e4 kohoasento voi tarjota tuntuvaa helpotusta esimerkiksi refluksitautien tai lievien vilustumisoireiden yhteydess\u00e4.<\/h6>\n<h6>Vaunukoppa on my\u00f6s k\u00e4yt\u00e4nn\u00f6llinen jokap\u00e4iv\u00e4iseen k\u00e4ytt\u00f6\u00f6n. Se taittuu nopeasti kokoon ja vie vain v\u00e4h\u00e4n s\u00e4ilytystilaa, olipa kyseess\u00e4 sitten auton tavaratila tai kodin eteinen. Sarjaan sis\u00e4ltyv\u00e4ss\u00e4 k\u00e4yt\u00e4nn\u00f6llisess\u00e4 organisointilaukussa ja erillisess\u00e4 tarvikepussissa on tilaa r\u00e4tteille ja muille tarvikkeille.<\/h6>\n<p>&nbsp;<\/p>\n<\/div>\n<div class=\"markdown prose dark:prose-invert w-full wrap-break-word light markdown-new-styling\">\n<h6 data-start=\"1693\" data-end=\"1730\"><em><strong>Sopii k\u00e4ytett\u00e4v\u00e4ksi my\u00f6s kehdon kanssa<\/strong><\/em><\/h6>\n<h6 data-start=\"1732\" data-end=\"1952\">Pakkaus sis\u00e4lt\u00e4\u00e4 Maxi-Cosi-telineadapterit, joiden avulla voit muuntaa vaunun mukavaksi matkustusj\u00e4rjestelm\u00e4ksi. N\u00e4in voit nopeasti kiinnitt\u00e4\u00e4 kehdon suoraan vaunuun autosta k\u00e4sin.<\/h6>\n<p>&nbsp;<\/p>\n<h6 data-start=\"86\" data-end=\"129\"><em><strong>Kompakti ja ihanteellinen kaupunkik\u00e4ytt\u00f6\u00f6n<\/strong><\/em><\/h6>\n<h6 data-start=\"130\" data-end=\"313\">City Life on erityisen kevyt ja kompakti rattaat, jotka viev\u00e4t v\u00e4h\u00e4n tilaa. Se mahtuu helposti bussin, junan, hissin tai auton tavaratilaan. Se sopii k\u00e4ytett\u00e4v\u00e4ksi my\u00f6s p\u00e4\u00e4llystetyill\u00e4 teill\u00e4, puisto- ja sorateill\u00e4 sek\u00e4 maaseudulla. Air-camber-py\u00f6r\u00e4t ja hyvin suunniteltu jousitusj\u00e4rjestelm\u00e4 - yksipy\u00f6r\u00e4inen jousitus edess\u00e4 ja akselijousitus takana - takaavat tasaisen ajon.<\/h6>\n<p>&nbsp;<\/p>\n<h6 data-start=\"567\" data-end=\"588\"><em><strong>Mukava istuin<\/strong><\/em><\/h6>\n<h6 data-start=\"589\" data-end=\"773\">Istuin on NSS\/SSS-k\u00e4\u00e4nnett\u00e4v\u00e4 - joten lapsesi voi istua joko sinuun p\u00e4in tai tielle p\u00e4in maailmaa tutkiessaan. Pitk\u00e4 selk\u00e4noja ja hengitt\u00e4v\u00e4 istuintyyny takaavat lapsellesi mukavan istuma-asennon. Kolme s\u00e4\u00e4dett\u00e4v\u00e4\u00e4 selk\u00e4nojan asentoa mahdollistavat mukavan istumisen, lep\u00e4\u00e4misen tai nukkumisen. Selk\u00e4nojaan integroitu verkkopaneeli takaa hyv\u00e4n ilmankierron ja miellytt\u00e4v\u00e4n istumisilmaston.<\/h6>\n<p>&nbsp;<\/p>\n<h6 data-start=\"780\" data-end=\"816\"><em><strong>Turvallinen ja nopea kiinnitys<\/strong><\/em><\/h6>\n<h6 data-start=\"817\" data-end=\"1036\">Innovatiivinen HappyBelt\u00ae 5-pistevaljaat, joissa on magneettikiinnitys, ovat turvalliset ja helppok\u00e4ytt\u00f6iset. Pehmustetut olkahihnat s\u00e4ilytt\u00e4v\u00e4t muotonsa ja tekev\u00e4t lapsen kiinnitt\u00e4misest\u00e4 nopeaa ja mukavaa.<\/h6>\n<\/div>\n<\/div>\n<\/div>\n<\/div>\n<\/div>\n<\/div>\n<h6 data-start=\"1043\" data-end=\"1086\"><\/h6>\n<p>&nbsp;<\/p>\n<div class=\"text-base my-auto mx-auto [--thread-content-margin:--spacing(4)] @w-sm\/main:[--thread-content-margin:--spacing(6)] @w-lg\/main:[--thread-content-margin:--spacing(16)] px-(--thread-content-margin)\">\n<div class=\"[--thread-content-max-width:40rem] @w-lg\/main:[--thread-content-max-width:48rem] mx-auto max-w-(--thread-content-max-width) flex-1 group\/turn-messages focus-visible:outline-hidden relative flex w-full min-w-0 flex-col agent-turn\" tabindex=\"-1\">\n<div class=\"flex max-w-full flex-col grow\">\n<div class=\"min-h-8 text-message relative flex w-full flex-col items-end gap-2 text-start break-words whitespace-normal [.text-message+&amp;]:mt-1\" dir=\"auto\" data-message-author-role=\"assistant\" data-message-id=\"403a086e-fc1f-4927-bc4d-b4d060677cc9\" data-message-model-slug=\"gpt-5-2\">\n<h6 data-start=\"1253\" data-end=\"1289\"><\/h6>\n<div class=\"flex w-full flex-col gap-1 empty:hidden first:pt-[1px]\">\n<div class=\"markdown prose dark:prose-invert w-full wrap-break-word light markdown-new-styling\">\n<h6 data-start=\"1253\" data-end=\"1289\"><em><strong>Suojaa auringolta ja kuumuudelta<\/strong><\/em><\/h6>\n<h6>K\u00e4yt\u00e4nn\u00f6llisen k\u00e4sinojan avulla k\u00e4sinojan korkeutta voidaan s\u00e4\u00e4t\u00e4\u00e4 kahdessa vaiheessa - jopa 10 cm. N\u00e4in City Life -lastenrattaat kasvavat lapsen mukana ja tarjoavat riitt\u00e4v\u00e4sti p\u00e4\u00e4ntilaa pidemmillekin lapsille. Erityisen kuumina kes\u00e4p\u00e4ivin\u00e4 integroitu aurinkovarjo voidaan taittaa ulos, ja ylim\u00e4\u00e4r\u00e4inen verkko auttaa v\u00e4ltt\u00e4m\u00e4\u00e4n liiallista kuumuutta. K\u00e4sinojan sis\u00e4ll\u00e4 oleva verkkopaneeli takaa optimaalisen ilmankierron.<\/h6>\n<p>&nbsp;<\/p>\n<h6 data-start=\"1736\" data-end=\"1766\"><em><strong>K\u00e4tev\u00e4 my\u00f6s vanhemmille<\/strong><\/em><\/h6>\n<h6 data-start=\"1767\" data-end=\"1935\">Korkeuss\u00e4\u00e4dett\u00e4v\u00e4 teleskooppikahva mukautuu pituutesi mukaan ja sopii sek\u00e4 lyhyemmille ett\u00e4 pidemmille k\u00e4ytt\u00e4jille. Auttaa yll\u00e4pit\u00e4m\u00e4\u00e4n suoraa ryhti\u00e4 ja tekee pidemmist\u00e4 k\u00e4velyretkist\u00e4 kaupungilla mukavia. Suuri kori kantaa jopa 10 kg ja tarjoaa runsaasti tilaa jokap\u00e4iv\u00e4isille ostoksille tai vauvan tavaroille.<\/h6>\n<\/div>\n<\/div>\n<\/div>\n<\/div>\n<\/div>\n<\/div>\n<h6 data-start=\"700\" data-end=\"720\"><\/h6>\n<p>&nbsp;<\/p>\n<div class=\"text-base my-auto mx-auto [--thread-content-margin:--spacing(4)] @w-sm\/main:[--thread-content-margin:--spacing(6)] @w-lg\/main:[--thread-content-margin:--spacing(16)] px-(--thread-content-margin)\">\n<div class=\"[--thread-content-max-width:40rem] @w-lg\/main:[--thread-content-max-width:48rem] mx-auto max-w-(--thread-content-max-width) flex-1 group\/turn-messages focus-visible:outline-hidden relative flex w-full min-w-0 flex-col agent-turn\" tabindex=\"-1\">\n<div class=\"flex max-w-full flex-col grow\">\n<div class=\"min-h-8 text-message relative flex w-full flex-col items-end gap-2 text-start break-words whitespace-normal [.text-message+&amp;]:mt-1\" dir=\"auto\" data-message-author-role=\"assistant\" data-message-id=\"403a086e-fc1f-4927-bc4d-b4d060677cc9\" data-message-model-slug=\"gpt-5-2\">\n<div class=\"flex w-full flex-col gap-1 empty:hidden first:pt-[1px]\">\n<h6 data-start=\"700\" data-end=\"720\"><em><strong>City Life -rattaiden tekniset tiedot<\/strong><\/em><\/h6>\n<ul>\n<li data-start=\"722\" data-end=\"843\">\n<h6>Ty\u00f6nt\u00f6tanko: teleskooppikahva<\/h6>\n<\/li>\n<li data-start=\"722\" data-end=\"843\">\n<h6>Ty\u00f6nt\u00f6tangon korkeus: 95-105 cm.<\/h6>\n<\/li>\n<li data-start=\"722\" data-end=\"843\">\n<h6>Taittoj\u00e4rjestelm\u00e4: kahden k\u00e4den taittoj\u00e4rjestelm\u00e4<\/h6>\n<\/li>\n<li data-start=\"722\" data-end=\"843\">\n<h6>Py\u00f6r\u00e4n materiaali: ilmakammiopy\u00f6r\u00e4t<\/h6>\n<\/li>\n<li data-start=\"722\" data-end=\"843\">\n<h6>Py\u00f6r\u00e4koko: etupy\u00f6r\u00e4t: 17,5 cm, takapy\u00f6r\u00e4t: 22,5 cm.<\/h6>\n<\/li>\n<li data-start=\"949\" data-end=\"1079\">\n<h6>Jousitus: erillisjousitus kussakin py\u00f6r\u00e4ss\u00e4 + lis\u00e4jousitus taka-akselilla.<\/h6>\n<\/li>\n<li data-start=\"1081\" data-end=\"1233\">\n<h6>Ajosuunnan valinta: kyll\u00e4 - k\u00e4\u00e4ntyv\u00e4 istuinosa<\/h6>\n<\/li>\n<li data-start=\"1081\" data-end=\"1233\">\n<h6>Selk\u00e4noja: s\u00e4\u00e4dett\u00e4viss\u00e4 3 asentoon (mukaan lukien makuuasento).<\/h6>\n<\/li>\n<li data-start=\"1081\" data-end=\"1233\">\n<h6>Jalkatuki: s\u00e4\u00e4dett\u00e4viss\u00e4 2 asentoon (my\u00f6s nukkuma-asentoon).<\/h6>\n<\/li>\n<\/ul>\n<\/div>\n<\/div>\n<\/div>\n<h6 data-start=\"67\" data-end=\"84\"><em><strong>Mitat ja paino<\/strong><\/em><\/h6>\n<ul>\n<li data-start=\"86\" data-end=\"142\">\n<h6>Mitat avattuna: 82 \u00d7 52 \u00d7 107,5 cm (p \u00d7 l \u00d7 k).<\/h6>\n<\/li>\n<li data-start=\"144\" data-end=\"204\">\n<h6>Mitat kokoontaitettuna: 36 \u00d7 52 \u00d7 62 cm (p \u00d7 l \u00d7 k).<\/h6>\n<\/li>\n<li data-start=\"206\" data-end=\"281\">\n<h6>Mitat kokoontaitettuna ilman py\u00f6ri\u00e4: 36 \u00d7 52 \u00d7 59 cm (p \u00d7 l \u00d7 k).<\/h6>\n<\/li>\n<li data-start=\"283\" data-end=\"332\">\n<h6>Rungon paino: 6,4 kg, istuimen paino: 3,7 kg, vaunukopan paino: 4,9 kg.<\/h6>\n<\/li>\n<\/ul>\n<h6 data-start=\"694\" data-end=\"719\"><em><strong>Istuimen mitat<\/strong><\/em><\/h6>\n<ul>\n<li data-start=\"721\" data-end=\"880\">\n<h6>Istuin: 22 \u00d7 30,5 cm (p \u00d7 l)<\/h6>\n<\/li>\n<li data-start=\"721\" data-end=\"880\">\n<h6>Selk\u00e4noja: 47,5 \u00d7 28,0 cm (leveys \u00d7 pituus).<\/h6>\n<\/li>\n<li data-start=\"721\" data-end=\"880\">\n<h6>Jalkatuki: 20,5 \u00d7 32 cm (p \u00d7 l)<\/h6>\n<\/li>\n<li data-start=\"721\" data-end=\"880\">\n<h6>Lamamin pinta-ala: 90 \u00d7 30,5 cm (p \u00d7 l).<\/h6>\n<\/li>\n<li>\n<h6 data-start=\"2857\" data-end=\"3039\">Vaunukopan makuualusta: 77 \u00d7 35 cm (p x l).<\/h6>\n<\/li>\n<\/ul>\n<h6><strong><em>Yhteensopivuus turvatelineiden kanssa<\/em><\/strong><\/h6>\n<ul>\n<li>\n<h6><b>ABC Design:<\/b> Tulppaani<\/h6>\n<\/li>\n<li>\n<h6><b>Maxi-Cosi: Convertible-Fix<\/b>, Coral, Pebble 360 Pro, Pebble 360 Pro 2.<\/h6>\n<\/li>\n<li>\n<h6><b>Cybex: Cloud<\/b> T<\/h6>\n<\/li>\n<li>\n<h6><b>Joie:<\/b> i-Gemm<\/h6>\n<\/li>\n<li>\n<h6><b>Avionautti: Cosmo<\/b><\/h6>\n<\/li>\n<\/ul>\n<h6>City Life on t\u00e4ydellinen valinta kaupunkilaisille, jotka arvostavat liikkuvuutta, helppok\u00e4ytt\u00f6isyytt\u00e4, mukavuutta ja tyyli\u00e4. <em>Lue lis\u00e4\u00e4 <a href=\"https:\/\/www.youtube.com\/watch?v=ViSgAaDTKfI&amp;embeds_referring_euri=https%3A%2F%2Fwww.abc-design.de%2F&amp;embeds_referring_origin=https%3A%2F%2Fwww.abc-design.de\">esittelyvideosta.<\/a><\/em><\/h6>\n<\/div>\n<\/div>\n","protected":false},"excerpt":{"rendered":"<h6 data-start=\"130\" data-end=\"191\">City Life 2in1 -vaunusarjaa voi k\u00e4ytt\u00e4\u00e4 syntym\u00e4st\u00e4 l\u00e4htien. City Life on kevyet ja kompaktit rattaat, jotka kasvavat vauvasi mukana. Pakkaukseen sis\u00e4ltyvien vaunukoppan ja kehdon sovittimien ansiosta se on k\u00e4ytt\u00f6valmis syntym\u00e4st\u00e4 l\u00e4htien ja sopii k\u00e4ytett\u00e4v\u00e4ksi noin 4 kuukauteen asti. i\u00e4st\u00e4 alkaen. Kompaktin kokoontaitettavan rungon, hyv\u00e4n jousituksen ja k\u00e4\u00e4ntyv\u00e4n istuimen ansiosta se on ihanteellinen kumppani niin kaupungin kaduilla kuin puisto- ja sorateill\u00e4kin.<\/h6>\n","protected":false},"featured_media":81047,"comment_status":"open","ping_status":"closed","template":"","meta":{"_acf_changed":false,"om_disable_all_campaigns":false,"_monsterinsights_skip_tracking":false,"_monsterinsights_sitenote_active":false,"_monsterinsights_sitenote_note":"","_monsterinsights_sitenote_category":0,"_uf_show_specific_survey":0,"_uf_disable_surveys":false,"site-sidebar-layout":"default","site-content-layout":"","ast-site-content-layout":"default","site-content-style":"default","site-sidebar-style":"default","ast-global-header-display":"","ast-banner-title-visibility":"","ast-main-header-display":"","ast-hfb-above-header-display":"","ast-hfb-below-header-display":"","ast-hfb-mobile-header-display":"","site-post-title":"","ast-breadcrumbs-content":"","ast-featured-img":"","footer-sml-layout":"","theme-transparent-header-meta":"default","adv-header-id-meta":"","stick-header-meta":"","header-above-stick-meta":"","header-main-stick-meta":"","header-below-stick-meta":"","astra-migrate-meta-layouts":"set","ast-page-background-enabled":"default","ast-page-background-meta":{"desktop":{"background-color":"var(--ast-global-color-4)","background-image":"","background-repeat":"repeat","background-position":"center center","background-size":"auto","background-attachment":"scroll","background-type":"","background-media":"","overlay-type":"","overlay-color":"","overlay-opacity":"","overlay-gradient":""},"tablet":{"background-color":"","background-image":"","background-repeat":"repeat","background-position":"center center","background-size":"auto","background-attachment":"scroll","background-type":"","background-media":"","overlay-type":"","overlay-color":"","overlay-opacity":"","overlay-gradient":""},"mobile":{"background-color":"","background-image":"","background-repeat":"repeat","background-position":"center center","background-size":"auto","background-attachment":"scroll","background-type":"","background-media":"","overlay-type":"","overlay-color":"","overlay-opacity":"","overlay-gradient":""}},"ast-content-background-meta":{"desktop":{"background-color":"var(--ast-global-color-5)","background-image":"","background-repeat":"repeat","background-position":"center center","background-size":"auto","background-attachment":"scroll","background-type":"","background-media":"","overlay-type":"","overlay-color":"","overlay-opacity":"","overlay-gradient":""},"tablet":{"background-color":"var(--ast-global-color-5)","background-image":"","background-repeat":"repeat","background-position":"center center","background-size":"auto","background-attachment":"scroll","background-type":"","background-media":"","overlay-type":"","overlay-color":"","overlay-opacity":"","overlay-gradient":""},"mobile":{"background-color":"var(--ast-global-color-5)","background-image":"","background-repeat":"repeat","background-position":"center center","background-size":"auto","background-attachment":"scroll","background-type":"","background-media":"","overlay-type":"","overlay-color":"","overlay-opacity":"","overlay-gradient":""}}},"product_brand":[273],"product_cat":[527,410,319,518],"product_tag":[],"class_list":{"0":"post-81286","1":"product","2":"type-product","3":"status-publish","4":"has-post-thumbnail","6":"product_brand-abc-design","7":"product_cat-abc-design-fi","8":"product_cat-sailioauto","9":"product_cat-uncategorized-fi","10":"product_cat-uudet-tuotteet","11":"desktop-align-left","12":"tablet-align-left","13":"mobile-align-left","15":"first","16":"instock","17":"taxable","18":"shipping-taxable","19":"purchasable","20":"product-type-variable"},"acf":[],"aioseo_notices":[],"_links":{"self":[{"href":"https:\/\/hummy.ee\/fi\/wp-json\/wp\/v2\/product\/81286","targetHints":{"allow":["GET"]}}],"collection":[{"href":"https:\/\/hummy.ee\/fi\/wp-json\/wp\/v2\/product"}],"about":[{"href":"https:\/\/hummy.ee\/fi\/wp-json\/wp\/v2\/types\/product"}],"replies":[{"embeddable":true,"href":"https:\/\/hummy.ee\/fi\/wp-json\/wp\/v2\/comments?post=81286"}],"version-history":[{"count":3,"href":"https:\/\/hummy.ee\/fi\/wp-json\/wp\/v2\/product\/81286\/revisions"}],"predecessor-version":[{"id":81530,"href":"https:\/\/hummy.ee\/fi\/wp-json\/wp\/v2\/product\/81286\/revisions\/81530"}],"wp:featuredmedia":[{"embeddable":true,"href":"https:\/\/hummy.ee\/fi\/wp-json\/wp\/v2\/media\/81047"}],"wp:attachment":[{"href":"https:\/\/hummy.ee\/fi\/wp-json\/wp\/v2\/media?parent=81286"}],"wp:term":[{"taxonomy":"product_brand","embeddable":true,"href":"https:\/\/hummy.ee\/fi\/wp-json\/wp\/v2\/product_brand?post=81286"},{"taxonomy":"product_cat","embeddable":true,"href":"https:\/\/hummy.ee\/fi\/wp-json\/wp\/v2\/product_cat?post=81286"},{"taxonomy":"product_tag","embeddable":true,"href":"https:\/\/hummy.ee\/fi\/wp-json\/wp\/v2\/product_tag?post=81286"}],"curies":[{"name":"wp","href":"https:\/\/api.w.org\/{rel}","templated":true}]}}