{"id":81215,"date":"2026-02-13T11:51:51","date_gmt":"2026-02-13T11:51:51","guid":{"rendered":"https:\/\/hummy.ee\/product\/abc-design-city-life-korkeussovitin\/"},"modified":"2026-02-16T09:26:49","modified_gmt":"2026-02-16T09:26:49","slug":"abc-design-city-life-korkeussovitin","status":"publish","type":"product","link":"https:\/\/hummy.ee\/fi\/tuote\/abc-design-city-life-korkeussovitin\/","title":{"rendered":"ABC Design City Life -korkeussovitin"},"content":{"rendered":"<h6>Onko lastenrattaiden ty\u00f6nt\u00e4minen mielest\u00e4si ep\u00e4mukavaa tai joudutko kumartumaan koko ajan? ABC Design Height Adapter nostaa vaunukopan tai istuimen +8 cm, mik\u00e4 lis\u00e4\u00e4 mukavuutta ja parantaa ryhti\u00e4. Se on t\u00e4ydellinen ratkaisu pitkille vanhemmille, jotka haluavat nauttia ergonomisesta ja stressitt\u00f6m\u00e4st\u00e4 k\u00e4velyst\u00e4.<\/h6>\n<p>&nbsp;<\/p>\n<h6><strong><em>Miksi valita City Life -korkeussovitin?<\/em><\/strong><\/h6>\n<ul>\n<li>\n<h6>Ergonominen muotoilu - parantaa ryhti\u00e4 ja v\u00e4hent\u00e4\u00e4 sel\u00e4n rasitusta.<\/h6>\n<\/li>\n<li>\n<h6>Helppo asentaa - sovitin on vakaa ja tukevasti kiinnitetty.<\/h6>\n<\/li>\n<li>\n<h6>Helpompi p\u00e4\u00e4sy vauvan luo - ei tarvitse kumartua, vauva on k\u00e4den ulottuvilla.<\/h6>\n<\/li>\n<li>\n<h6>Lis\u00e4\u00e4 lastenrattaiden jalkatilaa - enemm\u00e4n liikkumatilaa ja parempi tasapaino.<\/h6>\n<\/li>\n<li>\n<h6>Vahva ja kest\u00e4v\u00e4 - vankka ankkuri, joka takaa turvallisuuden.<\/h6>\n<\/li>\n<\/ul>\n<p>&nbsp;<\/p>\n<h6><strong><em>T\u00e4ydellinen ratkaisu pitkille vanhemmille<\/em><\/strong><\/h6>\n<h6>Monet vanhemmat kohtaavat ongelman, ett\u00e4 lastenrattaiden korkeus ei ole heille optimaalinen. T\u00e4m\u00e4 pakottaa heid\u00e4t nojaamaan jatkuvasti eteenp\u00e4in, mik\u00e4 voi aiheuttaa selk\u00e4kipuja ja ep\u00e4mukavuutta. City Lifen korkeussovitin ratkaisee t\u00e4m\u00e4n ongelman nostamalla lasta korkeammalle ja antamalla vanhemman s\u00e4ilytt\u00e4\u00e4 luonnollisen asennon.<\/h6>\n<p>&nbsp;<\/p>\n<h6><strong><em>Korkeussovitin sopii seuraaviin ABC Design -vaunuihin:<\/em><\/strong><\/h6>\n<ul>\n<li>\n<h6>City Life - Vaunukoppa, istuin, Tulip-teline ja muiden merkkien kehdot.<\/h6>\n<\/li>\n<\/ul>\n<h6><strong><em>Yhteensopivuus turvakaukaloiden kanssa<\/em><\/strong><\/h6>\n<ul>\n<li data-start=\"1290\" data-end=\"1310\">\n<h6 data-start=\"1292\" data-end=\"1310\">ABC Design Tulppaani<\/h6>\n<\/li>\n<li data-start=\"1311\" data-end=\"1326\">\n<h6 data-start=\"1313\" data-end=\"1326\">Joie i-Gemm<\/h6>\n<\/li>\n<li data-start=\"1327\" data-end=\"1350\">\n<h6 data-start=\"1329\" data-end=\"1350\">Maxi-Cosi CabrioFix<\/h6>\n<\/li>\n<li data-start=\"1351\" data-end=\"1370\">\n<h6 data-start=\"1353\" data-end=\"1370\">Maxi-Cosi Coral<\/h6>\n<\/li>\n<li data-start=\"1371\" data-end=\"1389\">\n<h6 data-start=\"1373\" data-end=\"1389\">Avionautti Cosmo<\/h6>\n<\/li>\n<li data-start=\"1390\" data-end=\"1418\">\n<h6 data-start=\"1392\" data-end=\"1418\">Maxi-Cosi Pebble 360 Pro<\/h6>\n<\/li>\n<li data-start=\"1419\" data-end=\"1449\">\n<h6 data-start=\"1421\" data-end=\"1449\">Maxi-Cosi Pebble 360 Pro 2 (Maxi-Cosi Pebble 360 Pro 2)<\/h6>\n<\/li>\n<li data-start=\"1450\" data-end=\"1467\">\n<h6 data-start=\"1452\" data-end=\"1467\">Cybex Cloud T<\/h6>\n<\/li>\n<\/ul>\n<h6>Tutustu ABC Design -korkeussovittimeen ja nauti mukavammasta ja ergonomisemmasta k\u00e4velykokemuksesta City Life -rattaiden kanssa.<\/h6>\n","protected":false},"excerpt":{"rendered":"<h6>Sovitin nostaa City Life -rattaita, vaunukoppaa ja kehtoaluetta (+8 cm), mik\u00e4 parantaa k\u00e4ytt\u00f6mukavuutta - ihanteellinen pidemmille vanhemmille. Korotettujen kiinnikkeiden ansiosta voit mukavammin ja helpommin laittaa vauvan rattaisiin tai ottaa h\u00e4net ulos rattaista kumartumatta. T\u00e4m\u00e4 helpottaa selk\u00e4\u00e4 ja tekee vaunuista helpommin k\u00e4sitelt\u00e4v\u00e4t.<\/h6>\n","protected":false},"featured_media":81252,"comment_status":"open","ping_status":"closed","template":"","meta":{"_acf_changed":false,"om_disable_all_campaigns":false,"_monsterinsights_skip_tracking":false,"_monsterinsights_sitenote_active":false,"_monsterinsights_sitenote_note":"","_monsterinsights_sitenote_category":0,"_uf_show_specific_survey":0,"_uf_disable_surveys":false,"site-sidebar-layout":"default","site-content-layout":"","ast-site-content-layout":"default","site-content-style":"default","site-sidebar-style":"default","ast-global-header-display":"","ast-banner-title-visibility":"","ast-main-header-display":"","ast-hfb-above-header-display":"","ast-hfb-below-header-display":"","ast-hfb-mobile-header-display":"","site-post-title":"","ast-breadcrumbs-content":"","ast-featured-img":"","footer-sml-layout":"","theme-transparent-header-meta":"default","adv-header-id-meta":"","stick-header-meta":"","header-above-stick-meta":"","header-main-stick-meta":"","header-below-stick-meta":"","astra-migrate-meta-layouts":"set","ast-page-background-enabled":"default","ast-page-background-meta":{"desktop":{"background-color":"var(--ast-global-color-4)","background-image":"","background-repeat":"repeat","background-position":"center center","background-size":"auto","background-attachment":"scroll","background-type":"","background-media":"","overlay-type":"","overlay-color":"","overlay-opacity":"","overlay-gradient":""},"tablet":{"background-color":"","background-image":"","background-repeat":"repeat","background-position":"center center","background-size":"auto","background-attachment":"scroll","background-type":"","background-media":"","overlay-type":"","overlay-color":"","overlay-opacity":"","overlay-gradient":""},"mobile":{"background-color":"","background-image":"","background-repeat":"repeat","background-position":"center center","background-size":"auto","background-attachment":"scroll","background-type":"","background-media":"","overlay-type":"","overlay-color":"","overlay-opacity":"","overlay-gradient":""}},"ast-content-background-meta":{"desktop":{"background-color":"var(--ast-global-color-5)","background-image":"","background-repeat":"repeat","background-position":"center center","background-size":"auto","background-attachment":"scroll","background-type":"","background-media":"","overlay-type":"","overlay-color":"","overlay-opacity":"","overlay-gradient":""},"tablet":{"background-color":"var(--ast-global-color-5)","background-image":"","background-repeat":"repeat","background-position":"center center","background-size":"auto","background-attachment":"scroll","background-type":"","background-media":"","overlay-type":"","overlay-color":"","overlay-opacity":"","overlay-gradient":""},"mobile":{"background-color":"var(--ast-global-color-5)","background-image":"","background-repeat":"repeat","background-position":"center center","background-size":"auto","background-attachment":"scroll","background-type":"","background-media":"","overlay-type":"","overlay-color":"","overlay-opacity":"","overlay-gradient":""}}},"product_brand":[273],"product_cat":[527,374,323,518],"product_tag":[],"class_list":{"0":"post-81215","1":"product","2":"type-product","3":"status-publish","4":"has-post-thumbnail","6":"product_brand-abc-design","7":"product_cat-abc-design-fi","8":"product_cat-sovittimet","9":"product_cat-trimmaustarvikkeet","10":"product_cat-uudet-tuotteet","11":"desktop-align-left","12":"tablet-align-left","13":"mobile-align-left","15":"first","16":"instock","17":"taxable","18":"shipping-taxable","19":"purchasable","20":"product-type-simple"},"acf":[],"aioseo_notices":[],"_links":{"self":[{"href":"https:\/\/hummy.ee\/fi\/wp-json\/wp\/v2\/product\/81215","targetHints":{"allow":["GET"]}}],"collection":[{"href":"https:\/\/hummy.ee\/fi\/wp-json\/wp\/v2\/product"}],"about":[{"href":"https:\/\/hummy.ee\/fi\/wp-json\/wp\/v2\/types\/product"}],"replies":[{"embeddable":true,"href":"https:\/\/hummy.ee\/fi\/wp-json\/wp\/v2\/comments?post=81215"}],"version-history":[{"count":2,"href":"https:\/\/hummy.ee\/fi\/wp-json\/wp\/v2\/product\/81215\/revisions"}],"predecessor-version":[{"id":81558,"href":"https:\/\/hummy.ee\/fi\/wp-json\/wp\/v2\/product\/81215\/revisions\/81558"}],"wp:featuredmedia":[{"embeddable":true,"href":"https:\/\/hummy.ee\/fi\/wp-json\/wp\/v2\/media\/81252"}],"wp:attachment":[{"href":"https:\/\/hummy.ee\/fi\/wp-json\/wp\/v2\/media?parent=81215"}],"wp:term":[{"taxonomy":"product_brand","embeddable":true,"href":"https:\/\/hummy.ee\/fi\/wp-json\/wp\/v2\/product_brand?post=81215"},{"taxonomy":"product_cat","embeddable":true,"href":"https:\/\/hummy.ee\/fi\/wp-json\/wp\/v2\/product_cat?post=81215"},{"taxonomy":"product_tag","embeddable":true,"href":"https:\/\/hummy.ee\/fi\/wp-json\/wp\/v2\/product_tag?post=81215"}],"curies":[{"name":"wp","href":"https:\/\/api.w.org\/{rel}","templated":true}]}}