{"id":81008,"date":"2026-02-13T11:52:04","date_gmt":"2026-02-13T11:52:04","guid":{"rendered":"https:\/\/hummy.ee\/product\/abc-design-city-life-vaunukoppa\/"},"modified":"2026-02-16T09:27:11","modified_gmt":"2026-02-16T09:27:11","slug":"abc-design-city-life-vaunukoppa","status":"publish","type":"product","link":"https:\/\/hummy.ee\/fi\/tuote\/abc-design-city-life-vaunukoppa\/","title":{"rendered":"ABC Design City Life -vaunukoppa"},"content":{"rendered":"<h6 data-start=\"1240\" data-end=\"1259\"><em><strong>Pakkaus sis\u00e4lt\u00e4\u00e4<\/strong><\/em><\/h6>\n<ul data-start=\"1261\" data-end=\"1485\">\n<li data-start=\"1261\" data-end=\"1294\">\n<h6>City Life -vaunukoppa<\/h6>\n<\/li>\n<li data-start=\"344\" data-end=\"872\">\n<h6>CozyCloud\u00ae-patjat<\/h6>\n<\/li>\n<li data-start=\"1261\" data-end=\"1294\">\n<h6>J\u00e4rjestelylaukku<\/h6>\n<\/li>\n<\/ul>\n<h6 data-start=\"685\" data-end=\"720\"><strong><em>\u00c4lykk\u00e4it\u00e4 ratkaisuja vanhemmille<\/em><\/strong><\/h6>\n<h6 data-start=\"722\" data-end=\"1145\">K\u00e4tev\u00e4n j\u00e4rjestelij\u00e4n avulla pid\u00e4t kaikki vauvan tarvikkeet k\u00e4sill\u00e4. Tikkaripullot, pyyhkeet, pyyhkeet ja muut tavarat l\u00f6yt\u00e4v\u00e4t turvallisen paikan ja ovat aina k\u00e4tev\u00e4sti saatavilla. Laukku voidaan kiinnitt\u00e4\u00e4 vaunukopan jalkaan, jotta esimerkiksi matkapuhelin ja avaimet voidaan s\u00e4ilytt\u00e4\u00e4 turvallisesti, tai se voidaan ripustaa ABC Design -kiinnikkeill\u00e4 lastenvaunujen valjaisiin, jotta tarvittavat tavarat ovat nopeasti saatavilla.<\/h6>\n<h6 data-start=\"1147\" data-end=\"1480\">Lis\u00e4ksi vaunukopassa on kaksi erillist\u00e4 tuuletusikkunaa, jotka voidaan avata ja sulkea optimaalisen ilmavirtauksen varmistamiseksi ja jotta voit pit\u00e4\u00e4 vauvaa koko ajan silm\u00e4ll\u00e4. Samalla utelias pikkuisesi voi turvallisesti tutkia ymp\u00e4r\u00f6iv\u00e4\u00e4 maailmaa. Hieno verkkoverkko suojaa vauvaa hyttysilt\u00e4 ja muilta hy\u00f6nteisilt\u00e4 ja tarjoaa turvallisen ja mukavan ymp\u00e4rist\u00f6n.<\/h6>\n<p>&nbsp;<\/p>\n<h6 data-start=\"1482\" data-end=\"1522\"><strong><em>Suurin mahdollinen mukavuus ja k\u00e4yt\u00e4nn\u00f6llisyys<\/em><\/strong><\/h6>\n<h6 data-start=\"1524\" data-end=\"1803\">Korin kiinnitysklipsien muistitoiminnon ansiosta vaunukopan k\u00e4ytt\u00f6 on erityisen helppoa. Kiinnikkeet voidaan avata yksi kerrallaan yhdell\u00e4 k\u00e4dell\u00e4, kun toinen k\u00e4si on vapaa pit\u00e4m\u00e4\u00e4n kiinni lastenrattaiden kahvasta. T\u00e4m\u00e4 tekee vaunukopan irrottamisesta rattaiden rungosta entist\u00e4kin helpompaa ja turvallisempaa. Matkustamista varten vaunukoppa on k\u00e4yt\u00e4nn\u00f6ss\u00e4 kokoontaitettava, joten se vie vain v\u00e4h\u00e4n tilaa autossa. N\u00e4in vauvan on helppo l\u00e4hte\u00e4 pidemmille matkoille.<\/h6>\n<p>&nbsp;<\/p>\n<h6 data-start=\"1953\" data-end=\"1976\"><strong><em>T\u00e4rkeimm\u00e4t ominaisuudet<\/em><\/strong><\/h6>\n<ul data-start=\"1978\" data-end=\"2377\">\n<li data-start=\"1978\" data-end=\"2066\">\n<h6>Maksimaalinen mukavuus - CozyCloud\u00ae-patja, jossa on ergonominen p\u00e4\u00e4ntuki ja hengitt\u00e4v\u00e4 materiaali.<\/h6>\n<\/li>\n<li data-start=\"2067\" data-end=\"2134\">\n<h6>Mukana k\u00e4tev\u00e4 j\u00e4rjestyslaukku - olennaiset tarvikkeet ovat aina k\u00e4sill\u00e4.<\/h6>\n<\/li>\n<li data-start=\"2135\" data-end=\"2197\">\n<h6>Optimaalinen ilmankierto - avattavat tuuletusikkunat ja hy\u00f6nteisverkko<\/h6>\n<\/li>\n<li data-start=\"2198\" data-end=\"2270\">\n<h6>Muistitoiminnolla varustetut kiinnitysklipsit - helppo ja turvallinen irrotus.<\/h6>\n<\/li>\n<li data-start=\"2271\" data-end=\"2327\">\n<h6>Kompakti ja kokoontaitettava - ihanteellinen kuljetukseen<\/h6>\n<\/li>\n<li data-start=\"2328\" data-end=\"2377\">\n<h6>Pidennett\u00e4v\u00e4 varsi - lis\u00e4suoja auringolta<\/h6>\n<\/li>\n<\/ul>\n<h6 data-start=\"2379\" data-end=\"2402\"><strong><em>Tekniset tiedot<\/em><\/strong><\/h6>\n<ul>\n<li style=\"list-style-type: none;\">\n<ul>\n<li data-start=\"2212\" data-end=\"2247\">\n<h6 data-start=\"2214\" data-end=\"2247\"><strong data-start=\"2214\" data-end=\"2230\">Lamamin pinta: 77 \u00d7<\/strong> 35 cm<\/h6>\n<\/li>\n<li data-start=\"2248\" data-end=\"2268\">\n<h6 data-start=\"2250\" data-end=\"2268\"><strong data-start=\"2250\" data-end=\"2259\">Paino: 4,9 kg<\/strong><\/h6>\n<\/li>\n<li data-start=\"2248\" data-end=\"2268\">\n<h6 data-start=\"2250\" data-end=\"2268\"><strong>Yhteensopivuus:<\/strong> ABC Design City Life<\/h6>\n<\/li>\n<\/ul>\n<\/li>\n<\/ul>\n<h6><\/h6>\n<h6><\/h6>\n","protected":false},"excerpt":{"rendered":"<div class=\"elementor-element elementor-element-d62c78b elementor-widget elementor-widget-woocommerce-product-short-description\" data-id=\"d62c78b\" data-element_type=\"widget\" data-widget_type=\"woocommerce-product-short-description.default\">\n<div class=\"elementor-widget-container\">\n<div class=\"woocommerce-product-details__short-description\">\n<h6 data-start=\"88\" data-end=\"141\">CozyCloud\u00ae-patja - pilvipehme\u00e4 mukavuus vauvalle. Vauvasi nauttii nukkumisesta CozyCloud\u00ae-patjalla kuin nukkuisi pilvien p\u00e4\u00e4ll\u00e4. Eritt\u00e4in pehme\u00e4 ja mukava patja on valmistettu hengitt\u00e4v\u00e4st\u00e4, viileytt\u00e4 yll\u00e4pit\u00e4v\u00e4st\u00e4 vaahtomuovista, jossa on integroidut ilmakanavat ihanteellisen nukkumisilmaston luomiseksi. Kiilamaisen p\u00e4\u00e4ntuen ja s\u00e4\u00e4dett\u00e4v\u00e4n yl\u00e4osan ansiosta patja tukee ergonomisesti vauvan kehoa ja auttaa h\u00e4nt\u00e4 l\u00f6yt\u00e4m\u00e4\u00e4n oikean ja turvallisen nukkuma-asennon. Lis\u00e4ksi patjassa on korotetut pehme\u00e4t suojareunat, jotka pit\u00e4v\u00e4t vauvan p\u00e4\u00e4n poissa tuuletusikkunasta. N\u00e4in pikkuinen voi nukkua rauhassa ja h\u00e4iri\u00f6tt\u00f6m\u00e4sti.<\/h6>\n<\/div>\n<\/div>\n<\/div>\n<div class=\"elementor-element elementor-element-26a2bbb e-add-to-cart--show-quantity-yes elementor-widget elementor-widget-woocommerce-product-add-to-cart\" data-id=\"26a2bbb\" data-element_type=\"widget\" data-widget_type=\"woocommerce-product-add-to-cart.default\">\n<div class=\"elementor-widget-container\">\n<div class=\"elementor-add-to-cart elementor-product-variable\"><\/div>\n<\/div>\n<\/div>\n","protected":false},"featured_media":81016,"comment_status":"open","ping_status":"closed","template":"","meta":{"_acf_changed":false,"om_disable_all_campaigns":false,"_monsterinsights_skip_tracking":false,"_monsterinsights_sitenote_active":false,"_monsterinsights_sitenote_note":"","_monsterinsights_sitenote_category":0,"_uf_show_specific_survey":0,"_uf_disable_surveys":false,"site-sidebar-layout":"default","site-content-layout":"","ast-site-content-layout":"default","site-content-style":"default","site-sidebar-style":"default","ast-global-header-display":"","ast-banner-title-visibility":"","ast-main-header-display":"","ast-hfb-above-header-display":"","ast-hfb-below-header-display":"","ast-hfb-mobile-header-display":"","site-post-title":"","ast-breadcrumbs-content":"","ast-featured-img":"","footer-sml-layout":"","theme-transparent-header-meta":"default","adv-header-id-meta":"","stick-header-meta":"","header-above-stick-meta":"","header-main-stick-meta":"","header-below-stick-meta":"","astra-migrate-meta-layouts":"set","ast-page-background-enabled":"default","ast-page-background-meta":{"desktop":{"background-color":"var(--ast-global-color-4)","background-image":"","background-repeat":"repeat","background-position":"center center","background-size":"auto","background-attachment":"scroll","background-type":"","background-media":"","overlay-type":"","overlay-color":"","overlay-opacity":"","overlay-gradient":""},"tablet":{"background-color":"","background-image":"","background-repeat":"repeat","background-position":"center center","background-size":"auto","background-attachment":"scroll","background-type":"","background-media":"","overlay-type":"","overlay-color":"","overlay-opacity":"","overlay-gradient":""},"mobile":{"background-color":"","background-image":"","background-repeat":"repeat","background-position":"center center","background-size":"auto","background-attachment":"scroll","background-type":"","background-media":"","overlay-type":"","overlay-color":"","overlay-opacity":"","overlay-gradient":""}},"ast-content-background-meta":{"desktop":{"background-color":"var(--ast-global-color-5)","background-image":"","background-repeat":"repeat","background-position":"center center","background-size":"auto","background-attachment":"scroll","background-type":"","background-media":"","overlay-type":"","overlay-color":"","overlay-opacity":"","overlay-gradient":""},"tablet":{"background-color":"var(--ast-global-color-5)","background-image":"","background-repeat":"repeat","background-position":"center center","background-size":"auto","background-attachment":"scroll","background-type":"","background-media":"","overlay-type":"","overlay-color":"","overlay-opacity":"","overlay-gradient":""},"mobile":{"background-color":"var(--ast-global-color-5)","background-image":"","background-repeat":"repeat","background-position":"center center","background-size":"auto","background-attachment":"scroll","background-type":"","background-media":"","overlay-type":"","overlay-color":"","overlay-opacity":"","overlay-gradient":""}}},"product_brand":[273],"product_cat":[527,518,582],"product_tag":[],"class_list":{"0":"post-81008","1":"product","2":"type-product","3":"status-publish","4":"has-post-thumbnail","6":"product_brand-abc-design","7":"product_cat-abc-design-fi","8":"product_cat-uudet-tuotteet","9":"product_cat-pajukorit","10":"desktop-align-left","11":"tablet-align-left","12":"mobile-align-left","14":"first","15":"instock","16":"taxable","17":"shipping-taxable","18":"purchasable","19":"product-type-variable"},"acf":[],"aioseo_notices":[],"_links":{"self":[{"href":"https:\/\/hummy.ee\/fi\/wp-json\/wp\/v2\/product\/81008","targetHints":{"allow":["GET"]}}],"collection":[{"href":"https:\/\/hummy.ee\/fi\/wp-json\/wp\/v2\/product"}],"about":[{"href":"https:\/\/hummy.ee\/fi\/wp-json\/wp\/v2\/types\/product"}],"replies":[{"embeddable":true,"href":"https:\/\/hummy.ee\/fi\/wp-json\/wp\/v2\/comments?post=81008"}],"version-history":[{"count":2,"href":"https:\/\/hummy.ee\/fi\/wp-json\/wp\/v2\/product\/81008\/revisions"}],"predecessor-version":[{"id":81560,"href":"https:\/\/hummy.ee\/fi\/wp-json\/wp\/v2\/product\/81008\/revisions\/81560"}],"wp:featuredmedia":[{"embeddable":true,"href":"https:\/\/hummy.ee\/fi\/wp-json\/wp\/v2\/media\/81016"}],"wp:attachment":[{"href":"https:\/\/hummy.ee\/fi\/wp-json\/wp\/v2\/media?parent=81008"}],"wp:term":[{"taxonomy":"product_brand","embeddable":true,"href":"https:\/\/hummy.ee\/fi\/wp-json\/wp\/v2\/product_brand?post=81008"},{"taxonomy":"product_cat","embeddable":true,"href":"https:\/\/hummy.ee\/fi\/wp-json\/wp\/v2\/product_cat?post=81008"},{"taxonomy":"product_tag","embeddable":true,"href":"https:\/\/hummy.ee\/fi\/wp-json\/wp\/v2\/product_tag?post=81008"}],"curies":[{"name":"wp","href":"https:\/\/api.w.org\/{rel}","templated":true}]}}