{"id":80943,"date":"2026-02-13T11:51:46","date_gmt":"2026-02-13T11:51:46","guid":{"rendered":"https:\/\/hummy.ee\/product\/abc-design-city-life-kehtoadapteri\/"},"modified":"2026-02-16T09:27:25","modified_gmt":"2026-02-16T09:27:25","slug":"abc-design-city-life-kehtoadapteri","status":"publish","type":"product","link":"https:\/\/hummy.ee\/fi\/tuote\/abc-design-city-life-kehtoadapteri\/","title":{"rendered":"ABC Design City Life kehtoadapteri"},"content":{"rendered":"<h6><strong><em>Helppo asennus ja yleissovitus<\/em><\/strong><\/h6>\n<h6>City Life -adapterit on suunniteltu erityisesti varmistamaan, ett\u00e4 rattaiden ja telineen v\u00e4linen yhteys on turvallinen ja varma. Asennus on nopeaa ja helppoa, joten voit siirty\u00e4 autosta rattaisiin hetkess\u00e4 ja pit\u00e4\u00e4 vauvasi mukavana ja turvallisena.<\/h6>\n<p>&nbsp;<\/p>\n<h6><strong><em>Yhteensopiva seuraavien rattaiden kanssa ABC Design:<\/em><\/strong><\/h6>\n<ul>\n<li data-start=\"813\" data-end=\"1020\">\n<h6><a href=\"https:\/\/hummy.ee\/fi\/?post_type=product&amp;p=81158\" target=\"_blank\" rel=\"noopener\">Kaupunkiel\u00e4m\u00e4<\/a><\/h6>\n<\/li>\n<\/ul>\n<h6><strong><em>Yhteensopivuus turvakaukaloiden kanssa:<\/em><\/strong><\/h6>\n<ul>\n<li data-start=\"1232\" data-end=\"1257\">\n<h6 data-start=\"1234\" data-end=\"1257\"><strong data-start=\"1234\" data-end=\"1249\">ABC Design:<\/strong> Tulppaani<\/h6>\n<\/li>\n<li data-start=\"1258\" data-end=\"1328\">\n<h6 data-start=\"1260\" data-end=\"1328\"><strong data-start=\"1260\" data-end=\"1274\">Maxi-Cosi: Convertible-Fix<\/strong>, Coral, Pebble 360 Pro, Pebble 360 Pro 2.<\/h6>\n<\/li>\n<li data-start=\"1329\" data-end=\"1351\">\n<h6 data-start=\"1331\" data-end=\"1351\"><strong data-start=\"1331\" data-end=\"1341\">Cybex: Cloud<\/strong> T<\/h6>\n<\/li>\n<li data-start=\"1352\" data-end=\"1372\">\n<h6 data-start=\"1354\" data-end=\"1372\"><strong data-start=\"1354\" data-end=\"1363\">Joie:<\/strong> i-Gemm<\/h6>\n<\/li>\n<li data-start=\"1373\" data-end=\"1396\">\n<h6 data-start=\"1375\" data-end=\"1396\"><strong data-start=\"1375\" data-end=\"1388\">Avionautti: Cosmo<\/strong><\/h6>\n<\/li>\n<\/ul>\n<h6><strong><em>Miksi valita City Life -telineadapteri?<\/em><\/strong><\/h6>\n<ul>\n<li data-start=\"1560\" data-end=\"1866\">\n<h6>Suurin mahdollinen mukavuus - siirr\u00e4 vauva suoraan autosta lastenvaunuihin her\u00e4tt\u00e4m\u00e4tt\u00e4 h\u00e4nt\u00e4.<\/h6>\n<\/li>\n<li data-start=\"1560\" data-end=\"1866\">\n<h6>Nopea ja helppo asennus - kiinnittyy City Life -vaunun runkoon hetkess\u00e4.<\/h6>\n<\/li>\n<li data-start=\"1560\" data-end=\"1866\">\n<h6>Laaja yhteensopivuus - yhteensopiva monien suosittujen turvakaukaloiden kanssa.<\/h6>\n<\/li>\n<li data-start=\"1560\" data-end=\"1866\">\n<h6>Turvallinen ja kest\u00e4v\u00e4 - takaa turvallisen istuvuuden ja tasaisen ajon.<\/h6>\n<\/li>\n<\/ul>\n<h6><\/h6>\n<h6>\u00c4l\u00e4 tuhlaa aikaa monimutkaisiin kiinnitysj\u00e4rjestelmiin - City Life -kantokassisovitin tekee el\u00e4m\u00e4st\u00e4si helpompaa ja k\u00e4velyist\u00e4si mukavampia!<\/h6>\n","protected":false},"excerpt":{"rendered":"<h6 data-start=\"1013\" data-end=\"1151\">ABC Design City Life -lastens\u00e4ngyn sovitin on suunniteltu erityisesti <a href=\"https:\/\/hummy.ee\/fi\/?post_type=product&amp;p=81158\" target=\"_blank\" rel=\"noopener\">City Life -rattaisiin<\/a>, joten se on k\u00e4yt\u00e4nn\u00f6llinen matkustusj\u00e4rjestelm\u00e4 syntym\u00e4st\u00e4 l\u00e4htien. Kehtosovittimen avulla voit kiinnitt\u00e4\u00e4 kehdon suoraan rattaiden runkoon ilman, ett\u00e4 vauvaa tarvitsee her\u00e4tt\u00e4\u00e4 tai nostaa erikseen. Se on t\u00e4ydellinen ratkaisu nopeaan ja huolettomaan liikkumiseen sek\u00e4 jokap\u00e4iv\u00e4isess\u00e4 k\u00e4yt\u00f6ss\u00e4 ett\u00e4 matkoilla.<\/h6>\n<h6 data-start=\"1153\" data-end=\"1231\"><\/h6>\n","protected":false},"featured_media":80950,"comment_status":"open","ping_status":"closed","template":"","meta":{"_acf_changed":false,"om_disable_all_campaigns":false,"_monsterinsights_skip_tracking":false,"_monsterinsights_sitenote_active":false,"_monsterinsights_sitenote_note":"","_monsterinsights_sitenote_category":0,"_uf_show_specific_survey":0,"_uf_disable_surveys":false,"site-sidebar-layout":"default","site-content-layout":"","ast-site-content-layout":"default","site-content-style":"default","site-sidebar-style":"default","ast-global-header-display":"","ast-banner-title-visibility":"","ast-main-header-display":"","ast-hfb-above-header-display":"","ast-hfb-below-header-display":"","ast-hfb-mobile-header-display":"","site-post-title":"","ast-breadcrumbs-content":"","ast-featured-img":"","footer-sml-layout":"","theme-transparent-header-meta":"default","adv-header-id-meta":"","stick-header-meta":"","header-above-stick-meta":"","header-main-stick-meta":"","header-below-stick-meta":"","astra-migrate-meta-layouts":"set","ast-page-background-enabled":"default","ast-page-background-meta":{"desktop":{"background-color":"var(--ast-global-color-4)","background-image":"","background-repeat":"repeat","background-position":"center center","background-size":"auto","background-attachment":"scroll","background-type":"","background-media":"","overlay-type":"","overlay-color":"","overlay-opacity":"","overlay-gradient":""},"tablet":{"background-color":"","background-image":"","background-repeat":"repeat","background-position":"center center","background-size":"auto","background-attachment":"scroll","background-type":"","background-media":"","overlay-type":"","overlay-color":"","overlay-opacity":"","overlay-gradient":""},"mobile":{"background-color":"","background-image":"","background-repeat":"repeat","background-position":"center center","background-size":"auto","background-attachment":"scroll","background-type":"","background-media":"","overlay-type":"","overlay-color":"","overlay-opacity":"","overlay-gradient":""}},"ast-content-background-meta":{"desktop":{"background-color":"var(--ast-global-color-5)","background-image":"","background-repeat":"repeat","background-position":"center center","background-size":"auto","background-attachment":"scroll","background-type":"","background-media":"","overlay-type":"","overlay-color":"","overlay-opacity":"","overlay-gradient":""},"tablet":{"background-color":"var(--ast-global-color-5)","background-image":"","background-repeat":"repeat","background-position":"center center","background-size":"auto","background-attachment":"scroll","background-type":"","background-media":"","overlay-type":"","overlay-color":"","overlay-opacity":"","overlay-gradient":""},"mobile":{"background-color":"var(--ast-global-color-5)","background-image":"","background-repeat":"repeat","background-position":"center center","background-size":"auto","background-attachment":"scroll","background-type":"","background-media":"","overlay-type":"","overlay-color":"","overlay-opacity":"","overlay-gradient":""}}},"product_brand":[273],"product_cat":[527,374,323,518],"product_tag":[],"class_list":{"0":"post-80943","1":"product","2":"type-product","3":"status-publish","4":"has-post-thumbnail","6":"product_brand-abc-design","7":"product_cat-abc-design-fi","8":"product_cat-sovittimet","9":"product_cat-trimmaustarvikkeet","10":"product_cat-uudet-tuotteet","11":"desktop-align-left","12":"tablet-align-left","13":"mobile-align-left","15":"first","16":"instock","17":"taxable","18":"shipping-taxable","19":"purchasable","20":"product-type-simple"},"acf":[],"aioseo_notices":[],"_links":{"self":[{"href":"https:\/\/hummy.ee\/fi\/wp-json\/wp\/v2\/product\/80943","targetHints":{"allow":["GET"]}}],"collection":[{"href":"https:\/\/hummy.ee\/fi\/wp-json\/wp\/v2\/product"}],"about":[{"href":"https:\/\/hummy.ee\/fi\/wp-json\/wp\/v2\/types\/product"}],"replies":[{"embeddable":true,"href":"https:\/\/hummy.ee\/fi\/wp-json\/wp\/v2\/comments?post=80943"}],"version-history":[{"count":3,"href":"https:\/\/hummy.ee\/fi\/wp-json\/wp\/v2\/product\/80943\/revisions"}],"predecessor-version":[{"id":81561,"href":"https:\/\/hummy.ee\/fi\/wp-json\/wp\/v2\/product\/80943\/revisions\/81561"}],"wp:featuredmedia":[{"embeddable":true,"href":"https:\/\/hummy.ee\/fi\/wp-json\/wp\/v2\/media\/80950"}],"wp:attachment":[{"href":"https:\/\/hummy.ee\/fi\/wp-json\/wp\/v2\/media?parent=80943"}],"wp:term":[{"taxonomy":"product_brand","embeddable":true,"href":"https:\/\/hummy.ee\/fi\/wp-json\/wp\/v2\/product_brand?post=80943"},{"taxonomy":"product_cat","embeddable":true,"href":"https:\/\/hummy.ee\/fi\/wp-json\/wp\/v2\/product_cat?post=80943"},{"taxonomy":"product_tag","embeddable":true,"href":"https:\/\/hummy.ee\/fi\/wp-json\/wp\/v2\/product_tag?post=80943"}],"curies":[{"name":"wp","href":"https:\/\/api.w.org\/{rel}","templated":true}]}}