{"id":80335,"date":"2026-03-03T19:16:31","date_gmt":"2026-03-03T19:16:31","guid":{"rendered":"https:\/\/hummy.ee\/?post_type=product&#038;p=80335"},"modified":"2026-03-10T11:17:00","modified_gmt":"2026-03-10T11:17:00","slug":"mamoa-twin-duo-uhendusklambrid","status":"publish","type":"product","link":"https:\/\/hummy.ee\/fi\/tuote\/mamoa-twin-duo-uhendusklambrid\/","title":{"rendered":"Mamoa Twin\/Duo \u00fchendusklambrid"},"content":{"rendered":"<h6>\u00dchendusklambrid teevad igap\u00e4evase liikumise kahe lapsega lihtsaks, mugavaks ja turvaliseks - olgu teel poodi, jalutusk\u00e4igule v\u00f5i reisile.\u00a0K\u00e4rud saab hoiustamiseks v\u00f5i transpordiks kokku pakkida nii, et adapterid j\u00e4\u00e4vad k\u00fclge.<\/h6>\n<p>&nbsp;<\/p>\n<h6><em><strong>\u00dchilduvus:<\/strong><\/em><\/h6>\n<ul>\n<li>\n<h6>Mamoa M1 kergk\u00e4rud<\/h6>\n<\/li>\n<li>\n<h6>Mamoa TS1 kergk\u00e4rud<\/h6>\n<\/li>\n<\/ul>\n","protected":false},"excerpt":{"rendered":"<h6 data-start=\"281\" data-end=\"575\">Kas sul on kaksikud v\u00f5i kaks v\u00e4ikest last? Mamoa Twin\/Duo \u00fchendusklambrid on asendamatu tarvik juhuks, kui soovid kaks Mamoa k\u00e4ru omavahel \u00fchendada. Kolmest klambrist koosneva komplektiga kinnitad kiirelt ja mugavalt kaks Mamoa kergk\u00e4ru omavahel kokku. Eelistad liikuda eraldi? Pole probleemi. Kolm \u00fchendusklambrit saab eemaldada vaid m\u00f5ne sekundiga ning j\u00e4tkata teekonda kahe eraldiseisva reisik\u00e4ruga.<\/h6>\n","protected":false},"featured_media":84336,"comment_status":"open","ping_status":"closed","template":"","meta":{"_acf_changed":false,"om_disable_all_campaigns":false,"_monsterinsights_skip_tracking":false,"_monsterinsights_sitenote_active":false,"_monsterinsights_sitenote_note":"","_monsterinsights_sitenote_category":0,"_uf_show_specific_survey":0,"_uf_disable_surveys":false,"site-sidebar-layout":"default","site-content-layout":"","ast-site-content-layout":"default","site-content-style":"default","site-sidebar-style":"default","ast-global-header-display":"","ast-banner-title-visibility":"","ast-main-header-display":"","ast-hfb-above-header-display":"","ast-hfb-below-header-display":"","ast-hfb-mobile-header-display":"","site-post-title":"","ast-breadcrumbs-content":"","ast-featured-img":"","footer-sml-layout":"","theme-transparent-header-meta":"default","adv-header-id-meta":"","stick-header-meta":"","header-above-stick-meta":"","header-main-stick-meta":"","header-below-stick-meta":"","astra-migrate-meta-layouts":"set","ast-page-background-enabled":"default","ast-page-background-meta":{"desktop":{"background-color":"var(--ast-global-color-4)","background-image":"","background-repeat":"repeat","background-position":"center center","background-size":"auto","background-attachment":"scroll","background-type":"","background-media":"","overlay-type":"","overlay-color":"","overlay-opacity":"","overlay-gradient":""},"tablet":{"background-color":"","background-image":"","background-repeat":"repeat","background-position":"center center","background-size":"auto","background-attachment":"scroll","background-type":"","background-media":"","overlay-type":"","overlay-color":"","overlay-opacity":"","overlay-gradient":""},"mobile":{"background-color":"","background-image":"","background-repeat":"repeat","background-position":"center center","background-size":"auto","background-attachment":"scroll","background-type":"","background-media":"","overlay-type":"","overlay-color":"","overlay-opacity":"","overlay-gradient":""}},"ast-content-background-meta":{"desktop":{"background-color":"var(--ast-global-color-5)","background-image":"","background-repeat":"repeat","background-position":"center center","background-size":"auto","background-attachment":"scroll","background-type":"","background-media":"","overlay-type":"","overlay-color":"","overlay-opacity":"","overlay-gradient":""},"tablet":{"background-color":"var(--ast-global-color-5)","background-image":"","background-repeat":"repeat","background-position":"center center","background-size":"auto","background-attachment":"scroll","background-type":"","background-media":"","overlay-type":"","overlay-color":"","overlay-opacity":"","overlay-gradient":""},"mobile":{"background-color":"var(--ast-global-color-5)","background-image":"","background-repeat":"repeat","background-position":"center center","background-size":"auto","background-attachment":"scroll","background-type":"","background-media":"","overlay-type":"","overlay-color":"","overlay-opacity":"","overlay-gradient":""}}},"product_brand":[1250],"product_cat":[135,33,1254,140],"product_tag":[],"class_list":{"0":"post-80335","1":"product","2":"type-product","3":"status-publish","4":"has-post-thumbnail","6":"product_brand-mamoa","7":"product_cat-adapterid","8":"product_cat-karutarvikud","9":"product_cat-mamoa","10":"product_cat-uued-tooted","11":"desktop-align-left","12":"tablet-align-left","13":"mobile-align-left","15":"first","16":"instock","17":"taxable","18":"shipping-taxable","19":"purchasable","20":"product-type-simple"},"acf":[],"aioseo_notices":[],"_links":{"self":[{"href":"https:\/\/hummy.ee\/fi\/wp-json\/wp\/v2\/product\/80335","targetHints":{"allow":["GET"]}}],"collection":[{"href":"https:\/\/hummy.ee\/fi\/wp-json\/wp\/v2\/product"}],"about":[{"href":"https:\/\/hummy.ee\/fi\/wp-json\/wp\/v2\/types\/product"}],"replies":[{"embeddable":true,"href":"https:\/\/hummy.ee\/fi\/wp-json\/wp\/v2\/comments?post=80335"}],"version-history":[{"count":4,"href":"https:\/\/hummy.ee\/fi\/wp-json\/wp\/v2\/product\/80335\/revisions"}],"predecessor-version":[{"id":85951,"href":"https:\/\/hummy.ee\/fi\/wp-json\/wp\/v2\/product\/80335\/revisions\/85951"}],"wp:featuredmedia":[{"embeddable":true,"href":"https:\/\/hummy.ee\/fi\/wp-json\/wp\/v2\/media\/84336"}],"wp:attachment":[{"href":"https:\/\/hummy.ee\/fi\/wp-json\/wp\/v2\/media?parent=80335"}],"wp:term":[{"taxonomy":"product_brand","embeddable":true,"href":"https:\/\/hummy.ee\/fi\/wp-json\/wp\/v2\/product_brand?post=80335"},{"taxonomy":"product_cat","embeddable":true,"href":"https:\/\/hummy.ee\/fi\/wp-json\/wp\/v2\/product_cat?post=80335"},{"taxonomy":"product_tag","embeddable":true,"href":"https:\/\/hummy.ee\/fi\/wp-json\/wp\/v2\/product_tag?post=80335"}],"curies":[{"name":"wp","href":"https:\/\/api.w.org\/{rel}","templated":true}]}}