{"id":76892,"date":"2025-12-22T13:01:24","date_gmt":"2025-12-22T13:01:24","guid":{"rendered":"https:\/\/hummy.ee\/product\/abc-design-salsa-5-run-3in1-maxi-cosi-setti-abc-design-salsa-5-run-3in1-maxi-cosi-sarja\/"},"modified":"2026-04-14T18:23:11","modified_gmt":"2026-04-14T18:23:11","slug":"abc-design-salsa-5-run-3in1-maxi-cosi-setti-abc-design-salsa-5-run-3in1-maxi-cosi","status":"publish","type":"product","link":"https:\/\/hummy.ee\/fi\/tuote\/abc-design-salsa-5-run-3in1-maxi-cosi-setti-abc-design-salsa-5-run-3in1-maxi-cosi\/","title":{"rendered":"ABC Design Salsa 5 Run yhdistelm\u00e4vaunut + Maxi-Cosi turvakaukalo"},"content":{"rendered":"<h6><em>Laatikon sis\u00e4lt\u00f6:<\/em><\/h6>\n<ul>\n<li>\n<h6>Vaunukoppa<\/h6>\n<\/li>\n<li>\n<h6>Istuinosa<\/h6>\n<\/li>\n<li>\n<h6>Organizer-vaunulaukku<\/h6>\n<\/li>\n<li>\n<h6>Uusi CozyCloud\u00ae-patja<\/h6>\n<\/li>\n<li>\n<h6>Maxi-Cosi Pebble 360 Pro\u00b2 turvakaukalo<\/h6>\n<\/li>\n<li>\n<h6>Turvakaukalon adapterit<\/h6>\n<\/li>\n<\/ul>\n<h6 data-start=\"59\" data-end=\"124\"><strong><em>Salsa 5 Run - t\u00e4ydellinen valinta aktiivisille vanhemmille<\/em><\/strong><\/h6>\n<h6>Rattaiden turvallisuuden takaavat helppok\u00e4ytt\u00f6inen k\u00e4sijarru ja seisontajarru, tehokkaat levyjarrut, rannehihna sek\u00e4 heijastinnauhat. Pehmustettu istuin voidaan s\u00e4\u00e4t\u00e4\u00e4 niin, ett\u00e4 lapsi voi maata t\u00e4ysin vaakasuorassa asennossa, ja rattaissa on my\u00f6s rajattomasti s\u00e4\u00e4dett\u00e4v\u00e4 5-pistevaljas, jotta lapsi voi istua rauhassa, rentoutua ja nauttia matkasta.<\/h6>\n<p>&nbsp;<\/p>\n<h6>Takana olevaan osaan ja kuomuun on integroitu kaksi tuuletusikkunaa, jotka takaavat hyv\u00e4n ilmankierron. Aurinkoisina p\u00e4ivin\u00e4 lasta suojaa suuri UV-suojalla (50+) varustettu kuomu. Huolellisesti suunniteltu vaunu on helppok\u00e4ytt\u00f6inen, ja ergonominen, nivel\u00f6ity ty\u00f6nt\u00f6aisa voidaan s\u00e4\u00e4t\u00e4\u00e4 sinulle sopivalle korkeudelle.<\/h6>\n<p>&nbsp;<\/p>\n<h6>Vaikka Salsa 5 Run on suunniteltu urheiluk\u00e4ytt\u00f6\u00f6n, se soveltuu my\u00f6s jokap\u00e4iv\u00e4iseen k\u00e4ytt\u00f6\u00f6n, esimerkiksi k\u00e4velylenkeille kaupungissa tai maaseudulla. Yhdistettyn\u00e4 ABC Designin vaunukoppaan sit\u00e4 voidaan k\u00e4ytt\u00e4\u00e4 syntym\u00e4st\u00e4 l\u00e4htien. Vaunukoppa takaa hyv\u00e4n ilmanvaihdon ja CozyCloud\u00ae-patja lis\u00e4\u00e4 mukavuutta.<\/h6>\n<p>&nbsp;<\/p>\n<h6><strong><em>Lis\u00e4ominaisuudet:<\/em><\/strong><\/h6>\n<ul>\n<li style=\"list-style-type: none;\">\n<ul data-spread=\"false\">\n<li>\n<h6>Jousitetut ja laakeroidut py\u00f6r\u00e4t<\/h6>\n<\/li>\n<li>\n<h6>K\u00e4\u00e4ntyv\u00e4t py\u00f6r\u00e4t<\/h6>\n<\/li>\n<li>\n<h6>Mahdollisuus kiinnitt\u00e4\u00e4 turvakaukalo runkoon<\/h6>\n<\/li>\n<li>\n<h6>S\u00e4\u00e4dett\u00e4v\u00e4 selk\u00e4noja ja jalkatuki<\/h6>\n<\/li>\n<li>\n<h6>Vett\u00e4 hylkiv\u00e4 materiaali<\/h6>\n<\/li>\n<li>\n<h6>Irrotettavat py\u00f6r\u00e4t ja etukaari<\/h6>\n<\/li>\n<li>\n<h6>Suuri kori (enint\u00e4\u00e4n 5 kg)<\/h6>\n<\/li>\n<li>\n<h6>K\u00e4\u00e4nnett\u00e4v\u00e4 istuin<\/h6>\n<\/li>\n<li>\n<h6>Kuljetuslukko<\/h6>\n<\/li>\n<li>\n<h6>K\u00e4\u00e4nnett\u00e4v\u00e4 istuin<\/h6>\n<\/li>\n<li>\n<h6>N\u00e4pp\u00e4r\u00e4t kiinnikkeet hoitokassille ja organizer<\/h6>\n<\/li>\n<li>\n<h6>Yksiosaisesti kokoontaitettava<\/h6>\n<\/li>\n<li data-start=\"2628\" data-end=\"2703\">\n<h6>Sopii vauvoille syntym\u00e4st\u00e4 22 kg:n painoon asti.<\/h6>\n<\/li>\n<li data-start=\"2704\" data-end=\"2741\">\n<h6>Maksimikantavuus: 27 kg (lapsi enint\u00e4\u00e4n 22 kg + 5 kg lis\u00e4kuorma tavarakorissa)<\/h6>\n<\/li>\n<\/ul>\n<\/li>\n<\/ul>\n<h6><\/h6>\n<h6 data-start=\"2135\" data-end=\"2170\"><\/h6>\n<h6><strong><em>Maxi-Cosi Pebble 360 Pro\u00b2 -turvakaukalo \u2013 turvallinen ja mukava automatkoille<\/em><\/strong><\/h6>\n<h6>Pakkaukseen sis\u00e4ltyv\u00e4 Maxi-Cosi Pebble 360 Pro\u00b2 -turvakaukalo tarjoaa huippuluokan turvallisuutta ja mukavuutta. Sen kolme makuuasentoa, mukaan lukien t\u00e4ysin vaakasuora lepoasento, takaavat lapselle rauhallisen ja ergonomisen lepoasennon sek\u00e4 autossa ett\u00e4 rattaissa.<\/h6>\n<p>&nbsp;<\/p>\n<h6><strong><em>Korjausvaihtoehdot:<\/em><\/strong><\/h6>\n<ul>\n<li>\n<h6>K\u00e4ytet\u00e4\u00e4n auton 3-pisteturvavy\u00f6n kanssa.<\/h6>\n<\/li>\n<li>\n<h6>Yhteensopiva Isofix-alusta <a href=\"https:\/\/hummy.ee\/fi\/tuote\/maxi-cosi-familyfix-360-pro-alusta\/\" target=\"_blank\" rel=\"noopener\">FamilyFix 360 Pro<\/a>, joka mahdollistaa turvakaukalon k\u00e4\u00e4nt\u00e4misen ja k\u00e4\u00e4nt\u00e4misen kohti vanhempaa (myyd\u00e4\u00e4n erikseen).<\/h6>\n<\/li>\n<\/ul>\n<h6>Turvakaukalo sopii vastasyntyneille syntym\u00e4st\u00e4 noin 18 kuukauden ik\u00e4\u00e4n (40\u201387 cm), ja se on saanut Stiftung Warentestin korkean arvosanan (\u2018HYV\u00c4\u2019, 2,2, kes\u00e4kuu 2024). ClimaFlow-ventilaatio ja hengitt\u00e4v\u00e4t materiaalit takaavat optimaalisen ilmanvaihdon, ja irrotettava vastasyntyneen tukityyny auttaa tukemaan vauvan asentoa.<\/h6>\n<h6><\/h6>\n<p>&nbsp;<\/p>\n<h6><strong><em>Travel system \u2013 sujuva siirtyminen autosta rattaisiin<\/em><\/strong><\/h6>\n<h6>Mukana tulevien adapterien ansiosta Maxi-Cosi Pebble 360 Pro\u00b2 -turvakaukalo voidaan kiinnitt\u00e4\u00e4 nopeasti Salsa 5 Run -rattaisiin. T\u00e4m\u00e4 tarkoittaa, ett\u00e4 kun lapsi nukkuu autossa, turvakaukalo voidaan siirt\u00e4\u00e4 sujuvasti rattaisiin her\u00e4tt\u00e4m\u00e4tt\u00e4 lasta.<\/h6>\n<h6 data-start=\"2599\" data-end=\"2627\"><\/h6>\n<h6 data-start=\"2877\" data-end=\"3052\"><\/h6>\n<p>&nbsp;<\/p>\n<h6 data-start=\"2877\" data-end=\"3052\"><em>Katso <a href=\"https:\/\/www.youtube.com\/watch?v=CTDmPW1ZHTo\">esittelyvideo <\/a>ja saat lis\u00e4tietoja.<\/em><\/h6>\n<p>&nbsp;<\/p>\n<h6><em>Hyv\u00e4t py\u00f6r\u00e4t tekev\u00e4t lastenvaunujen k\u00e4yt\u00f6st\u00e4 huomattavasti mukavampaa! Katso lis\u00e4\u00e4 Hummy-<a href=\"https:\/\/hummy.ee\/fi\/mitka-pyorilla-varustetut-lastenrattaat-minun-pitaisi-valita\/\" target=\"_blank\" rel=\"nofollow noopener\">blogista <\/a>ja l\u00f6yd\u00e4 itsellesi sopivin ratkaisu. <\/em><\/h6>\n","protected":false},"excerpt":{"rendered":"<h6>T\u00e4m\u00e4n k\u00e4yt\u00e4nn\u00f6llisen ABC Design Salsa 5 Run -yhdistelm\u00e4vaunupaketin avulla vauvasi voi nauttia turvallisesta, mukavasta ja rentouttavasta matkasta alusta alkaen \u2013 niin rattaissa, autossa kuin travel systemin\u00e4 yhdess\u00e4 Maxi-Cosi-turvakaukalon kanssa. Lapsesi kokee maksimaalisen makuu- ja nukkumismukavuuden sek\u00e4 rattaissa ett\u00e4 turvakaukalossa, ja turvallisuus on aina taattu. Sen varmistavat kaksi laadukasta ja turvallista tuotetta yhdess\u00e4 paketissa: ABC Design Salsa 5 Run -yhdistelm\u00e4vaunut ja Maxi-Cosi Pebble 360 Pro\u00b2 -turvakaukalo.<\/h6>\n<h6><\/h6>\n","protected":false},"featured_media":41636,"comment_status":"open","ping_status":"closed","template":"","meta":{"_acf_changed":false,"om_disable_all_campaigns":false,"_monsterinsights_skip_tracking":false,"_monsterinsights_sitenote_active":false,"_monsterinsights_sitenote_note":"","_monsterinsights_sitenote_category":0,"_uf_show_specific_survey":0,"_uf_disable_surveys":false,"site-sidebar-layout":"default","site-content-layout":"","ast-site-content-layout":"default","site-content-style":"default","site-sidebar-style":"default","ast-global-header-display":"","ast-banner-title-visibility":"","ast-main-header-display":"","ast-hfb-above-header-display":"","ast-hfb-below-header-display":"","ast-hfb-mobile-header-display":"","site-post-title":"","ast-breadcrumbs-content":"","ast-featured-img":"","footer-sml-layout":"","theme-transparent-header-meta":"default","adv-header-id-meta":"","stick-header-meta":"","header-above-stick-meta":"","header-main-stick-meta":"","header-below-stick-meta":"","astra-migrate-meta-layouts":"set","ast-page-background-enabled":"default","ast-page-background-meta":{"desktop":{"background-color":"var(--ast-global-color-4)","background-image":"","background-repeat":"repeat","background-position":"center center","background-size":"auto","background-attachment":"scroll","background-type":"","background-media":"","overlay-type":"","overlay-color":"","overlay-opacity":"","overlay-gradient":""},"tablet":{"background-color":"","background-image":"","background-repeat":"repeat","background-position":"center center","background-size":"auto","background-attachment":"scroll","background-type":"","background-media":"","overlay-type":"","overlay-color":"","overlay-opacity":"","overlay-gradient":""},"mobile":{"background-color":"","background-image":"","background-repeat":"repeat","background-position":"center center","background-size":"auto","background-attachment":"scroll","background-type":"","background-media":"","overlay-type":"","overlay-color":"","overlay-opacity":"","overlay-gradient":""}},"ast-content-background-meta":{"desktop":{"background-color":"var(--ast-global-color-5)","background-image":"","background-repeat":"repeat","background-position":"center center","background-size":"auto","background-attachment":"scroll","background-type":"","background-media":"","overlay-type":"","overlay-color":"","overlay-opacity":"","overlay-gradient":""},"tablet":{"background-color":"var(--ast-global-color-5)","background-image":"","background-repeat":"repeat","background-position":"center center","background-size":"auto","background-attachment":"scroll","background-type":"","background-media":"","overlay-type":"","overlay-color":"","overlay-opacity":"","overlay-gradient":""},"mobile":{"background-color":"var(--ast-global-color-5)","background-image":"","background-repeat":"repeat","background-position":"center center","background-size":"auto","background-attachment":"scroll","background-type":"","background-media":"","overlay-type":"","overlay-color":"","overlay-opacity":"","overlay-gradient":""}}},"product_brand":[],"product_cat":[410,319,574,518],"product_tag":[],"class_list":{"0":"post-76892","1":"product","2":"type-product","3":"status-publish","4":"has-post-thumbnail","6":"product_cat-sailioauto","7":"product_cat-uncategorized-fi","8":"product_cat-urheilukarryt","9":"product_cat-uudet-tuotteet","10":"desktop-align-left","11":"tablet-align-left","12":"mobile-align-left","14":"first","15":"instock","16":"sale","17":"taxable","18":"shipping-taxable","19":"purchasable","20":"product-type-variable"},"acf":[],"aioseo_notices":[],"_links":{"self":[{"href":"https:\/\/hummy.ee\/fi\/wp-json\/wp\/v2\/product\/76892","targetHints":{"allow":["GET"]}}],"collection":[{"href":"https:\/\/hummy.ee\/fi\/wp-json\/wp\/v2\/product"}],"about":[{"href":"https:\/\/hummy.ee\/fi\/wp-json\/wp\/v2\/types\/product"}],"replies":[{"embeddable":true,"href":"https:\/\/hummy.ee\/fi\/wp-json\/wp\/v2\/comments?post=76892"}],"version-history":[{"count":12,"href":"https:\/\/hummy.ee\/fi\/wp-json\/wp\/v2\/product\/76892\/revisions"}],"predecessor-version":[{"id":86768,"href":"https:\/\/hummy.ee\/fi\/wp-json\/wp\/v2\/product\/76892\/revisions\/86768"}],"wp:featuredmedia":[{"embeddable":true,"href":"https:\/\/hummy.ee\/fi\/wp-json\/wp\/v2\/media\/41636"}],"wp:attachment":[{"href":"https:\/\/hummy.ee\/fi\/wp-json\/wp\/v2\/media?parent=76892"}],"wp:term":[{"taxonomy":"product_brand","embeddable":true,"href":"https:\/\/hummy.ee\/fi\/wp-json\/wp\/v2\/product_brand?post=76892"},{"taxonomy":"product_cat","embeddable":true,"href":"https:\/\/hummy.ee\/fi\/wp-json\/wp\/v2\/product_cat?post=76892"},{"taxonomy":"product_tag","embeddable":true,"href":"https:\/\/hummy.ee\/fi\/wp-json\/wp\/v2\/product_tag?post=76892"}],"curies":[{"name":"wp","href":"https:\/\/api.w.org\/{rel}","templated":true}]}}