{"id":76517,"date":"2025-12-22T07:49:42","date_gmt":"2025-12-22T07:49:42","guid":{"rendered":"https:\/\/hummy.ee\/product\/maxi-cosi-familyfix-360-pro-alusta\/"},"modified":"2026-04-17T06:33:34","modified_gmt":"2026-04-17T06:33:34","slug":"maxi-cosi-familyfix-360-pro-telakka","status":"publish","type":"product","link":"https:\/\/hummy.ee\/fi\/tuote\/maxi-cosi-familyfix-360-pro-telakka\/","title":{"rendered":"Maxi-Cosi FamilyFix 360 Pro telakka"},"content":{"rendered":"<h6><em><strong>Helppok\u00e4ytt\u00f6isyys<\/strong><\/em><\/h6>\n<ul>\n<li>\n<h6>Vallankumouksellinen SlideTech\u2122-j\u00e4rjestelm\u00e4 helpottaa vanhempien arkea. Turvakaukaloa ei en\u00e4\u00e4 tarvitse nostellessa rasittaa selk\u00e4\u00e4, eik\u00e4 lapsen p\u00e4\u00e4t\u00e4 kolahdeta turvaistuimeen asetettaessa tai kohdata muita vastaavia ongelmia.<\/h6>\n<\/li>\n<li>\n<h6>FamilyFix360-telakan avulla yhteensopivia turvakaukaloita ja turvaistuimia voi k\u00e4\u00e4nt\u00e4\u00e4 helposti yhdell\u00e4 k\u00e4dell\u00e4.<\/h6>\n<\/li>\n<li>\n<h6>FlexiSpin-teknologia mahdollistaa turvaistuimen k\u00e4\u00e4nt\u00e4misen miss\u00e4 tahansa kallistusasennossa (my\u00f6s lapsen nukkuessa).<\/h6>\n<\/li>\n<li>\n<h6>Nopea ja helppo kiinnitys.<\/h6>\n<\/li>\n<\/ul>\n<h6><em><strong>Turvallisuus<\/strong><\/em><\/h6>\n<ul>\n<li>\n<h6>Turvallinen ajaminen alle 4-vuotiaille lapsille, jotka ovat selk\u00e4 tai kasvot auton etuosaan p\u00e4in.<\/h6>\n<\/li>\n<li>\n<h6>V\u00e4\u00e4rink\u00e4yt\u00f6n est\u00e4v\u00e4 k\u00e4\u00e4nt\u00f6lukko tuo mielenrauhaa, sill\u00e4 tied\u00e4t lapsesi matkustavan aina selk\u00e4 menosuuntaan v\u00e4hint\u00e4\u00e4n 15 kuukauden ik\u00e4\u00e4n asti.<\/h6>\n<\/li>\n<li>\n<h6>ISOFIX-kiinnitys ja tukijalka tarjoavat turvallisimman, helpoimman ja nopeimman ratkaisun turvaistuimen asentamiseen.<\/h6>\n<\/li>\n<li>\n<h6>i-Size-turvastandardin mukainen<\/h6>\n<\/li>\n<\/ul>\n<h6><em><strong>Yleist\u00e4<\/strong><\/em><\/h6>\n<ul>\n<li>\n<h6>Suunniteltu k\u00e4ytett\u00e4v\u00e4ksi syntym\u00e4st\u00e4 4-vuotiaille lapsille \/ pituus 40-105cm \/ paino 0-17,5kg<\/h6>\n<\/li>\n<\/ul>\n<h6><em><strong>Indikaattorit<\/strong><\/em><\/h6>\n<ul>\n<li>\n<h6>Mitat 39 x 65 x 35cm (leveys, pituus, korkeus)<\/h6>\n<\/li>\n<li>\n<h6>Paino 8.6 kg<\/h6>\n<\/li>\n<\/ul>\n<h6><em><strong>Tukikelpoisuus<\/strong><\/em><\/h6>\n<h6>FamilyFix 360 Pro -telakkaan ovat yhteensopivia seuraavat Maxi-Cosi -tuotteet:<\/h6>\n<ul>\n<li>\n<h6>Pebble 360 Pro \/ Pro 2 -turvakaukalo<\/h6>\n<\/li>\n<li>\n<h6>Pearl 360 Pro -turvaistuin<\/h6>\n<\/li>\n<li>\n<h6>Pebble 360 -turvakaukalo<\/h6>\n<\/li>\n<li>\n<h6>Coral 360 -turvakaukalo<\/h6>\n<\/li>\n<\/ul>\n<h6><em>Lue lis\u00e4\u00e4 <a href=\"https:\/\/www.youtube.com\/watch?v=GnvU9I59UaA\" target=\"_blank\" rel=\"noopener\">esittelyvideolta.<\/a><\/em><\/h6>\n","protected":false},"excerpt":{"rendered":"<h6>Vallankumouksellinen ulosvedett\u00e4v\u00e4 telakka helpottaa vanhempien arkea joka p\u00e4iv\u00e4. FamilyFix 360 Pro on ainoa ISOFIX-telakka, joka k\u00e4\u00e4ntyy ja liukuu sinua kohti Maxi-Cosin patentoimaa SlideTech\u2122-teknologiaa hy\u00f6dynt\u00e4en. T\u00e4m\u00e4 ainutlaatuinen ratkaisu mahdollistaa istuimen siirt\u00e4misen auton istuimelta oven suuntaan. Sen ansiosta lapsen nostaminen turvaistuimeen ja sielt\u00e4 pois on huomattavasti helpompaa.<\/h6>\n<p>&nbsp;<\/p>\n<h6>FamilyFix 360 Pro -telakan avulla lapset voivat nauttia turvallisesta automatkasta syntym\u00e4st\u00e4 aina noin 4 vuoden ik\u00e4\u00e4n asti (k\u00e4ytt\u00e4en Pebble 360 Pro2 -turvakaukaloa ja Pearl 360 Pro -turvaistuinta).<\/h6>\n","protected":false},"featured_media":76508,"comment_status":"open","ping_status":"closed","template":"","meta":{"_acf_changed":false,"om_disable_all_campaigns":false,"_monsterinsights_skip_tracking":false,"_monsterinsights_sitenote_active":false,"_monsterinsights_sitenote_note":"","_monsterinsights_sitenote_category":0,"_uf_show_specific_survey":0,"_uf_disable_surveys":false,"site-sidebar-layout":"default","site-content-layout":"","ast-site-content-layout":"default","site-content-style":"default","site-sidebar-style":"default","ast-global-header-display":"","ast-banner-title-visibility":"","ast-main-header-display":"","ast-hfb-above-header-display":"","ast-hfb-below-header-display":"","ast-hfb-mobile-header-display":"","site-post-title":"","ast-breadcrumbs-content":"","ast-featured-img":"","footer-sml-layout":"","theme-transparent-header-meta":"default","adv-header-id-meta":"","stick-header-meta":"","header-above-stick-meta":"","header-main-stick-meta":"","header-below-stick-meta":"","astra-migrate-meta-layouts":"set","ast-page-background-enabled":"default","ast-page-background-meta":{"desktop":{"background-color":"var(--ast-global-color-4)","background-image":"","background-repeat":"repeat","background-position":"center center","background-size":"auto","background-attachment":"scroll","background-type":"","background-media":"","overlay-type":"","overlay-color":"","overlay-opacity":"","overlay-gradient":""},"tablet":{"background-color":"","background-image":"","background-repeat":"repeat","background-position":"center center","background-size":"auto","background-attachment":"scroll","background-type":"","background-media":"","overlay-type":"","overlay-color":"","overlay-opacity":"","overlay-gradient":""},"mobile":{"background-color":"","background-image":"","background-repeat":"repeat","background-position":"center center","background-size":"auto","background-attachment":"scroll","background-type":"","background-media":"","overlay-type":"","overlay-color":"","overlay-opacity":"","overlay-gradient":""}},"ast-content-background-meta":{"desktop":{"background-color":"var(--ast-global-color-5)","background-image":"","background-repeat":"repeat","background-position":"center center","background-size":"auto","background-attachment":"scroll","background-type":"","background-media":"","overlay-type":"","overlay-color":"","overlay-opacity":"","overlay-gradient":""},"tablet":{"background-color":"var(--ast-global-color-5)","background-image":"","background-repeat":"repeat","background-position":"center center","background-size":"auto","background-attachment":"scroll","background-type":"","background-media":"","overlay-type":"","overlay-color":"","overlay-opacity":"","overlay-gradient":""},"mobile":{"background-color":"var(--ast-global-color-5)","background-image":"","background-repeat":"repeat","background-position":"center center","background-size":"auto","background-attachment":"scroll","background-type":"","background-media":"","overlay-type":"","overlay-color":"","overlay-opacity":"","overlay-gradient":""}}},"product_brand":[],"product_cat":[691,748,1248,518],"product_tag":[],"class_list":{"0":"post-76517","1":"product","2":"type-product","3":"status-publish","4":"has-post-thumbnail","6":"product_cat-turvaistuimet","7":"product_cat-turvatuolin-jalusta","8":"product_cat-turvatuolin-lisavarusteet","9":"product_cat-uudet-tuotteet","10":"desktop-align-left","11":"tablet-align-left","12":"mobile-align-left","14":"first","15":"instock","16":"sale","17":"taxable","18":"shipping-taxable","19":"purchasable","20":"product-type-simple"},"acf":[],"aioseo_notices":[],"_links":{"self":[{"href":"https:\/\/hummy.ee\/fi\/wp-json\/wp\/v2\/product\/76517","targetHints":{"allow":["GET"]}}],"collection":[{"href":"https:\/\/hummy.ee\/fi\/wp-json\/wp\/v2\/product"}],"about":[{"href":"https:\/\/hummy.ee\/fi\/wp-json\/wp\/v2\/types\/product"}],"replies":[{"embeddable":true,"href":"https:\/\/hummy.ee\/fi\/wp-json\/wp\/v2\/comments?post=76517"}],"version-history":[{"count":6,"href":"https:\/\/hummy.ee\/fi\/wp-json\/wp\/v2\/product\/76517\/revisions"}],"predecessor-version":[{"id":86867,"href":"https:\/\/hummy.ee\/fi\/wp-json\/wp\/v2\/product\/76517\/revisions\/86867"}],"wp:featuredmedia":[{"embeddable":true,"href":"https:\/\/hummy.ee\/fi\/wp-json\/wp\/v2\/media\/76508"}],"wp:attachment":[{"href":"https:\/\/hummy.ee\/fi\/wp-json\/wp\/v2\/media?parent=76517"}],"wp:term":[{"taxonomy":"product_brand","embeddable":true,"href":"https:\/\/hummy.ee\/fi\/wp-json\/wp\/v2\/product_brand?post=76517"},{"taxonomy":"product_cat","embeddable":true,"href":"https:\/\/hummy.ee\/fi\/wp-json\/wp\/v2\/product_cat?post=76517"},{"taxonomy":"product_tag","embeddable":true,"href":"https:\/\/hummy.ee\/fi\/wp-json\/wp\/v2\/product_tag?post=76517"}],"curies":[{"name":"wp","href":"https:\/\/api.w.org\/{rel}","templated":true}]}}