{"id":75351,"date":"2025-11-24T19:12:53","date_gmt":"2025-11-24T19:12:53","guid":{"rendered":"https:\/\/hummy.ee\/product\/kong-walther-magic-shopper-laukku\/"},"modified":"2026-02-16T09:33:29","modified_gmt":"2026-02-16T09:33:29","slug":"kong-walther-magic-shopper-laukku","status":"publish","type":"product","link":"https:\/\/hummy.ee\/fi\/tuote\/kong-walther-magic-shopper-laukku\/","title":{"rendered":"Kong.Walther Magic Shopper laukku"},"content":{"rendered":"<h6 data-start=\"497\" data-end=\"757\">Laukun sis\u00e4ll\u00e4 on pieni lis\u00e4tasku, johon voit laittaa avaimet, kortit tai muut pienet tavarat, jotta ne l\u00f6ytyv\u00e4t aina helposti. Se on t\u00e4ydellinen laukku jokap\u00e4iv\u00e4iseen k\u00e4ytt\u00f6\u00f6n - olitpa sitten menossa Kauppaan, t\u00f6ihin, k\u00e4velylle tai nopeille asioille.<\/h6>\n<p>&nbsp;<\/p>\n<h6 data-start=\"759\" data-end=\"775\"><em><strong>Ominaisuudet<\/strong><\/em><\/h6>\n<ul data-start=\"776\" data-end=\"955\">\n<li data-start=\"776\" data-end=\"810\">\n<h6 data-start=\"778\" data-end=\"810\">100% kierr\u00e4tetty\u00e4 puuvillaa<\/h6>\n<\/li>\n<li data-start=\"811\" data-end=\"842\">\n<h6 data-start=\"813\" data-end=\"842\">Kannettava k\u00e4dess\u00e4 tai olkap\u00e4\u00e4n yli<\/h6>\n<\/li>\n<li data-start=\"843\" data-end=\"895\">\n<h6 data-start=\"845\" data-end=\"895\">Lis\u00e4tasku avaimille tai pienille tavaroille<\/h6>\n<\/li>\n<li data-start=\"896\" data-end=\"955\">\n<h6 data-start=\"898\" data-end=\"955\">Tyylik\u00e4s ja k\u00e4yt\u00e4nn\u00f6llinen valinta jokap\u00e4iv\u00e4iseen k\u00e4ytt\u00f6\u00f6n<\/h6>\n<\/li>\n<\/ul>\n","protected":false},"excerpt":{"rendered":"<h6 data-start=\"157\" data-end=\"230\">Magic Shopper -laukku - tyylik\u00e4s ja k\u00e4yt\u00e4nn\u00f6llinen jokap\u00e4iv\u00e4inen k\u00e4silaukku. Kong.Waltherin Magic Shopper -laukku on suuri, mukava ja k\u00e4yt\u00e4nn\u00f6llinen k\u00e4silaukku, jota voi kantaa k\u00e4sivarrella tai olan yli. Laukku on valmistettu kauniista, kest\u00e4v\u00e4st\u00e4 ja kierr\u00e4tett\u00e4v\u00e4st\u00e4 puuvillasta, joka korostaa sek\u00e4 tyyli\u00e4 ett\u00e4 toiminnallisuutta.<\/h6>\n","protected":false},"featured_media":74609,"comment_status":"open","ping_status":"closed","template":"","meta":{"_acf_changed":false,"om_disable_all_campaigns":false,"_monsterinsights_skip_tracking":false,"_monsterinsights_sitenote_active":false,"_monsterinsights_sitenote_note":"","_monsterinsights_sitenote_category":0,"_uf_show_specific_survey":0,"_uf_disable_surveys":false,"site-sidebar-layout":"default","site-content-layout":"","ast-site-content-layout":"default","site-content-style":"default","site-sidebar-style":"default","ast-global-header-display":"","ast-banner-title-visibility":"","ast-main-header-display":"","ast-hfb-above-header-display":"","ast-hfb-below-header-display":"","ast-hfb-mobile-header-display":"","site-post-title":"","ast-breadcrumbs-content":"","ast-featured-img":"","footer-sml-layout":"","theme-transparent-header-meta":"default","adv-header-id-meta":"","stick-header-meta":"","header-above-stick-meta":"","header-main-stick-meta":"","header-below-stick-meta":"","astra-migrate-meta-layouts":"set","ast-page-background-enabled":"default","ast-page-background-meta":{"desktop":{"background-color":"var(--ast-global-color-4)","background-image":"","background-repeat":"repeat","background-position":"center center","background-size":"auto","background-attachment":"scroll","background-type":"","background-media":"","overlay-type":"","overlay-color":"","overlay-opacity":"","overlay-gradient":""},"tablet":{"background-color":"","background-image":"","background-repeat":"repeat","background-position":"center center","background-size":"auto","background-attachment":"scroll","background-type":"","background-media":"","overlay-type":"","overlay-color":"","overlay-opacity":"","overlay-gradient":""},"mobile":{"background-color":"","background-image":"","background-repeat":"repeat","background-position":"center center","background-size":"auto","background-attachment":"scroll","background-type":"","background-media":"","overlay-type":"","overlay-color":"","overlay-opacity":"","overlay-gradient":""}},"ast-content-background-meta":{"desktop":{"background-color":"var(--ast-global-color-5)","background-image":"","background-repeat":"repeat","background-position":"center center","background-size":"auto","background-attachment":"scroll","background-type":"","background-media":"","overlay-type":"","overlay-color":"","overlay-opacity":"","overlay-gradient":""},"tablet":{"background-color":"var(--ast-global-color-5)","background-image":"","background-repeat":"repeat","background-position":"center center","background-size":"auto","background-attachment":"scroll","background-type":"","background-media":"","overlay-type":"","overlay-color":"","overlay-opacity":"","overlay-gradient":""},"mobile":{"background-color":"var(--ast-global-color-5)","background-image":"","background-repeat":"repeat","background-position":"center center","background-size":"auto","background-attachment":"scroll","background-type":"","background-media":"","overlay-type":"","overlay-color":"","overlay-opacity":"","overlay-gradient":""}}},"product_brand":[],"product_cat":[1185,536,721,518],"product_tag":[],"class_list":{"0":"post-75351","1":"product","2":"type-product","3":"status-publish","4":"has-post-thumbnail","6":"product_cat-kongwalther","7":"product_cat-laukut-ja-reput","8":"product_cat-lisaa","9":"product_cat-uudet-tuotteet","10":"desktop-align-left","11":"tablet-align-left","12":"mobile-align-left","14":"first","15":"instock","16":"taxable","17":"shipping-taxable","18":"purchasable","19":"product-type-simple"},"acf":[],"aioseo_notices":[],"_links":{"self":[{"href":"https:\/\/hummy.ee\/fi\/wp-json\/wp\/v2\/product\/75351","targetHints":{"allow":["GET"]}}],"collection":[{"href":"https:\/\/hummy.ee\/fi\/wp-json\/wp\/v2\/product"}],"about":[{"href":"https:\/\/hummy.ee\/fi\/wp-json\/wp\/v2\/types\/product"}],"replies":[{"embeddable":true,"href":"https:\/\/hummy.ee\/fi\/wp-json\/wp\/v2\/comments?post=75351"}],"version-history":[{"count":4,"href":"https:\/\/hummy.ee\/fi\/wp-json\/wp\/v2\/product\/75351\/revisions"}],"predecessor-version":[{"id":81575,"href":"https:\/\/hummy.ee\/fi\/wp-json\/wp\/v2\/product\/75351\/revisions\/81575"}],"wp:featuredmedia":[{"embeddable":true,"href":"https:\/\/hummy.ee\/fi\/wp-json\/wp\/v2\/media\/74609"}],"wp:attachment":[{"href":"https:\/\/hummy.ee\/fi\/wp-json\/wp\/v2\/media?parent=75351"}],"wp:term":[{"taxonomy":"product_brand","embeddable":true,"href":"https:\/\/hummy.ee\/fi\/wp-json\/wp\/v2\/product_brand?post=75351"},{"taxonomy":"product_cat","embeddable":true,"href":"https:\/\/hummy.ee\/fi\/wp-json\/wp\/v2\/product_cat?post=75351"},{"taxonomy":"product_tag","embeddable":true,"href":"https:\/\/hummy.ee\/fi\/wp-json\/wp\/v2\/product_tag?post=75351"}],"curies":[{"name":"wp","href":"https:\/\/api.w.org\/{rel}","templated":true}]}}