{"id":75349,"date":"2025-11-24T19:12:45","date_gmt":"2025-11-24T19:12:45","guid":{"rendered":"https:\/\/hummy.ee\/product\/kong-walther-magic-shopper-nylon-verkkolaukku\/"},"modified":"2026-02-16T09:33:19","modified_gmt":"2026-02-16T09:33:19","slug":"kong-walther-magic-shopper-nylon-verkkolaukku","status":"publish","type":"product","link":"https:\/\/hummy.ee\/fi\/tuote\/kong-walther-magic-shopper-nylon-verkkolaukku\/","title":{"rendered":"Kong.Walther Magic Shopper Nylon verkkolaukku"},"content":{"rendered":"<h6 data-start=\"447\" data-end=\"672\">Suuren p\u00e4\u00e4lokeron lis\u00e4ksi verkossa on pieni lis\u00e4tasku, johon voit laittaa avaimet tai muut pienet tavarat, jotta ne ovat aina k\u00e4den ulottuvilla. Se on valmistettu 100-prosenttisesti kierr\u00e4tetyst\u00e4 puuvillasta, joten se on ymp\u00e4rist\u00f6yst\u00e4v\u00e4llinen ja kest\u00e4v\u00e4 valinta.<\/h6>\n<p>&nbsp;<\/p>\n<h6 data-start=\"674\" data-end=\"690\"><em><strong>Ominaisuudet<\/strong><\/em><\/h6>\n<ul data-start=\"691\" data-end=\"1003\">\n<li data-start=\"691\" data-end=\"740\">\n<h6 data-start=\"693\" data-end=\"740\">Valmistettu 100 % kierr\u00e4tetyst\u00e4 puuvillasta<\/h6>\n<\/li>\n<li data-start=\"741\" data-end=\"790\">\n<h6 data-start=\"743\" data-end=\"790\">Helppo asennus - kiinnitet\u00e4\u00e4n haarukkapulteilla<\/h6>\n<\/li>\n<li data-start=\"791\" data-end=\"852\">\n<h6 data-start=\"793\" data-end=\"852\">Sopii kaikkiin k\u00e4rryihin ja vaunuihin.<\/h6>\n<\/li>\n<li data-start=\"853\" data-end=\"907\">\n<h6 data-start=\"855\" data-end=\"907\">Lis\u00e4tasku avaimille tai pienemmille tavaroille<\/h6>\n<\/li>\n<li data-start=\"908\" data-end=\"1003\">\n<h6 data-start=\"910\" data-end=\"1003\">Huomautus: Varmista aina, ettei kahvan p\u00e4\u00e4ll\u00e4 ole ylim\u00e4\u00e4r\u00e4ist\u00e4 painoa, jotta lastenrattaat ei kallistu taaksep\u00e4in.<\/h6>\n<\/li>\n<\/ul>\n","protected":false},"excerpt":{"rendered":"<h6 data-start=\"115\" data-end=\"190\">Magic Shopper Nylon verkkolaukku - k\u00e4yt\u00e4nn\u00f6llinen ja tilava verkkolaukku ostosk\u00e4rryyn. Kong.Waltherin Magic Shopper Nylon -verkkolaukku on suuri, kest\u00e4v\u00e4 ja mukava verkkolaukku, joka kiinnitet\u00e4\u00e4n vahvoilla hihnoilla suoraan lastenrattaiden kahvaan. Se sopii k\u00e4ytett\u00e4v\u00e4ksi kaikkien lastenvaunujen, -rattaiden ja -rattaiden kanssa.<\/h6>\n","protected":false},"featured_media":74659,"comment_status":"open","ping_status":"closed","template":"","meta":{"_acf_changed":false,"om_disable_all_campaigns":false,"_monsterinsights_skip_tracking":false,"_monsterinsights_sitenote_active":false,"_monsterinsights_sitenote_note":"","_monsterinsights_sitenote_category":0,"_uf_show_specific_survey":0,"_uf_disable_surveys":false,"site-sidebar-layout":"default","site-content-layout":"","ast-site-content-layout":"default","site-content-style":"default","site-sidebar-style":"default","ast-global-header-display":"","ast-banner-title-visibility":"","ast-main-header-display":"","ast-hfb-above-header-display":"","ast-hfb-below-header-display":"","ast-hfb-mobile-header-display":"","site-post-title":"","ast-breadcrumbs-content":"","ast-featured-img":"","footer-sml-layout":"","theme-transparent-header-meta":"default","adv-header-id-meta":"","stick-header-meta":"","header-above-stick-meta":"","header-main-stick-meta":"","header-below-stick-meta":"","astra-migrate-meta-layouts":"set","ast-page-background-enabled":"default","ast-page-background-meta":{"desktop":{"background-color":"var(--ast-global-color-4)","background-image":"","background-repeat":"repeat","background-position":"center center","background-size":"auto","background-attachment":"scroll","background-type":"","background-media":"","overlay-type":"","overlay-color":"","overlay-opacity":"","overlay-gradient":""},"tablet":{"background-color":"","background-image":"","background-repeat":"repeat","background-position":"center center","background-size":"auto","background-attachment":"scroll","background-type":"","background-media":"","overlay-type":"","overlay-color":"","overlay-opacity":"","overlay-gradient":""},"mobile":{"background-color":"","background-image":"","background-repeat":"repeat","background-position":"center center","background-size":"auto","background-attachment":"scroll","background-type":"","background-media":"","overlay-type":"","overlay-color":"","overlay-opacity":"","overlay-gradient":""}},"ast-content-background-meta":{"desktop":{"background-color":"var(--ast-global-color-5)","background-image":"","background-repeat":"repeat","background-position":"center center","background-size":"auto","background-attachment":"scroll","background-type":"","background-media":"","overlay-type":"","overlay-color":"","overlay-opacity":"","overlay-gradient":""},"tablet":{"background-color":"var(--ast-global-color-5)","background-image":"","background-repeat":"repeat","background-position":"center center","background-size":"auto","background-attachment":"scroll","background-type":"","background-media":"","overlay-type":"","overlay-color":"","overlay-opacity":"","overlay-gradient":""},"mobile":{"background-color":"var(--ast-global-color-5)","background-image":"","background-repeat":"repeat","background-position":"center center","background-size":"auto","background-attachment":"scroll","background-type":"","background-media":"","overlay-type":"","overlay-color":"","overlay-opacity":"","overlay-gradient":""}}},"product_brand":[],"product_cat":[1185,536,721,518],"product_tag":[],"class_list":{"0":"post-75349","1":"product","2":"type-product","3":"status-publish","4":"has-post-thumbnail","6":"product_cat-kongwalther","7":"product_cat-laukut-ja-reput","8":"product_cat-lisaa","9":"product_cat-uudet-tuotteet","10":"desktop-align-left","11":"tablet-align-left","12":"mobile-align-left","14":"first","15":"instock","16":"taxable","17":"shipping-taxable","18":"purchasable","19":"product-type-simple"},"acf":[],"aioseo_notices":[],"_links":{"self":[{"href":"https:\/\/hummy.ee\/fi\/wp-json\/wp\/v2\/product\/75349","targetHints":{"allow":["GET"]}}],"collection":[{"href":"https:\/\/hummy.ee\/fi\/wp-json\/wp\/v2\/product"}],"about":[{"href":"https:\/\/hummy.ee\/fi\/wp-json\/wp\/v2\/types\/product"}],"replies":[{"embeddable":true,"href":"https:\/\/hummy.ee\/fi\/wp-json\/wp\/v2\/comments?post=75349"}],"version-history":[{"count":4,"href":"https:\/\/hummy.ee\/fi\/wp-json\/wp\/v2\/product\/75349\/revisions"}],"predecessor-version":[{"id":81574,"href":"https:\/\/hummy.ee\/fi\/wp-json\/wp\/v2\/product\/75349\/revisions\/81574"}],"wp:featuredmedia":[{"embeddable":true,"href":"https:\/\/hummy.ee\/fi\/wp-json\/wp\/v2\/media\/74659"}],"wp:attachment":[{"href":"https:\/\/hummy.ee\/fi\/wp-json\/wp\/v2\/media?parent=75349"}],"wp:term":[{"taxonomy":"product_brand","embeddable":true,"href":"https:\/\/hummy.ee\/fi\/wp-json\/wp\/v2\/product_brand?post=75349"},{"taxonomy":"product_cat","embeddable":true,"href":"https:\/\/hummy.ee\/fi\/wp-json\/wp\/v2\/product_cat?post=75349"},{"taxonomy":"product_tag","embeddable":true,"href":"https:\/\/hummy.ee\/fi\/wp-json\/wp\/v2\/product_tag?post=75349"}],"curies":[{"name":"wp","href":"https:\/\/api.w.org\/{rel}","templated":true}]}}