{"id":75256,"date":"2025-11-24T19:12:04","date_gmt":"2025-11-24T19:12:04","guid":{"rendered":"https:\/\/hummy.ee\/product\/kong-walther-osterbro-jalkapeite\/"},"modified":"2026-04-18T19:18:32","modified_gmt":"2026-04-18T19:18:32","slug":"kong-walther-osterbro-lampopussi","status":"publish","type":"product","link":"https:\/\/hummy.ee\/fi\/tuote\/kong-walther-osterbro-lampopussi\/","title":{"rendered":"Kong.Walther \u00d8sterbro l\u00e4mp\u00f6pussi"},"content":{"rendered":"<h6 data-start=\"653\" data-end=\"687\"><em><strong>Pehme\u00e4, l\u00e4mmin ja hengitt\u00e4v\u00e4 l\u00e4mp\u00f6pussi<\/strong><\/em><\/h6>\n<h6 data-start=\"688\" data-end=\"886\">L\u00e4mp\u00f6pussin sis\u00e4puoli on vuorattu erityisen pehme\u00e4ll\u00e4 velboa-fleecell\u00e4, joka tuntuu l\u00e4mpim\u00e4lt\u00e4 halaukselta. T\u00e4ytteen\u00e4 on kevyt, pest\u00e4v\u00e4 ja kierr\u00e4tetty polyesteri \u2013 se pit\u00e4\u00e4 hyvin l\u00e4mp\u00f6\u00e4, mutta ei tee pussista raskasta. Pintamateriaali on valmistettu kierr\u00e4tetyst\u00e4 polyesterist\u00e4 ja se hylkii tuulta ja kosteutta, jotta lapsi on suojattu kaikissa s\u00e4\u00e4olosuhteissa.<\/h6>\n<p>&nbsp;<\/p>\n<h6 data-start=\"1019\" data-end=\"1045\"><em><strong>Ominaisuudet<\/strong><\/em><\/h6>\n<ul data-start=\"1046\" data-end=\"1390\">\n<li data-start=\"1046\" data-end=\"1129\">\n<h6 data-start=\"1048\" data-end=\"1129\">Sivusta avattava vetoketju \u2013 helppo nostaa lapsi ulos my\u00f6s h\u00e4nen nukkuessaan<\/h6>\n<\/li>\n<li data-start=\"1130\" data-end=\"1253\">\n<h6 data-start=\"1132\" data-end=\"1253\">S\u00e4\u00e4dett\u00e4v\u00e4 huppu ja pohja-aukko \u2013 mahdollistaa l\u00e4mp\u00f6pussin koon s\u00e4\u00e4t\u00e4misen sek\u00e4 tarjoaa ilmanvaihtoa l\u00e4mpimin\u00e4 p\u00e4ivin\u00e4<\/h6>\n<\/li>\n<li data-start=\"1254\" data-end=\"1326\">\n<h6 data-start=\"1256\" data-end=\"1326\">Universaali yhteensopivuus \u2013 sopii kaikkiin lastenvaunuihin ja rattaisiin<\/h6>\n<\/li>\n<li data-start=\"1327\" data-end=\"1390\">\n<h6 data-start=\"1329\" data-end=\"1390\">K\u00e4ytett\u00e4viss\u00e4 vastasyntyneest\u00e4 noin 4- vuotiaaksi asti<\/h6>\n<\/li>\n<\/ul>\n<h6 data-start=\"1392\" data-end=\"1420\"><em><strong>Materiaalit ja ominaisuudet<\/strong><\/em><\/h6>\n<ul data-start=\"1421\" data-end=\"1710\">\n<li data-start=\"1421\" data-end=\"1465\">\n<h6 data-start=\"1423\" data-end=\"1465\">Eritt\u00e4in pehme\u00e4 velboa-fleece-sis\u00e4vuori<\/h6>\n<\/li>\n<li data-start=\"1466\" data-end=\"1501\">\n<h6 data-start=\"1468\" data-end=\"1501\">Kevyt ja pest\u00e4v\u00e4 polyesterit\u00e4yte<\/h6>\n<\/li>\n<li data-start=\"1502\" data-end=\"1543\">\n<h6 data-start=\"1504\" data-end=\"1543\">Pintakangas kierr\u00e4tetyst\u00e4 polyesterist\u00e4<\/h6>\n<\/li>\n<li data-start=\"1544\" data-end=\"1578\">\n<h6 data-start=\"1546\" data-end=\"1578\">Tuulen- ja vedenpit\u00e4v\u00e4 pintamateriaali<\/h6>\n<\/li>\n<li data-start=\"1579\" data-end=\"1612\">\n<h6 data-start=\"1581\" data-end=\"1612\">Sivulla oleva laadukas vetoketju<\/h6>\n<\/li>\n<li data-start=\"1613\" data-end=\"1652\">\n<h6 data-start=\"1615\" data-end=\"1652\">S\u00e4\u00e4dett\u00e4v\u00e4 huppu ja ala-aukko<\/h6>\n<\/li>\n<li data-start=\"1653\" data-end=\"1710\">\n<h6 data-start=\"1655\" data-end=\"1710\">Universaali yhteensopivuus useimpiin lastenvaunuihin ja rattaisiin<\/h6>\n<\/li>\n<\/ul>\n<h6 data-start=\"1712\" data-end=\"1731\"><em><strong>Hoito-ohjeet<\/strong><\/em><\/h6>\n<ul data-start=\"1732\" data-end=\"1774\">\n<li data-start=\"1732\" data-end=\"1751\">\n<h6 data-start=\"1734\" data-end=\"1751\">Hienopesuohjelma<\/h6>\n<\/li>\n<li data-start=\"1752\" data-end=\"1774\">\n<h6 data-start=\"1754\" data-end=\"1774\">Kuivata ilmakuivauksella<\/h6>\n<\/li>\n<\/ul>\n","protected":false},"excerpt":{"rendered":"<h6 data-start=\"269\" data-end=\"309\">KONG.WALTHERin \u00d8sterbro-l\u00e4mp\u00f6pussi on tyylik\u00e4s ja k\u00e4yt\u00e4nn\u00f6llinen ja pit\u00e4\u00e4 lapsesi l\u00e4mpim\u00e4n\u00e4, kuivana ja turvassa my\u00f6s kylmimp\u00e4n\u00e4 vuodenaikana. \u00d8sterbro-l\u00e4mp\u00f6pussi yhdist\u00e4\u00e4 modernin muotoilun ja arjen mukavuuden. Sen ulkon\u00e4k\u00f6 on yhteensopiva suosittujen \u00d8sterbro Puffer -vaunuk\u00e4sineidemme kanssa, jotta voit halutessasi luoda yhten\u00e4isen ja minimalistisen kokonaisuuden rattaisiisi.<\/h6>\n","protected":false},"featured_media":74470,"comment_status":"open","ping_status":"closed","template":"","meta":{"_acf_changed":false,"om_disable_all_campaigns":false,"_monsterinsights_skip_tracking":false,"_monsterinsights_sitenote_active":false,"_monsterinsights_sitenote_note":"","_monsterinsights_sitenote_category":0,"_uf_show_specific_survey":0,"_uf_disable_surveys":false,"site-sidebar-layout":"default","site-content-layout":"","ast-site-content-layout":"default","site-content-style":"default","site-sidebar-style":"default","ast-global-header-display":"","ast-banner-title-visibility":"","ast-main-header-display":"","ast-hfb-above-header-display":"","ast-hfb-below-header-display":"","ast-hfb-mobile-header-display":"","site-post-title":"","ast-breadcrumbs-content":"","ast-featured-img":"","footer-sml-layout":"","theme-transparent-header-meta":"default","adv-header-id-meta":"","stick-header-meta":"","header-above-stick-meta":"","header-main-stick-meta":"","header-below-stick-meta":"","astra-migrate-meta-layouts":"set","ast-page-background-enabled":"default","ast-page-background-meta":{"desktop":{"background-color":"var(--ast-global-color-4)","background-image":"","background-repeat":"repeat","background-position":"center center","background-size":"auto","background-attachment":"scroll","background-type":"","background-media":"","overlay-type":"","overlay-color":"","overlay-opacity":"","overlay-gradient":""},"tablet":{"background-color":"","background-image":"","background-repeat":"repeat","background-position":"center center","background-size":"auto","background-attachment":"scroll","background-type":"","background-media":"","overlay-type":"","overlay-color":"","overlay-opacity":"","overlay-gradient":""},"mobile":{"background-color":"","background-image":"","background-repeat":"repeat","background-position":"center center","background-size":"auto","background-attachment":"scroll","background-type":"","background-media":"","overlay-type":"","overlay-color":"","overlay-opacity":"","overlay-gradient":""}},"ast-content-background-meta":{"desktop":{"background-color":"var(--ast-global-color-5)","background-image":"","background-repeat":"repeat","background-position":"center center","background-size":"auto","background-attachment":"scroll","background-type":"","background-media":"","overlay-type":"","overlay-color":"","overlay-opacity":"","overlay-gradient":""},"tablet":{"background-color":"var(--ast-global-color-5)","background-image":"","background-repeat":"repeat","background-position":"center center","background-size":"auto","background-attachment":"scroll","background-type":"","background-media":"","overlay-type":"","overlay-color":"","overlay-opacity":"","overlay-gradient":""},"mobile":{"background-color":"var(--ast-global-color-5)","background-image":"","background-repeat":"repeat","background-position":"center center","background-size":"auto","background-attachment":"scroll","background-type":"","background-media":"","overlay-type":"","overlay-color":"","overlay-opacity":"","overlay-gradient":""}}},"product_brand":[],"product_cat":[417,1185,518],"product_tag":[],"class_list":{"0":"post-75256","1":"product","2":"type-product","3":"status-publish","4":"has-post-thumbnail","6":"product_cat-kuumat-pussit","7":"product_cat-kongwalther","8":"product_cat-uudet-tuotteet","9":"desktop-align-left","10":"tablet-align-left","11":"mobile-align-left","13":"first","14":"instock","15":"taxable","16":"shipping-taxable","17":"purchasable","18":"product-type-variable"},"acf":[],"aioseo_notices":[],"_links":{"self":[{"href":"https:\/\/hummy.ee\/fi\/wp-json\/wp\/v2\/product\/75256","targetHints":{"allow":["GET"]}}],"collection":[{"href":"https:\/\/hummy.ee\/fi\/wp-json\/wp\/v2\/product"}],"about":[{"href":"https:\/\/hummy.ee\/fi\/wp-json\/wp\/v2\/types\/product"}],"replies":[{"embeddable":true,"href":"https:\/\/hummy.ee\/fi\/wp-json\/wp\/v2\/comments?post=75256"}],"version-history":[{"count":7,"href":"https:\/\/hummy.ee\/fi\/wp-json\/wp\/v2\/product\/75256\/revisions"}],"predecessor-version":[{"id":87131,"href":"https:\/\/hummy.ee\/fi\/wp-json\/wp\/v2\/product\/75256\/revisions\/87131"}],"wp:featuredmedia":[{"embeddable":true,"href":"https:\/\/hummy.ee\/fi\/wp-json\/wp\/v2\/media\/74470"}],"wp:attachment":[{"href":"https:\/\/hummy.ee\/fi\/wp-json\/wp\/v2\/media?parent=75256"}],"wp:term":[{"taxonomy":"product_brand","embeddable":true,"href":"https:\/\/hummy.ee\/fi\/wp-json\/wp\/v2\/product_brand?post=75256"},{"taxonomy":"product_cat","embeddable":true,"href":"https:\/\/hummy.ee\/fi\/wp-json\/wp\/v2\/product_cat?post=75256"},{"taxonomy":"product_tag","embeddable":true,"href":"https:\/\/hummy.ee\/fi\/wp-json\/wp\/v2\/product_tag?post=75256"}],"curies":[{"name":"wp","href":"https:\/\/api.w.org\/{rel}","templated":true}]}}