{"id":75202,"date":"2025-11-24T19:11:48","date_gmt":"2025-11-24T19:11:48","guid":{"rendered":"https:\/\/hummy.ee\/product\/kong-walther-help-me-hooks-vaunukoukut-vaunukoukut\/"},"modified":"2026-02-16T09:32:39","modified_gmt":"2026-02-16T09:32:39","slug":"kong-walther-help-me-hooks-vaunukoukut-vaunukoukut","status":"publish","type":"product","link":"https:\/\/hummy.ee\/fi\/tuote\/kong-walther-help-me-hooks-vaunukoukut-vaunukoukut\/","title":{"rendered":"Kong.Walther Help Me Hooks vaunukoukut vaunukoukut"},"content":{"rendered":"<h6 data-start=\"481\" data-end=\"529\"><em><strong>Miksi valita HELP ME HOOKS -vaunukoukut?<\/strong><\/em><\/h6>\n<ul data-start=\"530\" data-end=\"876\">\n<li data-start=\"530\" data-end=\"647\">\n<h6 data-start=\"532\" data-end=\"647\">Kiinnit\u00e4 kahvaan eritt\u00e4in lujalla k\u00f6ydell\u00e4, joka pit\u00e4\u00e4 koukut tukevasti paikallaan my\u00f6s raskaassa kuormituksessa.<\/h6>\n<\/li>\n<li data-start=\"648\" data-end=\"788\">\n<h6 data-start=\"650\" data-end=\"788\">Siin\u00e4 on kaksi tukevaa karabiinikoukkua, joihin voit ripustaa k\u00e4tev\u00e4sti ostoskasseja, k\u00e4silaukkuja, vaippakasseja tai muita tarvikkeita.<\/h6>\n<\/li>\n<li data-start=\"789\" data-end=\"876\">\n<h6 data-start=\"791\" data-end=\"876\">Valmistettu 100 % vegaaninahasta, joka on tyylik\u00e4st\u00e4, ymp\u00e4rist\u00f6yst\u00e4v\u00e4llist\u00e4 ja kest\u00e4v\u00e4\u00e4.<\/h6>\n<\/li>\n<\/ul>\n<h6 data-start=\"878\" data-end=\"900\"><em><strong>Ominaisuudet<\/strong><\/em><\/h6>\n<ul data-start=\"901\" data-end=\"1158\">\n<li data-start=\"901\" data-end=\"935\">\n<h6 data-start=\"903\" data-end=\"935\">Mukana: 2 vaunukoukkua<\/h6>\n<\/li>\n<li data-start=\"936\" data-end=\"969\">\n<h6 data-start=\"938\" data-end=\"969\">Materiaali: 100% vegaaninahkaa<\/h6>\n<\/li>\n<li data-start=\"970\" data-end=\"1028\">\n<h6 data-start=\"972\" data-end=\"1028\">K\u00e4ytt\u00f6: raskaampien laukkujen ja esineiden ripustamiseen.<\/h6>\n<\/li>\n<li data-start=\"1029\" data-end=\"1079\">\n<h6 data-start=\"1031\" data-end=\"1079\">Kantavuus: enint\u00e4\u00e4n 5 kg koukkua kohti<\/h6>\n<\/li>\n<li data-start=\"1080\" data-end=\"1158\">\n<h6 data-start=\"1082\" data-end=\"1158\">Huomautus: V\u00e4lt\u00e4 lastenrattaiden ylikuormittamista, jotta ne eiv\u00e4t kaadu taaksep\u00e4in.<\/h6>\n<\/li>\n<\/ul>\n","protected":false},"excerpt":{"rendered":"<h6 data-start=\"95\" data-end=\"177\">Help Me Hooks -vaunukoukut ovat luotettava apulaisesi jokaisella k\u00e4velyll\u00e4. KongWaltherin Help Me Hooks -vaunukoukut tarjoavat k\u00e4yt\u00e4nn\u00f6llisen ratkaisun jokap\u00e4iv\u00e4isiin tilanteisiin, joissa ostoskassit painavat liikaa tai lastenrattailla ei ole sopivaa ripustuspaikkaa vaippakassille. Koukut sopivat kaikkiin vaunuihin ja lastenrattaisiin, ja ne kiinnittyv\u00e4t turvallisesti kaikenlaisiin kahvoihin.<\/h6>\n<p>&nbsp;<\/p>\n","protected":false},"featured_media":74497,"comment_status":"open","ping_status":"closed","template":"","meta":{"_acf_changed":false,"om_disable_all_campaigns":false,"_monsterinsights_skip_tracking":false,"_monsterinsights_sitenote_active":false,"_monsterinsights_sitenote_note":"","_monsterinsights_sitenote_category":0,"_uf_show_specific_survey":0,"_uf_disable_surveys":false,"site-sidebar-layout":"default","site-content-layout":"","ast-site-content-layout":"default","site-content-style":"default","site-sidebar-style":"default","ast-global-header-display":"","ast-banner-title-visibility":"","ast-main-header-display":"","ast-hfb-above-header-display":"","ast-hfb-below-header-display":"","ast-hfb-mobile-header-display":"","site-post-title":"","ast-breadcrumbs-content":"","ast-featured-img":"","footer-sml-layout":"","theme-transparent-header-meta":"default","adv-header-id-meta":"","stick-header-meta":"","header-above-stick-meta":"","header-main-stick-meta":"","header-below-stick-meta":"","astra-migrate-meta-layouts":"set","ast-page-background-enabled":"default","ast-page-background-meta":{"desktop":{"background-color":"var(--ast-global-color-4)","background-image":"","background-repeat":"repeat","background-position":"center center","background-size":"auto","background-attachment":"scroll","background-type":"","background-media":"","overlay-type":"","overlay-color":"","overlay-opacity":"","overlay-gradient":""},"tablet":{"background-color":"","background-image":"","background-repeat":"repeat","background-position":"center center","background-size":"auto","background-attachment":"scroll","background-type":"","background-media":"","overlay-type":"","overlay-color":"","overlay-opacity":"","overlay-gradient":""},"mobile":{"background-color":"","background-image":"","background-repeat":"repeat","background-position":"center center","background-size":"auto","background-attachment":"scroll","background-type":"","background-media":"","overlay-type":"","overlay-color":"","overlay-opacity":"","overlay-gradient":""}},"ast-content-background-meta":{"desktop":{"background-color":"var(--ast-global-color-5)","background-image":"","background-repeat":"repeat","background-position":"center center","background-size":"auto","background-attachment":"scroll","background-type":"","background-media":"","overlay-type":"","overlay-color":"","overlay-opacity":"","overlay-gradient":""},"tablet":{"background-color":"var(--ast-global-color-5)","background-image":"","background-repeat":"repeat","background-position":"center center","background-size":"auto","background-attachment":"scroll","background-type":"","background-media":"","overlay-type":"","overlay-color":"","overlay-opacity":"","overlay-gradient":""},"mobile":{"background-color":"var(--ast-global-color-5)","background-image":"","background-repeat":"repeat","background-position":"center center","background-size":"auto","background-attachment":"scroll","background-type":"","background-media":"","overlay-type":"","overlay-color":"","overlay-opacity":"","overlay-gradient":""}}},"product_brand":[],"product_cat":[1185,721,518],"product_tag":[],"class_list":{"0":"post-75202","1":"product","2":"type-product","3":"status-publish","4":"has-post-thumbnail","6":"product_cat-kongwalther","7":"product_cat-lisaa","8":"product_cat-uudet-tuotteet","9":"desktop-align-left","10":"tablet-align-left","11":"mobile-align-left","13":"first","14":"instock","15":"taxable","16":"shipping-taxable","17":"purchasable","18":"product-type-variable"},"acf":[],"aioseo_notices":[],"_links":{"self":[{"href":"https:\/\/hummy.ee\/fi\/wp-json\/wp\/v2\/product\/75202","targetHints":{"allow":["GET"]}}],"collection":[{"href":"https:\/\/hummy.ee\/fi\/wp-json\/wp\/v2\/product"}],"about":[{"href":"https:\/\/hummy.ee\/fi\/wp-json\/wp\/v2\/types\/product"}],"replies":[{"embeddable":true,"href":"https:\/\/hummy.ee\/fi\/wp-json\/wp\/v2\/comments?post=75202"}],"version-history":[{"count":4,"href":"https:\/\/hummy.ee\/fi\/wp-json\/wp\/v2\/product\/75202\/revisions"}],"predecessor-version":[{"id":81570,"href":"https:\/\/hummy.ee\/fi\/wp-json\/wp\/v2\/product\/75202\/revisions\/81570"}],"wp:featuredmedia":[{"embeddable":true,"href":"https:\/\/hummy.ee\/fi\/wp-json\/wp\/v2\/media\/74497"}],"wp:attachment":[{"href":"https:\/\/hummy.ee\/fi\/wp-json\/wp\/v2\/media?parent=75202"}],"wp:term":[{"taxonomy":"product_brand","embeddable":true,"href":"https:\/\/hummy.ee\/fi\/wp-json\/wp\/v2\/product_brand?post=75202"},{"taxonomy":"product_cat","embeddable":true,"href":"https:\/\/hummy.ee\/fi\/wp-json\/wp\/v2\/product_cat?post=75202"},{"taxonomy":"product_tag","embeddable":true,"href":"https:\/\/hummy.ee\/fi\/wp-json\/wp\/v2\/product_tag?post=75202"}],"curies":[{"name":"wp","href":"https:\/\/api.w.org\/{rel}","templated":true}]}}