{"id":75179,"date":"2025-11-24T19:11:34","date_gmt":"2025-11-24T19:11:34","guid":{"rendered":"https:\/\/hummy.ee\/product\/kong-walther-osterbro-puffer-vaunun-kahleet\/"},"modified":"2026-02-16T09:32:30","modified_gmt":"2026-02-16T09:32:30","slug":"kong-walther-osterbro-puffer-vaunun-kahleet","status":"publish","type":"product","link":"https:\/\/hummy.ee\/fi\/tuote\/kong-walther-osterbro-puffer-vaunun-kahleet\/","title":{"rendered":"Kong.Walther \u00d8sterbro Puffer-vaunun kahleet"},"content":{"rendered":"<h6 data-start=\"106\" data-end=\"184\"><strong><em>\u00d8sterbro vaunuhanskat - l\u00e4mpim\u00e4t ja k\u00e4yt\u00e4nn\u00f6lliset vaunuhanskat KONG.WALTHERilta<\/em><\/strong><\/h6>\n<h6 data-start=\"186\" data-end=\"552\">\u00d8sterbron vaunuk\u00e4sineet on suunniteltu vanhemmille, jotka ovat kyll\u00e4styneet kylmiin k\u00e4siin lastenrattaissa kulkiessaan - ja joiden vauvalla on tapana pudottaa lapaset jatkuvasti. KongWalther-vaunuk\u00e4sineiden avulla sinulla on aina k\u00e4det vapaana toimintaan: voit nopeasti nostaa tossun, auttaa vauvaa tai siemaista l\u00e4mmint\u00e4 kahvia ja sujauttaa k\u00e4det takaisin k\u00e4sineisiin, mukavasti ja l\u00e4mpim\u00e4sti.<\/h6>\n<p>&nbsp;<\/p>\n<h6 data-start=\"554\" data-end=\"600\"><em><strong>Sopii kaikkiin k\u00e4rryihin ja vaunuihin.<\/strong><\/em><\/h6>\n<h6 data-start=\"601\" data-end=\"758\">Vaunuhihnat ovat yleiskokoisia (yksi koko), ja ne voidaan helposti kiinnitt\u00e4\u00e4 mihin tahansa lastenrattaan tai k\u00e4rryn kahvaan. Suunniteltu jokap\u00e4iv\u00e4iseen k\u00e4ytt\u00f6\u00f6n kaikissa s\u00e4\u00e4olosuhteissa.<\/h6>\n<p>&nbsp;<\/p>\n<h6 data-start=\"760\" data-end=\"791\"><em><strong>Materiaalit ja laatu<\/strong><\/em><\/h6>\n<ul data-start=\"792\" data-end=\"960\">\n<li data-start=\"792\" data-end=\"812\">\n<h6 data-start=\"794\" data-end=\"812\">100% polyesteri\u00e4<\/h6>\n<\/li>\n<li data-start=\"813\" data-end=\"836\">\n<h6 data-start=\"815\" data-end=\"836\">L\u00e4mmin fleece-vuori<\/h6>\n<\/li>\n<li data-start=\"837\" data-end=\"876\">\n<h6 data-start=\"839\" data-end=\"876\">Tuulen- ja vedenkest\u00e4v\u00e4 pintamateriaali<\/h6>\n<\/li>\n<li data-start=\"877\" data-end=\"960\">\n<h6 data-start=\"879\" data-end=\"960\">Vetolukot molemmilla puolilla - helppo asentaa kaikkiin vaunuihin ja lastenrattaisiin.<\/h6>\n<\/li>\n<\/ul>\n<h6 data-start=\"962\" data-end=\"983\"><strong><em>Huolto-opas<\/em><\/strong><\/h6>\n<ul data-start=\"984\" data-end=\"1014\">\n<li data-start=\"984\" data-end=\"995\">\n<h6 data-start=\"986\" data-end=\"995\">Kemiallinen pesu<\/h6>\n<\/li>\n<li data-start=\"996\" data-end=\"1014\">\n<h6 data-start=\"998\" data-end=\"1014\">Ilmakuiva<\/h6>\n<\/li>\n<\/ul>\n","protected":false},"excerpt":{"rendered":"<h6 data-start=\"156\" data-end=\"236\">\u00d8sterbro Puffer -vaunuhanskat ovat l\u00e4mpim\u00e4t ja k\u00e4yt\u00e4nn\u00f6lliset vaunuhanskat jokaiseen k\u00e4velyyn. Kong.Waltherin \u00d8sterbro Puffer -vaunuhanskat on suunniteltu vanhemmille, joiden k\u00e4det j\u00e4\u00e4htyv\u00e4t helposti k\u00e4velylenkeill\u00e4 - ja niille, joiden vauvoilla on tapana pudottaa lapaset jatkuvasti.<\/h6>\n<p>&nbsp;<\/p>\n","protected":false},"featured_media":75044,"comment_status":"open","ping_status":"closed","template":"","meta":{"_acf_changed":false,"om_disable_all_campaigns":false,"_monsterinsights_skip_tracking":false,"_monsterinsights_sitenote_active":false,"_monsterinsights_sitenote_note":"","_monsterinsights_sitenote_category":0,"_uf_show_specific_survey":0,"_uf_disable_surveys":false,"site-sidebar-layout":"default","site-content-layout":"","ast-site-content-layout":"default","site-content-style":"default","site-sidebar-style":"default","ast-global-header-display":"","ast-banner-title-visibility":"","ast-main-header-display":"","ast-hfb-above-header-display":"","ast-hfb-below-header-display":"","ast-hfb-mobile-header-display":"","site-post-title":"","ast-breadcrumbs-content":"","ast-featured-img":"","footer-sml-layout":"","theme-transparent-header-meta":"default","adv-header-id-meta":"","stick-header-meta":"","header-above-stick-meta":"","header-main-stick-meta":"","header-below-stick-meta":"","astra-migrate-meta-layouts":"set","ast-page-background-enabled":"default","ast-page-background-meta":{"desktop":{"background-color":"var(--ast-global-color-4)","background-image":"","background-repeat":"repeat","background-position":"center center","background-size":"auto","background-attachment":"scroll","background-type":"","background-media":"","overlay-type":"","overlay-color":"","overlay-opacity":"","overlay-gradient":""},"tablet":{"background-color":"","background-image":"","background-repeat":"repeat","background-position":"center center","background-size":"auto","background-attachment":"scroll","background-type":"","background-media":"","overlay-type":"","overlay-color":"","overlay-opacity":"","overlay-gradient":""},"mobile":{"background-color":"","background-image":"","background-repeat":"repeat","background-position":"center center","background-size":"auto","background-attachment":"scroll","background-type":"","background-media":"","overlay-type":"","overlay-color":"","overlay-opacity":"","overlay-gradient":""}},"ast-content-background-meta":{"desktop":{"background-color":"var(--ast-global-color-5)","background-image":"","background-repeat":"repeat","background-position":"center center","background-size":"auto","background-attachment":"scroll","background-type":"","background-media":"","overlay-type":"","overlay-color":"","overlay-opacity":"","overlay-gradient":""},"tablet":{"background-color":"var(--ast-global-color-5)","background-image":"","background-repeat":"repeat","background-position":"center center","background-size":"auto","background-attachment":"scroll","background-type":"","background-media":"","overlay-type":"","overlay-color":"","overlay-opacity":"","overlay-gradient":""},"mobile":{"background-color":"var(--ast-global-color-5)","background-image":"","background-repeat":"repeat","background-position":"center center","background-size":"auto","background-attachment":"scroll","background-type":"","background-media":"","overlay-type":"","overlay-color":"","overlay-opacity":"","overlay-gradient":""}}},"product_brand":[],"product_cat":[1186,1185,518],"product_tag":[],"class_list":{"0":"post-75179","1":"product","2":"type-product","3":"status-publish","4":"has-post-thumbnail","6":"product_cat-kahleet","7":"product_cat-kongwalther","8":"product_cat-uudet-tuotteet","9":"desktop-align-left","10":"tablet-align-left","11":"mobile-align-left","13":"first","14":"instock","15":"taxable","16":"shipping-taxable","17":"purchasable","18":"product-type-variable"},"acf":[],"aioseo_notices":[],"_links":{"self":[{"href":"https:\/\/hummy.ee\/fi\/wp-json\/wp\/v2\/product\/75179","targetHints":{"allow":["GET"]}}],"collection":[{"href":"https:\/\/hummy.ee\/fi\/wp-json\/wp\/v2\/product"}],"about":[{"href":"https:\/\/hummy.ee\/fi\/wp-json\/wp\/v2\/types\/product"}],"replies":[{"embeddable":true,"href":"https:\/\/hummy.ee\/fi\/wp-json\/wp\/v2\/comments?post=75179"}],"version-history":[{"count":5,"href":"https:\/\/hummy.ee\/fi\/wp-json\/wp\/v2\/product\/75179\/revisions"}],"predecessor-version":[{"id":81569,"href":"https:\/\/hummy.ee\/fi\/wp-json\/wp\/v2\/product\/75179\/revisions\/81569"}],"wp:featuredmedia":[{"embeddable":true,"href":"https:\/\/hummy.ee\/fi\/wp-json\/wp\/v2\/media\/75044"}],"wp:attachment":[{"href":"https:\/\/hummy.ee\/fi\/wp-json\/wp\/v2\/media?parent=75179"}],"wp:term":[{"taxonomy":"product_brand","embeddable":true,"href":"https:\/\/hummy.ee\/fi\/wp-json\/wp\/v2\/product_brand?post=75179"},{"taxonomy":"product_cat","embeddable":true,"href":"https:\/\/hummy.ee\/fi\/wp-json\/wp\/v2\/product_cat?post=75179"},{"taxonomy":"product_tag","embeddable":true,"href":"https:\/\/hummy.ee\/fi\/wp-json\/wp\/v2\/product_tag?post=75179"}],"curies":[{"name":"wp","href":"https:\/\/api.w.org\/{rel}","templated":true}]}}