{"id":75171,"date":"2025-11-24T19:02:48","date_gmt":"2025-11-24T19:02:48","guid":{"rendered":"https:\/\/hummy.ee\/product\/kong-walther-osterbro-bundle-mini-vaunulukkosarja-2\/"},"modified":"2026-04-19T10:18:15","modified_gmt":"2026-04-19T10:18:15","slug":"kong-walther-osterbro-bundle-mini-kadenlammittimien-setti-2","status":"publish","type":"product","link":"https:\/\/hummy.ee\/fi\/tuote\/kong-walther-osterbro-bundle-mini-kadenlammittimien-setti-2\/","title":{"rendered":"Kong.Walther \u00d8sterbro Bundle\/Mini k\u00e4denl\u00e4mmittimien setti"},"content":{"rendered":"<h6>Molemmat k\u00e4denl\u00e4mmittimet voidaan kiinnitt\u00e4\u00e4 vaunuihin, rattaisiin, laatikkopy\u00f6riin, lasten py\u00f6riin tai juoksupy\u00f6riin. Lasten \u201cMini\u201d-koko sopii noin 1\u20138-vuotiaille. \u00d8sterbro-k\u00e4denl\u00e4mmittimet on valmistettu kest\u00e4v\u00e4st\u00e4 polyuretaanista ja niiss\u00e4 on l\u00e4mmin fleecevuori. Ne ovat tuulen- ja vedenpit\u00e4v\u00e4t, ja molemmilla sivuilla olevat vetoketjut tekev\u00e4t kiinnitt\u00e4misest\u00e4 nopeaa ja helppoa.<\/h6>\n<h6><\/h6>\n<h6><\/h6>\n<h6><em><strong>Ominaisuudet<\/strong><\/em><\/h6>\n<ul data-start=\"995\" data-end=\"1494\">\n<li data-start=\"995\" data-end=\"1050\">\n<h6>Setti sis\u00e4lt\u00e4\u00e4 2 paria k\u00e4denl\u00e4mmittimi\u00e4 \u2013 aikuiselle ja lapselle<\/h6>\n<\/li>\n<li data-start=\"1051\" data-end=\"1089\">\n<h6>S\u00e4\u00e4st\u00e4t enemm\u00e4n ostamalla n\u00e4m\u00e4 settin\u00e4<\/h6>\n<\/li>\n<li data-start=\"1090\" data-end=\"1138\">\n<h6>Lasten \u201cMini\u201d-koko sopii 1\u20138-vuotiaille<\/h6>\n<\/li>\n<li data-start=\"1139\" data-end=\"1231\">\n<h6>Voidaan kiinnitt\u00e4\u00e4 vaunuihin, rattaisiin, laatikkopy\u00f6r\u00e4\u00e4n, py\u00f6r\u00e4\u00e4n ja juoksupy\u00f6r\u00e4\u00e4n<\/h6>\n<\/li>\n<li data-start=\"1232\" data-end=\"1255\">\n<h6>L\u00e4mmin fleecevuori<\/h6>\n<\/li>\n<li data-start=\"1256\" data-end=\"1284\">\n<h6>Tuulen- ja vedenpit\u00e4v\u00e4t<\/h6>\n<\/li>\n<li data-start=\"1285\" data-end=\"1346\">\n<h6>Vetoketju molemmilla sivuilla, jotta kiinnitt\u00e4minen on helppoa<\/h6>\n<\/li>\n<\/ul>\n<h6><em><strong>Materiaalit<\/strong><\/em><\/h6>\n<ul>\n<li data-start=\"1365\" data-end=\"1404\">\n<h6>Ulkokerros: 100 % polyuretaani<\/h6>\n<\/li>\n<li data-start=\"1407\" data-end=\"1447\">\n<h6>Vuori ja pehmuste: 100% polyesteri<\/h6>\n<\/li>\n<\/ul>\n<h6 data-start=\"962\" data-end=\"983\"><strong><em>Hoito-ohjeet<\/em><\/strong><\/h6>\n<ul data-start=\"984\" data-end=\"1014\">\n<li data-start=\"984\" data-end=\"995\">\n<h6 data-start=\"986\" data-end=\"995\">Hienopesu<\/h6>\n<\/li>\n<li data-start=\"996\" data-end=\"1014\">\n<h6 data-start=\"998\" data-end=\"1014\">Kuivaa ilmakuivana<\/h6>\n<\/li>\n<\/ul>\n<h6><\/h6>\n","protected":false},"excerpt":{"rendered":"<h6 data-start=\"381\" data-end=\"595\">Sek\u00e4 aikuisilla ett\u00e4 lapsilla on oikeus l\u00e4mpimiin ja mukaviin k\u00e4siin \u2013 ja settin\u00e4 ostamalla s\u00e4\u00e4st\u00e4t enemm\u00e4n. T\u00e4m\u00e4 on ihanteellinen ratkaisu perheille, jotka viett\u00e4v\u00e4t paljon aikaa ulkona, k\u00e4velyill\u00e4 tai py\u00f6r\u00e4retkill\u00e4. Kong.Waltherin \u00d8sterbro-k\u00e4denl\u00e4mmittimien setti sis\u00e4lt\u00e4\u00e4 kaksi paria k\u00e4denl\u00e4mmittimi\u00e4: yksi pari vanhemmille ja yksi pari lapselle.<\/h6>\n<p>&nbsp;<\/p>\n","protected":false},"featured_media":75116,"comment_status":"open","ping_status":"closed","template":"","meta":{"_acf_changed":false,"om_disable_all_campaigns":false,"_monsterinsights_skip_tracking":false,"_monsterinsights_sitenote_active":false,"_monsterinsights_sitenote_note":"","_monsterinsights_sitenote_category":0,"_uf_show_specific_survey":0,"_uf_disable_surveys":false,"site-sidebar-layout":"default","site-content-layout":"","ast-site-content-layout":"default","site-content-style":"default","site-sidebar-style":"default","ast-global-header-display":"","ast-banner-title-visibility":"","ast-main-header-display":"","ast-hfb-above-header-display":"","ast-hfb-below-header-display":"","ast-hfb-mobile-header-display":"","site-post-title":"","ast-breadcrumbs-content":"","ast-featured-img":"","footer-sml-layout":"","theme-transparent-header-meta":"default","adv-header-id-meta":"","stick-header-meta":"","header-above-stick-meta":"","header-main-stick-meta":"","header-below-stick-meta":"","astra-migrate-meta-layouts":"set","ast-page-background-enabled":"default","ast-page-background-meta":{"desktop":{"background-color":"var(--ast-global-color-4)","background-image":"","background-repeat":"repeat","background-position":"center center","background-size":"auto","background-attachment":"scroll","background-type":"","background-media":"","overlay-type":"","overlay-color":"","overlay-opacity":"","overlay-gradient":""},"tablet":{"background-color":"","background-image":"","background-repeat":"repeat","background-position":"center center","background-size":"auto","background-attachment":"scroll","background-type":"","background-media":"","overlay-type":"","overlay-color":"","overlay-opacity":"","overlay-gradient":""},"mobile":{"background-color":"","background-image":"","background-repeat":"repeat","background-position":"center center","background-size":"auto","background-attachment":"scroll","background-type":"","background-media":"","overlay-type":"","overlay-color":"","overlay-opacity":"","overlay-gradient":""}},"ast-content-background-meta":{"desktop":{"background-color":"var(--ast-global-color-5)","background-image":"","background-repeat":"repeat","background-position":"center center","background-size":"auto","background-attachment":"scroll","background-type":"","background-media":"","overlay-type":"","overlay-color":"","overlay-opacity":"","overlay-gradient":""},"tablet":{"background-color":"var(--ast-global-color-5)","background-image":"","background-repeat":"repeat","background-position":"center center","background-size":"auto","background-attachment":"scroll","background-type":"","background-media":"","overlay-type":"","overlay-color":"","overlay-opacity":"","overlay-gradient":""},"mobile":{"background-color":"var(--ast-global-color-5)","background-image":"","background-repeat":"repeat","background-position":"center center","background-size":"auto","background-attachment":"scroll","background-type":"","background-media":"","overlay-type":"","overlay-color":"","overlay-opacity":"","overlay-gradient":""}}},"product_brand":[],"product_cat":[1186,1185,518],"product_tag":[],"class_list":{"0":"post-75171","1":"product","2":"type-product","3":"status-publish","4":"has-post-thumbnail","6":"product_cat-kahleet","7":"product_cat-kongwalther","8":"product_cat-uudet-tuotteet","9":"desktop-align-left","10":"tablet-align-left","11":"mobile-align-left","13":"first","14":"instock","15":"taxable","16":"shipping-taxable","17":"purchasable","18":"product-type-simple"},"acf":[],"aioseo_notices":[],"_links":{"self":[{"href":"https:\/\/hummy.ee\/fi\/wp-json\/wp\/v2\/product\/75171","targetHints":{"allow":["GET"]}}],"collection":[{"href":"https:\/\/hummy.ee\/fi\/wp-json\/wp\/v2\/product"}],"about":[{"href":"https:\/\/hummy.ee\/fi\/wp-json\/wp\/v2\/types\/product"}],"replies":[{"embeddable":true,"href":"https:\/\/hummy.ee\/fi\/wp-json\/wp\/v2\/comments?post=75171"}],"version-history":[{"count":6,"href":"https:\/\/hummy.ee\/fi\/wp-json\/wp\/v2\/product\/75171\/revisions"}],"predecessor-version":[{"id":87141,"href":"https:\/\/hummy.ee\/fi\/wp-json\/wp\/v2\/product\/75171\/revisions\/87141"}],"wp:featuredmedia":[{"embeddable":true,"href":"https:\/\/hummy.ee\/fi\/wp-json\/wp\/v2\/media\/75116"}],"wp:attachment":[{"href":"https:\/\/hummy.ee\/fi\/wp-json\/wp\/v2\/media?parent=75171"}],"wp:term":[{"taxonomy":"product_brand","embeddable":true,"href":"https:\/\/hummy.ee\/fi\/wp-json\/wp\/v2\/product_brand?post=75171"},{"taxonomy":"product_cat","embeddable":true,"href":"https:\/\/hummy.ee\/fi\/wp-json\/wp\/v2\/product_cat?post=75171"},{"taxonomy":"product_tag","embeddable":true,"href":"https:\/\/hummy.ee\/fi\/wp-json\/wp\/v2\/product_tag?post=75171"}],"curies":[{"name":"wp","href":"https:\/\/api.w.org\/{rel}","templated":true}]}}